{"id":19127,"date":"2024-08-22T18:36:57","date_gmt":"2024-08-22T16:36:57","guid":{"rendered":"https:\/\/comunitamagnificat.org\/kalbim-seninle\/"},"modified":"2024-08-22T18:38:47","modified_gmt":"2024-08-22T16:38:47","slug":"kalbim-seninle","status":"publish","type":"page","link":"https:\/\/comunitamagnificat.org\/en\/publications\/the-songs\/kalbim-seninle\/","title":{"rendered":"Kalbim seninle"},"content":{"rendered":"\n<div style=\"height:30px\" aria-hidden=\"true\" class=\"wp-block-spacer\"><\/div>\n\n<div class=\"wp-block-columns is-layout-flex wp-container-core-columns-is-layout-9d6595d7 wp-block-columns-is-layout-flex\">\n<div class=\"wp-block-column is-layout-flow wp-block-column-is-layout-flow\">\n<div class=\"wp-block-columns is-layout-flex wp-container-core-columns-is-layout-9d6595d7 wp-block-columns-is-layout-flex\">\n<div class=\"wp-block-column is-layout-flow wp-block-column-is-layout-flow\"><\/div>\n\n\n\n<div class=\"wp-block-column is-layout-flow wp-block-column-is-layout-flow\">\n<figure class=\"wp-block-image size-large\"><picture data-lightbox=\"https:\/\/comunitamagnificat.org\/wp-content\/uploads\/2021\/04\/Copertina-4.jpg\"><source type='image\/jpeg' srcset='https:\/\/comunitamagnificat.org\/wp-content\/uploads\/2021\/04\/Copertina-4.jpg 1472w, https:\/\/comunitamagnificat.org\/wp-content\/uploads\/2021\/04\/Copertina-4-298x300.jpg 298w, https:\/\/comunitamagnificat.org\/wp-content\/uploads\/2021\/04\/Copertina-4-1017x1024.jpg 1017w, https:\/\/comunitamagnificat.org\/wp-content\/uploads\/2021\/04\/Copertina-4-150x150.jpg 150w, https:\/\/comunitamagnificat.org\/wp-content\/uploads\/2021\/04\/Copertina-4-768x773.jpg 768w' sizes='(max-width: 1472px) 100vw, 1472px' \/><img loading=\"lazy\" decoding=\"async\" width=\"1017\" height=\"1024\" src=\"https:\/\/comunitamagnificat.org\/wp-content\/uploads\/2021\/04\/Copertina-4-1017x1024.jpg\" alt=\"\" class=\"wp-image-8062\"\/><\/picture><\/figure>\n<\/div>\n\n\n\n<div class=\"wp-block-column is-layout-flow wp-block-column-is-layout-flow\"><\/div>\n<\/div>\n<\/div>\n<\/div>\n\n<div style=\"height:30px\" aria-hidden=\"true\" class=\"wp-block-spacer\"><\/div>\n\n<div class=\"wp-block-columns is-layout-flex wp-container-core-columns-is-layout-9d6595d7 wp-block-columns-is-layout-flex\">\n<div class=\"wp-block-column is-layout-flow wp-block-column-is-layout-flow\">\n<p>As the fruit of her own conversion to Christianity, Veronica Zeynep, a very young sister from Istanbul, published this collection of nine of her songs in 2012, all in Turkish except one in English: \n<strong>Kalbim seninle <\/strong>(\n<em>My heart is with you<\/em>); \n<strong>Ey Tanr\u0131m, l\u00fctfet bana<\/strong> (\n<em>Lord, have mercy on me<\/em>); \n<strong>Gel Kutsal Ruh<\/strong> (\n<em>Come Holy Spirit<\/em>); \n<strong>Kurtulu\u015fumsum sen<\/strong> (\n<em>You are my salvation<\/em>); \n<strong>\u00d6vg\u00fcler Rabbe<\/strong> (\n<em>Praise the Lord<\/em>); \n<strong>Kyrie eleison<\/strong>; \n<strong>Hallelujah<\/strong>; \n<strong>Only Jesus Christ<\/strong> (\n<em>Only Jesus Christ<\/em>); \n<strong>Y\u00fcceli\u011fini g\u00f6ster ya Rab<\/strong> (         <em>Show your glory Lord<\/em>)<\/p>\n\n\n\n<div style=\"height:30px\" aria-hidden=\"true\" class=\"wp-block-spacer\"><\/div>\n\n\n\n<p>In the recording of the CD participated:<\/p>\n\n\n\n<p><strong>VOICES<\/strong>: <em>Veronica Zeynep<\/em>, <em>Andrew Hochstedler<\/em><br\/><strong>INSTRUMENTS<\/strong>: Guitar: <em>Veronica Zeynep<\/em>.\nFlute: <em>Andrew Hochstedler<\/em>.\nOrgan: <em>Fransua Burhan<\/em>  <\/p>\n<\/div>\n<\/div>\n\n<div style=\"height:30px\" aria-hidden=\"true\" class=\"wp-block-spacer\"><\/div>\n\n<div class=\"wp-block-columns is-layout-flex wp-container-core-columns-is-layout-9d6595d7 wp-block-columns-is-layout-flex\">\n<div class=\"wp-block-column is-layout-flow wp-block-column-is-layout-flow\">\n<div class=\"wp-block-columns is-layout-flex wp-container-core-columns-is-layout-9d6595d7 wp-block-columns-is-layout-flex\">\n<div class=\"wp-block-column is-layout-flow wp-block-column-is-layout-flow\" style=\"flex-basis:100%\">\n<p>Below are the mp3s of the 9 tracks:<\/p>\n<\/div>\n<\/div>\n\n\n\n<div class=\"wp-block-columns is-layout-flex wp-container-core-columns-is-layout-9d6595d7 wp-block-columns-is-layout-flex\">\n<div class=\"wp-block-column is-layout-flow wp-block-column-is-layout-flow\">\n<figure class=\"wp-block-audio\"><audio controls=\"\" src=\"https:\/\/comunitamagnificat.org\/wp-content\/uploads\/2021\/04\/01-Veronica-Zeynep-Kalbim-Seninle.mp3\"><\/audio><figcaption><em>Kalbim seninle <\/em><em>(My heart is with you<\/em>)<\/figcaption><\/figure>\n\n\n\n<figure class=\"wp-block-audio\"><audio controls=\"\" src=\"https:\/\/comunitamagnificat.org\/wp-content\/uploads\/2021\/04\/02-Veronica-Zeynep-Ey-tanrim-lutfet-bana.mp3\"><\/audio><figcaption><em>Ey Tanr\u0131m, l\u00fctfet bana <\/em><em>(Lord, have mercy on me<\/em>)<\/figcaption><\/figure>\n\n\n\n<figure class=\"wp-block-audio\"><audio controls=\"\" src=\"https:\/\/comunitamagnificat.org\/wp-content\/uploads\/2021\/04\/03-Veronica-Zeynep-Gel-Kutsal-Ruh.mp3\"><\/audio><figcaption><em>Gel Kutsal Ruh (Come Holy Spirit)<\/em><\/figcaption><\/figure>\n\n\n\n<figure class=\"wp-block-audio\"><audio controls=\"\" src=\"https:\/\/comunitamagnificat.org\/wp-content\/uploads\/2021\/04\/04-Veronica-Zeynep-Kurtulusumsun-sen.mp3\"><\/audio><figcaption><em>Kurtulu\u015fumsum sen (You are my salvation)<\/em><\/figcaption><\/figure>\n\n\n\n<figure class=\"wp-block-audio\"><audio controls=\"\" src=\"https:\/\/comunitamagnificat.org\/wp-content\/uploads\/2021\/04\/05-Veronica-Zeynep-Ovguler-Rabbe.mp3\"><\/audio><figcaption><em>\u00d6vg\u00fcler Rabbe (Praise the Lord)<\/em><\/figcaption><\/figure>\n\n\n\n<figure class=\"wp-block-audio\"><audio controls=\"\" src=\"https:\/\/comunitamagnificat.org\/wp-content\/uploads\/2021\/04\/06-Veronica-Zeynep-Kyrie-eleison.mp3\"><\/audio><figcaption><em>Kyrie eleison<\/em><\/figcaption><\/figure>\n\n\n\n<figure class=\"wp-block-audio\"><audio controls=\"\" src=\"https:\/\/comunitamagnificat.org\/wp-content\/uploads\/2021\/04\/07-Veronica-Zeynep-Alleluia.mp3\"><\/audio><figcaption><em>Hallelujah<\/em><\/figcaption><\/figure>\n\n\n\n<figure class=\"wp-block-audio\"><audio controls=\"\" src=\"https:\/\/comunitamagnificat.org\/wp-content\/uploads\/2021\/04\/08-Veronica-Zeynep-Only-Jesus-Christ.mp3\"><\/audio><figcaption><em>Only Jesus Christ<\/em><\/figcaption><\/figure>\n\n\n\n<figure class=\"wp-block-audio\"><audio controls=\"\" src=\"https:\/\/comunitamagnificat.org\/wp-content\/uploads\/2021\/04\/09-Veronica-Zeynep-Yuceligini-goster-ya-Rab.mp3\"><\/audio><figcaption><em>Y\u00fcceli\u011fini g\u00f6ster ya Rab (Show your glory Lord)<\/em><\/figcaption><\/figure>\n\n\n\n<div style=\"height:30px\" aria-hidden=\"true\" class=\"wp-block-spacer\"><\/div>\n\n\n\n<div class=\"wp-block-columns is-layout-flex wp-container-core-columns-is-layout-9d6595d7 wp-block-columns-is-layout-flex\">\n<div class=\"wp-block-column is-layout-flow wp-block-column-is-layout-flow\">\n<p>These are the texts and chords of the songs in this collection:<\/p>\n<\/div>\n<\/div>\n\n\n\n<div class=\"wp-block-columns is-layout-flex wp-container-core-columns-is-layout-9d6595d7 wp-block-columns-is-layout-flex\">\n<div class=\"wp-block-column is-layout-flow wp-block-column-is-layout-flow\">\n<div class=\"wp-block-file\"><a href=\"https:\/\/comunitamagnificat.org\/wp-content\/uploads\/2021\/04\/KALBIM-SENINLE-Testi-e-accordi.pdf\">KALBIM SENINLE &#8211; Lyrics and Chords<\/a><a href=\"https:\/\/comunitamagnificat.org\/wp-content\/uploads\/2021\/04\/KALBIM-SENINLE-Testi-e-accordi.pdf\" class=\"wp-block-file__button\" download=\"\">Download<\/a><\/div>\n\n\n\n<p><\/p>\n<\/div>\n<\/div>\n\n\n\n<div style=\"height:30px\" aria-hidden=\"true\" class=\"wp-block-spacer\"><\/div>\n\n\n\n<p>Here is a video from a song in this collection<\/p>\n\n\n\n<div class=\"wp-block-columns is-layout-flex wp-container-core-columns-is-layout-9d6595d7 wp-block-columns-is-layout-flex\">\n<div class=\"wp-block-column is-layout-flow wp-block-column-is-layout-flow\">\n<figure class=\"wp-block-embed is-type-video is-provider-youtube wp-block-embed-youtube wp-embed-aspect-16-9 wp-has-aspect-ratio\"><div class=\"wp-block-embed__wrapper\"> \n<iframe loading=\"lazy\" title=\"Gel Kutsal Ruh\" width=\"500\" height=\"281\" src=\"https:\/\/www.youtube.com\/embed\/3RKSkMzD_qk?list=PLLnp9XgmlaS_rDD7LhN_CBwm-8dcQT3mF\" frameborder=\"0\" allow=\"accelerometer; autoplay; clipboard-write; encrypted-media; gyroscope; picture-in-picture; web-share\" referrerpolicy=\"strict-origin-when-cross-origin\" allowfullscreen><\/iframe>\n <\/div><\/figure>\n<\/div>\n<\/div>\n<\/div>\n\n\n\n<div class=\"wp-block-column is-layout-flow wp-block-column-is-layout-flow\"><\/div>\n<\/div>\n<\/div>\n<\/div>\n","protected":false},"excerpt":{"rendered":"<p>As the fruit of her own conversion to Christianity, Veronica Zeynep, a very young sister from Istanbul, published this collection of nine of her songs in 2012, all in Turkish except one in English: Kalbim seninle ( My heart is with you); Ey Tanr\u0131m, l\u00fctfet bana ( Lord, have mercy on me); Gel Kutsal Ruh [&hellip;]<\/p>\n","protected":false},"author":3,"featured_media":16053,"parent":19162,"menu_order":0,"comment_status":"closed","ping_status":"closed","template":"","meta":{"om_disable_all_campaigns":false,"_monsterinsights_skip_tracking":false,"_monsterinsights_sitenote_active":false,"_monsterinsights_sitenote_note":"","_monsterinsights_sitenote_category":0,"_uf_show_specific_survey":0,"_uf_disable_surveys":false,"footnotes":""},"class_list":["post-19127","page","type-page","status-publish","has-post-thumbnail","hentry"],"aioseo_notices":[],"_links":{"self":[{"href":"https:\/\/comunitamagnificat.org\/en\/wp-json\/wp\/v2\/pages\/19127","targetHints":{"allow":["GET"]}}],"collection":[{"href":"https:\/\/comunitamagnificat.org\/en\/wp-json\/wp\/v2\/pages"}],"about":[{"href":"https:\/\/comunitamagnificat.org\/en\/wp-json\/wp\/v2\/types\/page"}],"author":[{"embeddable":true,"href":"https:\/\/comunitamagnificat.org\/en\/wp-json\/wp\/v2\/users\/3"}],"replies":[{"embeddable":true,"href":"https:\/\/comunitamagnificat.org\/en\/wp-json\/wp\/v2\/comments?post=19127"}],"version-history":[{"count":1,"href":"https:\/\/comunitamagnificat.org\/en\/wp-json\/wp\/v2\/pages\/19127\/revisions"}],"predecessor-version":[{"id":19129,"href":"https:\/\/comunitamagnificat.org\/en\/wp-json\/wp\/v2\/pages\/19127\/revisions\/19129"}],"up":[{"embeddable":true,"href":"https:\/\/comunitamagnificat.org\/en\/wp-json\/wp\/v2\/pages\/19162"}],"wp:featuredmedia":[{"embeddable":true,"href":"https:\/\/comunitamagnificat.org\/en\/wp-json\/wp\/v2\/media\/16053"}],"wp:attachment":[{"href":"https:\/\/comunitamagnificat.org\/en\/wp-json\/wp\/v2\/media?parent=19127"}],"curies":[{"name":"wp","href":"https:\/\/api.w.org\/{rel}","templated":true}]}}