{"id":18379,"date":"2024-08-22T17:22:52","date_gmt":"2024-08-22T15:22:52","guid":{"rendered":"https:\/\/comunitamagnificat.org\/espiritualidad\/"},"modified":"2024-08-22T17:23:22","modified_gmt":"2024-08-22T15:23:22","slug":"espiritualidad","status":"publish","type":"page","link":"https:\/\/comunitamagnificat.org\/es\/espiritualidad\/","title":{"rendered":"Espiritualidad"},"content":{"rendered":"\n<div style=\"height:30px\" aria-hidden=\"true\" class=\"wp-block-spacer\"><\/div>\n\n<p>Esta secci\u00f3n del sitio contiene muchas p\u00e1ginas que ayudan a comprender la realidad de la Comunidad Magnificat, de qu\u00e9 se nutre la experiencia espiritual de los aliados.<\/p>\n\n<div style=\"height:30px\" aria-hidden=\"true\" class=\"wp-block-spacer\"><\/div>\n\n<p>Si haces clic en los t\u00edtulos, acceder\u00e1s al contenido correspondiente<\/p>\n\n<div style=\"height:30px\" aria-hidden=\"true\" class=\"wp-block-spacer\"><\/div>\n\n<p><strong><a href=\"https:\/\/comunitamagnificat.org\/fondamenti-della-comunita-magnificat\/\" data-type=\"page\" data-id=\"485\">Fundaciones de la Comunidad Magnificat<\/a><\/strong><\/p>\n\n<div style=\"height:30px\" aria-hidden=\"true\" class=\"wp-block-spacer\"><\/div>\n\n<p><strong><a href=\"https:\/\/comunitamagnificat.org\/con-gesu-su-gesu-costruisci\/\" data-type=\"page\" data-id=\"520\"><em>\u00abCon Jes\u00fas, sobre Jes\u00fas, construir<\/em>\u00ab<\/a><\/strong><\/p>\n\n<div style=\"height:30px\" aria-hidden=\"true\" class=\"wp-block-spacer\"><\/div>\n\n<p><strong><em><a href=\"https:\/\/comunitamagnificat.org\/quattro-promesse\/\" data-type=\"page\" data-id=\"526\">Cuatro promesas<\/a><\/em><\/strong><\/p>\n\n<div style=\"height:30px\" aria-hidden=\"true\" class=\"wp-block-spacer\"><\/div>\n\n<p><strong><a href=\"https:\/\/comunitamagnificat.org\/alleanza\/\" data-type=\"page\" data-id=\"534\">Alianza<\/a><\/strong><\/p>\n\n<div style=\"height:30px\" aria-hidden=\"true\" class=\"wp-block-spacer\"><\/div>\n\n<p><strong><a href=\"https:\/\/comunitamagnificat.org\/adorazione-eucaristica\/\" data-type=\"page\" data-id=\"543\">Adoraci\u00f3n eucar\u00edstica<\/a><\/strong><\/p>\n\n<div style=\"height:30px\" aria-hidden=\"true\" class=\"wp-block-spacer\"><\/div>\n\n<p><strong><a href=\"https:\/\/comunitamagnificat.org\/vocazione\/\" data-type=\"page\" data-id=\"557\">Vocaci\u00f3n<\/a><\/strong><\/p>\n\n<div style=\"height:30px\" aria-hidden=\"true\" class=\"wp-block-spacer\"><\/div>\n\n<p><strong><a href=\"https:\/\/comunitamagnificat.org\/comunita\/\" data-type=\"page\" data-id=\"561\">Comunidad<\/a><\/strong><\/p>\n\n<div style=\"height:30px\" aria-hidden=\"true\" class=\"wp-block-spacer\"><\/div>\n\n<p><strong><a href=\"https:\/\/comunitamagnificat.org\/contemplazione-e-azione\/\" data-type=\"page\" data-id=\"566\">Contemplaci\u00f3n y acci\u00f3n<\/a><\/strong><\/p>\n\n<div style=\"height:30px\" aria-hidden=\"true\" class=\"wp-block-spacer\"><\/div>\n\n<p><strong><a href=\"https:\/\/comunitamagnificat.org\/sognare-il-sogno-di-dio\/\" data-type=\"page\" data-id=\"572\"><em>So\u00f1ar el sue\u00f1o de Dios<\/em><\/a><\/strong><\/p>\n\n<div style=\"height:30px\" aria-hidden=\"true\" class=\"wp-block-spacer\"><\/div>\n\n<p><strong><a href=\"https:\/\/comunitamagnificat.org\/monastero-dalle-mura-invisibili\/\" data-type=\"page\" data-id=\"584\"><em>Monasterio de muros invisibles<\/em><\/a><\/strong><\/p>\n\n<div style=\"height:30px\" aria-hidden=\"true\" class=\"wp-block-spacer\"><\/div>\n\n<p><strong><a href=\"https:\/\/comunitamagnificat.org\/accompagnamento-spirituale\/\" data-type=\"page\" data-id=\"588\">Acompa\u00f1amiento espiritual<\/a><\/strong><\/p>\n\n<div style=\"height:30px\" aria-hidden=\"true\" class=\"wp-block-spacer\"><\/div>\n\n<p><strong><a href=\"https:\/\/comunitamagnificat.org\/carismi\/\" data-type=\"page\" data-id=\"602\">Carismas<\/a><\/strong><\/p>\n\n<div style=\"height:30px\" aria-hidden=\"true\" class=\"wp-block-spacer\"><\/div>\n\n<p><strong><a href=\"https:\/\/comunitamagnificat.org\/evangelizzazione\/\" data-type=\"page\" data-id=\"607\">Evangelizaci\u00f3n<\/a><\/strong><\/p>\n\n<div style=\"height:30px\" aria-hidden=\"true\" class=\"wp-block-spacer\"><\/div>\n\n<p><strong><a href=\"https:\/\/comunitamagnificat.org\/guarigione\/\" data-type=\"page\" data-id=\"613\">Curaci\u00f3n<\/a><\/strong><\/p>\n\n<div style=\"height:30px\" aria-hidden=\"true\" class=\"wp-block-spacer\"><\/div>\n\n<p><strong><a href=\"https:\/\/comunitamagnificat.org\/case-di-vita-comune\/\" data-type=\"page\" data-id=\"619\">Viviendas compartidas<\/a><\/strong><\/p>\n\n<div style=\"height:30px\" aria-hidden=\"true\" class=\"wp-block-spacer\"><\/div>\n\n<p><strong><a href=\"https:\/\/comunitamagnificat.org\/alleati-dellagnus-dei\/\" data-type=\"page\" data-id=\"624\">Aliados del<em>Agnus Dei<\/em><\/a><\/strong><\/p>\n","protected":false},"excerpt":{"rendered":"<p>Esta secci\u00f3n del sitio contiene muchas p\u00e1ginas que ayudan a comprender la realidad de la Comunidad Magnificat, de qu\u00e9 se nutre la experiencia espiritual de los aliados. Si haces clic en los t\u00edtulos, acceder\u00e1s al contenido correspondiente Fundaciones de la Comunidad Magnificat \u00abCon Jes\u00fas, sobre Jes\u00fas, construir\u00ab Cuatro promesas Alianza Adoraci\u00f3n eucar\u00edstica Vocaci\u00f3n Comunidad Contemplaci\u00f3n [&hellip;]<\/p>\n","protected":false},"author":3,"featured_media":10835,"parent":0,"menu_order":0,"comment_status":"closed","ping_status":"closed","template":"","meta":{"om_disable_all_campaigns":false,"_monsterinsights_skip_tracking":false,"_monsterinsights_sitenote_active":false,"_monsterinsights_sitenote_note":"","_monsterinsights_sitenote_category":0,"_uf_show_specific_survey":0,"_uf_disable_surveys":false,"footnotes":""},"class_list":["post-18379","page","type-page","status-publish","has-post-thumbnail","hentry"],"aioseo_notices":[],"_links":{"self":[{"href":"https:\/\/comunitamagnificat.org\/es\/wp-json\/wp\/v2\/pages\/18379","targetHints":{"allow":["GET"]}}],"collection":[{"href":"https:\/\/comunitamagnificat.org\/es\/wp-json\/wp\/v2\/pages"}],"about":[{"href":"https:\/\/comunitamagnificat.org\/es\/wp-json\/wp\/v2\/types\/page"}],"author":[{"embeddable":true,"href":"https:\/\/comunitamagnificat.org\/es\/wp-json\/wp\/v2\/users\/3"}],"replies":[{"embeddable":true,"href":"https:\/\/comunitamagnificat.org\/es\/wp-json\/wp\/v2\/comments?post=18379"}],"version-history":[{"count":1,"href":"https:\/\/comunitamagnificat.org\/es\/wp-json\/wp\/v2\/pages\/18379\/revisions"}],"predecessor-version":[{"id":18381,"href":"https:\/\/comunitamagnificat.org\/es\/wp-json\/wp\/v2\/pages\/18379\/revisions\/18381"}],"wp:featuredmedia":[{"embeddable":true,"href":"https:\/\/comunitamagnificat.org\/es\/wp-json\/wp\/v2\/media\/10835"}],"wp:attachment":[{"href":"https:\/\/comunitamagnificat.org\/es\/wp-json\/wp\/v2\/media?parent=18379"}],"curies":[{"name":"wp","href":"https:\/\/api.w.org\/{rel}","templated":true}]}}