{"id":18389,"date":"2024-08-22T17:23:19","date_gmt":"2024-08-22T15:23:19","guid":{"rendered":"https:\/\/comunitamagnificat.org\/tarcisio-mezzetti\/"},"modified":"2026-02-08T09:28:55","modified_gmt":"2026-02-08T08:28:55","slug":"tarcisio-mezzetti","status":"publish","type":"page","link":"https:\/\/comunitamagnificat.org\/es\/tarcisio-mezzetti\/","title":{"rendered":"Tarcisio Mezzetti"},"content":{"rendered":"\n<div style=\"height:30px\" aria-hidden=\"true\" class=\"wp-block-spacer\"><\/div>\n\n<blockquote class=\"wp-block-quote is-layout-flow wp-block-quote-is-layout-flow\">\n<p><em><strong>En cuanto a m\u00ed, he aqu\u00ed<\/strong><\/em><br\/><em><strong>mi pacto es contigo:<\/strong><\/em><br\/><em><strong>llegar\u00e1s a ser padre<\/strong><\/em><br\/><em><strong>de una multitud de naciones<\/strong><\/em><\/p>\n<cite><em>G\u00e9nesis<\/em> 17:4<\/cite><\/blockquote>\n\n<div style=\"height:30px\" aria-hidden=\"true\" class=\"wp-block-spacer\"><\/div>\n\n<p><strong>Tarcisio Mezzetti<\/strong> fue desde el principio <strong>el miembro m\u00e1s conocido y activo<\/strong>, tanto por las funciones que desempe\u00f1\u00f3 en la Comunidad y en <em>la Renovaci\u00f3n en el Esp\u00edritu<\/em>, como -sobre todo- por su incansable actividad como <strong>evangelizador<\/strong>, como <strong>promotor de la vida comunitaria<\/strong> y, en particular, por la experiencia de los <strong><em>seminarios de sanaci\u00f3n<\/em><\/strong> realizados durante muchos a\u00f1os, por toda Italia y a los que asisti\u00f3 un gran n\u00famero de personas.<\/p>\n\n<p>A \u00e9l ha confiado el Se\u00f1or las profec\u00edas fundadoras de la comunidad, desde \u00ab<strong><em><u><a href=\"https:\/\/comunitamagnificat.org\/es\/con-jesus-sobre-jesus-construir\/\" target=\"_blank\" rel=\"noopener\" title=\"\">Con Jes\u00fas, sobre Jes\u00fas, construid<\/a><\/u><\/em><\/strong>\u00bb hasta las \u00ab<strong><em><u><a href=\"https:\/\/comunitamagnificat.org\/es\/cuatro-promesas\/\" target=\"_blank\" rel=\"noopener\" title=\"\">Cuatro Promesas<\/a><\/u><\/em><\/strong>\u00ab.<\/p>\n\n<div style=\"height:30px\" aria-hidden=\"true\" class=\"wp-block-spacer\"><\/div>\n\n<p><strong>En enero de 2026<\/strong>, la Asamblea General de la Comunidad Magnificat decidi\u00f3 dar los pasos necesarios con vistas a iniciar el<em>proceso can<\/em> \u00f3nico de la <strong>causa de beatificaci\u00f3n<\/strong> de Tarcisio ante la Autoridad Eclesi\u00e1stica competente, seg\u00fan las normas de la Iglesia.<\/p>\n\n<div style=\"height:30px\" aria-hidden=\"true\" class=\"wp-block-spacer\"><\/div>\n\n<p>Un sitio web recoge testimonios sobre su vida: <a href=\"https:\/\/tarcisiomezzetti.net\"><strong>https:\/\/tarcisiomezzetti.net<\/strong><\/a>. All\u00ed encontrar\u00e1s una referencia a un correo electr\u00f3nico al que puedes enviar nuevos: <a href=\"mailto:testimonianzepertarcisio@comunitamagnificat.org\"><strong>testimonianzepertarcisio@comunitamagnificat.org<\/strong><\/a>.<\/p>\n\n<div style=\"height:30px\" aria-hidden=\"true\" class=\"wp-block-spacer\"><\/div>\n\n<p>En las p\u00e1ginas de este documento encontrar\u00e1s <strong>un retrato suyo<\/strong>:<\/p>\n\n<div style=\"height:30px\" aria-hidden=\"true\" class=\"wp-block-spacer\"><\/div>\n\n<div data-wp-interactive=\"core\/file\" class=\"wp-block-file\"><object data-wp-bind--hidden=\"!state.hasPdfPreview\" hidden class=\"wp-block-file__embed\" data=\"https:\/\/comunitamagnificat.org\/wp-content\/uploads\/2021\/04\/Tarcisio-Mezzetti-Venite-e-Vedrete-2016-I.pdf\" type=\"application\/pdf\" style=\"width:100%;height:600px\" aria-label=\"Incrustado de Tarcisio-Mezzetti-Venite-e-Vedrete-2016-I.\"><\/object><a id=\"wp-block-file--media-e2b35401-f4ce-4acb-847e-6e69563c60f2\" href=\"https:\/\/comunitamagnificat.org\/wp-content\/uploads\/2021\/04\/Tarcisio-Mezzetti-Venite-e-Vedrete-2016-I.pdf\">Tarcisio-Mezzetti-Venita-y-Vedrete-2016-I<\/a><a href=\"https:\/\/comunitamagnificat.org\/wp-content\/uploads\/2021\/04\/Tarcisio-Mezzetti-Venite-e-Vedrete-2016-I.pdf\" class=\"wp-block-file__button wp-element-button\" download=\"\" aria-describedby=\"wp-block-file--media-e2b35401-f4ce-4acb-847e-6e69563c60f2\">Descarga<\/a><\/div>\n\n<div style=\"height:30px\" aria-hidden=\"true\" class=\"wp-block-spacer\"><\/div>\n\n<p>Y <strong>aqu\u00ed est\u00e1 el propio Tarcisio contando<\/strong> algo de su vida:<\/p>\n\n<div class=\"wp-block-columns is-layout-flex wp-container-core-columns-is-layout-9d6595d7 wp-block-columns-is-layout-flex\">\n<div class=\"wp-block-column is-layout-flow wp-block-column-is-layout-flow\">\n<figure class=\"wp-block-embed is-type-video is-provider-youtube wp-block-embed-youtube wp-embed-aspect-16-9 wp-has-aspect-ratio\"><div class=\"wp-block-embed__wrapper\">\n<iframe loading=\"lazy\" title=\"Il dito puntato alla schiena\" width=\"500\" height=\"281\" src=\"https:\/\/www.youtube.com\/embed\/bNMNxp3-D98?feature=oembed\" frameborder=\"0\" allow=\"accelerometer; autoplay; clipboard-write; encrypted-media; gyroscope; picture-in-picture; web-share\" referrerpolicy=\"strict-origin-when-cross-origin\" allowfullscreen><\/iframe>\n<\/div><\/figure>\n<\/div>\n<\/div>\n\n<div style=\"height:50px\" aria-hidden=\"true\" class=\"wp-block-spacer\"><\/div>\n","protected":false},"excerpt":{"rendered":"<p>En cuanto a m\u00ed, he aqu\u00edmi pacto es contigo:llegar\u00e1s a ser padrede una multitud de naciones G\u00e9nesis 17:4 Tarcisio Mezzetti fue desde el principio el miembro m\u00e1s conocido y activo, tanto por las funciones que desempe\u00f1\u00f3 en la Comunidad y en la Renovaci\u00f3n en el Esp\u00edritu, como -sobre todo- por su incansable actividad como evangelizador, [&hellip;]<\/p>\n","protected":false},"author":3,"featured_media":10823,"parent":0,"menu_order":0,"comment_status":"closed","ping_status":"closed","template":"","meta":{"om_disable_all_campaigns":false,"_monsterinsights_skip_tracking":false,"_monsterinsights_sitenote_active":false,"_monsterinsights_sitenote_note":"","_monsterinsights_sitenote_category":0,"_uf_show_specific_survey":0,"_uf_disable_surveys":false,"footnotes":""},"class_list":["post-18389","page","type-page","status-publish","has-post-thumbnail","hentry"],"aioseo_notices":[],"_links":{"self":[{"href":"https:\/\/comunitamagnificat.org\/es\/wp-json\/wp\/v2\/pages\/18389","targetHints":{"allow":["GET"]}}],"collection":[{"href":"https:\/\/comunitamagnificat.org\/es\/wp-json\/wp\/v2\/pages"}],"about":[{"href":"https:\/\/comunitamagnificat.org\/es\/wp-json\/wp\/v2\/types\/page"}],"author":[{"embeddable":true,"href":"https:\/\/comunitamagnificat.org\/es\/wp-json\/wp\/v2\/users\/3"}],"replies":[{"embeddable":true,"href":"https:\/\/comunitamagnificat.org\/es\/wp-json\/wp\/v2\/comments?post=18389"}],"version-history":[{"count":4,"href":"https:\/\/comunitamagnificat.org\/es\/wp-json\/wp\/v2\/pages\/18389\/revisions"}],"predecessor-version":[{"id":27153,"href":"https:\/\/comunitamagnificat.org\/es\/wp-json\/wp\/v2\/pages\/18389\/revisions\/27153"}],"wp:featuredmedia":[{"embeddable":true,"href":"https:\/\/comunitamagnificat.org\/es\/wp-json\/wp\/v2\/media\/10823"}],"wp:attachment":[{"href":"https:\/\/comunitamagnificat.org\/es\/wp-json\/wp\/v2\/media?parent=18389"}],"curies":[{"name":"wp","href":"https:\/\/api.w.org\/{rel}","templated":true}]}}