{"id":18402,"date":"2024-08-22T18:07:57","date_gmt":"2024-08-22T16:07:57","guid":{"rendered":"https:\/\/comunitamagnificat.org\/historia\/"},"modified":"2024-08-22T18:08:45","modified_gmt":"2024-08-22T16:08:45","slug":"historia","status":"publish","type":"page","link":"https:\/\/comunitamagnificat.org\/es\/historia\/","title":{"rendered":"Historia"},"content":{"rendered":"\n<div style=\"height:30px\" aria-hidden=\"true\" class=\"wp-block-spacer\"><\/div>\n\n<p>Desde esta p\u00e1gina puedes acceder a <strong>cuatro secciones de la historia de la comunidad<\/strong>:<\/p>\n\n<div style=\"height:30px\" aria-hidden=\"true\" class=\"wp-block-spacer\"><\/div>\n\n<p>de <strong><a href=\"https:\/\/comunitamagnificat.org\/es\/historia-de-la-comunidad-magnificat\/\" data-type=\"page\" data-id=\"38\">fechas m\u00e1s significativas<\/a><\/strong> que marcaron los pasajes m\u00e1s importantes hasta c\u00f3mo el <strong><a href=\"https:\/\/comunitamagnificat.org\/il-nome-magnificat\/\" data-type=\"page\" data-id=\"249\">nombre <em>Magnificat<\/em><\/a><\/strong>; de los intrincados acontecimientos que llevaron a la Comunidad a realizar el complejo monumental de <strong><a href=\"https:\/\/comunitamagnificat.org\/es\/san-manno\/\" data-type=\"page\" data-id=\"281\">San Manno<\/a> <\/strong>cerca de Perugia, hasta la historia de <strong><a href=\"https:\/\/comunitamagnificat.org\/es\/tarcisio-mezzetti\/\" data-type=\"page\" data-id=\"469\">Tarcisio Mezzetti<\/a> <\/strong>que -entre los que vivieron los acontecimientos de los espl\u00e9ndidos comienzos- fue un protagonista indiscutible, elegido por Dios para dar ese impulso decisivo que permiti\u00f3 el desarrollo <em>del sue\u00f1o de Dios<\/em> que es la Comunidad Magnificat.<\/p>\n\n<div style=\"height:30px\" aria-hidden=\"true\" class=\"wp-block-spacer\"><\/div>\n\n<p><strong><span class=\"has-inline-color has-vivid-red-color\"><a href=\"https:\/\/comunitamagnificat.org\/es\/historia-de-la-comunidad-magnificat\/\" data-type=\"page\" data-id=\"38\">Historia de la Comunidad Magnificat<\/a><\/span><\/strong><\/p>\n\n<div style=\"height:30px\" aria-hidden=\"true\" class=\"wp-block-spacer\"><\/div>\n\n<p><strong><span class=\"has-inline-color has-vivid-red-color\"><a href=\"https:\/\/comunitamagnificat.org\/il-nome-magnificat\/\" data-type=\"page\" data-id=\"249\"><\/a><a href=\"https:\/\/comunitamagnificat.org\/il-nome-magnificat\/\">El nombre Magnificat<\/a><\/span><\/strong><\/p>\n\n<div style=\"height:30px\" aria-hidden=\"true\" class=\"wp-block-spacer\"><\/div>\n\n<p><strong><span class=\"has-inline-color has-vivid-red-color\"><a href=\"https:\/\/comunitamagnificat.org\/es\/san-manno\/\" data-type=\"page\" data-id=\"281\"><\/a><a href=\"https:\/\/comunitamagnificat.org\/es\/san-manno\/\">San Manno<\/a><\/span><\/strong><\/p>\n\n<div style=\"height:30px\" aria-hidden=\"true\" class=\"wp-block-spacer\"><\/div>\n\n<p><strong><span class=\"has-inline-color has-vivid-red-color\"><a href=\"https:\/\/comunitamagnificat.org\/es\/tarcisio-mezzetti\/\" data-type=\"page\" data-id=\"469\"><\/a><a href=\"https:\/\/comunitamagnificat.org\/es\/tarcisio-mezzetti\/\">Tarcisio Mezzetti<\/a><\/span><\/strong><\/p>\n\n<div style=\"height:50px\" aria-hidden=\"true\" class=\"wp-block-spacer\"><\/div>\n","protected":false},"excerpt":{"rendered":"<p>Desde esta p\u00e1gina puedes acceder a cuatro secciones de la historia de la comunidad: de fechas m\u00e1s significativas que marcaron los pasajes m\u00e1s importantes hasta c\u00f3mo el nombre Magnificat; de los intrincados acontecimientos que llevaron a la Comunidad a realizar el complejo monumental de San Manno cerca de Perugia, hasta la historia de Tarcisio Mezzetti [&hellip;]<\/p>\n","protected":false},"author":3,"featured_media":11059,"parent":0,"menu_order":0,"comment_status":"closed","ping_status":"closed","template":"","meta":{"om_disable_all_campaigns":false,"_monsterinsights_skip_tracking":false,"_monsterinsights_sitenote_active":false,"_monsterinsights_sitenote_note":"","_monsterinsights_sitenote_category":0,"_uf_show_specific_survey":0,"_uf_disable_surveys":false,"footnotes":""},"class_list":["post-18402","page","type-page","status-publish","has-post-thumbnail","hentry"],"aioseo_notices":[],"_links":{"self":[{"href":"https:\/\/comunitamagnificat.org\/es\/wp-json\/wp\/v2\/pages\/18402","targetHints":{"allow":["GET"]}}],"collection":[{"href":"https:\/\/comunitamagnificat.org\/es\/wp-json\/wp\/v2\/pages"}],"about":[{"href":"https:\/\/comunitamagnificat.org\/es\/wp-json\/wp\/v2\/types\/page"}],"author":[{"embeddable":true,"href":"https:\/\/comunitamagnificat.org\/es\/wp-json\/wp\/v2\/users\/3"}],"replies":[{"embeddable":true,"href":"https:\/\/comunitamagnificat.org\/es\/wp-json\/wp\/v2\/comments?post=18402"}],"version-history":[{"count":1,"href":"https:\/\/comunitamagnificat.org\/es\/wp-json\/wp\/v2\/pages\/18402\/revisions"}],"predecessor-version":[{"id":18404,"href":"https:\/\/comunitamagnificat.org\/es\/wp-json\/wp\/v2\/pages\/18402\/revisions\/18404"}],"wp:featuredmedia":[{"embeddable":true,"href":"https:\/\/comunitamagnificat.org\/es\/wp-json\/wp\/v2\/media\/11059"}],"wp:attachment":[{"href":"https:\/\/comunitamagnificat.org\/es\/wp-json\/wp\/v2\/media?parent=18402"}],"curies":[{"name":"wp","href":"https:\/\/api.w.org\/{rel}","templated":true}]}}