{"id":18407,"date":"2024-08-22T18:08:05","date_gmt":"2024-08-22T16:08:05","guid":{"rendered":"https:\/\/comunitamagnificat.org\/el-nombre-magnificat\/"},"modified":"2024-08-22T18:08:23","modified_gmt":"2024-08-22T16:08:23","slug":"el-nombre-magnificat","status":"publish","type":"page","link":"https:\/\/comunitamagnificat.org\/es\/el-nombre-magnificat\/","title":{"rendered":"El nombre Magnificat"},"content":{"rendered":"\n<div style=\"height:30px\" aria-hidden=\"true\" class=\"wp-block-spacer\"><\/div>\n\n<blockquote class=\"wp-block-quote is-layout-flow wp-block-quote-is-layout-flow\"><p><em><strong>Mi alma<\/strong><\/em><br\/><em><strong>\u00a1magnifica al Se\u00f1or!<\/strong><\/em><\/p><cite><em>Lucas<\/em> 1, 46<\/cite><\/blockquote>\n\n<div style=\"height:30px\" aria-hidden=\"true\" class=\"wp-block-spacer\"><\/div>\n\n<div class=\"wp-block-columns is-layout-flex wp-container-core-columns-is-layout-9d6595d7 wp-block-columns-is-layout-flex\">\n<div class=\"wp-block-column is-layout-flow wp-block-column-is-layout-flow\">\n<section id=\"magnificat-wide-full-img-text-block_6064f45ab00fe\" class=\"wp-block-magnificat-wide-full-img-text 1\">\n    <div class=\"img\">\n        <picture><source type='image\/jpeg' srcset='https:\/\/comunitamagnificat.org\/wp-content\/uploads\/2021\/04\/Botticelli.jpg 1045w, https:\/\/comunitamagnificat.org\/wp-content\/uploads\/2021\/04\/Botticelli-300x221.jpg 300w, https:\/\/comunitamagnificat.org\/wp-content\/uploads\/2021\/04\/Botticelli-1024x755.jpg 1024w, https:\/\/comunitamagnificat.org\/wp-content\/uploads\/2021\/04\/Botticelli-768x566.jpg 768w' sizes='(max-width: 1045px) 100vw, 1045px' \/><img loading=\"lazy\" decoding=\"async\" width=\"1045\" height=\"770\" src=\"https:\/\/comunitamagnificat.org\/wp-content\/uploads\/2021\/04\/Botticelli.jpg\" class=\"attachment-full size-full\" alt=\"\" tcimage-skip=\"true\"  sizes=\"auto, (max-width: 1045px) 100vw, 1045px\" \/><\/picture>    <\/div>\n    <div class=\"text\">\n        <h2><\/h2>\n        <h1>El nombre de la Comunidad<\/h1>\n        <p class=\"focus\"><\/p>\n        <p>Sandro Botticelli, <em>Virgen del Magnificat <\/em>(1485), detalle, Galer\u00eda de los Uffizi, Florencia.<\/p>\n        <\/div>\n    <\/div>\n<\/section>\n<\/div>\n<\/div>\n\n<p>En 1978, a ra\u00edz de un acontecimiento considerado prof\u00e9tico, la Comunidad decidi\u00f3 llamarse Magnificat.<\/p>\n\n<div style=\"height:30px\" aria-hidden=\"true\" class=\"wp-block-spacer\"><\/div>\n\n<p>Agnes Mezzetti tuvo una extra\u00f1a experiencia mientras rezaba en la Gruta de Lourdes: mientras rezaba el Ave Mar\u00eda<em>,<\/em>despu\u00e9s de haber pronunciado correctamente:<em>\u00abAve Mar\u00eda, llena eres de gracia&#8230;<\/em>\u00bb inesperada y repetidamente salieron de su boca las palabras<em>\u00abComunidad Magnificat<\/em>\u00ab.\nSe pregunt\u00f3 si \u00e9se era el nombre que el Cielo quer\u00eda dar a la Comunidad. <\/p>\n\n<div style=\"height:30px\" aria-hidden=\"true\" class=\"wp-block-spacer\"><\/div>\n\n<p>A su regreso a Perusa se lo comunic\u00f3 a sus hermanos y hermanas, quienes, tras un discernimiento orante y mucha confirmaci\u00f3n, se convencieron con ella de que \u00e9se deb\u00eda ser el nombre de la Comunidad.<\/p>\n\n<div style=\"height:30px\" aria-hidden=\"true\" class=\"wp-block-spacer\"><\/div>\n\n<div class=\"wp-block-columns is-layout-flex wp-container-core-columns-is-layout-9d6595d7 wp-block-columns-is-layout-flex\">\n<div class=\"wp-block-column is-layout-flow wp-block-column-is-layout-flow\" style=\"flex-basis:15%\"><\/div>\n\n\n\n<div class=\"wp-block-column is-layout-flow wp-block-column-is-layout-flow\" style=\"flex-basis:60%\">\n<figure class=\"wp-block-embed is-type-video is-provider-youtube wp-block-embed-youtube wp-embed-aspect-16-9 wp-has-aspect-ratio\"><div class=\"wp-block-embed__wrapper\"> \n<iframe loading=\"lazy\" title=\"Il nome della Comunit\u00e0\" width=\"500\" height=\"281\" src=\"https:\/\/www.youtube.com\/embed\/FvKDFkkoYWM?feature=oembed\" frameborder=\"0\" allow=\"accelerometer; autoplay; clipboard-write; encrypted-media; gyroscope; picture-in-picture; web-share\" referrerpolicy=\"strict-origin-when-cross-origin\" allowfullscreen><\/iframe>\n <\/div><\/figure>\n<\/div>\n\n\n\n<div class=\"wp-block-column is-layout-flow wp-block-column-is-layout-flow\" style=\"flex-basis:15%\"><\/div>\n<\/div>\n\n<div style=\"height:30px\" aria-hidden=\"true\" class=\"wp-block-spacer\"><\/div>\n\n<p>Este nombre dice que la Comunidad Magnificat est\u00e1 llamada a ser como Mar\u00eda.<\/p>\n\n<div style=\"height:30px\" aria-hidden=\"true\" class=\"wp-block-spacer\"><\/div>\n\n<p>Como en la vida de Mar\u00eda, tambi\u00e9n en la vida de los miembros de la Comunidad -a menudo inesperadamente- lleg\u00f3 Cristo.<\/p>\n\n<div style=\"height:30px\" aria-hidden=\"true\" class=\"wp-block-spacer\"><\/div>\n\n<p>Del mismo modo que Mar\u00eda, al o\u00edr del \u00e1ngel que Isabel tambi\u00e9n hab\u00eda experimentado una intrusi\u00f3n extraordinaria de Dios, quiso correr hacia ella, los aliados tambi\u00e9n sienten el impulso de compartir su alegr\u00eda con los dem\u00e1s, de llevarles tambi\u00e9n al Se\u00f1or.<\/p>\n\n<div style=\"height:30px\" aria-hidden=\"true\" class=\"wp-block-spacer\"><\/div>\n\n<p>El canto de Mar\u00eda ante Isabel es, por tanto, tambi\u00e9n el canto de la comunidad magnificando al Se\u00f1or por esta obra.<\/p>\n\n<div style=\"height:30px\" aria-hidden=\"true\" class=\"wp-block-spacer\"><\/div>\n\n<p>Aqu\u00ed tienes el v\u00eddeo del padre Raniero Cantalamessa ilustrando el <em>Magnificat<\/em> durante la Convenci\u00f3n General de 2018:<\/p>\n\n<div style=\"height:30px\" aria-hidden=\"true\" class=\"wp-block-spacer\"><\/div>\n\n<div class=\"wp-block-columns is-layout-flex wp-container-core-columns-is-layout-9d6595d7 wp-block-columns-is-layout-flex\">\n<div class=\"wp-block-column is-layout-flow wp-block-column-is-layout-flow\" style=\"flex-basis:15%\"><\/div>\n\n\n\n<div class=\"wp-block-column is-layout-flow wp-block-column-is-layout-flow\" style=\"flex-basis:60%\">\n<figure class=\"wp-block-embed is-type-video is-provider-youtube wp-block-embed-youtube wp-embed-aspect-16-9 wp-has-aspect-ratio\"><div class=\"wp-block-embed__wrapper\"> \n<iframe loading=\"lazy\" title=\"Come Maria, portiamo Ges\u00f9 nel mondo - padre Raniero Cantalamessa\" width=\"500\" height=\"281\" src=\"https:\/\/www.youtube.com\/embed\/6fNXliznepw?feature=oembed\" frameborder=\"0\" allow=\"accelerometer; autoplay; clipboard-write; encrypted-media; gyroscope; picture-in-picture; web-share\" referrerpolicy=\"strict-origin-when-cross-origin\" allowfullscreen><\/iframe>\n <\/div><\/figure>\n<\/div>\n\n\n\n<div class=\"wp-block-column is-layout-flow wp-block-column-is-layout-flow\" style=\"flex-basis:15%\"><\/div>\n<\/div>\n\n<div style=\"height:50px\" aria-hidden=\"true\" class=\"wp-block-spacer\"><\/div>\n","protected":false},"excerpt":{"rendered":"<p>Mi alma\u00a1magnifica al Se\u00f1or! Lucas 1, 46 En 1978, a ra\u00edz de un acontecimiento considerado prof\u00e9tico, la Comunidad decidi\u00f3 llamarse Magnificat. Agnes Mezzetti tuvo una extra\u00f1a experiencia mientras rezaba en la Gruta de Lourdes: mientras rezaba el Ave Mar\u00eda,despu\u00e9s de haber pronunciado correctamente:\u00abAve Mar\u00eda, llena eres de gracia&#8230;\u00bb inesperada y repetidamente salieron de su boca [&hellip;]<\/p>\n","protected":false},"author":3,"featured_media":10751,"parent":0,"menu_order":0,"comment_status":"closed","ping_status":"closed","template":"","meta":{"om_disable_all_campaigns":false,"_monsterinsights_skip_tracking":false,"_monsterinsights_sitenote_active":false,"_monsterinsights_sitenote_note":"","_monsterinsights_sitenote_category":0,"_uf_show_specific_survey":0,"_uf_disable_surveys":false,"footnotes":""},"class_list":["post-18407","page","type-page","status-publish","has-post-thumbnail","hentry"],"aioseo_notices":[],"_links":{"self":[{"href":"https:\/\/comunitamagnificat.org\/es\/wp-json\/wp\/v2\/pages\/18407","targetHints":{"allow":["GET"]}}],"collection":[{"href":"https:\/\/comunitamagnificat.org\/es\/wp-json\/wp\/v2\/pages"}],"about":[{"href":"https:\/\/comunitamagnificat.org\/es\/wp-json\/wp\/v2\/types\/page"}],"author":[{"embeddable":true,"href":"https:\/\/comunitamagnificat.org\/es\/wp-json\/wp\/v2\/users\/3"}],"replies":[{"embeddable":true,"href":"https:\/\/comunitamagnificat.org\/es\/wp-json\/wp\/v2\/comments?post=18407"}],"version-history":[{"count":1,"href":"https:\/\/comunitamagnificat.org\/es\/wp-json\/wp\/v2\/pages\/18407\/revisions"}],"predecessor-version":[{"id":18409,"href":"https:\/\/comunitamagnificat.org\/es\/wp-json\/wp\/v2\/pages\/18407\/revisions\/18409"}],"wp:featuredmedia":[{"embeddable":true,"href":"https:\/\/comunitamagnificat.org\/es\/wp-json\/wp\/v2\/media\/10751"}],"wp:attachment":[{"href":"https:\/\/comunitamagnificat.org\/es\/wp-json\/wp\/v2\/media?parent=18407"}],"curies":[{"name":"wp","href":"https:\/\/api.w.org\/{rel}","templated":true}]}}