{"id":18419,"date":"2024-08-22T18:09:01","date_gmt":"2024-08-22T16:09:01","guid":{"rendered":"https:\/\/comunitamagnificat.org\/sobre-nosotros\/"},"modified":"2025-01-23T09:53:56","modified_gmt":"2025-01-23T08:53:56","slug":"sobre-nosotros","status":"publish","type":"page","link":"https:\/\/comunitamagnificat.org\/es\/sobre-nosotros\/","title":{"rendered":"Sobre nosotros"},"content":{"rendered":"\n<div style=\"height:30px\" aria-hidden=\"true\" class=\"wp-block-spacer\"><\/div>\n\n<div id=\"magnificat-focus-block_6067b1f092c31\" class=\"wp-block-magnificat-focus \">\t\n    <p style=\"text-align: center;\">La Comunidad naci\u00f3 el 8 de diciembre de 1978, en la Iglesia de San Donato all&#8217;Elce de Perusa, fruto de la corriente de gracia de la <em>Renovaci\u00f3n Carism\u00e1tica Cat\u00f3lica<\/em>.<\/p>\n<\/div>\n<div style=\"height:15px\" aria-hidden=\"true\" class=\"wp-block-spacer\"><\/div>\n\n<p class=\"has-text-align-center\">Es la respuesta a una llamada concreta de Dios para vivir la nueva vida en el Esp\u00edritu en un compromiso estable.<\/p>\n\n<div style=\"height:15px\" aria-hidden=\"true\" class=\"wp-block-spacer\"><\/div>\n\n<p class=\"has-text-align-center\">Al situar la Eucarist\u00eda en el centro de la vida personal y comunitaria, los miembros de la Comunidad se comprometen a construir un solo cuerpo, siguiendo el modelo de la primera comunidad cristiana (cf. Hch 2,42-47).<\/p>\n\n<div style=\"height:15px\" aria-hidden=\"true\" class=\"wp-block-spacer\"><\/div>\n\n<p class=\"has-text-align-center\">Experimentando la vivencia del Cuerpo de Cristo, reconocen como principales carismas de la Comunidad la evangelizaci\u00f3n y la propia vida comunitaria vivida por un gran n\u00famero de hermanos -en su mayor\u00eda laicos- de todas las condiciones y procedencias.<\/p>\n\n<div style=\"height:15px\" aria-hidden=\"true\" class=\"wp-block-spacer\"><\/div>\n\n<p class=\"has-text-align-center\">Hoy, la Comunidad cuenta con decenas de Fraternidades en Italia, Rumania, Turqu\u00eda, Argentina, Uganda y Pakist\u00e1n, y est\u00e1 empezando a echar ra\u00edces tambi\u00e9n en otros pa\u00edses.<\/p>\n\n<div style=\"height:50px\" aria-hidden=\"true\" class=\"wp-block-spacer\"><\/div>\n\n<section id=\"magnificat-link-multipli-pagina-block_6067aad08dbd5\" class=\"wp-block-magnificat-link-multipli-pagina \">\n\n            \n        <picture><source type='image\/jpeg' srcset='https:\/\/comunitamagnificat.org\/wp-content\/uploads\/2021\/04\/Agnus-Dei-completa-pulita-600x600-1.jpg 1700w, https:\/\/comunitamagnificat.org\/wp-content\/uploads\/2021\/04\/Agnus-Dei-completa-pulita-600x600-1-266x300.jpg 266w, https:\/\/comunitamagnificat.org\/wp-content\/uploads\/2021\/04\/Agnus-Dei-completa-pulita-600x600-1-907x1024.jpg 907w, https:\/\/comunitamagnificat.org\/wp-content\/uploads\/2021\/04\/Agnus-Dei-completa-pulita-600x600-1-768x867.jpg 768w, https:\/\/comunitamagnificat.org\/wp-content\/uploads\/2021\/04\/Agnus-Dei-completa-pulita-600x600-1-1360x1536.jpg 1360w' sizes='(max-width: 1700px) 100vw, 1700px' \/><img loading=\"lazy\" decoding=\"async\" width=\"1700\" height=\"1920\" src=\"https:\/\/comunitamagnificat.org\/wp-content\/uploads\/2021\/04\/Agnus-Dei-completa-pulita-600x600-1.jpg\" class=\"attachment-cover-parallax-background size-cover-parallax-background\" alt=\"\" tcimage-skip=\"true\"  sizes=\"auto, (max-width: 1700px) 100vw, 1700px\" \/><\/picture>        \n        \n            <div class=\"accordion-link-page\">\n                        \n            <div class=\"tab\">\n\n                    <input type=\"radio\" id=\"chck-1\"   name=\"rd\">\n                    <label class=\"tab-label\" for=\"chck-1\">Historia<\/label>\n\n                <div class=\"content\">\n                                            <a href=\"https:\/\/comunitamagnificat.org\/es\/historia-de-la-comunidad-magnificat\/\">\n                            Historia de la Comunidad Magnificat                            <br \/>\n                            <span class=\"text\">ir a la p\u00e1gina<\/span>\n                        <\/a>\n                                            <a href=\"https:\/\/comunitamagnificat.org\/es\/el-nombre-magnificat\/\">\n                            El nombre Magnificat                            <br \/>\n                            <span class=\"text\">ir a la p\u00e1gina<\/span>\n                        <\/a>\n                                            <a href=\"https:\/\/comunitamagnificat.org\/es\/san-manno\/\">\n                            San Manno                            <br \/>\n                            <span class=\"text\">ir a la p\u00e1gina<\/span>\n                        <\/a>\n                                            <a href=\"https:\/\/comunitamagnificat.org\/es\/tarcisio-mezzetti\/\">\n                            Tarcisio Mezzetti                            <br \/>\n                            <span class=\"text\">ir a la p\u00e1gina<\/span>\n                        <\/a>\n                                    <\/div>\n\n            <\/div>\n\n                        \n            <div class=\"tab\">\n\n                    <input type=\"radio\" id=\"chck-2\"   name=\"rd\">\n                    <label class=\"tab-label\" for=\"chck-2\">Espiritualidad<\/label>\n\n                <div class=\"content\">\n                                            <a href=\"https:\/\/comunitamagnificat.org\/es\/fundaciones-de-la-comunidad-magnificat\/\">\n                            Fundaciones de la Comunidad Magnificat                            <br \/>\n                            <span class=\"text\">ir a la p\u00e1gina<\/span>\n                        <\/a>\n                                            <a href=\"https:\/\/comunitamagnificat.org\/es\/con-jesus-sobre-jesus-construir\/\">\n                            \u00abCon Jes\u00fas, sobre Jes\u00fas construir\u00bb                            <br \/>\n                            <span class=\"text\">ir a la p\u00e1gina<\/span>\n                        <\/a>\n                                            <a href=\"https:\/\/comunitamagnificat.org\/es\/cuatro-promesas\/\">\n                            Cuatro promesas                            <br \/>\n                            <span class=\"text\">ir a la p\u00e1gina<\/span>\n                        <\/a>\n                                            <a href=\"https:\/\/comunitamagnificat.org\/es\/alianza\/\">\n                            Alianza                            <br \/>\n                            <span class=\"text\">ir a la p\u00e1gina<\/span>\n                        <\/a>\n                                            <a href=\"https:\/\/comunitamagnificat.org\/es\/adoracion-eucaristica\/\">\n                            Adoraci\u00f3n eucar\u00edstica                            <br \/>\n                            <span class=\"text\">ir a la p\u00e1gina<\/span>\n                        <\/a>\n                                            <a href=\"https:\/\/comunitamagnificat.org\/es\/vocacion\/\">\n                            Vocaci\u00f3n                            <br \/>\n                            <span class=\"text\">ir a la p\u00e1gina<\/span>\n                        <\/a>\n                                            <a href=\"https:\/\/comunitamagnificat.org\/es\/comunidad\/\">\n                            Comunidad                            <br \/>\n                            <span class=\"text\">ir a la p\u00e1gina<\/span>\n                        <\/a>\n                                            <a href=\"https:\/\/comunitamagnificat.org\/es\/contemplacion-y-accion\/\">\n                            Contemplaci\u00f3n y acci\u00f3n                            <br \/>\n                            <span class=\"text\">ir a la p\u00e1gina<\/span>\n                        <\/a>\n                                            <a href=\"https:\/\/comunitamagnificat.org\/es\/sonar-el-sueno-de-dios\/\">\n                            So\u00f1ar el sue\u00f1o de Dios                            <br \/>\n                            <span class=\"text\">ir a la p\u00e1gina<\/span>\n                        <\/a>\n                                            <a href=\"https:\/\/comunitamagnificat.org\/es\/monasterio-de-muros-invisibles\/\">\n                            Monasterio de muros invisibles                            <br \/>\n                            <span class=\"text\">ir a la p\u00e1gina<\/span>\n                        <\/a>\n                                            <a href=\"https:\/\/comunitamagnificat.org\/es\/acompanamiento-espiritual\/\">\n                            Acompa\u00f1amiento espiritual                            <br \/>\n                            <span class=\"text\">ir a la p\u00e1gina<\/span>\n                        <\/a>\n                                            <a href=\"https:\/\/comunitamagnificat.org\/es\/carismas\/\">\n                            Carismas                            <br \/>\n                            <span class=\"text\">ir a la p\u00e1gina<\/span>\n                        <\/a>\n                                            <a href=\"https:\/\/comunitamagnificat.org\/es\/evangelizacion\/\">\n                            Evangelizaci\u00f3n                            <br \/>\n                            <span class=\"text\">ir a la p\u00e1gina<\/span>\n                        <\/a>\n                                            <a href=\"https:\/\/comunitamagnificat.org\/es\/curacion\/\">\n                            Curaci\u00f3n                            <br \/>\n                            <span class=\"text\">ir a la p\u00e1gina<\/span>\n                        <\/a>\n                                            <a href=\"https:\/\/comunitamagnificat.org\/es\/aliados-del-agnus-dei\/\">\n                            Aliados del Agnus Dei                            <br \/>\n                            <span class=\"text\">ir a la p\u00e1gina<\/span>\n                        <\/a>\n                                            <a href=\"https:\/\/comunitamagnificat.org\/es\/viviendas-compartidas\/\">\n                            Viviendas compartidas                            <br \/>\n                            <span class=\"text\">ir a la p\u00e1gina<\/span>\n                        <\/a>\n                                    <\/div>\n\n            <\/div>\n\n                        \n            <div class=\"tab\">\n\n                    <input type=\"radio\" id=\"chck-3\"   name=\"rd\">\n                    <label class=\"tab-label\" for=\"chck-3\">Estructura<\/label>\n\n                <div class=\"content\">\n                                            <a href=\"https:\/\/comunitamagnificat.org\/es\/regla-de-vida\/\">\n                            Regla de vida                            <br \/>\n                            <span class=\"text\">ir a la p\u00e1gina<\/span>\n                        <\/a>\n                                            <a href=\"https:\/\/comunitamagnificat.org\/es\/fraternidad\/\">\n                            Fraternidad                            <br \/>\n                            <span class=\"text\">ir a la p\u00e1gina<\/span>\n                        <\/a>\n                                            <a href=\"https:\/\/comunitamagnificat.org\/es\/comunidad-a\/\">\n                            Comunidad a                            <br \/>\n                            <span class=\"text\">ir a la p\u00e1gina<\/span>\n                        <\/a>\n                                            <a href=\"https:\/\/comunitamagnificat.org\/es\/los-ancianos-y-la-profecia\/\">\n                            Los ancianos y la profec\u00eda                            <br \/>\n                            <span class=\"text\">ir a la p\u00e1gina<\/span>\n                        <\/a>\n                                            <a href=\"https:\/\/comunitamagnificat.org\/es\/gobierno-colegiado\/\">\n                            Gobierno colegiado                            <br \/>\n                            <span class=\"text\">ir a la p\u00e1gina<\/span>\n                        <\/a>\n                                            <a href=\"https:\/\/comunitamagnificat.org\/es\/ministerios-generales\/\">\n                            Servicios Generales                            <br \/>\n                            <span class=\"text\">ir a la p\u00e1gina<\/span>\n                        <\/a>\n                                            <a href=\"https:\/\/comunitamagnificat.org\/es\/fundacion-magnificat-e-t-s\/\">\n                            Fundaci\u00f3n Magnificat E.T.S.                            <br \/>\n                            <span class=\"text\">ir a la p\u00e1gina<\/span>\n                        <\/a>\n                                            <a href=\"https:\/\/comunitamagnificat.org\/es\/misiones\/\">\n                            Misiones                            <br \/>\n                            <span class=\"text\">ir a la p\u00e1gina<\/span>\n                        <\/a>\n                                            <a href=\"https:\/\/comunitamagnificat.org\/es\/direccion-tesoreria-general-y-secretaria\/\">\n                            Direcci\u00f3n, Tesorer\u00eda General y Secretar\u00eda                            <br \/>\n                            <span class=\"text\">ir a la p\u00e1gina<\/span>\n                        <\/a>\n                                    <\/div>\n\n            <\/div>\n\n                        \n            <div class=\"tab\">\n\n                    <input type=\"radio\" id=\"chck-4\"   name=\"rd\">\n                    <label class=\"tab-label\" for=\"chck-4\">Autorizaciones eclesi\u00e1sticas<\/label>\n\n                <div class=\"content\">\n                                            <a href=\"https:\/\/comunitamagnificat.org\/es\/el-estatuto-de-1979\/\">\n                            El Estatuto de 1979                            <br \/>\n                            <span class=\"text\">ir a la p\u00e1gina<\/span>\n                        <\/a>\n                                            <a href=\"https:\/\/comunitamagnificat.org\/es\/la-regla-de-vida-de-1995\/\">\n                            La Regla de Vida de 1995                            <br \/>\n                            <span class=\"text\">ir a la p\u00e1gina<\/span>\n                        <\/a>\n                                            <a href=\"https:\/\/comunitamagnificat.org\/es\/la-regla-de-vida-de-2004\/\">\n                            La Regla de Vida de 2004                            <br \/>\n                            <span class=\"text\">ir a la p\u00e1gina<\/span>\n                        <\/a>\n                                            <a href=\"https:\/\/comunitamagnificat.org\/es\/el-estatuto-entre-2013-y-2023\/\">\n                            El Estatuto entre 2013 y 2023                            <br \/>\n                            <span class=\"text\">ir a la p\u00e1gina<\/span>\n                        <\/a>\n                                            <a href=\"https:\/\/comunitamagnificat.org\/es\/reconocimiento-final-y-nuevo-estatuto-2024\/\">\n                            Reconocimiento final y nuevo Estatuto                            <br \/>\n                            <span class=\"text\">ir a la p\u00e1gina<\/span>\n                        <\/a>\n                                    <\/div>\n\n            <\/div>\n\n                    <\/div>\n    \n<\/section>\n<div style=\"height:50px\" aria-hidden=\"true\" class=\"wp-block-spacer\"><\/div>\n","protected":false},"excerpt":{"rendered":"<p>Es la respuesta a una llamada concreta de Dios para vivir la nueva vida en el Esp\u00edritu en un compromiso estable. Al situar la Eucarist\u00eda en el centro de la vida personal y comunitaria, los miembros de la Comunidad se comprometen a construir un solo cuerpo, siguiendo el modelo de la primera comunidad cristiana (cf. [&hellip;]<\/p>\n","protected":false},"author":2,"featured_media":11087,"parent":0,"menu_order":0,"comment_status":"closed","ping_status":"closed","template":"","meta":{"om_disable_all_campaigns":false,"_monsterinsights_skip_tracking":false,"_monsterinsights_sitenote_active":false,"_monsterinsights_sitenote_note":"","_monsterinsights_sitenote_category":0,"_uf_show_specific_survey":0,"_uf_disable_surveys":false,"footnotes":""},"class_list":["post-18419","page","type-page","status-publish","has-post-thumbnail","hentry"],"aioseo_notices":[],"_links":{"self":[{"href":"https:\/\/comunitamagnificat.org\/es\/wp-json\/wp\/v2\/pages\/18419","targetHints":{"allow":["GET"]}}],"collection":[{"href":"https:\/\/comunitamagnificat.org\/es\/wp-json\/wp\/v2\/pages"}],"about":[{"href":"https:\/\/comunitamagnificat.org\/es\/wp-json\/wp\/v2\/types\/page"}],"author":[{"embeddable":true,"href":"https:\/\/comunitamagnificat.org\/es\/wp-json\/wp\/v2\/users\/2"}],"replies":[{"embeddable":true,"href":"https:\/\/comunitamagnificat.org\/es\/wp-json\/wp\/v2\/comments?post=18419"}],"version-history":[{"count":7,"href":"https:\/\/comunitamagnificat.org\/es\/wp-json\/wp\/v2\/pages\/18419\/revisions"}],"predecessor-version":[{"id":22717,"href":"https:\/\/comunitamagnificat.org\/es\/wp-json\/wp\/v2\/pages\/18419\/revisions\/22717"}],"wp:featuredmedia":[{"embeddable":true,"href":"https:\/\/comunitamagnificat.org\/es\/wp-json\/wp\/v2\/media\/11087"}],"wp:attachment":[{"href":"https:\/\/comunitamagnificat.org\/es\/wp-json\/wp\/v2\/media?parent=18419"}],"curies":[{"name":"wp","href":"https:\/\/api.w.org\/{rel}","templated":true}]}}