{"id":18433,"date":"2024-08-22T18:10:10","date_gmt":"2024-08-22T16:10:10","guid":{"rendered":"https:\/\/comunitamagnificat.org\/politica-de-privacidad\/"},"modified":"2026-01-20T09:36:25","modified_gmt":"2026-01-20T08:36:25","slug":"politica-de-privacidad","status":"publish","type":"page","link":"https:\/\/comunitamagnificat.org\/es\/politica-de-privacidad\/","title":{"rendered":"Pol\u00edtica de privacidad"},"content":{"rendered":"\n<p>Para obtener informaci\u00f3n sobre tus datos personales recopilados, los fines para los que se recopilan y las partes con las que se comparten los datos, ponte en contacto con el Responsable del tratamiento.<\/p>\n\n<h2 class=\"wp-block-heading\" id=\"owner_of_the_data\">Responsable del tratamiento<\/h2>\n\n<p><strong><em>Alessandra Pauluzzi<\/em><\/strong><br\/>c\/o Complejo S.Manno<br\/>Via Fra Giovanni da Pian di Carpine, 63 &#8211; 06127 (PG)<\/p>\n\n<p><strong>Direcci\u00f3n de correo electr\u00f3nico del titular:<\/strong> segreteria@comunitamagnificat.org<\/p>\n\n<h2 class=\"wp-block-heading\" id=\"types_of_data\">Tipos de datos recogidos<\/h2>\n\n<p>El Responsable del Tratamiento no proporciona una lista de los tipos de Datos Personales recogidos.<\/p>\n\n<p>Los detalles completos sobre cada tipo de datos recogidos se proporcionan en las secciones dedicadas de esta pol\u00edtica de privacidad o mediante textos informativos espec\u00edficos mostrados antes de la propia recogida de datos.<br\/>Los Datos Personales pueden ser proporcionados libremente por el Usuario o, en el caso de los Datos de Usuario, recogidos autom\u00e1ticamente durante el uso de esta Aplicaci\u00f3n.<br\/>Salvo que se especifique lo contrario, todos los Datos solicitados por esta Aplicaci\u00f3n son obligatorios. Si el Usuario se niega a comunicarlos, puede resultar imposible para esta Aplicaci\u00f3n prestar el Servicio. En los casos en que esta Aplicaci\u00f3n indique determinados Datos como opcionales, los Usuarios son libres de abstenerse de comunicar dichos Datos, sin que ello tenga ninguna consecuencia sobre la disponibilidad del Servicio o su funcionamiento.  <br\/>Se anima a los Usuarios que tengan dudas sobre qu\u00e9 Datos son obligatorios a que se pongan en contacto con el Responsable del Tratamiento.<br\/>El posible uso de Cookies -o de otras herramientas de seguimiento- por parte de esta Aplicaci\u00f3n o de los titulares de servicios de terceros utilizados por esta Aplicaci\u00f3n, salvo que se especifique lo contrario, tiene como finalidad la prestaci\u00f3n del Servicio solicitado por el Usuario, adem\u00e1s de las finalidades adicionales descritas en este documento y en la Pol\u00edtica de Cookies, si est\u00e1 disponible.<\/p>\n\n<p>El Usuario asume la responsabilidad de los Datos Personales de terceros obtenidos, publicados o compartidos a trav\u00e9s de esta Aplicaci\u00f3n y garantiza que tiene derecho a comunicarlos o difundirlos, liberando al Propietario de cualquier responsabilidad frente a terceros.<\/p>\n\n<h2 class=\"wp-block-heading\" id=\"place_of_processing\">M\u00e9todo y lugar de tratamiento de los Datos recogidos<\/h2>\n\n<h3 class=\"wp-block-heading\">Modos de tratamiento<\/h3>\n\n<p>El Responsable del Tratamiento adopta medidas de seguridad apropiadas para impedir el acceso, la divulgaci\u00f3n, la modificaci\u00f3n o la destrucci\u00f3n no autorizados de los Datos Personales.<br\/>El Tratamiento se lleva a cabo mediante herramientas inform\u00e1ticas y\/o telem\u00e1ticas, con m\u00e9todos organizativos y l\u00f3gicos estrictamente relacionados con los fines indicados. Adem\u00e1s del Responsable del Tratamiento, en algunos casos, pueden tener acceso a los Datos otros sujetos implicados en la organizaci\u00f3n de esta Aplicaci\u00f3n (administrativos, comerciales, de marketing, jur\u00eddicos, administradores de sistemas) o sujetos externos (como terceros proveedores de servicios t\u00e9cnicos, mensajeros postales, proveedores de hosting, empresas inform\u00e1ticas, agencias de comunicaci\u00f3n) tambi\u00e9n designados, si es necesario, como Encargados del Tratamiento por el Responsable del Tratamiento. La lista actualizada de Encargados del Tratamiento puede solicitarse siempre al Responsable del Tratamiento.  <\/p>\n\n<h3 class=\"wp-block-heading\">Base jur\u00eddica del tratamiento<\/h3>\n\n<p>El Responsable del Tratamiento trata Datos Personales relativos al Usuario si se cumple una de las siguientes condiciones:<\/p>\n\n<ul class=\"wp-block-list\">\n<li>el Usuario ha dado su consentimiento para uno o m\u00e1s fines espec\u00edficos; Nota: en algunas jurisdicciones, el Responsable del Tratamiento puede estar autorizado a tratar Datos Personales sin el consentimiento del Usuario o sin ninguna de las otras bases jur\u00eddicas especificadas a continuaci\u00f3n, hasta que el Usuario se oponga (\u00abopte por no hacerlo\u00bb) a dicho tratamiento. Sin embargo, esto no se aplica cuando el tratamiento de Datos Personales se rige por la legislaci\u00f3n europea sobre protecci\u00f3n de Datos Personales; <\/li>\n\n\n\n<li>el tratamiento es necesario para la ejecuci\u00f3n de un contrato con el Usuario y\/o la ejecuci\u00f3n de medidas precontractuales;<\/li>\n\n\n\n<li>el tratamiento es necesario para cumplir una obligaci\u00f3n legal a la que est\u00e1 sujeto el Responsable del Tratamiento;<\/li>\n\n\n\n<li>el tratamiento es necesario para el cumplimiento de una misi\u00f3n de inter\u00e9s p\u00fablico o en el ejercicio de poderes p\u00fablicos conferidos al responsable del tratamiento;<\/li>\n\n\n\n<li>el tratamiento es necesario para la consecuci\u00f3n del inter\u00e9s leg\u00edtimo del Responsable del Tratamiento o de terceros.<\/li>\n<\/ul>\n\n<p>Sin embargo, siempre es posible pedir al Responsable del tratamiento que aclare la base jur\u00eddica concreta de cada operaci\u00f3n de tratamiento y, en particular, que especifique si el tratamiento se basa en la ley, lo exige un contrato o es necesario para celebrar un contrato.<\/p>\n\n<h3 class=\"wp-block-heading\">Lugar<\/h3>\n\n<p>Los Datos se procesan en los locales del Responsable del Tratamiento y en cualquier otro lugar donde se encuentren las partes implicadas en el tratamiento. Para m\u00e1s informaci\u00f3n, ponte en contacto con el Responsable del Tratamiento.<br\/>Los Datos Personales del Usuario pueden transferirse a un pa\u00eds distinto de aquel en el que se encuentra el Usuario. Para m\u00e1s informaci\u00f3n sobre la ubicaci\u00f3n del tratamiento, el Usuario puede consultar la secci\u00f3n sobre detalles del tratamiento de Datos Personales.  <\/p>\n\n<p><br\/><br\/>El Usuario tiene derecho a obtener informaci\u00f3n sobre la base jur\u00eddica de la transferencia de Datos fuera de la Uni\u00f3n Europea o a una organizaci\u00f3n internacional de derecho internacional p\u00fablico o formada por dos o m\u00e1s pa\u00edses, como la ONU, as\u00ed como sobre las medidas de seguridad adoptadas por el Responsable del Tratamiento para proteger los Datos. El Usuario puede comprobar si se produce una de las transferencias que se acaban de describir examinando la secci\u00f3n de este documento relativa a los detalles del tratamiento de Datos Personales o solicitar informaci\u00f3n al Responsable del Tratamiento poni\u00e9ndose en contacto con \u00e9l en los datos de contacto que figuran al principio.<\/p>\n\n<h3 class=\"wp-block-heading\">Periodo de almacenamiento<\/h3>\n\n<p>Los datos se procesan y almacenan durante el tiempo requerido por los fines para los que se recogieron.<\/p>\n\n<p>Por tanto:<\/p>\n\n<ul class=\"wp-block-list\">\n<li>Los Datos Personales recogidos con fines relacionados con la ejecuci\u00f3n de un contrato entre el Responsable y el Usuario se conservar\u00e1n hasta que finalice la ejecuci\u00f3n de dicho contrato.<\/li>\n\n\n\n<li>Los Datos Personales recogidos para fines relacionados con el inter\u00e9s leg\u00edtimo del Responsable se conservar\u00e1n hasta que se satisfaga dicho inter\u00e9s. El Usuario puede obtener m\u00e1s informaci\u00f3n sobre el inter\u00e9s leg\u00edtimo perseguido por el Responsable en las secciones pertinentes de este documento o poni\u00e9ndose en contacto con el Responsable. <\/li>\n<\/ul>\n\n<p>Cuando el tratamiento se base en el consentimiento del Usuario, el Responsable podr\u00e1 conservar los Datos Personales durante un periodo m\u00e1s largo hasta que se revoque dicho consentimiento. Adem\u00e1s, el Responsable puede verse obligado a conservar los Datos Personales durante un per\u00edodo m\u00e1s largo en cumplimiento de una obligaci\u00f3n legal o por orden de una autoridad. <br\/><br\/>Al final del periodo de conservaci\u00f3n, los Datos Personales ser\u00e1n eliminados. Por lo tanto, al final de este periodo, ya no se podr\u00e1 ejercer el derecho de acceso, cancelaci\u00f3n, rectificaci\u00f3n y el derecho a la portabilidad de los Datos. <\/p>\n\n<h2 class=\"wp-block-heading\" id=\"rights_subjects\">Derechos del usuario<\/h2>\n\n<p>Los Usuarios pueden ejercer determinados derechos en relaci\u00f3n con los Datos tratados por el Responsable del Tratamiento.<\/p>\n\n<p>En particular, el Usuario tiene derecho a:<\/p>\n\n<ul class=\"wp-block-list\">\n<li><strong>retirar el consentimiento en cualquier momento.<\/strong>  El Usuario podr\u00e1 revocar su consentimiento previamente expresado para el tratamiento de sus Datos Personales.<\/li>\n\n\n\n<li><strong>oponerse al tratamiento de sus Datos.<\/strong>  Puedes oponerte al tratamiento de tus Datos cuando se realice sobre una base jur\u00eddica distinta del consentimiento. Encontrar\u00e1s m\u00e1s detalles sobre el derecho de oposici\u00f3n en la secci\u00f3n siguiente. <\/li>\n\n\n\n<li><strong>acceso a sus Datos.<\/strong>  El Usuario tiene derecho a obtener informaci\u00f3n sobre los Datos tratados por el Responsable del Tratamiento, sobre determinados aspectos del tratamiento y a recibir una copia de los Datos tratados.<\/li>\n\n\n\n<li><strong>compru\u00e9balo y solicita la rectificaci\u00f3n.<\/strong>  El Usuario podr\u00e1 comprobar la exactitud de sus Datos y solicitar su actualizaci\u00f3n o rectificaci\u00f3n.<\/li>\n\n\n\n<li><strong>obtener la restricci\u00f3n del tratamiento.<\/strong>  Cuando se cumplan determinadas condiciones, el Usuario podr\u00e1 solicitar la limitaci\u00f3n del tratamiento de sus Datos. En este caso, el Responsable del Tratamiento no tratar\u00e1 los Datos para ning\u00fan otro fin que no sea su almacenamiento. <\/li>\n\n\n\n<li><strong>obtener la supresi\u00f3n o eliminaci\u00f3n de sus Datos Personales.<\/strong>  Cuando se cumplan determinadas condiciones, el Usuario podr\u00e1 solicitar al Responsable del Tratamiento la supresi\u00f3n de sus Datos.<\/li>\n\n\n\n<li><strong>recibir sus Datos o hacer que se transfieran a otro responsable del tratamiento.<\/strong>  El Usuario tiene derecho a recibir sus Datos en un formato estructurado, de uso com\u00fan y lectura mec\u00e1nica y, cuando sea t\u00e9cnicamente factible, a que se transfieran sin obst\u00e1culos a otro responsable del tratamiento. Esta disposici\u00f3n es aplicable cuando los Datos se tratan por medios automatizados y el tratamiento se basa en el consentimiento del Usuario, en un contrato en el que el Usuario es parte o en medidas contractuales relacionadas con el mismo. <\/li>\n\n\n\n<li><strong>presenta una denuncia.<\/strong>  El Usuario puede presentar una reclamaci\u00f3n ante la autoridad supervisora de protecci\u00f3n de datos competente o emprender acciones legales.<\/li>\n<\/ul>\n\n<h3 class=\"wp-block-heading\">Detalles sobre el derecho de oposici\u00f3n<\/h3>\n\n<p>Cuando los Datos Personales se traten en inter\u00e9s p\u00fablico, en el ejercicio de poderes p\u00fablicos conferidos al Responsable del Tratamiento o para la consecuci\u00f3n de un inter\u00e9s leg\u00edtimo del Responsable del Tratamiento, los Usuarios tienen derecho a oponerse al tratamiento por motivos relacionados con su situaci\u00f3n particular.<\/p>\n\n<p>Se informa a los Usuarios de que, en caso de que sus Datos sean tratados con fines de marketing directo, pueden oponerse al tratamiento sin necesidad de alegar motivo alguno. Para saber si el Responsable trata los Datos con fines de marketing directo, los Usuarios pueden consultar las secciones correspondientes de este documento. <\/p>\n\n<h3 class=\"wp-block-heading\">C\u00f3mo ejercer los derechos<\/h3>\n\n<p>Para ejercer sus derechos, los Usuarios pueden dirigir una solicitud a los datos de contacto del Responsable del tratamiento indicados en este documento. Las solicitudes se presentar\u00e1n de forma gratuita y ser\u00e1n tramitadas por el Responsable del Tratamiento lo antes posible, en cualquier caso en el plazo de un mes. <\/p>\n\n<h2 class=\"wp-block-heading\" id=\"further_data_processing_info\">M\u00e1s informaci\u00f3n sobre el tratamiento<\/h2>\n\n<h3 class=\"wp-block-heading\">Defensa ante el tribunal<\/h3>\n\n<p><br\/>Los Datos Personales del Usuario podr\u00e1n ser utilizados por el Responsable del Tratamiento en procedimientos judiciales o en las fases preparatorias de su posible establecimiento con el fin de defenderse de abusos en el uso de esta Aplicaci\u00f3n o de los Servicios relacionados por parte del Usuario. El Usuario declara ser consciente de que el Responsable del Tratamiento puede verse obligado a revelar los Datos por orden de las autoridades p\u00fablicas.<\/p>\n\n<h3 class=\"wp-block-heading\">Informaci\u00f3n espec\u00edfica<\/h3>\n\n<p>A petici\u00f3n del Usuario, adem\u00e1s de la informaci\u00f3n contenida en esta pol\u00edtica de privacidad, esta Aplicaci\u00f3n puede proporcionar al Usuario informaci\u00f3n adicional y contextual relativa a Servicios espec\u00edficos, o a la recogida y tratamiento de Datos Personales.<\/p>\n\n<h3 class=\"wp-block-heading\">Registros y mantenimiento del sistema<\/h3>\n\n<p>A efectos de funcionamiento y mantenimiento, esta Aplicaci\u00f3n y los servicios de terceros que utilice pueden recopilar registros del sistema, es decir, archivos que registran interacciones y que tambi\u00e9n pueden contener Datos Personales, como la direcci\u00f3n IP del Usuario.<\/p>\n\n<h3 class=\"wp-block-heading\">Informaci\u00f3n no contenida en esta pol\u00edtica<\/h3>\n\n<p>Se puede solicitar en cualquier momento m\u00e1s informaci\u00f3n en relaci\u00f3n con el tratamiento de Datos Personales al Responsable del Tratamiento utilizando los datos de contacto.<\/p>\n\n<h3 class=\"wp-block-heading\">Responder a las solicitudes de \u00abNo rastrear<\/h3>\n\n<p>Esta aplicaci\u00f3n no admite solicitudes de \u00abNo rastrear\u00bb.<br\/>Para saber si los servicios de terceros utilizados los admiten, se invita al Usuario a consultar sus respectivas pol\u00edticas de privacidad.<\/p>\n\n<h3 class=\"wp-block-heading\">Cambios en esta pol\u00edtica de privacidad<\/h3>\n\n<p>El Responsable del Tratamiento se reserva el derecho a realizar cambios en esta pol\u00edtica de privacidad en cualquier momento, notific\u00e1ndolo a los Usuarios en esta p\u00e1gina y, si es posible, en esta Aplicaci\u00f3n, as\u00ed como, si es t\u00e9cnica y legalmente factible, enviando una notificaci\u00f3n a los Usuarios a trav\u00e9s de uno de los datos de contacto de los que dispone. Por lo tanto, te rogamos que consultes esta p\u00e1gina con frecuencia, haciendo referencia a la fecha de la \u00faltima modificaci\u00f3n indicada en la parte inferior. <br\/><br\/>Si los cambios afectan al tratamiento cuya base jur\u00eddica es el consentimiento, el Responsable del Tratamiento recabar\u00e1 de nuevo el consentimiento del Usuario, si fuera necesario.<\/p>\n","protected":false},"excerpt":{"rendered":"<p>Para obtener informaci\u00f3n sobre tus datos personales recopilados, los fines para los que se recopilan y las partes con las que se comparten los datos, ponte en contacto con el Responsable del tratamiento. Responsable del tratamiento Alessandra Pauluzzic\/o Complejo S.MannoVia Fra Giovanni da Pian di Carpine, 63 &#8211; 06127 (PG) Direcci\u00f3n de correo electr\u00f3nico del [&hellip;]<\/p>\n","protected":false},"author":1,"featured_media":0,"parent":0,"menu_order":0,"comment_status":"closed","ping_status":"open","template":"","meta":{"om_disable_all_campaigns":false,"_monsterinsights_skip_tracking":false,"_monsterinsights_sitenote_active":false,"_monsterinsights_sitenote_note":"","_monsterinsights_sitenote_category":0,"_uf_show_specific_survey":0,"_uf_disable_surveys":false,"footnotes":""},"class_list":["post-18433","page","type-page","status-publish","hentry"],"aioseo_notices":[],"_links":{"self":[{"href":"https:\/\/comunitamagnificat.org\/es\/wp-json\/wp\/v2\/pages\/18433","targetHints":{"allow":["GET"]}}],"collection":[{"href":"https:\/\/comunitamagnificat.org\/es\/wp-json\/wp\/v2\/pages"}],"about":[{"href":"https:\/\/comunitamagnificat.org\/es\/wp-json\/wp\/v2\/types\/page"}],"author":[{"embeddable":true,"href":"https:\/\/comunitamagnificat.org\/es\/wp-json\/wp\/v2\/users\/1"}],"replies":[{"embeddable":true,"href":"https:\/\/comunitamagnificat.org\/es\/wp-json\/wp\/v2\/comments?post=18433"}],"version-history":[{"count":2,"href":"https:\/\/comunitamagnificat.org\/es\/wp-json\/wp\/v2\/pages\/18433\/revisions"}],"predecessor-version":[{"id":26649,"href":"https:\/\/comunitamagnificat.org\/es\/wp-json\/wp\/v2\/pages\/18433\/revisions\/26649"}],"wp:attachment":[{"href":"https:\/\/comunitamagnificat.org\/es\/wp-json\/wp\/v2\/media?parent=18433"}],"curies":[{"name":"wp","href":"https:\/\/api.w.org\/{rel}","templated":true}]}}