{"id":18450,"date":"2024-08-22T18:11:05","date_gmt":"2024-08-22T16:11:05","guid":{"rendered":"https:\/\/comunitamagnificat.org\/formacion\/"},"modified":"2025-01-22T19:36:34","modified_gmt":"2025-01-22T18:36:34","slug":"formacion","status":"publish","type":"page","link":"https:\/\/comunitamagnificat.org\/es\/formacion\/","title":{"rendered":"Formaci\u00f3n"},"content":{"rendered":"\n<div style=\"height:30px\" aria-hidden=\"true\" class=\"wp-block-spacer\"><\/div>\n\n<blockquote class=\"wp-block-quote is-layout-flow wp-block-quote-is-layout-flow\">\n<p><em><strong>Para ello pones todo tu empe\u00f1o<\/strong><\/em><br\/><em><strong>para a\u00f1adir virtud a tu fe,<\/strong><\/em><br\/><em><strong>a la virtud el conocimiento;<\/strong><\/em><br\/><em><strong>a la templanza del conocimiento,<\/strong><\/em><br\/><em><strong>a la paciencia templanza,<\/strong><\/em><br\/><em><strong>a la paciencia misericordia,<\/strong><\/em><br\/><em><strong>a la misericordia, al amor fraterno,<\/strong><\/em><br\/><em><strong>al amor fraterno caridad<\/strong><\/em><\/p>\n<cite><em>2 Pedro<\/em> 1: 5-6<\/cite><\/blockquote>\n\n<div style=\"height:30px\" aria-hidden=\"true\" class=\"wp-block-spacer\"><\/div>\n\n<p>Tanto a nivel local como general, la Comunidad ofrece peri\u00f3dicamente a sus miembros formaci\u00f3n en una gran variedad de \u00e1mbitos, especialmente en la vida de servicio.<\/p>\n\n<div style=\"height:30px\" aria-hidden=\"true\" class=\"wp-block-spacer\"><\/div>\n\n<p>Los servicios generales son muy activos en este sentido, organizando cursos de formaci\u00f3n con cierta regularidad a los que las fraternidades env\u00edan a sus hermanos y hermanas, que profundizan as\u00ed en los temas y la din\u00e1mica de los servicios en los que participan.<\/p>\n\n<div style=\"height:50px\" aria-hidden=\"true\" class=\"wp-block-spacer\"><\/div>\n","protected":false},"excerpt":{"rendered":"<p>Para ello pones todo tu empe\u00f1opara a\u00f1adir virtud a tu fe,a la virtud el conocimiento;a la templanza del conocimiento,a la paciencia templanza,a la paciencia misericordia,a la misericordia, al amor fraterno,al amor fraterno caridad 2 Pedro 1: 5-6 Tanto a nivel local como general, la Comunidad ofrece peri\u00f3dicamente a sus miembros formaci\u00f3n en una gran variedad [&hellip;]<\/p>\n","protected":false},"author":3,"featured_media":11055,"parent":0,"menu_order":0,"comment_status":"closed","ping_status":"closed","template":"","meta":{"om_disable_all_campaigns":false,"_monsterinsights_skip_tracking":false,"_monsterinsights_sitenote_active":false,"_monsterinsights_sitenote_note":"","_monsterinsights_sitenote_category":0,"_uf_show_specific_survey":0,"_uf_disable_surveys":false,"footnotes":""},"class_list":["post-18450","page","type-page","status-publish","has-post-thumbnail","hentry"],"aioseo_notices":[],"_links":{"self":[{"href":"https:\/\/comunitamagnificat.org\/es\/wp-json\/wp\/v2\/pages\/18450","targetHints":{"allow":["GET"]}}],"collection":[{"href":"https:\/\/comunitamagnificat.org\/es\/wp-json\/wp\/v2\/pages"}],"about":[{"href":"https:\/\/comunitamagnificat.org\/es\/wp-json\/wp\/v2\/types\/page"}],"author":[{"embeddable":true,"href":"https:\/\/comunitamagnificat.org\/es\/wp-json\/wp\/v2\/users\/3"}],"replies":[{"embeddable":true,"href":"https:\/\/comunitamagnificat.org\/es\/wp-json\/wp\/v2\/comments?post=18450"}],"version-history":[{"count":2,"href":"https:\/\/comunitamagnificat.org\/es\/wp-json\/wp\/v2\/pages\/18450\/revisions"}],"predecessor-version":[{"id":22704,"href":"https:\/\/comunitamagnificat.org\/es\/wp-json\/wp\/v2\/pages\/18450\/revisions\/22704"}],"wp:featuredmedia":[{"embeddable":true,"href":"https:\/\/comunitamagnificat.org\/es\/wp-json\/wp\/v2\/media\/11055"}],"wp:attachment":[{"href":"https:\/\/comunitamagnificat.org\/es\/wp-json\/wp\/v2\/media?parent=18450"}],"curies":[{"name":"wp","href":"https:\/\/api.w.org\/{rel}","templated":true}]}}