{"id":18460,"date":"2024-08-22T18:11:21","date_gmt":"2024-08-22T16:11:21","guid":{"rendered":"https:\/\/comunitamagnificat.org\/escuela-comunitaria\/"},"modified":"2025-01-22T19:30:57","modified_gmt":"2025-01-22T18:30:57","slug":"escuela-comunitaria","status":"publish","type":"page","link":"https:\/\/comunitamagnificat.org\/es\/escuela-comunitaria\/","title":{"rendered":"Escuela Comunitaria"},"content":{"rendered":"\n<div style=\"height:30px\" aria-hidden=\"true\" class=\"wp-block-spacer\"><\/div>\n\n<blockquote class=\"wp-block-quote is-layout-flow wp-block-quote-is-layout-flow\">\n<p><em><strong>Permanecieron juntos<\/strong><\/em><br\/><em><strong>un a\u00f1o entero en esa Iglesia<\/strong><\/em><br\/><em><strong>e instruyeron a mucha gente<\/strong><\/em><\/p>\n<cite><em>Hechos de los Ap\u00f3stoles<\/em> 11, 26<\/cite><\/blockquote>\n\n<div style=\"height:30px\" aria-hidden=\"true\" class=\"wp-block-spacer\"><\/div>\n\n<p>La Comunidad es atractiva para muchas de las personas que asisten a ella y que -quiz\u00e1s a trav\u00e9s de ella- han llegado o regresado a la fe.<\/p>\n\n<div style=\"height:30px\" aria-hidden=\"true\" class=\"wp-block-spacer\"><\/div>\n\n<p>Cuando un hermano o hermana que ha recibido la efusi\u00f3n del Esp\u00edritu Santo y ha asistido al curso de <em>Discipulado <\/em>desea seguir conociendo la Comunidad Magnificat para evaluar su posible ingreso, se le ofrece asistir a las reuniones de lo que se denomina la <em>Escuela de Comunidad<\/em>, una especie de \u00abprobaci\u00f3n\u00bb en la que se presentan los elementos esenciales de la vida de una Fraternidad, as\u00ed como la vocaci\u00f3n y la espiritualidad.<\/p>\n\n<div style=\"height:30px\" aria-hidden=\"true\" class=\"wp-block-spacer\"><\/div>\n\n<p>Al final de este itinerario, si los que han participado lo desean, pueden solicitar la <em>admisi\u00f3n en el Itinerario de Admisi\u00f3n a la Alianza<\/em>.<\/p>\n\n<div style=\"height:50px\" aria-hidden=\"true\" class=\"wp-block-spacer\"><\/div>\n","protected":false},"excerpt":{"rendered":"<p>Permanecieron juntosun a\u00f1o entero en esa Iglesiae instruyeron a mucha gente Hechos de los Ap\u00f3stoles 11, 26 La Comunidad es atractiva para muchas de las personas que asisten a ella y que -quiz\u00e1s a trav\u00e9s de ella- han llegado o regresado a la fe. Cuando un hermano o hermana que ha recibido la efusi\u00f3n del [&hellip;]<\/p>\n","protected":false},"author":3,"featured_media":11047,"parent":0,"menu_order":0,"comment_status":"closed","ping_status":"closed","template":"","meta":{"om_disable_all_campaigns":false,"_monsterinsights_skip_tracking":false,"_monsterinsights_sitenote_active":false,"_monsterinsights_sitenote_note":"","_monsterinsights_sitenote_category":0,"_uf_show_specific_survey":0,"_uf_disable_surveys":false,"footnotes":""},"class_list":["post-18460","page","type-page","status-publish","has-post-thumbnail","hentry"],"aioseo_notices":[],"_links":{"self":[{"href":"https:\/\/comunitamagnificat.org\/es\/wp-json\/wp\/v2\/pages\/18460","targetHints":{"allow":["GET"]}}],"collection":[{"href":"https:\/\/comunitamagnificat.org\/es\/wp-json\/wp\/v2\/pages"}],"about":[{"href":"https:\/\/comunitamagnificat.org\/es\/wp-json\/wp\/v2\/types\/page"}],"author":[{"embeddable":true,"href":"https:\/\/comunitamagnificat.org\/es\/wp-json\/wp\/v2\/users\/3"}],"replies":[{"embeddable":true,"href":"https:\/\/comunitamagnificat.org\/es\/wp-json\/wp\/v2\/comments?post=18460"}],"version-history":[{"count":2,"href":"https:\/\/comunitamagnificat.org\/es\/wp-json\/wp\/v2\/pages\/18460\/revisions"}],"predecessor-version":[{"id":22689,"href":"https:\/\/comunitamagnificat.org\/es\/wp-json\/wp\/v2\/pages\/18460\/revisions\/22689"}],"wp:featuredmedia":[{"embeddable":true,"href":"https:\/\/comunitamagnificat.org\/es\/wp-json\/wp\/v2\/media\/11047"}],"wp:attachment":[{"href":"https:\/\/comunitamagnificat.org\/es\/wp-json\/wp\/v2\/media?parent=18460"}],"curies":[{"name":"wp","href":"https:\/\/api.w.org\/{rel}","templated":true}]}}