{"id":18465,"date":"2024-08-22T18:11:27","date_gmt":"2024-08-22T16:11:27","guid":{"rendered":"https:\/\/comunitamagnificat.org\/noviciado\/"},"modified":"2025-01-22T19:34:47","modified_gmt":"2025-01-22T18:34:47","slug":"noviciado","status":"publish","type":"page","link":"https:\/\/comunitamagnificat.org\/es\/noviciado\/","title":{"rendered":"V\u00eda de admisi\u00f3n a la Alianza"},"content":{"rendered":"\n<div style=\"height:30px\" aria-hidden=\"true\" class=\"wp-block-spacer\"><\/div>\n\n<blockquote class=\"wp-block-quote is-layout-flow wp-block-quote-is-layout-flow\">\n<p><em><strong>Un solo cuerpo y un solo esp\u00edritu<\/strong><\/em><br\/><em><strong>como una es la esperanza<\/strong><\/em><br\/><em><strong>a la que hab\u00e9is sido llamados<\/strong><\/em><br\/><em><strong>la de tu vocaci\u00f3n<\/strong><\/em><\/p>\n<cite><em>Efesios<\/em> 4, 4<\/cite><\/blockquote>\n\n<div style=\"height:30px\" aria-hidden=\"true\" class=\"wp-block-spacer\"><\/div>\n\n<p>El <em>Camino de Admisi\u00f3n<\/em> a la Alianza se ofrece a quienes, despu\u00e9s de la <em>Escuela de Comunidad<\/em>, desean verificar la solidez de su vocaci\u00f3n a la Alianza.<\/p>\n\n<div style=\"height:30px\" aria-hidden=\"true\" class=\"wp-block-spacer\"><\/div>\n\n<p>Con una duraci\u00f3n no inferior a tres a\u00f1os, este itinerario se vive en peque\u00f1os grupos de <em>candidatos<\/em>, bajo la direcci\u00f3n de dos <em>formadores<\/em>.<\/p>\n\n<div style=\"height:30px\" aria-hidden=\"true\" class=\"wp-block-spacer\"><\/div>\n\n<p>En los tres a\u00f1os se exploran temas relacionados con las <em>Cuatro Promesas<\/em>:<\/p>\n\n<div style=\"height:30px\" aria-hidden=\"true\" class=\"wp-block-spacer\"><\/div>\n\n<p>En el primer a\u00f1o, el compromiso de<em> pobreza<\/em> acompa\u00f1a al Candidato en la transici\u00f3n del amor a su propia voluntad al amor a la voluntad de Dios, y se cuida especialmente su relaci\u00f3n con Dios y consigo mismo.<\/p>\n\n<div style=\"height:30px\" aria-hidden=\"true\" class=\"wp-block-spacer\"><\/div>\n\n<p>En el segundo a\u00f1o, se profundizan las promesas de <em>perd\u00f3n permanente<\/em> y de <em>construcci\u00f3n del amor<\/em>, y se cuidan las relaciones interpersonales del Candidato.<\/p>\n\n<div style=\"height:30px\" aria-hidden=\"true\" class=\"wp-block-spacer\"><\/div>\n\n<p>En el tercer a\u00f1o, la promesa de <em>servicio<\/em> invita al candidato a salir de s\u00ed mismo para entregarse por amor. Al final del trienio, si el candidato lo desea, puede solicitar a los responsables de su fraternidad ser admitido en la promesa de alianza. <\/p>\n\n<div style=\"height:50px\" aria-hidden=\"true\" class=\"wp-block-spacer\"><\/div>\n","protected":false},"excerpt":{"rendered":"<p>Un solo cuerpo y un solo esp\u00edritucomo una es la esperanzaa la que hab\u00e9is sido llamadosla de tu vocaci\u00f3n Efesios 4, 4 El Camino de Admisi\u00f3n a la Alianza se ofrece a quienes, despu\u00e9s de la Escuela de Comunidad, desean verificar la solidez de su vocaci\u00f3n a la Alianza. Con una duraci\u00f3n no inferior a [&hellip;]<\/p>\n","protected":false},"author":3,"featured_media":11051,"parent":0,"menu_order":0,"comment_status":"closed","ping_status":"closed","template":"","meta":{"om_disable_all_campaigns":false,"_monsterinsights_skip_tracking":false,"_monsterinsights_sitenote_active":false,"_monsterinsights_sitenote_note":"","_monsterinsights_sitenote_category":0,"_uf_show_specific_survey":0,"_uf_disable_surveys":false,"footnotes":""},"class_list":["post-18465","page","type-page","status-publish","has-post-thumbnail","hentry"],"aioseo_notices":[],"_links":{"self":[{"href":"https:\/\/comunitamagnificat.org\/es\/wp-json\/wp\/v2\/pages\/18465","targetHints":{"allow":["GET"]}}],"collection":[{"href":"https:\/\/comunitamagnificat.org\/es\/wp-json\/wp\/v2\/pages"}],"about":[{"href":"https:\/\/comunitamagnificat.org\/es\/wp-json\/wp\/v2\/types\/page"}],"author":[{"embeddable":true,"href":"https:\/\/comunitamagnificat.org\/es\/wp-json\/wp\/v2\/users\/3"}],"replies":[{"embeddable":true,"href":"https:\/\/comunitamagnificat.org\/es\/wp-json\/wp\/v2\/comments?post=18465"}],"version-history":[{"count":3,"href":"https:\/\/comunitamagnificat.org\/es\/wp-json\/wp\/v2\/pages\/18465\/revisions"}],"predecessor-version":[{"id":22695,"href":"https:\/\/comunitamagnificat.org\/es\/wp-json\/wp\/v2\/pages\/18465\/revisions\/22695"}],"wp:featuredmedia":[{"embeddable":true,"href":"https:\/\/comunitamagnificat.org\/es\/wp-json\/wp\/v2\/media\/11051"}],"wp:attachment":[{"href":"https:\/\/comunitamagnificat.org\/es\/wp-json\/wp\/v2\/media?parent=18465"}],"curies":[{"name":"wp","href":"https:\/\/api.w.org\/{rel}","templated":true}]}}