{"id":18482,"date":"2024-08-22T18:11:59","date_gmt":"2024-08-22T16:11:59","guid":{"rendered":"https:\/\/comunitamagnificat.org\/evangelizacion-de-los-jovenes\/"},"modified":"2024-08-22T18:12:05","modified_gmt":"2024-08-22T16:12:05","slug":"evangelizacion-de-los-jovenes","status":"publish","type":"page","link":"https:\/\/comunitamagnificat.org\/es\/evangelizacion-de-los-jovenes\/","title":{"rendered":"Evangelizaci\u00f3n de los j\u00f3venes"},"content":{"rendered":"\n<div style=\"height:30px\" aria-hidden=\"true\" class=\"wp-block-spacer\"><\/div>\n\n<blockquote class=\"wp-block-quote is-layout-flow wp-block-quote-is-layout-flow\"><p><em><strong>Id por todo el mundo<\/strong><\/em><br\/><em><strong>y proclamad el Evangelio a toda criatura<\/strong><\/em><\/p><cite><em>Marcos<\/em> 16, 15<\/cite><\/blockquote>\n\n<div style=\"height:30px\" aria-hidden=\"true\" class=\"wp-block-spacer\"><\/div>\n\n<p>Seminarios de vida nueva, retiros, jornadas, actividades de verano, actividades espirituales y deportivas, acompa\u00f1amiento al sacramento de la confirmaci\u00f3n, seminarios de efusi\u00f3n para los alumnos en sus colegios&#8230;\nLa evangelizaci\u00f3n dirigida especialmente a los j\u00f3venes -encargada generalmente a los miembros m\u00e1s j\u00f3venes de la Comunidad- se llev\u00f3 a cabo de muchas formas distintas, pero siempre con una intenci\u00f3n clara: favorecer el encuentro con Jes\u00fas vivo y con su amor. <\/p>\n\n<div style=\"height:50px\" aria-hidden=\"true\" class=\"wp-block-spacer\"><\/div>\n","protected":false},"excerpt":{"rendered":"<p>Id por todo el mundoy proclamad el Evangelio a toda criatura Marcos 16, 15 Seminarios de vida nueva, retiros, jornadas, actividades de verano, actividades espirituales y deportivas, acompa\u00f1amiento al sacramento de la confirmaci\u00f3n, seminarios de efusi\u00f3n para los alumnos en sus colegios&#8230; La evangelizaci\u00f3n dirigida especialmente a los j\u00f3venes -encargada generalmente a los miembros m\u00e1s [&hellip;]<\/p>\n","protected":false},"author":3,"featured_media":11039,"parent":0,"menu_order":0,"comment_status":"closed","ping_status":"closed","template":"","meta":{"om_disable_all_campaigns":false,"_monsterinsights_skip_tracking":false,"_monsterinsights_sitenote_active":false,"_monsterinsights_sitenote_note":"","_monsterinsights_sitenote_category":0,"_uf_show_specific_survey":0,"_uf_disable_surveys":false,"footnotes":""},"class_list":["post-18482","page","type-page","status-publish","has-post-thumbnail","hentry"],"aioseo_notices":[],"_links":{"self":[{"href":"https:\/\/comunitamagnificat.org\/es\/wp-json\/wp\/v2\/pages\/18482","targetHints":{"allow":["GET"]}}],"collection":[{"href":"https:\/\/comunitamagnificat.org\/es\/wp-json\/wp\/v2\/pages"}],"about":[{"href":"https:\/\/comunitamagnificat.org\/es\/wp-json\/wp\/v2\/types\/page"}],"author":[{"embeddable":true,"href":"https:\/\/comunitamagnificat.org\/es\/wp-json\/wp\/v2\/users\/3"}],"replies":[{"embeddable":true,"href":"https:\/\/comunitamagnificat.org\/es\/wp-json\/wp\/v2\/comments?post=18482"}],"version-history":[{"count":1,"href":"https:\/\/comunitamagnificat.org\/es\/wp-json\/wp\/v2\/pages\/18482\/revisions"}],"predecessor-version":[{"id":18483,"href":"https:\/\/comunitamagnificat.org\/es\/wp-json\/wp\/v2\/pages\/18482\/revisions\/18483"}],"wp:featuredmedia":[{"embeddable":true,"href":"https:\/\/comunitamagnificat.org\/es\/wp-json\/wp\/v2\/media\/11039"}],"wp:attachment":[{"href":"https:\/\/comunitamagnificat.org\/es\/wp-json\/wp\/v2\/media?parent=18482"}],"curies":[{"name":"wp","href":"https:\/\/api.w.org\/{rel}","templated":true}]}}