{"id":18486,"date":"2024-08-22T18:12:44","date_gmt":"2024-08-22T16:12:44","guid":{"rendered":"https:\/\/comunitamagnificat.org\/aliados-del-agnus-dei\/"},"modified":"2024-08-22T18:12:46","modified_gmt":"2024-08-22T16:12:46","slug":"aliados-del-agnus-dei","status":"publish","type":"page","link":"https:\/\/comunitamagnificat.org\/es\/aliados-del-agnus-dei\/","title":{"rendered":"Aliados del Agnus Dei"},"content":{"rendered":"\n<div style=\"height:30px\" aria-hidden=\"true\" class=\"wp-block-spacer\"><\/div>\n\n<blockquote class=\"wp-block-quote is-layout-flow wp-block-quote-is-layout-flow\"><p><em><strong>&#8230; sigue al cordero dondequiera que vaya<\/strong><\/em><\/p><cite><em>Apocalipsis <\/em>14, 4<\/cite><\/blockquote>\n\n<div style=\"height:30px\" aria-hidden=\"true\" class=\"wp-block-spacer\"><\/div>\n\n<p>Los <em>Aliados<\/em> del<em>Agnus Dei<\/em> son miembros aliados que, libremente y por voto privado, responden a la llamada de Dios a vivir el consejo evang\u00e9lico de la castidad por el Reino.\nOfrecen su disponibilidad a la misi\u00f3n de la Comunidad, sosteni\u00e9ndose con su propio trabajo. <\/p>\n\n<div style=\"height:50px\" aria-hidden=\"true\" class=\"wp-block-spacer\"><\/div>\n","protected":false},"excerpt":{"rendered":"<p>&#8230; sigue al cordero dondequiera que vaya Apocalipsis 14, 4 Los Aliados delAgnus Dei son miembros aliados que, libremente y por voto privado, responden a la llamada de Dios a vivir el consejo evang\u00e9lico de la castidad por el Reino. Ofrecen su disponibilidad a la misi\u00f3n de la Comunidad, sosteni\u00e9ndose con su propio trabajo.<\/p>\n","protected":false},"author":3,"featured_media":10919,"parent":0,"menu_order":0,"comment_status":"closed","ping_status":"closed","template":"","meta":{"om_disable_all_campaigns":false,"_monsterinsights_skip_tracking":false,"_monsterinsights_sitenote_active":false,"_monsterinsights_sitenote_note":"","_monsterinsights_sitenote_category":0,"_uf_show_specific_survey":0,"_uf_disable_surveys":false,"footnotes":""},"class_list":["post-18486","page","type-page","status-publish","has-post-thumbnail","hentry"],"aioseo_notices":[],"_links":{"self":[{"href":"https:\/\/comunitamagnificat.org\/es\/wp-json\/wp\/v2\/pages\/18486","targetHints":{"allow":["GET"]}}],"collection":[{"href":"https:\/\/comunitamagnificat.org\/es\/wp-json\/wp\/v2\/pages"}],"about":[{"href":"https:\/\/comunitamagnificat.org\/es\/wp-json\/wp\/v2\/types\/page"}],"author":[{"embeddable":true,"href":"https:\/\/comunitamagnificat.org\/es\/wp-json\/wp\/v2\/users\/3"}],"replies":[{"embeddable":true,"href":"https:\/\/comunitamagnificat.org\/es\/wp-json\/wp\/v2\/comments?post=18486"}],"version-history":[{"count":1,"href":"https:\/\/comunitamagnificat.org\/es\/wp-json\/wp\/v2\/pages\/18486\/revisions"}],"predecessor-version":[{"id":18488,"href":"https:\/\/comunitamagnificat.org\/es\/wp-json\/wp\/v2\/pages\/18486\/revisions\/18488"}],"wp:featuredmedia":[{"embeddable":true,"href":"https:\/\/comunitamagnificat.org\/es\/wp-json\/wp\/v2\/media\/10919"}],"wp:attachment":[{"href":"https:\/\/comunitamagnificat.org\/es\/wp-json\/wp\/v2\/media?parent=18486"}],"curies":[{"name":"wp","href":"https:\/\/api.w.org\/{rel}","templated":true}]}}