{"id":18487,"date":"2024-08-22T18:12:44","date_gmt":"2024-08-22T16:12:44","guid":{"rendered":"https:\/\/comunitamagnificat.org\/la-evangelizacion-muestra\/"},"modified":"2024-08-22T18:12:57","modified_gmt":"2024-08-22T16:12:57","slug":"la-evangelizacion-muestra","status":"publish","type":"page","link":"https:\/\/comunitamagnificat.org\/es\/la-evangelizacion-muestra\/","title":{"rendered":"La evangelizaci\u00f3n muestra"},"content":{"rendered":"\n<div style=\"height:30px\" aria-hidden=\"true\" class=\"wp-block-spacer\"><\/div>\n\n<blockquote class=\"wp-block-quote is-layout-flow wp-block-quote-is-layout-flow\"><p><em><strong>Lo que os digo en la oscuridad lo dec\u00eds en la luz<\/strong><\/em><br\/><em><strong>y lo que oyes en tus o\u00eddos lo proclamas desde las terrazas<\/strong><\/em><\/p><cite><em>Mateo<\/em> 10, 27<\/cite><\/blockquote>\n\n<div style=\"height:30px\" aria-hidden=\"true\" class=\"wp-block-spacer\"><\/div>\n\n<p>La vena art\u00edstica nunca ha faltado en la Comunidad desde sus inicios y ha llevado a la realizaci\u00f3n de momentos de representaci\u00f3n p\u00fablica de la fe, para anunciar el Evangelio tambi\u00e9n a trav\u00e9s de esta modalidad, para dar testimonio al mayor n\u00famero posible de personas.<\/p>\n\n<div style=\"height:30px\" aria-hidden=\"true\" class=\"wp-block-spacer\"><\/div>\n\n<p>A veces mediante musicales o peque\u00f1as obras de teatro, a veces mediante verdaderos conciertos, el Se\u00f1or Jes\u00fas y su amor son proclamados art\u00edsticamente al mundo.<\/p>\n\n<div style=\"height:50px\" aria-hidden=\"true\" class=\"wp-block-spacer\"><\/div>\n","protected":false},"excerpt":{"rendered":"<p>Lo que os digo en la oscuridad lo dec\u00eds en la luzy lo que oyes en tus o\u00eddos lo proclamas desde las terrazas Mateo 10, 27 La vena art\u00edstica nunca ha faltado en la Comunidad desde sus inicios y ha llevado a la realizaci\u00f3n de momentos de representaci\u00f3n p\u00fablica de la fe, para anunciar el [&hellip;]<\/p>\n","protected":false},"author":3,"featured_media":11043,"parent":0,"menu_order":0,"comment_status":"closed","ping_status":"closed","template":"","meta":{"om_disable_all_campaigns":false,"_monsterinsights_skip_tracking":false,"_monsterinsights_sitenote_active":false,"_monsterinsights_sitenote_note":"","_monsterinsights_sitenote_category":0,"_uf_show_specific_survey":0,"_uf_disable_surveys":false,"footnotes":""},"class_list":["post-18487","page","type-page","status-publish","has-post-thumbnail","hentry"],"aioseo_notices":[],"_links":{"self":[{"href":"https:\/\/comunitamagnificat.org\/es\/wp-json\/wp\/v2\/pages\/18487","targetHints":{"allow":["GET"]}}],"collection":[{"href":"https:\/\/comunitamagnificat.org\/es\/wp-json\/wp\/v2\/pages"}],"about":[{"href":"https:\/\/comunitamagnificat.org\/es\/wp-json\/wp\/v2\/types\/page"}],"author":[{"embeddable":true,"href":"https:\/\/comunitamagnificat.org\/es\/wp-json\/wp\/v2\/users\/3"}],"replies":[{"embeddable":true,"href":"https:\/\/comunitamagnificat.org\/es\/wp-json\/wp\/v2\/comments?post=18487"}],"version-history":[{"count":1,"href":"https:\/\/comunitamagnificat.org\/es\/wp-json\/wp\/v2\/pages\/18487\/revisions"}],"predecessor-version":[{"id":18489,"href":"https:\/\/comunitamagnificat.org\/es\/wp-json\/wp\/v2\/pages\/18487\/revisions\/18489"}],"wp:featuredmedia":[{"embeddable":true,"href":"https:\/\/comunitamagnificat.org\/es\/wp-json\/wp\/v2\/media\/11043"}],"wp:attachment":[{"href":"https:\/\/comunitamagnificat.org\/es\/wp-json\/wp\/v2\/media?parent=18487"}],"curies":[{"name":"wp","href":"https:\/\/api.w.org\/{rel}","templated":true}]}}