{"id":18496,"date":"2024-08-22T18:12:56","date_gmt":"2024-08-22T16:12:56","guid":{"rendered":"https:\/\/comunitamagnificat.org\/misiones-parroquiales\/"},"modified":"2024-08-22T18:12:58","modified_gmt":"2024-08-22T16:12:58","slug":"misiones-parroquiales","status":"publish","type":"page","link":"https:\/\/comunitamagnificat.org\/es\/misiones-parroquiales\/","title":{"rendered":"Misiones parroquiales"},"content":{"rendered":"\n<div style=\"height:30px\" aria-hidden=\"true\" class=\"wp-block-spacer\"><\/div>\n\n<blockquote class=\"wp-block-quote is-layout-flow wp-block-quote-is-layout-flow\"><p><em><strong>He aqu\u00ed que yo estoy a la puerta y llamo.<\/strong><\/em><br\/><em><strong>Si alguien oye mi voz<\/strong><\/em><br\/><em><strong>y me abre la puerta<\/strong><\/em><br\/><em><strong>vendr\u00e9 a \u00e9l,<\/strong><\/em><br\/><em><strong>cenar\u00e9 con \u00e9l y \u00e9l conmigo<\/strong><\/em><\/p><cite><em>Apocalipsis<\/em> 3:20<\/cite><\/blockquote>\n\n<div style=\"height:30px\" aria-hidden=\"true\" class=\"wp-block-spacer\"><\/div>\n\n<p>En la experiencia comunitaria, ciertamente no ha faltado la ayuda a las parroquias, prestada de diversas formas, para las necesidades que las Fraternidades pod\u00edan satisfacer.\nEn algunos casos -no muchos, pero s\u00ed significativos-, los p\u00e1rrocos han pedido a algunas Fraternidades que lleven a cabo una verdadera misi\u00f3n dirigida a todos los habitantes del territorio parroquial. <\/p>\n\n<div style=\"height:30px\" aria-hidden=\"true\" class=\"wp-block-spacer\"><\/div>\n\n<p>Este tipo de experiencia implica una serie de actividades a trav\u00e9s de las cuales nos acercamos a todos los feligreses, durante un periodo de tiempo bastante prolongado, para dirigirles el anuncio del Evangelio e invitarles a participar en un momento comunitario en la iglesia principal, donde, durante toda una semana, se celebran las catequesis del seminario de la nueva vida, al final de las cuales se invoca la efusi\u00f3n del Esp\u00edritu Santo para toda la parroquia y para cada persona que lo desee.<\/p>\n\n<div style=\"height:50px\" aria-hidden=\"true\" class=\"wp-block-spacer\"><\/div>\n","protected":false},"excerpt":{"rendered":"<p>He aqu\u00ed que yo estoy a la puerta y llamo.Si alguien oye mi vozy me abre la puertavendr\u00e9 a \u00e9l,cenar\u00e9 con \u00e9l y \u00e9l conmigo Apocalipsis 3:20 En la experiencia comunitaria, ciertamente no ha faltado la ayuda a las parroquias, prestada de diversas formas, para las necesidades que las Fraternidades pod\u00edan satisfacer. En algunos casos [&hellip;]<\/p>\n","protected":false},"author":3,"featured_media":11311,"parent":0,"menu_order":0,"comment_status":"closed","ping_status":"closed","template":"","meta":{"om_disable_all_campaigns":false,"_monsterinsights_skip_tracking":false,"_monsterinsights_sitenote_active":false,"_monsterinsights_sitenote_note":"","_monsterinsights_sitenote_category":0,"_uf_show_specific_survey":0,"_uf_disable_surveys":false,"footnotes":""},"class_list":["post-18496","page","type-page","status-publish","has-post-thumbnail","hentry"],"aioseo_notices":[],"_links":{"self":[{"href":"https:\/\/comunitamagnificat.org\/es\/wp-json\/wp\/v2\/pages\/18496","targetHints":{"allow":["GET"]}}],"collection":[{"href":"https:\/\/comunitamagnificat.org\/es\/wp-json\/wp\/v2\/pages"}],"about":[{"href":"https:\/\/comunitamagnificat.org\/es\/wp-json\/wp\/v2\/types\/page"}],"author":[{"embeddable":true,"href":"https:\/\/comunitamagnificat.org\/es\/wp-json\/wp\/v2\/users\/3"}],"replies":[{"embeddable":true,"href":"https:\/\/comunitamagnificat.org\/es\/wp-json\/wp\/v2\/comments?post=18496"}],"version-history":[{"count":1,"href":"https:\/\/comunitamagnificat.org\/es\/wp-json\/wp\/v2\/pages\/18496\/revisions"}],"predecessor-version":[{"id":18497,"href":"https:\/\/comunitamagnificat.org\/es\/wp-json\/wp\/v2\/pages\/18496\/revisions\/18497"}],"wp:featuredmedia":[{"embeddable":true,"href":"https:\/\/comunitamagnificat.org\/es\/wp-json\/wp\/v2\/media\/11311"}],"wp:attachment":[{"href":"https:\/\/comunitamagnificat.org\/es\/wp-json\/wp\/v2\/media?parent=18496"}],"curies":[{"name":"wp","href":"https:\/\/api.w.org\/{rel}","templated":true}]}}