{"id":18562,"date":"2024-08-22T18:15:39","date_gmt":"2024-08-22T16:15:39","guid":{"rendered":"https:\/\/comunitamagnificat.org\/alianza\/"},"modified":"2025-01-22T17:29:53","modified_gmt":"2025-01-22T16:29:53","slug":"alianza","status":"publish","type":"page","link":"https:\/\/comunitamagnificat.org\/es\/alianza\/","title":{"rendered":"Alianza"},"content":{"rendered":"\n<div style=\"height:30px\" aria-hidden=\"true\" class=\"wp-block-spacer\"><\/div>\n\n<blockquote class=\"wp-block-quote is-layout-flow wp-block-quote-is-layout-flow\">\n<p><em><strong>Mois\u00e9s tom\u00f3 el libro de la Alianza<\/strong><\/em><br\/><em><strong>y lo ley\u00f3 en presencia del pueblo.<\/strong><\/em><br\/><em><strong>Ellos dijeron: \u00abLo que ha dicho el Se\u00f1or<\/strong><\/em><br\/><em><strong>lo cumpliremos y te escucharemos\u00bb.<\/strong><\/em><\/p>\n<cite><em>\u00c9xodo<\/em> 24, 7<\/cite><\/blockquote>\n\n<div style=\"height:30px\" aria-hidden=\"true\" class=\"wp-block-spacer\"><\/div>\n\n<p>L&#8217;<strong><em>Alianza <\/em><\/strong>es el compromiso solemne de dedicar la vida al Se\u00f1or que convierte a un hermano o hermana en miembro de la Comunidad.<\/p>\n\n<div style=\"height:30px\" aria-hidden=\"true\" class=\"wp-block-spacer\"><\/div>\n\n<p>Asumido por primera vez tras un camino de admisi\u00f3n y renovado despu\u00e9s anualmente, este compromiso contiene en su n\u00facleo las <em>Cuatro Promesas<\/em> que el Se\u00f1or pidi\u00f3 por primera vez a la Comunidad: <em><strong>pobreza<\/strong><\/em>, <em><strong>perd\u00f3n permanente<\/strong><\/em>, <em><strong>construcci\u00f3n del amor<\/strong><\/em>, <em><strong>servicio<\/strong><\/em>. Son un <em><strong>camino a la santidad<\/strong><\/em>. <\/p>\n\n<div style=\"height:30px\" aria-hidden=\"true\" class=\"wp-block-spacer\"><\/div>\n\n<p>A trav\u00e9s del camino que trazan en la vida de cada aliado, le gu\u00edan, en cada relaci\u00f3n, partiendo siempre de un conocimiento profundo de la propia <em>pobreza<\/em> personal, para abrirse a un <em>perd\u00f3n permanente del<\/em> pr\u00f3jimo, para la <em>construcci\u00f3n del amor<\/em> cristiano con todos, en una perspectiva de <em>servicio<\/em>.<\/p>\n\n<div style=\"height:30px\" aria-hidden=\"true\" class=\"wp-block-spacer\"><\/div>\n\n<p>Este es el texto del Compromiso, que los aliados firman en su propia p\u00e1gina del <em><strong>Libro de la Alianza<\/strong><\/em>que conservan las hermanas del<em>Agnus Dei<\/em> en Perusa:<\/p>\n\n<div style=\"height:50px\" aria-hidden=\"true\" class=\"wp-block-spacer\"><\/div>\n\n<div class=\"wp-block-columns is-layout-flex wp-container-core-columns-is-layout-9d6595d7 wp-block-columns-is-layout-flex\">\n<div class=\"wp-block-column is-layout-flow wp-block-column-is-layout-flow\">\n<figure class=\"wp-block-image size-large\"><picture data-lightbox=\"https:\/\/comunitamagnificat.org\/wp-content\/uploads\/2021\/04\/Impegno-di-Alleanza.jpg\"><source type='image\/jpeg' srcset='https:\/\/comunitamagnificat.org\/wp-content\/uploads\/2021\/04\/Impegno-di-Alleanza.jpg 1552w, https:\/\/comunitamagnificat.org\/wp-content\/uploads\/2021\/04\/Impegno-di-Alleanza-216x300.jpg 216w, https:\/\/comunitamagnificat.org\/wp-content\/uploads\/2021\/04\/Impegno-di-Alleanza-737x1024.jpg 737w, https:\/\/comunitamagnificat.org\/wp-content\/uploads\/2021\/04\/Impegno-di-Alleanza-768x1067.jpg 768w, https:\/\/comunitamagnificat.org\/wp-content\/uploads\/2021\/04\/Impegno-di-Alleanza-1106x1536.jpg 1106w, https:\/\/comunitamagnificat.org\/wp-content\/uploads\/2021\/04\/Impegno-di-Alleanza-1474x2048.jpg 1474w' sizes='(max-width: 1552px) 100vw, 1552px' \/><img loading=\"lazy\" decoding=\"async\" width=\"737\" height=\"1024\" src=\"https:\/\/comunitamagnificat.org\/wp-content\/uploads\/2021\/04\/Impegno-di-Alleanza-737x1024.jpg\" alt=\"\" class=\"wp-image-539\"\/><\/picture><\/figure>\n<\/div>\n\n\n\n<div class=\"wp-block-column is-layout-flow wp-block-column-is-layout-flow\">\n<div style=\"height:30px\" aria-hidden=\"true\" class=\"wp-block-spacer\"><\/div>\n\n\n\n<p class=\"has-text-align-center\">Consciente de mi llamada a formar parte de la Comunidad Magnificat, para servir a Dios, glorificarlo, amarlo y amar a mis hermanos y hermanas construyendo con ellos un solo cuerpo; no confiando en mis propias fuerzas, sino s\u00f3lo en el Se\u00f1or y queriendo dedicarle mi vida:<\/p>\n\n\n\n<div style=\"height:10px\" aria-hidden=\"true\" class=\"wp-block-spacer\"><\/div>\n\n\n\n<p class=\"has-text-align-center has-vivid-red-color has-text-color has-link-color wp-elements-37a738726b01c4a323b027c535b2f5df\"><strong>ME COMPROMETO<\/strong><\/p>\n\n\n\n<div style=\"height:10px\" aria-hidden=\"true\" class=\"wp-block-spacer\"><\/div>\n\n\n\n<ul class=\"wp-block-list\">\n<li style=\"line-height:1.8\">Ser fieles a las promesas de Pobreza, Perd\u00f3n Permanente, Construcci\u00f3n del Amor y Servicio;<\/li>\n\n\n\n<li style=\"line-height:1.8\">Ser testigo de Cristo anunciando el Evangelio, participando plenamente en la vida y misi\u00f3n de la Comunidad, seg\u00fan mis carismas;<\/li>\n\n\n\n<li style=\"line-height:1.8\">Dedicar un tiempo diario a la oraci\u00f3n personal, celebrar diariamente la Eucarist\u00eda y reservar un tiempo semanal para la adoraci\u00f3n eucar\u00edstica;<\/li>\n\n\n\n<li style=\"line-height:1.8\">Construir relaciones de amor cristiano con todos, particularmente compartiendo mi vida con mis hermanos y hermanas de la Comunidad y con todos aquellos que el Se\u00f1or a\u00f1ada a ella;<\/li>\n\n\n\n<li style=\"line-height:1.8\">Vivir el acompa\u00f1amiento espiritual en la Comunidad, sostener la vida y la misi\u00f3n de la Comunidad con el diezmo y acoger el ministerio de los responsables.<\/li>\n<\/ul>\n\n\n\n<div style=\"height:10px\" aria-hidden=\"true\" class=\"wp-block-spacer\"><\/div>\n\n\n\n<p class=\"has-text-align-center\">Consciente de la vida y los fines de la Comunidad expresados en la Regla y deseando, como Mar\u00eda, unir la contemplaci\u00f3n a la acci\u00f3n, declaro ante Dios y los hermanos mi voluntad de vivir como miembro de la Comunidad.<br\/>Am\u00e9n.<\/p>\n<\/div>\n<\/div>\n\n<div style=\"height:50px\" aria-hidden=\"true\" class=\"wp-block-spacer\"><\/div>\n\n<p><\/p>\n","protected":false},"excerpt":{"rendered":"<p>Mois\u00e9s tom\u00f3 el libro de la Alianzay lo ley\u00f3 en presencia del pueblo.Ellos dijeron: \u00abLo que ha dicho el Se\u00f1orlo cumpliremos y te escucharemos\u00bb. \u00c9xodo 24, 7 L&#8217;Alianza es el compromiso solemne de dedicar la vida al Se\u00f1or que convierte a un hermano o hermana en miembro de la Comunidad. Asumido por primera vez tras [&hellip;]<\/p>\n","protected":false},"author":3,"featured_media":10851,"parent":0,"menu_order":0,"comment_status":"closed","ping_status":"closed","template":"","meta":{"om_disable_all_campaigns":false,"_monsterinsights_skip_tracking":false,"_monsterinsights_sitenote_active":false,"_monsterinsights_sitenote_note":"","_monsterinsights_sitenote_category":0,"_uf_show_specific_survey":0,"_uf_disable_surveys":false,"footnotes":""},"class_list":["post-18562","page","type-page","status-publish","has-post-thumbnail","hentry"],"aioseo_notices":[],"_links":{"self":[{"href":"https:\/\/comunitamagnificat.org\/es\/wp-json\/wp\/v2\/pages\/18562","targetHints":{"allow":["GET"]}}],"collection":[{"href":"https:\/\/comunitamagnificat.org\/es\/wp-json\/wp\/v2\/pages"}],"about":[{"href":"https:\/\/comunitamagnificat.org\/es\/wp-json\/wp\/v2\/types\/page"}],"author":[{"embeddable":true,"href":"https:\/\/comunitamagnificat.org\/es\/wp-json\/wp\/v2\/users\/3"}],"replies":[{"embeddable":true,"href":"https:\/\/comunitamagnificat.org\/es\/wp-json\/wp\/v2\/comments?post=18562"}],"version-history":[{"count":11,"href":"https:\/\/comunitamagnificat.org\/es\/wp-json\/wp\/v2\/pages\/18562\/revisions"}],"predecessor-version":[{"id":22599,"href":"https:\/\/comunitamagnificat.org\/es\/wp-json\/wp\/v2\/pages\/18562\/revisions\/22599"}],"wp:featuredmedia":[{"embeddable":true,"href":"https:\/\/comunitamagnificat.org\/es\/wp-json\/wp\/v2\/media\/10851"}],"wp:attachment":[{"href":"https:\/\/comunitamagnificat.org\/es\/wp-json\/wp\/v2\/media?parent=18562"}],"curies":[{"name":"wp","href":"https:\/\/api.w.org\/{rel}","templated":true}]}}