{"id":18587,"date":"2024-08-22T18:16:17","date_gmt":"2024-08-22T16:16:17","guid":{"rendered":"https:\/\/comunitamagnificat.org\/fundaciones-de-la-comunidad-magnificat\/"},"modified":"2025-01-22T17:21:00","modified_gmt":"2025-01-22T16:21:00","slug":"fundaciones-de-la-comunidad-magnificat","status":"publish","type":"page","link":"https:\/\/comunitamagnificat.org\/es\/fundaciones-de-la-comunidad-magnificat\/","title":{"rendered":"Fundaciones de la Comunidad Magnificat"},"content":{"rendered":"\n<div style=\"height:30px\" aria-hidden=\"true\" class=\"wp-block-spacer\"><\/div>\n\n<blockquote class=\"wp-block-quote is-layout-flow wp-block-quote-is-layout-flow\">\n<p><strong><em>Un solo cuerpo y un solo esp\u00edritu<\/em><\/strong><br\/><strong><em>como una es la esperanza a la que hab\u00e9is sido llamados,<\/em><\/strong><br\/><strong><em>la de tu vocaci\u00f3n<\/em><\/strong><\/p>\n<cite><em>Efesios <\/em>4, 4<\/cite><\/blockquote>\n\n<div style=\"height:30px\" aria-hidden=\"true\" class=\"wp-block-spacer\"><\/div>\n<div class=\"wp-block-image is-resized\">\n<figure class=\"aligncenter size-large\"><picture data-lightbox=\"https:\/\/comunitamagnificat.org\/wp-content\/uploads\/2021\/04\/Quattro-promesse.jpg\"><source type='image\/jpeg' srcset='https:\/\/comunitamagnificat.org\/wp-content\/uploads\/2021\/04\/Quattro-promesse.jpg 1744w, https:\/\/comunitamagnificat.org\/wp-content\/uploads\/2021\/04\/Quattro-promesse-288x300.jpg 288w, https:\/\/comunitamagnificat.org\/wp-content\/uploads\/2021\/04\/Quattro-promesse-984x1024.jpg 984w, https:\/\/comunitamagnificat.org\/wp-content\/uploads\/2021\/04\/Quattro-promesse-768x799.jpg 768w, https:\/\/comunitamagnificat.org\/wp-content\/uploads\/2021\/04\/Quattro-promesse-1476x1536.jpg 1476w' sizes='(max-width: 1744px) 100vw, 1744px' \/><img loading=\"lazy\" decoding=\"async\" width=\"984\" height=\"1024\" src=\"https:\/\/comunitamagnificat.org\/wp-content\/uploads\/2021\/04\/Quattro-promesse-984x1024.jpg\" alt=\"\" class=\"wp-image-486\"\/><\/picture><\/figure>\n<\/div>\n<div style=\"height:30px\" aria-hidden=\"true\" class=\"wp-block-spacer\"><\/div>\n\n<p class=\"has-text-align-center\"><strong><em>Pr\u00f3logo <\/em>al <em>Estatuto de<\/em> la Comunidad Magnificat<\/strong> *<\/p>\n\n<div style=\"height:30px\" aria-hidden=\"true\" class=\"wp-block-spacer\"><\/div>\n\n<p class=\"has-text-align-center\"><br\/><br\/><br\/><br\/>La Comunidad Magnificat es una Comunidad de Alianza, que tiene en su centro al \u00fanico Se\u00f1or Jesucristo. Toda la vida comunitaria se desarrolla sobre la base de una palabra que desde el principio se consider\u00f3 fundamental y prof\u00e9tica: \u00abCon Jes\u00fas, sobre Jes\u00fas, construid\u00bb.<\/p>\n\n<div style=\"height:30px\" aria-hidden=\"true\" class=\"wp-block-spacer\"><\/div>\n\n<p class=\"has-text-align-center\"><br\/><br\/><br\/><br\/><br\/><br\/>Creemos, en efecto, que el cristianismo, antes que una doctrina o una moral, es la persona misma de Jesucristo. Quienes lo han conocido y experimentado arden en deseos de conocerlo y quieren modelar su vida seg\u00fan sus ense\u00f1anzas, que el Magisterio de la Iglesia, autoritariamente en su nombre, vuelve a proponer y actualiza.<\/p>\n\n<div style=\"height:30px\" aria-hidden=\"true\" class=\"wp-block-spacer\"><\/div>\n\n<p class=\"has-text-align-center\"><br\/><br\/>Creemos que al principio de nuestra vida comunitaria est\u00e1 el amor de Cristo, que nos am\u00f3 y nos reuni\u00f3 d\u00e1ndonos la gracia de amarle a su vez en nuestros hermanos.<\/p>\n\n<div style=\"height:30px\" aria-hidden=\"true\" class=\"wp-block-spacer\"><\/div>\n\n<p class=\"has-text-align-center\"><br\/><br\/>Creemos que la Comunidad es un <em>monasterio de muros invisibles<\/em>, donde cada d\u00eda intentamos vivir en la escuela de Cristo, Maestro y Se\u00f1or.<\/p>\n\n<div style=\"height:30px\" aria-hidden=\"true\" class=\"wp-block-spacer\"><\/div>\n\n<p class=\"has-text-align-center\"><br\/><br\/><br\/><br\/><br\/><br\/><br\/>Creemos que la Comunidad est\u00e1 llamada a construir su vida sobre la Eucarist\u00eda, celebrada, adorada y vivida. En ella encuentra la fuerza necesaria para llevar a cumplimiento el plan de Dios; por eso, cada Fraternidad tiene un lugar donde alimentar su espiritualidad eucar\u00edstica a trav\u00e9s de la adoraci\u00f3n.<\/p>\n\n<div style=\"height:30px\" aria-hidden=\"true\" class=\"wp-block-spacer\"><\/div>\n\n<p class=\"has-text-align-center\"><br\/><br\/><br\/><br\/>Creemos que el Se\u00f1or, para hacernos libres y capaces de amar, con amor desinteresado, a Dios y a nuestros hermanos, nos llama a vivir seg\u00fan el esp\u00edritu de las<em>\u00abCuatro Promesas<\/em>\u00ab:<em>Pobreza<\/em>, <em>Perd\u00f3n Permanente<\/em>, <em>Amor Edificante<\/em>, <em>Servicio<\/em>.<\/p>\n\n<div style=\"height:30px\" aria-hidden=\"true\" class=\"wp-block-spacer\"><\/div>\n\n<p class=\"has-text-align-center\"><br\/><br\/><br\/>Creemos que la condici\u00f3n primera y necesaria para vivir la vida comunitaria es<em>la Pobreza<\/em>; con ella elegimos un estilo de vida sencillo y sobrio que sea un signo para el mundo.<\/p>\n\n<div style=\"height:30px\" aria-hidden=\"true\" class=\"wp-block-spacer\"><\/div>\n\n<p class=\"has-text-align-center\"><br\/><br\/><br\/>Creemos que <em>el Perd\u00f3n Permanente<\/em> nos hace estar dispuestos a perdonar como Jes\u00fas nos perdon\u00f3 y a luchar contra la inclinaci\u00f3n a juzgar.<\/p>\n\n<div style=\"height:30px\" aria-hidden=\"true\" class=\"wp-block-spacer\"><\/div>\n\n<p class=\"has-text-align-center\"><br\/><br\/><br\/>Creemos que la <em>Construcci\u00f3n del Amor<\/em> nos lleva a reconocer en cada hermano a la persona de Cristo y nos compromete a resolver las relaciones defectuosas dando el primer paso hacia una verdadera reconciliaci\u00f3n.<\/p>\n\n<div style=\"height:30px\" aria-hidden=\"true\" class=\"wp-block-spacer\"><\/div>\n\n<p class=\"has-text-align-center\"><br\/><br\/><br\/>Creemos que en la Comunidad<em>el acompa\u00f1amiento espiritual<\/em> realiza una forma concreta de<em>sumisi\u00f3n mutua<\/em> (cf. <em>Ef<\/em> 5,21). Es expresi\u00f3n del amor del cuerpo por cada uno de sus miembros y abarca todos los \u00e1mbitos de la vida.<\/p>\n\n<div style=\"height:30px\" aria-hidden=\"true\" class=\"wp-block-spacer\"><\/div>\n\n<p class=\"has-text-align-center\"><br\/><br\/>Creemos que la caridad generada por la Eucarist\u00eda nos hace<em>\u00abgenerosos de coraz\u00f3n<\/em>\u00ab<em>(\u00c9xodo<\/em> 25,2) para vivir al servicio de Dios, de los pobres, de la humanidad, de la Iglesia.<\/p>\n\n<div style=\"height:30px\" aria-hidden=\"true\" class=\"wp-block-spacer\"><\/div>\n\n<p class=\"has-text-align-center\"><br\/><br\/><br\/><br\/>Creemos que el nombre de <em>Magnificat<\/em> indica que cada miembro de la Comunidad pretende combinar<em>la contemplaci\u00f3n<\/em> con la<em>acci\u00f3n<\/em>, como Mar\u00eda que, en cuanto recibi\u00f3 en s\u00ed misma el don de Jes\u00fas, se apresur\u00f3 a llev\u00e1rselo a Isabel.<\/p>\n\n<div style=\"height:30px\" aria-hidden=\"true\" class=\"wp-block-spacer\"><\/div>\n\n<p class=\"has-text-align-center\"><br\/><br\/><br\/><br\/>Creemos que la Comunidad ha nacido para la<em>nueva evangelizaci\u00f3n<\/em>. Esta misi\u00f3n no se cumple para s\u00ed misma, sino para la Iglesia y la realiza a trav\u00e9s de su propio testimonio de vida y del anuncio del Evangelio.<\/p>\n\n<div style=\"height:30px\" aria-hidden=\"true\" class=\"wp-block-spacer\"><\/div>\n\n<p class=\"has-text-align-center\"><br\/><br\/><br\/><br\/>Creemos que <em>Cristo no puede estar dividido<\/em> (cf. <em>1 Corintios<\/em> 1:13), por lo que la Comunidad est\u00e1 en comuni\u00f3n con todos los cristianos y busca la unidad del pueblo de Dios<em>\u00abjunto con todos los que en cualquier lugar invocan el nombre de nuestro Se\u00f1or Jesucristo<\/em>\u00ab<em>(1 Corintios<\/em> 1:2).<\/p>\n\n<div style=\"height:50px\" aria-hidden=\"true\" class=\"wp-block-spacer\"><\/div>\n\n<hr class=\"wp-block-separator has-css-opacity\"\/>\n\n<p class=\"has-text-align-left\"><em>* Texto aprobado por Monse\u00f1or Giuseppe Chiaretti, Arzobispo de Perugia &#8211; Citt\u00e0 della Pieve,<\/em> <em>y entregado a la Comunidad el 4 de enero de 2005,<\/em> <em>con ocasi\u00f3n de la 5\u00aa Convenci\u00f3n General celebrada entonces en Montesilvano (PE).<\/em><\/p>\n\n<div style=\"height:50px\" aria-hidden=\"true\" class=\"wp-block-spacer\"><\/div>\n","protected":false},"excerpt":{"rendered":"<p>Un solo cuerpo y un solo esp\u00edritucomo una es la esperanza a la que hab\u00e9is sido llamados,la de tu vocaci\u00f3n Efesios 4, 4 Pr\u00f3logo al Estatuto de la Comunidad Magnificat * La Comunidad Magnificat es una Comunidad de Alianza, que tiene en su centro al \u00fanico Se\u00f1or Jesucristo. Toda la vida comunitaria se desarrolla sobre [&hellip;]<\/p>\n","protected":false},"author":3,"featured_media":10839,"parent":0,"menu_order":0,"comment_status":"closed","ping_status":"closed","template":"","meta":{"om_disable_all_campaigns":false,"_monsterinsights_skip_tracking":false,"_monsterinsights_sitenote_active":false,"_monsterinsights_sitenote_note":"","_monsterinsights_sitenote_category":0,"_uf_show_specific_survey":0,"_uf_disable_surveys":false,"footnotes":""},"class_list":["post-18587","page","type-page","status-publish","has-post-thumbnail","hentry"],"aioseo_notices":[],"_links":{"self":[{"href":"https:\/\/comunitamagnificat.org\/es\/wp-json\/wp\/v2\/pages\/18587","targetHints":{"allow":["GET"]}}],"collection":[{"href":"https:\/\/comunitamagnificat.org\/es\/wp-json\/wp\/v2\/pages"}],"about":[{"href":"https:\/\/comunitamagnificat.org\/es\/wp-json\/wp\/v2\/types\/page"}],"author":[{"embeddable":true,"href":"https:\/\/comunitamagnificat.org\/es\/wp-json\/wp\/v2\/users\/3"}],"replies":[{"embeddable":true,"href":"https:\/\/comunitamagnificat.org\/es\/wp-json\/wp\/v2\/comments?post=18587"}],"version-history":[{"count":3,"href":"https:\/\/comunitamagnificat.org\/es\/wp-json\/wp\/v2\/pages\/18587\/revisions"}],"predecessor-version":[{"id":22585,"href":"https:\/\/comunitamagnificat.org\/es\/wp-json\/wp\/v2\/pages\/18587\/revisions\/22585"}],"wp:featuredmedia":[{"embeddable":true,"href":"https:\/\/comunitamagnificat.org\/es\/wp-json\/wp\/v2\/media\/10839"}],"wp:attachment":[{"href":"https:\/\/comunitamagnificat.org\/es\/wp-json\/wp\/v2\/media?parent=18587"}],"curies":[{"name":"wp","href":"https:\/\/api.w.org\/{rel}","templated":true}]}}