{"id":18593,"date":"2024-08-22T18:16:23","date_gmt":"2024-08-22T16:16:23","guid":{"rendered":"https:\/\/comunitamagnificat.org\/con-jesus-sobre-jesus-construir\/"},"modified":"2024-08-22T18:16:27","modified_gmt":"2024-08-22T16:16:27","slug":"con-jesus-sobre-jesus-construir","status":"publish","type":"page","link":"https:\/\/comunitamagnificat.org\/es\/con-jesus-sobre-jesus-construir\/","title":{"rendered":"\u00abCon Jes\u00fas, sobre Jes\u00fas construir\u00bb"},"content":{"rendered":"\n<div style=\"height:30px\" aria-hidden=\"true\" class=\"wp-block-spacer\"><\/div>\n\n<blockquote class=\"wp-block-quote is-layout-flow wp-block-quote-is-layout-flow\"><p><em><strong>El que me coma<\/strong><\/em><br\/><em><strong>vivir\u00e1 por m\u00ed<\/strong><\/em><\/p><cite><em>Juan <\/em>6, 57<\/cite><\/blockquote>\n\n<div style=\"height:30px\" aria-hidden=\"true\" class=\"wp-block-spacer\"><\/div>\n\n<p>Desde el principio, la Comunidad se ha esforzado por adherirse \u00fanicamente a la voluntad del Se\u00f1or, intuida carism\u00e1ticamente en la oraci\u00f3n, verificada en el discernimiento comunitario, acompa\u00f1ada por los pastores de la Iglesia.<\/p>\n\n<div style=\"height:30px\" aria-hidden=\"true\" class=\"wp-block-spacer\"><\/div>\n\n<p>Desde el principio, pues, el Se\u00f1or pudo hablar a la Comunidad, que se hab\u00eda limitado a ponerse en actitud de escucha humilde y temblorosa.<\/p>\n\n<div style=\"height:30px\" aria-hidden=\"true\" class=\"wp-block-spacer\"><\/div>\n\n<p>Uno de los momentos m\u00e1s significativos de este camino prof\u00e9tico lo vivi\u00f3 <span style=\"text-decoration: underline;\"><a href=\"https:\/\/comunitamagnificat.org\/es\/tarcisio-mezzetti\/\" target=\"_blank\" rel=\"noreferrer noopener\">Tarcisio Mezzetti<\/a><\/span> quien, <span style=\"text-decoration: underline;\">en marzo de 1978<\/span>, <span style=\"text-decoration: underline;\">tuvo una intensa y sobrecogedora experiencia de Dios<\/span>, en la que recibi\u00f3 la orden de <span style=\"text-decoration: underline;\">construir la Comunidad con Jes\u00fas y sobre Jes\u00fas.<\/span>\nEsta experiencia fue acompa\u00f1ada por el discernimiento del entonces Arzobispo de Perugia, Monse\u00f1or Ferdinando Lambruschini, quien -menos de un a\u00f1o despu\u00e9s- aprob\u00f3 el primer estatuto de la naciente Comunidad Magnificat. <\/p>\n\n<div style=\"height:30px\" aria-hidden=\"true\" class=\"wp-block-spacer\"><\/div>\n\n<p>He aqu\u00ed el relato de Tarcisio, grabado en 2014:<\/p>\n\n<div style=\"height:30px\" aria-hidden=\"true\" class=\"wp-block-spacer\"><\/div>\n\n<div class=\"wp-block-columns is-layout-flex wp-container-core-columns-is-layout-9d6595d7 wp-block-columns-is-layout-flex\">\n<div class=\"wp-block-column is-layout-flow wp-block-column-is-layout-flow\" style=\"flex-basis:10%\"><\/div>\n\n\n\n<div class=\"wp-block-column is-layout-flow wp-block-column-is-layout-flow\" style=\"flex-basis:80%\">\n<figure class=\"wp-block-embed is-type-video is-provider-youtube wp-block-embed-youtube wp-embed-aspect-16-9 wp-has-aspect-ratio\"><div class=\"wp-block-embed__wrapper\"> \n<iframe loading=\"lazy\" title=\"Con Ges\u00f9, su Ges\u00f9, costruisci\" width=\"500\" height=\"281\" src=\"https:\/\/www.youtube.com\/embed\/cKGqzntMkNA?feature=oembed\" frameborder=\"0\" allow=\"accelerometer; autoplay; clipboard-write; encrypted-media; gyroscope; picture-in-picture; web-share\" referrerpolicy=\"strict-origin-when-cross-origin\" allowfullscreen><\/iframe>\n <\/div><\/figure>\n<\/div>\n\n\n\n<div class=\"wp-block-column is-layout-flow wp-block-column-is-layout-flow\" style=\"flex-basis:10%\"><\/div>\n<\/div>\n\n<div style=\"height:50px\" aria-hidden=\"true\" class=\"wp-block-spacer\"><\/div>\n","protected":false},"excerpt":{"rendered":"<p>El que me comavivir\u00e1 por m\u00ed Juan 6, 57 Desde el principio, la Comunidad se ha esforzado por adherirse \u00fanicamente a la voluntad del Se\u00f1or, intuida carism\u00e1ticamente en la oraci\u00f3n, verificada en el discernimiento comunitario, acompa\u00f1ada por los pastores de la Iglesia. Desde el principio, pues, el Se\u00f1or pudo hablar a la Comunidad, que se [&hellip;]<\/p>\n","protected":false},"author":3,"featured_media":10843,"parent":0,"menu_order":0,"comment_status":"closed","ping_status":"closed","template":"","meta":{"om_disable_all_campaigns":false,"_monsterinsights_skip_tracking":false,"_monsterinsights_sitenote_active":false,"_monsterinsights_sitenote_note":"","_monsterinsights_sitenote_category":0,"_uf_show_specific_survey":0,"_uf_disable_surveys":false,"footnotes":""},"class_list":["post-18593","page","type-page","status-publish","has-post-thumbnail","hentry"],"aioseo_notices":[],"_links":{"self":[{"href":"https:\/\/comunitamagnificat.org\/es\/wp-json\/wp\/v2\/pages\/18593","targetHints":{"allow":["GET"]}}],"collection":[{"href":"https:\/\/comunitamagnificat.org\/es\/wp-json\/wp\/v2\/pages"}],"about":[{"href":"https:\/\/comunitamagnificat.org\/es\/wp-json\/wp\/v2\/types\/page"}],"author":[{"embeddable":true,"href":"https:\/\/comunitamagnificat.org\/es\/wp-json\/wp\/v2\/users\/3"}],"replies":[{"embeddable":true,"href":"https:\/\/comunitamagnificat.org\/es\/wp-json\/wp\/v2\/comments?post=18593"}],"version-history":[{"count":1,"href":"https:\/\/comunitamagnificat.org\/es\/wp-json\/wp\/v2\/pages\/18593\/revisions"}],"predecessor-version":[{"id":18595,"href":"https:\/\/comunitamagnificat.org\/es\/wp-json\/wp\/v2\/pages\/18593\/revisions\/18595"}],"wp:featuredmedia":[{"embeddable":true,"href":"https:\/\/comunitamagnificat.org\/es\/wp-json\/wp\/v2\/media\/10843"}],"wp:attachment":[{"href":"https:\/\/comunitamagnificat.org\/es\/wp-json\/wp\/v2\/media?parent=18593"}],"curies":[{"name":"wp","href":"https:\/\/api.w.org\/{rel}","templated":true}]}}