{"id":19079,"date":"2024-08-22T18:34:58","date_gmt":"2024-08-22T16:34:58","guid":{"rendered":"https:\/\/comunitamagnificat.org\/reconocimiento-final-y-nuevo-estatuto-2024\/"},"modified":"2025-01-22T19:23:53","modified_gmt":"2025-01-22T18:23:53","slug":"reconocimiento-final-y-nuevo-estatuto-2024","status":"publish","type":"page","link":"https:\/\/comunitamagnificat.org\/es\/reconocimiento-final-y-nuevo-estatuto-2024\/","title":{"rendered":"Reconocimiento Final y Nuevo Estatuto, 2024"},"content":{"rendered":"\n<figure class=\"wp-block-pullquote\"><blockquote><p><\/p><cite><strong>\u00a1Mi alma engrandece al Se\u00f1or!<\/strong><\/cite><\/blockquote><\/figure>\n\n<div class=\"wp-block-columns is-layout-flex wp-container-core-columns-is-layout-9d6595d7 wp-block-columns-is-layout-flex\">\n<div class=\"wp-block-column is-layout-flow wp-block-column-is-layout-flow\">\n<div style=\"height:30px\" aria-hidden=\"true\" class=\"wp-block-spacer\"><\/div>\n\n\n\n<div style=\"height:30px\" aria-hidden=\"true\" class=\"wp-block-spacer\"><\/div>\n\n\n\n<div class=\"wp-block-columns is-layout-flex wp-container-core-columns-is-layout-9d6595d7 wp-block-columns-is-layout-flex\">\n<div class=\"wp-block-column is-layout-flow wp-block-column-is-layout-flow\"><div class=\"wp-block-image\">\n<figure class=\"aligncenter size-full\"><picture data-lightbox=\"https:\/\/comunitamagnificat.org\/wp-content\/uploads\/2024\/01\/Copertina.jpg\"><source type='image\/jpeg' srcset='' sizes='(max-width: 283px) 100vw, 283px' \/><img loading=\"lazy\" decoding=\"async\" width=\"283\" height=\"407\" src=\"https:\/\/comunitamagnificat.org\/wp-content\/uploads\/2024\/01\/Copertina.jpg\" alt=\"\" class=\"wp-image-10292\"\/><\/picture><\/figure>\n<\/div><\/div>\n\n\n\n<div class=\"wp-block-column is-layout-flow wp-block-column-is-layout-flow\" style=\"flex-basis:550px\">\n<div style=\"height:30px\" aria-hidden=\"true\" class=\"wp-block-spacer\"><\/div>\n\n\n\n<p>El 8 de diciembre de 2023, exactamente cuarenta y cinco a\u00f1os despu\u00e9s de la primera aprobaci\u00f3n eclesi\u00e1stica, el cardenal <strong>Kevin J. Farrell<\/strong>, Prefecto del <em><strong>Dicasterio para los Laicos, la Familia y la Vida<\/strong><\/em>firm\u00f3 el <strong><em>Decreto por el que se reconoce<\/em><\/strong> de la Comunidad Magnificat como <em>asociaci\u00f3n privada internacional de fieles laicos<\/em>, aprobando tambi\u00e9n su <em><strong>Estatuto<\/strong><\/em><em>ad experimentum<\/em>, por cinco a\u00f1os.<\/p>\n\n\n\n<div style=\"height:30px\" aria-hidden=\"true\" class=\"wp-block-spacer\"><\/div>\n\n\n\n<p>El 19 de enero de 2024, en el Palacio San Calixto de Roma, sede del Dicasterio, la Moderadora General, Maria Rita Castellani, durante una <a href=\"https:\/\/www.youtube.com\/watch?v=rle6MbHm1aU\" target=\"_blank\" rel=\"noopener\" title=\"\"><strong>ceremonia solemne<\/strong><\/a>recibi\u00f3 el <em><strong>Decreto<\/strong> <\/em>y el nuevo <strong><em>Estatuto<\/em><\/strong>de manos del Secretario del Dicasterio, Dr. Gleison De Paula Souza.<\/p>\n<\/div>\n<\/div>\n\n\n\n<div style=\"height:30px\" aria-hidden=\"true\" class=\"wp-block-spacer\"><\/div>\n\n\n\n<div class=\"wp-block-columns is-layout-flex wp-container-core-columns-is-layout-9d6595d7 wp-block-columns-is-layout-flex\">\n<div class=\"wp-block-column is-layout-flow wp-block-column-is-layout-flow\">\n<div data-wp-interactive=\"core\/file\" class=\"wp-block-file\"><object data-wp-bind--hidden=\"!state.hasPdfPreview\" hidden class=\"wp-block-file__embed\" data=\"https:\/\/comunitamagnificat.org\/wp-content\/uploads\/2024\/01\/Decreto.pdf\" type=\"application\/pdf\" style=\"width:100%;height:600px\" aria-label=\"Incrustado de Decreto.\"><\/object><a id=\"wp-block-file--media-2399aa6d-1518-49fa-8047-e022d24a7c64\" href=\"https:\/\/comunitamagnificat.org\/wp-content\/uploads\/2024\/01\/Decreto.pdf\">Decreto<\/a><a href=\"https:\/\/comunitamagnificat.org\/wp-content\/uploads\/2024\/01\/Decreto.pdf\" class=\"wp-block-file__button wp-element-button\" download=\"\" aria-describedby=\"wp-block-file--media-2399aa6d-1518-49fa-8047-e022d24a7c64\">Descarga<\/a><\/div>\n<\/div>\n\n\n\n<div class=\"wp-block-column is-layout-flow wp-block-column-is-layout-flow\">\n<div data-wp-interactive=\"core\/file\" class=\"wp-block-file\"><object data-wp-bind--hidden=\"!state.hasPdfPreview\" hidden class=\"wp-block-file__embed\" data=\"https:\/\/comunitamagnificat.org\/wp-content\/uploads\/2024\/01\/Statuto-2024.pdf\" type=\"application\/pdf\" style=\"width:100%;height:600px\" aria-label=\"Incrustado de Statuto.\"><\/object><a id=\"wp-block-file--media-64ff30cb-8363-481f-b6f7-383b3b23c335\" href=\"https:\/\/comunitamagnificat.org\/wp-content\/uploads\/2024\/01\/Statuto-2024.pdf\">Estatuto<\/a><a href=\"https:\/\/comunitamagnificat.org\/wp-content\/uploads\/2024\/01\/Statuto-2024.pdf\" class=\"wp-block-file__button wp-element-button\" download=\"\" aria-describedby=\"wp-block-file--media-64ff30cb-8363-481f-b6f7-383b3b23c335\">Descarga<\/a><\/div>\n<\/div>\n<\/div>\n\n\n\n<p><\/p>\n\n\n\n<p><\/p>\n\n\n\n<div style=\"height:50px\" aria-hidden=\"true\" class=\"wp-block-spacer\"><\/div>\n<\/div>\n<\/div>\n","protected":false},"excerpt":{"rendered":"<p>\u00a1Mi alma engrandece al Se\u00f1or! El 8 de diciembre de 2023, exactamente cuarenta y cinco a\u00f1os despu\u00e9s de la primera aprobaci\u00f3n eclesi\u00e1stica, el cardenal Kevin J. Farrell, Prefecto del Dicasterio para los Laicos, la Familia y la Vidafirm\u00f3 el Decreto por el que se reconoce de la Comunidad Magnificat como asociaci\u00f3n privada internacional de fieles [&hellip;]<\/p>\n","protected":false},"author":3,"featured_media":17798,"parent":0,"menu_order":0,"comment_status":"closed","ping_status":"closed","template":"","meta":{"om_disable_all_campaigns":false,"_monsterinsights_skip_tracking":false,"_monsterinsights_sitenote_active":false,"_monsterinsights_sitenote_note":"","_monsterinsights_sitenote_category":0,"_uf_show_specific_survey":0,"_uf_disable_surveys":false,"footnotes":""},"class_list":["post-19079","page","type-page","status-publish","has-post-thumbnail","hentry"],"aioseo_notices":[],"_links":{"self":[{"href":"https:\/\/comunitamagnificat.org\/es\/wp-json\/wp\/v2\/pages\/19079","targetHints":{"allow":["GET"]}}],"collection":[{"href":"https:\/\/comunitamagnificat.org\/es\/wp-json\/wp\/v2\/pages"}],"about":[{"href":"https:\/\/comunitamagnificat.org\/es\/wp-json\/wp\/v2\/types\/page"}],"author":[{"embeddable":true,"href":"https:\/\/comunitamagnificat.org\/es\/wp-json\/wp\/v2\/users\/3"}],"replies":[{"embeddable":true,"href":"https:\/\/comunitamagnificat.org\/es\/wp-json\/wp\/v2\/comments?post=19079"}],"version-history":[{"count":2,"href":"https:\/\/comunitamagnificat.org\/es\/wp-json\/wp\/v2\/pages\/19079\/revisions"}],"predecessor-version":[{"id":22683,"href":"https:\/\/comunitamagnificat.org\/es\/wp-json\/wp\/v2\/pages\/19079\/revisions\/22683"}],"wp:featuredmedia":[{"embeddable":true,"href":"https:\/\/comunitamagnificat.org\/es\/wp-json\/wp\/v2\/media\/17798"}],"wp:attachment":[{"href":"https:\/\/comunitamagnificat.org\/es\/wp-json\/wp\/v2\/media?parent=19079"}],"curies":[{"name":"wp","href":"https:\/\/api.w.org\/{rel}","templated":true}]}}