{"id":19106,"date":"2024-08-22T18:36:09","date_gmt":"2024-08-22T16:36:09","guid":{"rendered":"https:\/\/comunitamagnificat.org\/contactos-y-web\/"},"modified":"2026-03-03T17:25:09","modified_gmt":"2026-03-03T16:25:09","slug":"contactos-y-web","status":"publish","type":"page","link":"https:\/\/comunitamagnificat.org\/es\/contactos-y-web\/","title":{"rendered":"Contactos y web"},"content":{"rendered":"\n<div class=\"wp-block-columns is-layout-flex wp-container-core-columns-is-layout-9d6595d7 wp-block-columns-is-layout-flex\">\n<div class=\"wp-block-column is-layout-flow wp-block-column-is-layout-flow\">\n<div style=\"height:30px\" aria-hidden=\"true\" class=\"wp-block-spacer\"><\/div>\n\n\n\n<p>A continuaci\u00f3n se indican las direcciones de correo electr\u00f3nico para ponerse en contacto con los \u00f3rganos generales de la Comunidad:<\/p>\n\n\n\n<div style=\"height:30px\" aria-hidden=\"true\" class=\"wp-block-spacer\"><\/div>\n\n\n\n<p><em><strong>Directores Generales<\/strong><\/em>: <a href=\"mailto:generali@comunitamagnificat.org\" target=\"_blank\" rel=\"noreferrer noopener\">generali@comunitamagnificat.org<\/a><\/p>\n\n\n\n<p><strong><em>Consejero Espiritual General<\/em><\/strong>P. Anton Bulai ofmconv: <a href=\"mailto:victore.dumitrescu@gmail.com\" target=\"_blank\" rel=\"noreferrer noopener\">antonbulai@gmail.com<\/a> <\/p>\n\n\n\n<p><strong><em>Director Ejecutivo<\/em><\/strong>, Pier Giovanni Duranti: <a href=\"mailto:direttore@comunitamagnificat.org\" target=\"_blank\" rel=\"noreferrer noopener\">direttore@comunitamagnificat.org<\/a><\/p>\n\n\n\n<p><strong><em>Protecci\u00f3n de los <\/em><\/strong><em><strong>vulnerables<\/strong><\/em>: <a href=\"mailto:campeggio@comunitamagnificat.org\" target=\"_blank\" rel=\"noreferrer noopener\">tutelavulnerabili@comunitamagnificat.org<\/a><\/p>\n\n\n\n<p><strong><em>Koinonia Servicios Generales<\/em><\/strong>: <a href=\"mailto:campeggio@comunitamagnificat.org\" target=\"_blank\" rel=\"noreferrer noopener\">koinonia@comunitamagnificat.org<\/a><\/p>\n\n\n\n<p><strong><em><strong><em>Servicio<\/em><\/strong><\/em><\/strong> <strong><em>servicio general para personas consagradas<\/em><\/strong>: <a href=\"mailto:consacrati@comunitamagnificat.org\" target=\"_blank\" rel=\"noreferrer noopener\">consacrati@comunitamagnificat.org<\/a><\/p>\n\n\n\n<p><strong><em><strong><em>Servicio<\/em><\/strong><\/em><\/strong> <strong><em>servicio general de discipulado<\/em><\/strong>: <a href=\"mailto:discepolato@comunitamagnificat.org\" target=\"_blank\" rel=\"noreferrer noopener\">discepolato@comunitamagnificat.org<\/a><\/p>\n\n\n\n<p><strong><em><strong><em>Servicio<\/em><\/strong><\/em><\/strong> <strong><em>servicio general del noviciado<\/em><\/strong>: <a href=\"mailto:noviziato@comunitamagnificat.org\" target=\"_blank\" rel=\"noreferrer noopener\">noviziato@comunitamagnificat.org<\/a><\/p>\n\n\n\n<p><strong><em><strong><em>Servicio<\/em><\/strong><\/em><\/strong> <strong><em>servicio general de misiones<\/em><\/strong>: <a href=\"mailto:noviziato@comunitamagnificat.org\" target=\"_blank\" rel=\"noreferrer noopener\">missioni@comunitamagnificat.org<\/a><\/p>\n\n\n\n<p><em><strong>Equipo General de Juventud<\/strong><\/em>: <a href=\"mailto:equipe.giovani@comunitamagnificat.org\" target=\"_blank\" rel=\"noopener\" title=\"\">equipe.giovani@comunitamagnificat.org<\/a><\/p>\n\n\n\n<p><strong><em>Ven y ver\u00e1s, revista tem\u00e1tica de la Comunidad Magnificat<\/em><\/strong>: <a rel=\"noreferrer noopener\" href=\"mailto:noviziato@comunitamagnificat.org\" target=\"_blank\">veniteevedrete@comunitamagnificat.org<\/a> <\/p>\n\n\n\n<p><strong><em>Secretar\u00eda<\/em><\/strong>: <a href=\"mailto:segreteria@comunitamagnificat.org\" target=\"_blank\" rel=\"noreferrer noopener\">segreteria@comunitamagnificat.org<\/a><\/p>\n\n\n\n<div style=\"height:50px\" aria-hidden=\"true\" class=\"wp-block-spacer\"><\/div>\n\n\n\n<p>Son los espacios web gestionados por la Comunidad:<\/p>\n\n\n\n<div style=\"height:30px\" aria-hidden=\"true\" class=\"wp-block-spacer\"><\/div>\n\n\n\n<p><strong><em>Sitio institucional general<\/em><\/strong>: <a href=\"https:\/\/comunitamagnificat.org\/es\/\" target=\"_blank\" rel=\"noreferrer noopener\">www.comunitamagnificat.org<\/a><\/p>\n\n\n\n<p><strong><em>Sitio web institucional de la Operaci\u00f3n Hermano Peque\u00f1o<\/em><\/strong>: <a href=\"http:\/\/www.operazionefratellino.it\" target=\"_blank\" rel=\"noreferrer noopener\">http:\/\/www.operazionefratellino.it<\/a><\/p>\n\n\n\n<p><strong><em>Sitio web institucional de la Fundaci\u00f3n<\/em><\/strong>: <a href=\"https:\/\/fondazionemagnificat.org\/\" target=\"_blank\" rel=\"noreferrer noopener\">https:\/\/fondazionemagnificat.org\/<\/a><\/p>\n\n\n\n<p><strong><em>Sitio de la Zona Ruman\u00eda<\/em><\/strong>: <a href=\"http:\/\/www.comunitateamagnificat.ro\" target=\"_blank\" rel=\"noreferrer noopener\">http:\/\/www.comunitateamagnificat.ro<\/a><\/p>\n\n\n\n<p><strong><em>P\u00e1gina de Facebook en italiano<\/em><\/strong>: <a href=\"http:\/\/www.facebook.com\/comunitamagnificat\" target=\"_blank\" rel=\"noreferrer noopener\">http:\/\/www.facebook.com\/comunitamagnificat<\/a><\/p>\n\n\n\n<p><strong><em>Grupo de Facebook en italiano<\/em><\/strong>: <a href=\"https:\/\/www.facebook.com\/groups\/47765906067\" target=\"_blank\" rel=\"noreferrer noopener\">https:\/\/www.facebook.com\/groups\/47765906067<\/a><\/p>\n\n\n\n<p><strong><em>P\u00e1gina de Facebook en espa\u00f1ol (Argentina)<\/em><\/strong>: <a href=\"https:\/\/www.facebook.com\/Comunidad-Magn%C3%ADficat-Argentina-106199424305368\/?ref=page_internal\" target=\"_blank\" rel=\"noreferrer noopener\">facebook.com\/Comunidad-Magnificat-Argentina<\/a><\/p>\n\n\n\n<p><\/p>\n\n\n\n<div style=\"height:50px\" aria-hidden=\"true\" class=\"wp-block-spacer\"><\/div>\n<\/div>\n<\/div>\n","protected":false},"excerpt":{"rendered":"<p>A continuaci\u00f3n se indican las direcciones de correo electr\u00f3nico para ponerse en contacto con los \u00f3rganos generales de la Comunidad: Directores Generales: generali@comunitamagnificat.org Consejero Espiritual GeneralP. Anton Bulai ofmconv: antonbulai@gmail.com Director Ejecutivo, Pier Giovanni Duranti: direttore@comunitamagnificat.org Protecci\u00f3n de los vulnerables: tutelavulnerabili@comunitamagnificat.org Koinonia Servicios Generales: koinonia@comunitamagnificat.org Servicio servicio general para personas consagradas: consacrati@comunitamagnificat.org Servicio servicio general [&hellip;]<\/p>\n","protected":false},"author":3,"featured_media":16183,"parent":0,"menu_order":0,"comment_status":"closed","ping_status":"closed","template":"","meta":{"om_disable_all_campaigns":false,"_monsterinsights_skip_tracking":false,"_monsterinsights_sitenote_active":false,"_monsterinsights_sitenote_note":"","_monsterinsights_sitenote_category":0,"_uf_show_specific_survey":0,"_uf_disable_surveys":false,"footnotes":""},"class_list":["post-19106","page","type-page","status-publish","has-post-thumbnail","hentry"],"aioseo_notices":[],"_links":{"self":[{"href":"https:\/\/comunitamagnificat.org\/es\/wp-json\/wp\/v2\/pages\/19106","targetHints":{"allow":["GET"]}}],"collection":[{"href":"https:\/\/comunitamagnificat.org\/es\/wp-json\/wp\/v2\/pages"}],"about":[{"href":"https:\/\/comunitamagnificat.org\/es\/wp-json\/wp\/v2\/types\/page"}],"author":[{"embeddable":true,"href":"https:\/\/comunitamagnificat.org\/es\/wp-json\/wp\/v2\/users\/3"}],"replies":[{"embeddable":true,"href":"https:\/\/comunitamagnificat.org\/es\/wp-json\/wp\/v2\/comments?post=19106"}],"version-history":[{"count":8,"href":"https:\/\/comunitamagnificat.org\/es\/wp-json\/wp\/v2\/pages\/19106\/revisions"}],"predecessor-version":[{"id":27369,"href":"https:\/\/comunitamagnificat.org\/es\/wp-json\/wp\/v2\/pages\/19106\/revisions\/27369"}],"wp:featuredmedia":[{"embeddable":true,"href":"https:\/\/comunitamagnificat.org\/es\/wp-json\/wp\/v2\/media\/16183"}],"wp:attachment":[{"href":"https:\/\/comunitamagnificat.org\/es\/wp-json\/wp\/v2\/media?parent=19106"}],"curies":[{"name":"wp","href":"https:\/\/api.w.org\/{rel}","templated":true}]}}