{"id":19123,"date":"2024-08-22T18:36:49","date_gmt":"2024-08-22T16:36:49","guid":{"rendered":"https:\/\/comunitamagnificat.org\/kalbim-seninle\/"},"modified":"2024-08-22T18:38:38","modified_gmt":"2024-08-22T16:38:38","slug":"kalbim-seninle","status":"publish","type":"page","link":"https:\/\/comunitamagnificat.org\/es\/publicaciones\/las-canciones\/kalbim-seninle\/","title":{"rendered":"Kalbim seninle"},"content":{"rendered":"\n<div style=\"height:30px\" aria-hidden=\"true\" class=\"wp-block-spacer\"><\/div>\n\n<div class=\"wp-block-columns is-layout-flex wp-container-core-columns-is-layout-9d6595d7 wp-block-columns-is-layout-flex\">\n<div class=\"wp-block-column is-layout-flow wp-block-column-is-layout-flow\">\n<div class=\"wp-block-columns is-layout-flex wp-container-core-columns-is-layout-9d6595d7 wp-block-columns-is-layout-flex\">\n<div class=\"wp-block-column is-layout-flow wp-block-column-is-layout-flow\"><\/div>\n\n\n\n<div class=\"wp-block-column is-layout-flow wp-block-column-is-layout-flow\">\n<figure class=\"wp-block-image size-large\"><picture data-lightbox=\"https:\/\/comunitamagnificat.org\/wp-content\/uploads\/2021\/04\/Copertina-4.jpg\"><source type='image\/jpeg' srcset='https:\/\/comunitamagnificat.org\/wp-content\/uploads\/2021\/04\/Copertina-4.jpg 1472w, https:\/\/comunitamagnificat.org\/wp-content\/uploads\/2021\/04\/Copertina-4-298x300.jpg 298w, https:\/\/comunitamagnificat.org\/wp-content\/uploads\/2021\/04\/Copertina-4-1017x1024.jpg 1017w, https:\/\/comunitamagnificat.org\/wp-content\/uploads\/2021\/04\/Copertina-4-150x150.jpg 150w, https:\/\/comunitamagnificat.org\/wp-content\/uploads\/2021\/04\/Copertina-4-768x773.jpg 768w' sizes='(max-width: 1472px) 100vw, 1472px' \/><img loading=\"lazy\" decoding=\"async\" width=\"1017\" height=\"1024\" src=\"https:\/\/comunitamagnificat.org\/wp-content\/uploads\/2021\/04\/Copertina-4-1017x1024.jpg\" alt=\"\" class=\"wp-image-8062\"\/><\/picture><\/figure>\n<\/div>\n\n\n\n<div class=\"wp-block-column is-layout-flow wp-block-column-is-layout-flow\"><\/div>\n<\/div>\n<\/div>\n<\/div>\n\n<div style=\"height:30px\" aria-hidden=\"true\" class=\"wp-block-spacer\"><\/div>\n\n<div class=\"wp-block-columns is-layout-flex wp-container-core-columns-is-layout-9d6595d7 wp-block-columns-is-layout-flex\">\n<div class=\"wp-block-column is-layout-flow wp-block-column-is-layout-flow\">\n<p>Fruto de su propia conversi\u00f3n al cristianismo, Veronica Zeynep, una jovenc\u00edsima hermana de Estambul, public\u00f3 en 2012 esta colecci\u00f3n de nueve de sus canciones, todas en turco excepto una en ingl\u00e9s: \n<strong>Kalbim seninle <\/strong>(\n<em>Mi coraz\u00f3n est\u00e1 contigo<\/em>); \n<strong>Ey Tanr\u0131m, l\u00fctfet bana<\/strong> (\n<em>Se\u00f1or, ten piedad de m\u00ed<\/em>); \n<strong>Gel Kutsal Ruh<\/strong> (\n<em>Ven Esp\u00edritu Santo<\/em>); \n<strong>Kurtulu\u015fumsum sen<\/strong> (\n<em>T\u00fa eres mi salvaci\u00f3n<\/em>); \n<strong>\u00d6vg\u00fcler Rabbe<\/strong> (\n<em>Alabado sea el Se\u00f1or<\/em>); \n<strong>Kyrie eleison<\/strong>; \n<strong>Aleluya<\/strong>; \n<strong>S\u00f3lo Jesucristo<\/strong> (\n<em>S\u00f3lo Jesucristo<\/em>); \n<strong>Y\u00fcceli\u011fini g\u00f6ster ya Rab<\/strong> (         <em>Muestra tu gloria Se\u00f1or<\/em>)<\/p>\n\n\n\n<div style=\"height:30px\" aria-hidden=\"true\" class=\"wp-block-spacer\"><\/div>\n\n\n\n<p>En la grabaci\u00f3n del CD participaron<\/p>\n\n\n\n<p><strong>VOCES<\/strong>: <em>Veronica Zeynep<\/em>, <em>Andrew Hochstedler<\/em><br\/><strong>INSTRUMENTOS<\/strong>: Guitarra: <em>Veronica Zeynep<\/em>.\nFlauta: <em>Andrew Hochstedler<\/em>.\n\u00d3rgano: <em>Fransua Burhan<\/em>  <\/p>\n<\/div>\n<\/div>\n\n<div style=\"height:30px\" aria-hidden=\"true\" class=\"wp-block-spacer\"><\/div>\n\n<div class=\"wp-block-columns is-layout-flex wp-container-core-columns-is-layout-9d6595d7 wp-block-columns-is-layout-flex\">\n<div class=\"wp-block-column is-layout-flow wp-block-column-is-layout-flow\">\n<div class=\"wp-block-columns is-layout-flex wp-container-core-columns-is-layout-9d6595d7 wp-block-columns-is-layout-flex\">\n<div class=\"wp-block-column is-layout-flow wp-block-column-is-layout-flow\" style=\"flex-basis:100%\">\n<p>Aqu\u00ed tienes los mp3 de las 9 pistas:<\/p>\n<\/div>\n<\/div>\n\n\n\n<div class=\"wp-block-columns is-layout-flex wp-container-core-columns-is-layout-9d6595d7 wp-block-columns-is-layout-flex\">\n<div class=\"wp-block-column is-layout-flow wp-block-column-is-layout-flow\">\n<figure class=\"wp-block-audio\"><audio controls=\"\" src=\"https:\/\/comunitamagnificat.org\/wp-content\/uploads\/2021\/04\/01-Veronica-Zeynep-Kalbim-Seninle.mp3\"><\/audio><figcaption><em>Kalbim seninle <\/em><em>(Mi coraz\u00f3n est\u00e1 contigo<\/em>)<\/figcaption><\/figure>\n\n\n\n<figure class=\"wp-block-audio\"><audio controls=\"\" src=\"https:\/\/comunitamagnificat.org\/wp-content\/uploads\/2021\/04\/02-Veronica-Zeynep-Ey-tanrim-lutfet-bana.mp3\"><\/audio><figcaption><em>Ey Tanr\u0131m, l\u00fctfet bana <\/em><em>(Se\u00f1or, ten piedad de m\u00ed<\/em>)<\/figcaption><\/figure>\n\n\n\n<figure class=\"wp-block-audio\"><audio controls=\"\" src=\"https:\/\/comunitamagnificat.org\/wp-content\/uploads\/2021\/04\/03-Veronica-Zeynep-Gel-Kutsal-Ruh.mp3\"><\/audio><figcaption><em>Gel Kutsal Ruh (Ven Esp\u00edritu Santo)<\/em><\/figcaption><\/figure>\n\n\n\n<figure class=\"wp-block-audio\"><audio controls=\"\" src=\"https:\/\/comunitamagnificat.org\/wp-content\/uploads\/2021\/04\/04-Veronica-Zeynep-Kurtulusumsun-sen.mp3\"><\/audio><figcaption><em>Kurtulu\u015fumsum sen (T\u00fa eres mi salvaci\u00f3n)<\/em><\/figcaption><\/figure>\n\n\n\n<figure class=\"wp-block-audio\"><audio controls=\"\" src=\"https:\/\/comunitamagnificat.org\/wp-content\/uploads\/2021\/04\/05-Veronica-Zeynep-Ovguler-Rabbe.mp3\"><\/audio><figcaption><em>\u00d6vg\u00fcler Rabbe (Alabado sea el Se\u00f1or)<\/em><\/figcaption><\/figure>\n\n\n\n<figure class=\"wp-block-audio\"><audio controls=\"\" src=\"https:\/\/comunitamagnificat.org\/wp-content\/uploads\/2021\/04\/06-Veronica-Zeynep-Kyrie-eleison.mp3\"><\/audio><figcaption><em>Kyrie eleison<\/em><\/figcaption><\/figure>\n\n\n\n<figure class=\"wp-block-audio\"><audio controls=\"\" src=\"https:\/\/comunitamagnificat.org\/wp-content\/uploads\/2021\/04\/07-Veronica-Zeynep-Alleluia.mp3\"><\/audio><figcaption><em>Aleluya<\/em><\/figcaption><\/figure>\n\n\n\n<figure class=\"wp-block-audio\"><audio controls=\"\" src=\"https:\/\/comunitamagnificat.org\/wp-content\/uploads\/2021\/04\/08-Veronica-Zeynep-Only-Jesus-Christ.mp3\"><\/audio><figcaption><em>S\u00f3lo Jesucristo<\/em><\/figcaption><\/figure>\n\n\n\n<figure class=\"wp-block-audio\"><audio controls=\"\" src=\"https:\/\/comunitamagnificat.org\/wp-content\/uploads\/2021\/04\/09-Veronica-Zeynep-Yuceligini-goster-ya-Rab.mp3\"><\/audio><figcaption><em>Y\u00fcceli\u011fini g\u00f6ster ya Rab (Muestra tu gloria Se\u00f1or)<\/em><\/figcaption><\/figure>\n\n\n\n<div style=\"height:30px\" aria-hidden=\"true\" class=\"wp-block-spacer\"><\/div>\n\n\n\n<div class=\"wp-block-columns is-layout-flex wp-container-core-columns-is-layout-9d6595d7 wp-block-columns-is-layout-flex\">\n<div class=\"wp-block-column is-layout-flow wp-block-column-is-layout-flow\">\n<p>Estos son los textos y acordes de las canciones de esta colecci\u00f3n:<\/p>\n<\/div>\n<\/div>\n\n\n\n<div class=\"wp-block-columns is-layout-flex wp-container-core-columns-is-layout-9d6595d7 wp-block-columns-is-layout-flex\">\n<div class=\"wp-block-column is-layout-flow wp-block-column-is-layout-flow\">\n<div class=\"wp-block-file\"><a href=\"https:\/\/comunitamagnificat.org\/wp-content\/uploads\/2021\/04\/KALBIM-SENINLE-Testi-e-accordi.pdf\">KALBIM SENINLE &#8211; Letra y acordes<\/a><a href=\"https:\/\/comunitamagnificat.org\/wp-content\/uploads\/2021\/04\/KALBIM-SENINLE-Testi-e-accordi.pdf\" class=\"wp-block-file__button\" download=\"\">Descarga<\/a><\/div>\n\n\n\n<p><\/p>\n<\/div>\n<\/div>\n\n\n\n<div style=\"height:30px\" aria-hidden=\"true\" class=\"wp-block-spacer\"><\/div>\n\n\n\n<p>Aqu\u00ed tienes un v\u00eddeo extra\u00eddo de una canci\u00f3n de esta colecci\u00f3n<\/p>\n\n\n\n<div class=\"wp-block-columns is-layout-flex wp-container-core-columns-is-layout-9d6595d7 wp-block-columns-is-layout-flex\">\n<div class=\"wp-block-column is-layout-flow wp-block-column-is-layout-flow\">\n<figure class=\"wp-block-embed is-type-video is-provider-youtube wp-block-embed-youtube wp-embed-aspect-16-9 wp-has-aspect-ratio\"><div class=\"wp-block-embed__wrapper\"> \n<iframe loading=\"lazy\" title=\"Gel Kutsal Ruh\" width=\"500\" height=\"281\" src=\"https:\/\/www.youtube.com\/embed\/3RKSkMzD_qk?list=PLLnp9XgmlaS_rDD7LhN_CBwm-8dcQT3mF\" frameborder=\"0\" allow=\"accelerometer; autoplay; clipboard-write; encrypted-media; gyroscope; picture-in-picture; web-share\" referrerpolicy=\"strict-origin-when-cross-origin\" allowfullscreen><\/iframe>\n <\/div><\/figure>\n<\/div>\n<\/div>\n<\/div>\n\n\n\n<div class=\"wp-block-column is-layout-flow wp-block-column-is-layout-flow\"><\/div>\n<\/div>\n<\/div>\n<\/div>\n","protected":false},"excerpt":{"rendered":"<p>Fruto de su propia conversi\u00f3n al cristianismo, Veronica Zeynep, una jovenc\u00edsima hermana de Estambul, public\u00f3 en 2012 esta colecci\u00f3n de nueve de sus canciones, todas en turco excepto una en ingl\u00e9s: Kalbim seninle ( Mi coraz\u00f3n est\u00e1 contigo); Ey Tanr\u0131m, l\u00fctfet bana ( Se\u00f1or, ten piedad de m\u00ed); Gel Kutsal Ruh ( Ven Esp\u00edritu Santo); [&hellip;]<\/p>\n","protected":false},"author":3,"featured_media":16055,"parent":19158,"menu_order":0,"comment_status":"closed","ping_status":"closed","template":"","meta":{"om_disable_all_campaigns":false,"_monsterinsights_skip_tracking":false,"_monsterinsights_sitenote_active":false,"_monsterinsights_sitenote_note":"","_monsterinsights_sitenote_category":0,"_uf_show_specific_survey":0,"_uf_disable_surveys":false,"footnotes":""},"class_list":["post-19123","page","type-page","status-publish","has-post-thumbnail","hentry"],"aioseo_notices":[],"_links":{"self":[{"href":"https:\/\/comunitamagnificat.org\/es\/wp-json\/wp\/v2\/pages\/19123","targetHints":{"allow":["GET"]}}],"collection":[{"href":"https:\/\/comunitamagnificat.org\/es\/wp-json\/wp\/v2\/pages"}],"about":[{"href":"https:\/\/comunitamagnificat.org\/es\/wp-json\/wp\/v2\/types\/page"}],"author":[{"embeddable":true,"href":"https:\/\/comunitamagnificat.org\/es\/wp-json\/wp\/v2\/users\/3"}],"replies":[{"embeddable":true,"href":"https:\/\/comunitamagnificat.org\/es\/wp-json\/wp\/v2\/comments?post=19123"}],"version-history":[{"count":1,"href":"https:\/\/comunitamagnificat.org\/es\/wp-json\/wp\/v2\/pages\/19123\/revisions"}],"predecessor-version":[{"id":19125,"href":"https:\/\/comunitamagnificat.org\/es\/wp-json\/wp\/v2\/pages\/19123\/revisions\/19125"}],"up":[{"embeddable":true,"href":"https:\/\/comunitamagnificat.org\/es\/wp-json\/wp\/v2\/pages\/19158"}],"wp:featuredmedia":[{"embeddable":true,"href":"https:\/\/comunitamagnificat.org\/es\/wp-json\/wp\/v2\/media\/16055"}],"wp:attachment":[{"href":"https:\/\/comunitamagnificat.org\/es\/wp-json\/wp\/v2\/media?parent=19123"}],"curies":[{"name":"wp","href":"https:\/\/api.w.org\/{rel}","templated":true}]}}