{"id":19134,"date":"2024-08-22T18:37:27","date_gmt":"2024-08-22T16:37:27","guid":{"rendered":"https:\/\/comunitamagnificat.org\/el-sueno-de-dios\/"},"modified":"2024-08-22T18:38:38","modified_gmt":"2024-08-22T16:38:38","slug":"el-sueno-de-dios","status":"publish","type":"page","link":"https:\/\/comunitamagnificat.org\/es\/publicaciones\/las-canciones\/el-sueno-de-dios\/","title":{"rendered":"El sue\u00f1o de Dios"},"content":{"rendered":"\n<div class=\"wp-block-columns is-layout-flex wp-container-core-columns-is-layout-9d6595d7 wp-block-columns-is-layout-flex\">\n<div class=\"wp-block-column is-layout-flow wp-block-column-is-layout-flow\">\n<div style=\"height:30px\" aria-hidden=\"true\" class=\"wp-block-spacer\"><\/div>\n\n\n\n<div class=\"wp-block-columns is-layout-flex wp-container-core-columns-is-layout-9d6595d7 wp-block-columns-is-layout-flex\">\n<div class=\"wp-block-column is-layout-flow wp-block-column-is-layout-flow\"><\/div>\n\n\n\n<div class=\"wp-block-column is-layout-flow wp-block-column-is-layout-flow\">\n<figure class=\"wp-block-image size-large\"><picture data-lightbox=\"https:\/\/comunitamagnificat.org\/wp-content\/uploads\/2021\/04\/Copertina-3.jpg\"><source type='image\/jpeg' srcset='https:\/\/comunitamagnificat.org\/wp-content\/uploads\/2021\/04\/Copertina-3.jpg 1624w, https:\/\/comunitamagnificat.org\/wp-content\/uploads\/2021\/04\/Copertina-3-300x270.jpg 300w, https:\/\/comunitamagnificat.org\/wp-content\/uploads\/2021\/04\/Copertina-3-1024x921.jpg 1024w, https:\/\/comunitamagnificat.org\/wp-content\/uploads\/2021\/04\/Copertina-3-768x690.jpg 768w, https:\/\/comunitamagnificat.org\/wp-content\/uploads\/2021\/04\/Copertina-3-1536x1381.jpg 1536w' sizes='(max-width: 1624px) 100vw, 1624px' \/><img loading=\"lazy\" decoding=\"async\" width=\"1024\" height=\"921\" src=\"https:\/\/comunitamagnificat.org\/wp-content\/uploads\/2021\/04\/Copertina-3-1024x921.jpg\" alt=\"\" class=\"wp-image-8032\"\/><\/picture><\/figure>\n<\/div>\n\n\n\n<div class=\"wp-block-column is-layout-flow wp-block-column-is-layout-flow\"><\/div>\n<\/div>\n\n\n\n<div style=\"height:30px\" aria-hidden=\"true\" class=\"wp-block-spacer\"><\/div>\n\n\n\n<p>Con ocasi\u00f3n del 40 aniversario de la Comunidad, se present\u00f3 una colecci\u00f3n titulada \u00abEl sue\u00f1o de Dios\u00bb, en alusi\u00f3n a la <a href=\"https:\/\/comunitamagnificat.org\/sognare-il-sogno-di-dio\/\" data-type=\"page\" data-id=\"572\">c\u00e9lebre catequesis<\/a> de Tarcisio Mezzetti, fallecido dos a\u00f1os antes.<\/p>\n\n\n\n<div style=\"height:30px\" aria-hidden=\"true\" class=\"wp-block-spacer\"><\/div>\n\n\n\n<p>Hay trece canciones en la colecci\u00f3n, once de ellas de autores que son miembros de la Comunidad, y dos traducciones de canciones en ingl\u00e9s.\nEstos son los t\u00edtulos y los autores: \n<strong>Gracias<\/strong> (\n<em>Moen Donald, Baloche Paul<\/em>; traducci\u00f3n y adaptaci\u00f3n de \n<em>Gloria Roscini<\/em>); \n<strong>El Sue\u00f1o de Dios<\/strong> (\n<em>Giada Tullio<\/em>); \n<strong>Bendito sea el Se\u00f1or<\/strong> (\n<em>Valter Ferrero<\/em>); \n<strong>Rey de reyes y Se\u00f1or de se\u00f1ores<\/strong> (\n<em>Daniela Saetta<\/em>); \n<strong>Todo por ti<\/strong> (\n<em>Federico Luisi<\/em>); \n<strong>Lirio del campo<\/strong> (\n<em><em>Valter Ferrero<\/em><\/em>); \n<strong>Sei venuto a salvarmi<\/strong> (         <em>S. Marty<\/em> \n<em>D. Joel<\/em>, \n<em>T. Dylan<\/em>; traducci\u00f3n y adaptaci\u00f3n de \n<em>Francesca Ragnacci<\/em> y \n<em>Gloria Roscini<\/em>); \n<strong>La mujer y el drag\u00f3n <\/strong>(\n<em><em>Daniela Saetta<\/em><\/em>); \n<strong>La Jerusal\u00e9n celestial<\/strong> (\n<em>Giada Tullio<\/em>); \n<strong>Hablar\u00e9 a su coraz\u00f3n<\/strong> (\n<em><em>Elena Milenrama<\/em><\/em>); \n<strong>Salmo invitatorio<\/strong> (        <em>Gioele Pontani<\/em>); <strong>Esp\u00edritu Santo Ven<\/strong> (<em><em>Gloria Roscini<\/em><\/em>); <strong>Reina del Cielo<\/strong><em>(Monica Bevilacqua<\/em>).<\/p>\n\n\n\n<div style=\"height:30px\" aria-hidden=\"true\" class=\"wp-block-spacer\"><\/div>\n\n\n\n<div class=\"wp-block-columns is-layout-flex wp-container-core-columns-is-layout-9d6595d7 wp-block-columns-is-layout-flex\">\n<div class=\"wp-block-column is-layout-flow wp-block-column-is-layout-flow\">\n<p>Bajo la direcci\u00f3n art\u00edstica de <em>Michele Rossetti<\/em>, las canciones fueron interpretadas por:<\/p>\n\n\n\n<p><strong>VOZ INFANTIL Y JUVENIL<\/strong>: <em>Vittoria<\/em> <em>Morozzi, Tommaso Morozzi<\/em>, <em>Anna Trubbianelli<\/em><br\/><strong>VOCES<\/strong>: \n<em>Alessandro Luigi Appella<\/em>, \n<em>Valentina Bettelli<\/em>, \n<em>Monica Bevilacqua<\/em>, \n<em>Lucio Caseti<\/em>, \n<em>Maria Rosaria Ciccarelli<\/em>, \n<em>Valter Ferrero<\/em>, \n<em>Guglielmo Fumi<\/em>, \n<em>Luca Mondanelli<\/em>, \n<em>Nicola Natalizi<\/em>, \n<em>Francesco Palazzetti<\/em>, \n<em>Andrea Pesare<\/em>, \n<em>Sarah Piccioni<\/em>, \n<em>Gioele Pontani<\/em>, \n<em>Francesca Ragnacci<\/em>,                <em>Daniela Saetta<\/em>, \n<em>Sor Gloria Betel<\/em>, \n<em>Simone Vignini<\/em>, \n<em>Simona Villani<\/em>, \n<em>Gabriele Viola<\/em>,      <em>Anna Chiara Volpi<\/em><br\/><strong>INSTRUMENTOS<\/strong>: Viol\u00edn: <em>Paolo Castellani<\/em>.\nGuitarra: <em>Valter Ferrero<\/em>.\nPiano: <em>Michele Rossetti<\/em>  <br\/><strong>ARREGLOS Y ESCRITURA VOCAL<\/strong>: <em>Alberto Brizzi<\/em><\/p>\n\n\n\n<div style=\"height:30px\" aria-hidden=\"true\" class=\"wp-block-spacer\"><\/div>\n\n\n\n<div class=\"wp-block-columns is-layout-flex wp-container-core-columns-is-layout-9d6595d7 wp-block-columns-is-layout-flex\">\n<div class=\"wp-block-column is-layout-flow wp-block-column-is-layout-flow\" style=\"flex-basis:100%\">\n<p>Estos son los mp3 de las canciones:<\/p>\n<\/div>\n<\/div>\n\n\n\n<div style=\"height:30px\" aria-hidden=\"true\" class=\"wp-block-spacer\"><\/div>\n\n\n\n<div class=\"wp-block-columns is-layout-flex wp-container-core-columns-is-layout-9d6595d7 wp-block-columns-is-layout-flex\">\n<div class=\"wp-block-column is-layout-flow wp-block-column-is-layout-flow\">\n<figure class=\"wp-block-audio\"><audio controls=\"\" src=\"https:\/\/comunitamagnificat.org\/wp-content\/uploads\/2021\/04\/01-Traccia-1.mp3\"><\/audio><figcaption><em>Gracias a ti<\/em><\/figcaption><\/figure>\n\n\n\n<figure class=\"wp-block-audio\"><audio controls=\"\" src=\"https:\/\/comunitamagnificat.org\/wp-content\/uploads\/2021\/04\/02-Traccia-2.mp3\"><\/audio><figcaption><em>El sue\u00f1o de Dios<\/em><\/figcaption><\/figure>\n\n\n\n<figure class=\"wp-block-audio\"><audio controls=\"\" src=\"https:\/\/comunitamagnificat.org\/wp-content\/uploads\/2021\/04\/03-Traccia-3.mp3\"><\/audio><figcaption><em>Bendito sea el Se\u00f1or<\/em><\/figcaption><\/figure>\n\n\n\n<figure class=\"wp-block-audio\"><audio controls=\"\" src=\"https:\/\/comunitamagnificat.org\/wp-content\/uploads\/2021\/04\/04-Traccia-4.mp3\"><\/audio><figcaption><em>Rey de reyes y Se\u00f1or de se\u00f1ores<\/em><\/figcaption><\/figure>\n\n\n\n<figure class=\"wp-block-audio\"><audio controls=\"\" src=\"https:\/\/comunitamagnificat.org\/wp-content\/uploads\/2021\/04\/05-Traccia-5.mp3\"><\/audio><figcaption><em>Todo para ti<\/em><\/figcaption><\/figure>\n\n\n\n<figure class=\"wp-block-audio\"><audio controls=\"\" src=\"https:\/\/comunitamagnificat.org\/wp-content\/uploads\/2021\/04\/06-Traccia-6.mp3\"><\/audio><figcaption><em>Lirio del campo<\/em><\/figcaption><\/figure>\n\n\n\n<figure class=\"wp-block-audio\"><audio controls=\"\" src=\"https:\/\/comunitamagnificat.org\/wp-content\/uploads\/2021\/04\/07-Traccia-7.mp3\"><\/audio><figcaption><em>Viniste a salvarme<\/em><\/figcaption><\/figure>\n\n\n\n<figure class=\"wp-block-audio\"><audio controls=\"\" src=\"https:\/\/comunitamagnificat.org\/wp-content\/uploads\/2021\/04\/08-Traccia-8.mp3\"><\/audio><figcaption><em>La mujer y el drag\u00f3n<\/em><\/figcaption><\/figure>\n\n\n\n<figure class=\"wp-block-audio\"><audio controls=\"\" src=\"https:\/\/comunitamagnificat.org\/wp-content\/uploads\/2021\/04\/09-Traccia-9.mp3\"><\/audio><figcaption><em>La Jerusal\u00e9n Celestial<\/em><\/figcaption><\/figure>\n\n\n\n<figure class=\"wp-block-audio\"><audio controls=\"\" src=\"https:\/\/comunitamagnificat.org\/wp-content\/uploads\/2021\/04\/10-Traccia-10.mp3\"><\/audio><figcaption><em>Hablar\u00e9 a su coraz\u00f3n<\/em><\/figcaption><\/figure>\n\n\n\n<figure class=\"wp-block-audio\"><audio controls=\"\" src=\"https:\/\/comunitamagnificat.org\/wp-content\/uploads\/2021\/04\/11-Traccia-11.mp3\"><\/audio><figcaption><em>Salmo Invitatorio<\/em><\/figcaption><\/figure>\n\n\n\n<figure class=\"wp-block-audio\"><audio controls=\"\" src=\"https:\/\/comunitamagnificat.org\/wp-content\/uploads\/2021\/04\/12-Traccia-12.mp3\"><\/audio><figcaption><em>Esp\u00edritu Santo ven<\/em><\/figcaption><\/figure>\n\n\n\n<figure class=\"wp-block-audio\"><audio controls=\"\" src=\"https:\/\/comunitamagnificat.org\/wp-content\/uploads\/2021\/04\/13-Traccia-13.mp3\"><\/audio><figcaption><em>Reina del Cielo<\/em><\/figcaption><\/figure>\n\n\n\n<figure class=\"wp-block-audio\"><audio controls=\"\" src=\"https:\/\/comunitamagnificat.org\/wp-content\/uploads\/2021\/04\/14-Traccia-14.mp3\"><\/audio><figcaption><em>Gracias &#8211; repetici\u00f3n<\/em><\/figcaption><\/figure>\n<\/div>\n\n\n\n<div class=\"wp-block-column is-layout-flow wp-block-column-is-layout-flow\"><\/div>\n<\/div>\n\n\n\n<div style=\"height:50px\" aria-hidden=\"true\" class=\"wp-block-spacer\"><\/div>\n<\/div>\n<\/div>\n\n\n\n<div style=\"height:30px\" aria-hidden=\"true\" class=\"wp-block-spacer\"><\/div>\n\n\n\n<p><\/p>\n<\/div>\n<\/div>\n","protected":false},"excerpt":{"rendered":"<p>Con ocasi\u00f3n del 40 aniversario de la Comunidad, se present\u00f3 una colecci\u00f3n titulada \u00abEl sue\u00f1o de Dios\u00bb, en alusi\u00f3n a la c\u00e9lebre catequesis de Tarcisio Mezzetti, fallecido dos a\u00f1os antes. Hay trece canciones en la colecci\u00f3n, once de ellas de autores que son miembros de la Comunidad, y dos traducciones de canciones en ingl\u00e9s. Estos [&hellip;]<\/p>\n","protected":false},"author":3,"featured_media":15991,"parent":19158,"menu_order":0,"comment_status":"closed","ping_status":"closed","template":"","meta":{"om_disable_all_campaigns":false,"_monsterinsights_skip_tracking":false,"_monsterinsights_sitenote_active":false,"_monsterinsights_sitenote_note":"","_monsterinsights_sitenote_category":0,"_uf_show_specific_survey":0,"_uf_disable_surveys":false,"footnotes":""},"class_list":["post-19134","page","type-page","status-publish","has-post-thumbnail","hentry"],"aioseo_notices":[],"_links":{"self":[{"href":"https:\/\/comunitamagnificat.org\/es\/wp-json\/wp\/v2\/pages\/19134","targetHints":{"allow":["GET"]}}],"collection":[{"href":"https:\/\/comunitamagnificat.org\/es\/wp-json\/wp\/v2\/pages"}],"about":[{"href":"https:\/\/comunitamagnificat.org\/es\/wp-json\/wp\/v2\/types\/page"}],"author":[{"embeddable":true,"href":"https:\/\/comunitamagnificat.org\/es\/wp-json\/wp\/v2\/users\/3"}],"replies":[{"embeddable":true,"href":"https:\/\/comunitamagnificat.org\/es\/wp-json\/wp\/v2\/comments?post=19134"}],"version-history":[{"count":1,"href":"https:\/\/comunitamagnificat.org\/es\/wp-json\/wp\/v2\/pages\/19134\/revisions"}],"predecessor-version":[{"id":19136,"href":"https:\/\/comunitamagnificat.org\/es\/wp-json\/wp\/v2\/pages\/19134\/revisions\/19136"}],"up":[{"embeddable":true,"href":"https:\/\/comunitamagnificat.org\/es\/wp-json\/wp\/v2\/pages\/19158"}],"wp:featuredmedia":[{"embeddable":true,"href":"https:\/\/comunitamagnificat.org\/es\/wp-json\/wp\/v2\/media\/15991"}],"wp:attachment":[{"href":"https:\/\/comunitamagnificat.org\/es\/wp-json\/wp\/v2\/media?parent=19134"}],"curies":[{"name":"wp","href":"https:\/\/api.w.org\/{rel}","templated":true}]}}