{"id":19147,"date":"2024-08-22T18:38:01","date_gmt":"2024-08-22T16:38:01","guid":{"rendered":"https:\/\/comunitamagnificat.org\/tu-palabra-me-encanta\/"},"modified":"2025-09-10T18:19:02","modified_gmt":"2025-09-10T16:19:02","slug":"tu-palabra-me-encanta","status":"publish","type":"page","link":"https:\/\/comunitamagnificat.org\/es\/publicaciones\/las-canciones\/tu-palabra-me-encanta\/","title":{"rendered":"Tu Palabra me encanta"},"content":{"rendered":"\n<div class=\"wp-block-columns is-layout-flex wp-container-core-columns-is-layout-9d6595d7 wp-block-columns-is-layout-flex\">\n<div class=\"wp-block-column is-layout-flow wp-block-column-is-layout-flow\">\n<div style=\"height:30px\" aria-hidden=\"true\" class=\"wp-block-spacer\"><\/div>\n\n\n\n<div class=\"wp-block-columns is-layout-flex wp-container-core-columns-is-layout-9d6595d7 wp-block-columns-is-layout-flex\">\n<div class=\"wp-block-column is-layout-flow wp-block-column-is-layout-flow\"><\/div>\n\n\n\n<div class=\"wp-block-column is-layout-flow wp-block-column-is-layout-flow\">\n<figure class=\"wp-block-image size-large\"><picture data-lightbox=\"https:\/\/comunitamagnificat.org\/wp-content\/uploads\/2025\/09\/Copertina.jpg\"><source type='image\/jpeg' srcset='https:\/\/comunitamagnificat.org\/wp-content\/uploads\/2025\/09\/Copertina.jpg 1652w, https:\/\/comunitamagnificat.org\/wp-content\/uploads\/2025\/09\/Copertina-300x267.jpg 300w, https:\/\/comunitamagnificat.org\/wp-content\/uploads\/2025\/09\/Copertina-1024x910.jpg 1024w, https:\/\/comunitamagnificat.org\/wp-content\/uploads\/2025\/09\/Copertina-768x682.jpg 768w, https:\/\/comunitamagnificat.org\/wp-content\/uploads\/2025\/09\/Copertina-1536x1365.jpg 1536w' sizes='(max-width: 1652px) 100vw, 1652px' \/><img loading=\"lazy\" decoding=\"async\" width=\"1024\" height=\"910\" src=\"https:\/\/comunitamagnificat.org\/wp-content\/uploads\/2025\/09\/Copertina-1024x910.jpg\" alt=\"\" class=\"wp-image-24921\"\/><\/picture><\/figure>\n<\/div>\n\n\n\n<div class=\"wp-block-column is-layout-flow wp-block-column-is-layout-flow\"><\/div>\n<\/div>\n\n\n\n<div style=\"height:30px\" aria-hidden=\"true\" class=\"wp-block-spacer\"><\/div>\n\n\n\n<p>Esta colecci\u00f3n de canciones se recopil\u00f3 con motivo del 30 aniversario de la fundaci\u00f3n de la Comunidad y se present\u00f3 en la Convenci\u00f3n General de enero de 2008.<\/p>\n\n\n\n<div style=\"height:30px\" aria-hidden=\"true\" class=\"wp-block-spacer\"><\/div>\n\n\n\n<p>Consta de 16 canciones de seis autores diferentes, todas, de alguna manera, conectadas por el tema de la Palabra de Dios.<\/p>\n\n\n\n<div style=\"height:30px\" aria-hidden=\"true\" class=\"wp-block-spacer\"><\/div>\n\n\n\n<p>A continuaci\u00f3n figura una lista de las canciones y sus autores, todos ellos miembros de la Comunidad: <strong>Vieni tu solo<\/strong> ( <em>don Livio Tacchini<\/em>); <strong>Eccomi <\/strong>( <em>Daniela Saetta<\/em>); <strong>Il mio diletto <\/strong>( <em>Valentina Bettelli<\/em>); <strong>Canto di vittoria <\/strong>( <em>Maria Rita Castellani<\/em>); <strong>Io sono tranquillo e sereno <\/strong>( <em>Daniela Saetta<\/em>); <strong>Buon Ges\u00f9<\/strong> ( <em><em>Don Livio Tacchini<\/em><\/em>); <strong>En la habitaci\u00f3n de mi alma <\/strong>( <em>Elena Yarrow<\/em>);         <strong>Jes\u00fas s\u00f3lo t\u00fa <\/strong>( <em><em>Daniela Saetta<\/em><\/em>); <strong>Li illuminer\u00e0 <\/strong>( <em>Daniela Saetta<\/em>); <strong>Trisaghion <\/strong>( <em><em>Don Livio Tacchini<\/em><\/em>); <strong>Te pertenezco <\/strong>( <em>Lucio Pio Molinaro<\/em>); <strong>Si mi pueblo<\/strong> ( <em><em>Daniela Saetta<\/em><\/em>); <strong>Esp\u00edritu del Padre<\/strong> ( <em>Valentina Bettelli<\/em>);       <strong>Caridad<\/strong> <em>(Maria Rita Castellani<\/em>); <strong>Su amor por m\u00ed<\/strong><em>(Don Livio Tacchini<\/em>); <strong>\u00bfQui\u00e9n rodar\u00e1 la piedra por nosotros? <\/strong><em>(Daniela Saetta<\/em>).<\/p>\n\n\n\n<div style=\"height:30px\" aria-hidden=\"true\" class=\"wp-block-spacer\"><\/div>\n\n\n\n<p>Bajo la direcci\u00f3n art\u00edstica de <em>Michele Rossetti<\/em>, las canciones fueron interpretadas por:<\/p>\n\n\n\n<p><strong>VOCES SOLISTAS<\/strong>: <em>Valentina Bettelli<\/em>, <em>Alberto Carlini<\/em>, <em>Gianluca Franchi<\/em>, <em>Guglielmo Fumi<\/em>, <em>Francesca<\/em> <em>Roscini, Gloria Roscini<\/em>, <em>Daniela Saetta<\/em>, <em>Brunella<\/em> <em>Tacchini, Don Livio Tacchini<\/em>.<br\/><strong>VOCES CORALES<\/strong>: <em>Caterina Bezzecheri<\/em>, <em>Anna Cavalagli<\/em>, <em>Giorgia Fanelli<\/em>, <em>Valentina Franzoni<\/em>, <em>Angela Galli<\/em>, <em>Anna Lince<\/em>, <em>Michele Mandrelli<\/em>, <em>Daniela Mariottini<\/em>, <em>Daniele Ruggeri<\/em>, <em>Alessandro Scarda<\/em>, <em>Davide Tassi<\/em>, <em>Luciana Ugolini<\/em>, <em>Silvia Vinti<\/em><br\/><strong>VOCES INFANTILES<\/strong>: <em>Veronica Rossetti<\/em>, <em>Ester<\/em> <em>Carloni, Elena Carloni<\/em>, <em>Vittoria Epicoco<\/em>, <em>Francesca Roscini<\/em><br\/><strong>INSTRUMENTOS<\/strong>: Viol\u00edn: <em>Luca Arcese<\/em>, <em>Katia Ghigi<\/em>. Viola: <em>Luca Arcese<\/em>. Violonchelo: <em>Marco Becchetti<\/em>. Flauta: <em>Claudia Giottoli<\/em>. Piano: <em>Michele Rossetti<\/em>.    <br\/><strong>ARREGLOS Y ESCRITURA VOCAL<\/strong>: <em>Alberto Brizzi<\/em>, <em>Michele Rossetti<\/em><\/p>\n\n\n\n<div style=\"height:30px\" aria-hidden=\"true\" class=\"wp-block-spacer\"><\/div>\n\n\n\n<div class=\"wp-block-columns is-layout-flex wp-container-core-columns-is-layout-9d6595d7 wp-block-columns-is-layout-flex\">\n<div class=\"wp-block-column is-layout-flow wp-block-column-is-layout-flow\" style=\"flex-basis:100%\">\n<p>Estos son los mp3 de las canciones:<\/p>\n<\/div>\n<\/div>\n\n\n\n<div class=\"wp-block-columns is-layout-flex wp-container-core-columns-is-layout-9d6595d7 wp-block-columns-is-layout-flex\">\n<div class=\"wp-block-column is-layout-flow wp-block-column-is-layout-flow\">\n<figure class=\"wp-block-audio\"><audio controls=\"\" src=\"https:\/\/comunitamagnificat.org\/wp-content\/uploads\/2021\/04\/01-Vieni-tu-solo.mp3\"><\/audio><figcaption class=\"wp-element-caption\"><em>Ven t\u00fa solo<\/em><\/figcaption><\/figure>\n\n\n\n<figure class=\"wp-block-audio\"><audio controls=\"\" src=\"https:\/\/comunitamagnificat.org\/wp-content\/uploads\/2021\/04\/02-Eccomi.mp3\"><\/audio><figcaption class=\"wp-element-caption\"><em>Aqu\u00ed estoy<\/em><\/figcaption><\/figure>\n\n\n\n<figure class=\"wp-block-audio\"><audio controls=\"\" src=\"https:\/\/comunitamagnificat.org\/wp-content\/uploads\/2021\/04\/03-Il-mio-diletto.mp3\"><\/audio><figcaption class=\"wp-element-caption\"><em>Mi alegr\u00eda<\/em><\/figcaption><\/figure>\n\n\n\n<figure class=\"wp-block-audio\"><audio controls=\"\" src=\"https:\/\/comunitamagnificat.org\/wp-content\/uploads\/2021\/04\/04-Canto-di-vittoria.mp3\"><\/audio><figcaption class=\"wp-element-caption\"><em>Canci\u00f3n de la Victoria<\/em><\/figcaption><\/figure>\n\n\n\n<figure class=\"wp-block-audio\"><audio controls=\"\" src=\"https:\/\/comunitamagnificat.org\/wp-content\/uploads\/2021\/04\/05-Io-sono-tranquillo-e-sereno.mp3\"><\/audio><figcaption class=\"wp-element-caption\"><em>Estoy tranquilo y sereno<\/em><\/figcaption><\/figure>\n\n\n\n<figure class=\"wp-block-audio\"><audio controls=\"\" src=\"https:\/\/comunitamagnificat.org\/wp-content\/uploads\/2021\/04\/06-Buon-Gesu.mp3\"><\/audio><figcaption class=\"wp-element-caption\"><em>Buen Jes\u00fas<\/em><\/figcaption><\/figure>\n\n\n\n<figure class=\"wp-block-audio\"><audio controls=\"\" src=\"https:\/\/comunitamagnificat.org\/wp-content\/uploads\/2021\/04\/07-Nella-stanza-dellanima-mia.mp3\"><\/audio><figcaption class=\"wp-element-caption\"><em>En la habitaci\u00f3n de mi alma<\/em><\/figcaption><\/figure>\n\n\n\n<figure class=\"wp-block-audio\"><audio controls=\"\" src=\"https:\/\/comunitamagnificat.org\/wp-content\/uploads\/2021\/04\/08-Gesu-solo-tu.mp3\"><\/audio><figcaption class=\"wp-element-caption\"><em>Jes\u00fas s\u00f3lo t\u00fa<\/em><\/figcaption><\/figure>\n\n\n\n<figure class=\"wp-block-audio\"><audio controls=\"\" src=\"https:\/\/comunitamagnificat.org\/wp-content\/uploads\/2021\/04\/09-Li-illuminera.mp3\"><\/audio><figcaption class=\"wp-element-caption\"><em>Los iluminar\u00e1<\/em><\/figcaption><\/figure>\n\n\n\n<figure class=\"wp-block-audio\"><audio controls=\"\" src=\"https:\/\/comunitamagnificat.org\/wp-content\/uploads\/2021\/04\/10-Trisaghion.mp3\"><\/audio><figcaption class=\"wp-element-caption\"><em>Trisaghion<\/em><\/figcaption><\/figure>\n\n\n\n<figure class=\"wp-block-audio\"><audio controls=\"\" src=\"https:\/\/comunitamagnificat.org\/wp-content\/uploads\/2021\/04\/11-Io-ti-appartengo.mp3\"><\/audio><figcaption class=\"wp-element-caption\"><em>Te pertenezco<\/em><\/figcaption><\/figure>\n\n\n\n<figure class=\"wp-block-audio\"><audio controls=\"\" src=\"https:\/\/comunitamagnificat.org\/wp-content\/uploads\/2021\/04\/12-Se-il-mio-popolo.mp3\"><\/audio><figcaption class=\"wp-element-caption\"><em>Si mi pueblo<\/em><\/figcaption><\/figure>\n\n\n\n<figure class=\"wp-block-audio\"><audio controls=\"\" src=\"https:\/\/comunitamagnificat.org\/wp-content\/uploads\/2021\/04\/13-Spirito-damore.mp3\"><\/audio><figcaption class=\"wp-element-caption\"><em>Esp\u00edritu del Padre<\/em><\/figcaption><\/figure>\n\n\n\n<figure class=\"wp-block-audio\"><audio controls=\"\" src=\"https:\/\/comunitamagnificat.org\/wp-content\/uploads\/2021\/04\/14-La-carita.mp3\"><\/audio><figcaption class=\"wp-element-caption\"><em>Caridad<\/em><\/figcaption><\/figure>\n\n\n\n<figure class=\"wp-block-audio\"><audio controls=\"\" src=\"https:\/\/comunitamagnificat.org\/wp-content\/uploads\/2021\/04\/15-Il-suo-amore-per-me.mp3\"><\/audio><figcaption class=\"wp-element-caption\"><em>Su amor por m\u00ed<\/em><\/figcaption><\/figure>\n\n\n\n<figure class=\"wp-block-audio\"><audio controls=\"\" src=\"https:\/\/comunitamagnificat.org\/wp-content\/uploads\/2021\/04\/16-Chi-ci-fara-rotolare-la-pietra.mp3\"><\/audio><figcaption class=\"wp-element-caption\"><em>\u00bfQui\u00e9n rodar\u00e1 la piedra por nosotros?<\/em><\/figcaption><\/figure>\n<\/div>\n\n\n\n<div class=\"wp-block-column is-layout-flow wp-block-column-is-layout-flow\"><\/div>\n<\/div>\n\n\n\n<div style=\"height:30px\" aria-hidden=\"true\" class=\"wp-block-spacer\"><\/div>\n\n\n\n<div class=\"wp-block-columns is-layout-flex wp-container-core-columns-is-layout-9d6595d7 wp-block-columns-is-layout-flex\">\n<div class=\"wp-block-column is-layout-flow wp-block-column-is-layout-flow\">\n<p>Aqu\u00ed tienes algunos v\u00eddeos realizados con las canciones de esta colecci\u00f3n:<\/p>\n<\/div>\n<\/div>\n<\/div>\n<\/div>\n\n<div class=\"wp-block-columns is-layout-flex wp-container-core-columns-is-layout-9d6595d7 wp-block-columns-is-layout-flex\">\n<div class=\"wp-block-column is-layout-flow wp-block-column-is-layout-flow\">\n<figure class=\"wp-block-embed is-type-video is-provider-youtube wp-block-embed-youtube wp-embed-aspect-16-9 wp-has-aspect-ratio\"><div class=\"wp-block-embed__wrapper\">\n<iframe loading=\"lazy\" title=\"Buon Ges\u00f9\" width=\"500\" height=\"281\" src=\"https:\/\/www.youtube.com\/embed\/Dc2zfuAM2DY?list=PLLnp9XgmlaS_rDD7LhN_CBwm-8dcQT3mF\" frameborder=\"0\" allow=\"accelerometer; autoplay; clipboard-write; encrypted-media; gyroscope; picture-in-picture; web-share\" referrerpolicy=\"strict-origin-when-cross-origin\" allowfullscreen><\/iframe>\n<\/div><\/figure>\n<\/div>\n\n\n\n<div class=\"wp-block-column is-layout-flow wp-block-column-is-layout-flow\">\n<figure class=\"wp-block-embed is-type-video is-provider-youtube wp-block-embed-youtube wp-embed-aspect-16-9 wp-has-aspect-ratio\"><div class=\"wp-block-embed__wrapper\">\n<iframe loading=\"lazy\" title=\"Io sono tranquillo e sereno\" width=\"500\" height=\"281\" src=\"https:\/\/www.youtube.com\/embed\/vUmWpBhL3_o?list=PLLnp9XgmlaS_rDD7LhN_CBwm-8dcQT3mF\" frameborder=\"0\" allow=\"accelerometer; autoplay; clipboard-write; encrypted-media; gyroscope; picture-in-picture; web-share\" referrerpolicy=\"strict-origin-when-cross-origin\" allowfullscreen><\/iframe>\n<\/div><\/figure>\n<\/div>\n<\/div>\n\n<div class=\"wp-block-columns is-layout-flex wp-container-core-columns-is-layout-9d6595d7 wp-block-columns-is-layout-flex\">\n<div class=\"wp-block-column is-layout-flow wp-block-column-is-layout-flow\">\n<figure class=\"wp-block-embed is-type-video is-provider-youtube wp-block-embed-youtube wp-embed-aspect-16-9 wp-has-aspect-ratio\"><div class=\"wp-block-embed__wrapper\">\n<iframe loading=\"lazy\" title=\"Se il mio popolo\" width=\"500\" height=\"281\" src=\"https:\/\/www.youtube.com\/embed\/FZjpWRa1X7w?list=PLLnp9XgmlaS_rDD7LhN_CBwm-8dcQT3mF\" frameborder=\"0\" allow=\"accelerometer; autoplay; clipboard-write; encrypted-media; gyroscope; picture-in-picture; web-share\" referrerpolicy=\"strict-origin-when-cross-origin\" allowfullscreen><\/iframe>\n<\/div><\/figure>\n<\/div>\n\n\n\n<div class=\"wp-block-column is-layout-flow wp-block-column-is-layout-flow\">\n<figure class=\"wp-block-embed is-type-video is-provider-youtube wp-block-embed-youtube wp-embed-aspect-16-9 wp-has-aspect-ratio\"><div class=\"wp-block-embed__wrapper\">\n<iframe loading=\"lazy\" title=\"Il Suo amore per me\" width=\"500\" height=\"281\" src=\"https:\/\/www.youtube.com\/embed\/-nkZOZXmhxU?list=PLLnp9XgmlaS_rDD7LhN_CBwm-8dcQT3mF\" frameborder=\"0\" allow=\"accelerometer; autoplay; clipboard-write; encrypted-media; gyroscope; picture-in-picture; web-share\" referrerpolicy=\"strict-origin-when-cross-origin\" allowfullscreen><\/iframe>\n<\/div><\/figure>\n<\/div>\n<\/div>\n\n<div class=\"wp-block-columns is-layout-flex wp-container-core-columns-is-layout-9d6595d7 wp-block-columns-is-layout-flex\">\n<div class=\"wp-block-column is-layout-flow wp-block-column-is-layout-flow\">\n<figure class=\"wp-block-embed is-type-video is-provider-youtube wp-block-embed-youtube wp-embed-aspect-16-9 wp-has-aspect-ratio\"><div class=\"wp-block-embed__wrapper\">\n<iframe loading=\"lazy\" title=\"Chi ci far\u00e0 rotolare la pietra\" width=\"500\" height=\"281\" src=\"https:\/\/www.youtube.com\/embed\/_9X__TNjA_A?list=PLLnp9XgmlaS_rDD7LhN_CBwm-8dcQT3mF\" frameborder=\"0\" allow=\"accelerometer; autoplay; clipboard-write; encrypted-media; gyroscope; picture-in-picture; web-share\" referrerpolicy=\"strict-origin-when-cross-origin\" allowfullscreen><\/iframe>\n<\/div><\/figure>\n<\/div>\n\n\n\n<div class=\"wp-block-column is-layout-flow wp-block-column-is-layout-flow\">\n<p><\/p>\n<\/div>\n<\/div>\n\n<div style=\"height:50px\" aria-hidden=\"true\" class=\"wp-block-spacer\"><\/div>\n","protected":false},"excerpt":{"rendered":"<p>Esta colecci\u00f3n de canciones se recopil\u00f3 con motivo del 30 aniversario de la fundaci\u00f3n de la Comunidad y se present\u00f3 en la Convenci\u00f3n General de enero de 2008. Consta de 16 canciones de seis autores diferentes, todas, de alguna manera, conectadas por el tema de la Palabra de Dios. A continuaci\u00f3n figura una lista de [&hellip;]<\/p>\n","protected":false},"author":3,"featured_media":15855,"parent":19158,"menu_order":0,"comment_status":"closed","ping_status":"closed","template":"","meta":{"om_disable_all_campaigns":false,"_monsterinsights_skip_tracking":false,"_monsterinsights_sitenote_active":false,"_monsterinsights_sitenote_note":"","_monsterinsights_sitenote_category":0,"_uf_show_specific_survey":0,"_uf_disable_surveys":false,"footnotes":""},"class_list":["post-19147","page","type-page","status-publish","has-post-thumbnail","hentry"],"aioseo_notices":[],"_links":{"self":[{"href":"https:\/\/comunitamagnificat.org\/es\/wp-json\/wp\/v2\/pages\/19147","targetHints":{"allow":["GET"]}}],"collection":[{"href":"https:\/\/comunitamagnificat.org\/es\/wp-json\/wp\/v2\/pages"}],"about":[{"href":"https:\/\/comunitamagnificat.org\/es\/wp-json\/wp\/v2\/types\/page"}],"author":[{"embeddable":true,"href":"https:\/\/comunitamagnificat.org\/es\/wp-json\/wp\/v2\/users\/3"}],"replies":[{"embeddable":true,"href":"https:\/\/comunitamagnificat.org\/es\/wp-json\/wp\/v2\/comments?post=19147"}],"version-history":[{"count":4,"href":"https:\/\/comunitamagnificat.org\/es\/wp-json\/wp\/v2\/pages\/19147\/revisions"}],"predecessor-version":[{"id":24950,"href":"https:\/\/comunitamagnificat.org\/es\/wp-json\/wp\/v2\/pages\/19147\/revisions\/24950"}],"up":[{"embeddable":true,"href":"https:\/\/comunitamagnificat.org\/es\/wp-json\/wp\/v2\/pages\/19158"}],"wp:featuredmedia":[{"embeddable":true,"href":"https:\/\/comunitamagnificat.org\/es\/wp-json\/wp\/v2\/media\/15855"}],"wp:attachment":[{"href":"https:\/\/comunitamagnificat.org\/es\/wp-json\/wp\/v2\/media?parent=19147"}],"curies":[{"name":"wp","href":"https:\/\/api.w.org\/{rel}","templated":true}]}}