{"id":19149,"date":"2024-08-22T18:38:05","date_gmt":"2024-08-22T16:38:05","guid":{"rendered":"https:\/\/comunitamagnificat.org\/ven-espiritu-creador\/"},"modified":"2024-08-22T18:38:38","modified_gmt":"2024-08-22T16:38:38","slug":"ven-espiritu-creador","status":"publish","type":"page","link":"https:\/\/comunitamagnificat.org\/es\/publicaciones\/las-canciones\/ven-espiritu-creador\/","title":{"rendered":"Ven Esp\u00edritu Creador"},"content":{"rendered":"\n<div class=\"wp-block-columns is-layout-flex wp-container-core-columns-is-layout-9d6595d7 wp-block-columns-is-layout-flex\">\n<div class=\"wp-block-column is-layout-flow wp-block-column-is-layout-flow\">\n<div style=\"height:30px\" aria-hidden=\"true\" class=\"wp-block-spacer\"><\/div>\n\n\n\n<div class=\"wp-block-columns is-layout-flex wp-container-core-columns-is-layout-9d6595d7 wp-block-columns-is-layout-flex\">\n<div class=\"wp-block-column is-layout-flow wp-block-column-is-layout-flow\"><\/div>\n\n\n\n<div class=\"wp-block-column is-layout-flow wp-block-column-is-layout-flow\">\n<figure class=\"wp-block-image size-large\"><picture data-lightbox=\"https:\/\/comunitamagnificat.org\/wp-content\/uploads\/2021\/04\/Copertina-2.jpg\"><source type='image\/jpeg' srcset='https:\/\/comunitamagnificat.org\/wp-content\/uploads\/2021\/04\/Copertina-2.jpg 1641w, https:\/\/comunitamagnificat.org\/wp-content\/uploads\/2021\/04\/Copertina-2-300x269.jpg 300w, https:\/\/comunitamagnificat.org\/wp-content\/uploads\/2021\/04\/Copertina-2-1024x919.jpg 1024w, https:\/\/comunitamagnificat.org\/wp-content\/uploads\/2021\/04\/Copertina-2-768x689.jpg 768w, https:\/\/comunitamagnificat.org\/wp-content\/uploads\/2021\/04\/Copertina-2-1536x1378.jpg 1536w' sizes='(max-width: 1641px) 100vw, 1641px' \/><img loading=\"lazy\" decoding=\"async\" width=\"1024\" height=\"919\" src=\"https:\/\/comunitamagnificat.org\/wp-content\/uploads\/2021\/04\/Copertina-2-1024x919.jpg\" alt=\"\" class=\"wp-image-8011\"\/><\/picture><\/figure>\n<\/div>\n\n\n\n<div class=\"wp-block-column is-layout-flow wp-block-column-is-layout-flow\"><\/div>\n<\/div>\n\n\n\n<div style=\"height:30px\" aria-hidden=\"true\" class=\"wp-block-spacer\"><\/div>\n\n\n\n<p>En 2011 vio la luz esta colecci\u00f3n de canciones dedicadas principalmente al Esp\u00edritu Santo, con 14 temas.<\/p>\n\n\n\n<div style=\"height:30px\" aria-hidden=\"true\" class=\"wp-block-spacer\"><\/div>\n\n\n\n<p>A continuaci\u00f3n encontrar\u00e1s una lista de las canciones y sus autores, todos ellos miembros de la Comunidad: \n<strong>Plasmami<\/strong> (\n<em>Daniela Saetta<\/em>); \n<strong>Ven Esp\u00edritu Creador<\/strong> (\n<em>Alessandro Di Michele<\/em>); \n<strong>Esp\u00edritu Santo, Santo <\/strong>(\n<em>Gloria Roscini<\/em>); \n<strong>Me abandono <\/strong>(\n<em>Daniela Saetta<\/em>); \n<strong>Secuencia <\/strong>(\n<em>Don Livio Tacchini<\/em>); \n<strong>Baja Esp\u00edritu Santo<\/strong> (\n<em>Lucio Pio Moilnaro<\/em>); \n<strong>El Esp\u00edritu del Se\u00f1or est\u00e1 sobre m\u00ed<\/strong> (\n<em>Valter Ferrero<\/em>); \n<strong>Te amo y te hago amar<\/strong> (        <em>Daniela Saetta<\/em>); \n<strong>Esp\u00edritu de amor <\/strong>(\n<em>Elena Milenrama Mezzetti<\/em>); \n<strong>Que te busco<\/strong> (\n<em>Daniela Saetta<\/em>); \n<strong>Infante Dio<\/strong> (\n<em>Don Livio Tacchini<\/em>); \n<strong>Magnificat<\/strong> (\n<em>Daniela Saetta<\/em>); <strong>Maranath\u00e0<\/strong> (<em><em>Daniela Saetta<\/em><\/em>); <strong>Llama al Esp\u00edritu<\/strong><em>( Daniela Saetta<\/em>).    <\/p>\n\n\n\n<div style=\"height:30px\" aria-hidden=\"true\" class=\"wp-block-spacer\"><\/div>\n\n\n\n<p>Las canciones fueron interpretadas por:<\/p>\n\n\n\n<p><strong>VOCES<\/strong>: <em>Valentina Bettelli<\/em>, <em>Elisa Calderini<\/em>, <em>Fra Diego Entali<\/em>, <em>Valter Ferrero<\/em>, <em>Gioia Fioriti<\/em>, <em>Guglielmo Fumi<\/em>, <em>Luca Mondanelli<\/em>, <em>Sarah Piccioni<\/em>, <em>Francesca<\/em> <em>Roscini, Gloria<\/em> <em>Roscini, Stefano Roscini<\/em>, <em>Daniela Saetta<\/em>, <em>Don Livio Tacchini<\/em>, <em>Silvia Vinti<\/em><br\/><strong>INSTRUMENTOS<\/strong>: Piano: <em>Manuel Magrini<\/em>, <em>Michele Rossetti<\/em>.\nGuitarra: <em>Valter Ferrero<\/em>.\nBajo: <em>Francesco Platoni<\/em>.\nTrompeta: <em>Giampiero Magrini<\/em>   <br\/><strong>ARREGLOS<\/strong>: <em>Alberto Brizzi<\/em><\/p>\n\n\n\n<div style=\"height:30px\" aria-hidden=\"true\" class=\"wp-block-spacer\"><\/div>\n\n\n\n<p>Estos son los mp3 de las canciones:<\/p>\n\n\n\n<div class=\"wp-block-columns is-layout-flex wp-container-core-columns-is-layout-9d6595d7 wp-block-columns-is-layout-flex\">\n<div class=\"wp-block-column is-layout-flow wp-block-column-is-layout-flow\">\n<figure class=\"wp-block-audio\"><audio controls=\"\" src=\"https:\/\/comunitamagnificat.org\/wp-content\/uploads\/2021\/04\/01-Plasmami.mp3\"><\/audio><figcaption><em>Plasmami<\/em><\/figcaption><\/figure>\n\n\n\n<figure class=\"wp-block-audio\"><audio controls=\"\" src=\"https:\/\/comunitamagnificat.org\/wp-content\/uploads\/2021\/04\/02-Vieni-Spirito-Creatore.mp3\"><\/audio><figcaption><em>Ven Esp\u00edritu Creador<\/em><\/figcaption><\/figure>\n\n\n\n<figure class=\"wp-block-audio\"><audio controls=\"\" src=\"https:\/\/comunitamagnificat.org\/wp-content\/uploads\/2021\/04\/03-Santo-Santo-Spirito.mp3\"><\/audio><figcaption><em>Esp\u00edritu Santo<\/em><\/figcaption><\/figure>\n\n\n\n<figure class=\"wp-block-audio\"><audio controls=\"\" src=\"https:\/\/comunitamagnificat.org\/wp-content\/uploads\/2021\/04\/04-Mi-abbandono.mp3\"><\/audio><figcaption><em>Me abandono<\/em><\/figcaption><\/figure>\n\n\n\n<figure class=\"wp-block-audio\"><audio controls=\"\" src=\"https:\/\/comunitamagnificat.org\/wp-content\/uploads\/2021\/04\/05-Sequenza.mp3\"><\/audio><figcaption><em>Secuencia<\/em><\/figcaption><\/figure>\n\n\n\n<figure class=\"wp-block-audio\"><audio controls=\"\" src=\"https:\/\/comunitamagnificat.org\/wp-content\/uploads\/2021\/04\/06-Scendi-Spirito-Santo.mp3\"><\/audio><figcaption><em>Baja Esp\u00edritu Santo<\/em><\/figcaption><\/figure>\n\n\n\n<figure class=\"wp-block-audio\"><audio controls=\"\" src=\"https:\/\/comunitamagnificat.org\/wp-content\/uploads\/2021\/04\/07-Lo-Spirito-del-Signore-e-su-di-me.mp3\"><\/audio><figcaption><em>El Esp\u00edritu del Se\u00f1or est\u00e1 sobre m\u00ed<\/em><\/figcaption><\/figure>\n\n\n\n<figure class=\"wp-block-audio\"><audio controls=\"\" src=\"https:\/\/comunitamagnificat.org\/wp-content\/uploads\/2021\/04\/08-Amarti-e-farti-amare.mp3\"><\/audio><figcaption><em>Amarte y ser amado<\/em><\/figcaption><\/figure>\n\n\n\n<figure class=\"wp-block-audio\"><audio controls=\"\" src=\"https:\/\/comunitamagnificat.org\/wp-content\/uploads\/2021\/04\/09-Spirito-damore.mp3\"><\/audio><figcaption><em>Esp\u00edritu de amor<\/em><\/figcaption><\/figure>\n\n\n\n<figure class=\"wp-block-audio\"><audio controls=\"\" src=\"https:\/\/comunitamagnificat.org\/wp-content\/uploads\/2021\/04\/10-Che-io-ti-cerchi.mp3\"><\/audio><figcaption><em>Que te busco<\/em><\/figcaption><\/figure>\n\n\n\n<figure class=\"wp-block-audio\"><audio controls=\"\" src=\"https:\/\/comunitamagnificat.org\/wp-content\/uploads\/2021\/04\/11-Infante-Dio.mp3\"><\/audio><figcaption><em>Dios Infante<\/em><\/figcaption><\/figure>\n\n\n\n<figure class=\"wp-block-audio\"><audio controls=\"\" src=\"https:\/\/comunitamagnificat.org\/wp-content\/uploads\/2021\/04\/12-Magnificat.mp3\"><\/audio><figcaption><em>Magnificat<\/em><\/figcaption><\/figure>\n\n\n\n<figure class=\"wp-block-audio\"><audio controls=\"\" src=\"https:\/\/comunitamagnificat.org\/wp-content\/uploads\/2021\/04\/13-Maranatha.mp3\"><\/audio><figcaption><em>Maranath\u00e0<\/em><\/figcaption><\/figure>\n\n\n\n<figure class=\"wp-block-audio\"><audio controls=\"\" src=\"https:\/\/comunitamagnificat.org\/wp-content\/uploads\/2021\/04\/14-Chiama-lo-Spirito.mp3\"><\/audio><figcaption><em>Llamar al Esp\u00edritu<\/em><\/figcaption><\/figure>\n<\/div>\n\n\n\n<div class=\"wp-block-column is-layout-flow wp-block-column-is-layout-flow\"><\/div>\n<\/div>\n\n\n\n<div style=\"height:30px\" aria-hidden=\"true\" class=\"wp-block-spacer\"><\/div>\n\n\n\n<p>Aqu\u00ed tienes un fragmento de v\u00eddeo de esta colecci\u00f3n<\/p>\n\n\n\n<div style=\"height:30px\" aria-hidden=\"true\" class=\"wp-block-spacer\"><\/div>\n\n\n\n<div class=\"wp-block-columns is-layout-flex wp-container-core-columns-is-layout-9d6595d7 wp-block-columns-is-layout-flex\">\n<div class=\"wp-block-column is-layout-flow wp-block-column-is-layout-flow\">\n<figure class=\"wp-block-embed is-type-video is-provider-youtube wp-block-embed-youtube wp-embed-aspect-16-9 wp-has-aspect-ratio\"><div class=\"wp-block-embed__wrapper\"> \n<iframe loading=\"lazy\" title=\"Vieni Spirito Creatore\" width=\"500\" height=\"281\" src=\"https:\/\/www.youtube.com\/embed\/KLwBaiRYjfE?list=PLLnp9XgmlaS_rDD7LhN_CBwm-8dcQT3mF\" frameborder=\"0\" allow=\"accelerometer; autoplay; clipboard-write; encrypted-media; gyroscope; picture-in-picture; web-share\" referrerpolicy=\"strict-origin-when-cross-origin\" allowfullscreen><\/iframe>\n <\/div><\/figure>\n<\/div>\n\n\n\n<div class=\"wp-block-column is-layout-flow wp-block-column-is-layout-flow\"><\/div>\n<\/div>\n\n\n\n<div style=\"height:50px\" aria-hidden=\"true\" class=\"wp-block-spacer\"><\/div>\n\n\n\n<p><\/p>\n<\/div>\n<\/div>\n","protected":false},"excerpt":{"rendered":"<p>En 2011 vio la luz esta colecci\u00f3n de canciones dedicadas principalmente al Esp\u00edritu Santo, con 14 temas. A continuaci\u00f3n encontrar\u00e1s una lista de las canciones y sus autores, todos ellos miembros de la Comunidad: Plasmami ( Daniela Saetta); Ven Esp\u00edritu Creador ( Alessandro Di Michele); Esp\u00edritu Santo, Santo ( Gloria Roscini); Me abandono ( Daniela [&hellip;]<\/p>\n","protected":false},"author":3,"featured_media":15927,"parent":19158,"menu_order":0,"comment_status":"closed","ping_status":"closed","template":"","meta":{"om_disable_all_campaigns":false,"_monsterinsights_skip_tracking":false,"_monsterinsights_sitenote_active":false,"_monsterinsights_sitenote_note":"","_monsterinsights_sitenote_category":0,"_uf_show_specific_survey":0,"_uf_disable_surveys":false,"footnotes":""},"class_list":["post-19149","page","type-page","status-publish","has-post-thumbnail","hentry"],"aioseo_notices":[],"_links":{"self":[{"href":"https:\/\/comunitamagnificat.org\/es\/wp-json\/wp\/v2\/pages\/19149","targetHints":{"allow":["GET"]}}],"collection":[{"href":"https:\/\/comunitamagnificat.org\/es\/wp-json\/wp\/v2\/pages"}],"about":[{"href":"https:\/\/comunitamagnificat.org\/es\/wp-json\/wp\/v2\/types\/page"}],"author":[{"embeddable":true,"href":"https:\/\/comunitamagnificat.org\/es\/wp-json\/wp\/v2\/users\/3"}],"replies":[{"embeddable":true,"href":"https:\/\/comunitamagnificat.org\/es\/wp-json\/wp\/v2\/comments?post=19149"}],"version-history":[{"count":1,"href":"https:\/\/comunitamagnificat.org\/es\/wp-json\/wp\/v2\/pages\/19149\/revisions"}],"predecessor-version":[{"id":19151,"href":"https:\/\/comunitamagnificat.org\/es\/wp-json\/wp\/v2\/pages\/19149\/revisions\/19151"}],"up":[{"embeddable":true,"href":"https:\/\/comunitamagnificat.org\/es\/wp-json\/wp\/v2\/pages\/19158"}],"wp:featuredmedia":[{"embeddable":true,"href":"https:\/\/comunitamagnificat.org\/es\/wp-json\/wp\/v2\/media\/15927"}],"wp:attachment":[{"href":"https:\/\/comunitamagnificat.org\/es\/wp-json\/wp\/v2\/media?parent=19149"}],"curies":[{"name":"wp","href":"https:\/\/api.w.org\/{rel}","templated":true}]}}