{"id":19158,"date":"2024-08-22T18:38:37","date_gmt":"2024-08-22T16:38:37","guid":{"rendered":"https:\/\/comunitamagnificat.org\/las-canciones\/"},"modified":"2025-09-10T18:14:22","modified_gmt":"2025-09-10T16:14:22","slug":"las-canciones","status":"publish","type":"page","link":"https:\/\/comunitamagnificat.org\/es\/publicaciones\/las-canciones\/","title":{"rendered":"Las canciones"},"content":{"rendered":"\n<div style=\"height:30px\" aria-hidden=\"true\" class=\"wp-block-spacer\"><\/div>\n\n<p>La producci\u00f3n musical de la Comunidad ha sido muy prol\u00edfica desde sus primeros a\u00f1os: cantos de alabanza, cantos de meditaci\u00f3n, cantos b\u00edblicos, se han ido acumulando a lo largo de los a\u00f1os hasta formar un verdadero patrimonio que se pone aqu\u00ed a disposici\u00f3n de quienes deseen alabar, orar y meditar a trav\u00e9s de ellos.<\/p>\n\n<div style=\"height:30px\" aria-hidden=\"true\" class=\"wp-block-spacer\"><\/div>\n\n<p>Hasta la fecha se han publicado cinco colecciones (cuatro en italiano y una en turco); si haces clic en el t\u00edtulo, acceder\u00e1s a la p\u00e1gina correspondiente, donde encontrar\u00e1s textos, audio y v\u00eddeo:<\/p>\n\n<div style=\"height:30px\" aria-hidden=\"true\" class=\"wp-block-spacer\"><\/div>\n\n<ul class=\"wp-block-list\"><li><strong><em><a href=\"https:\/\/comunitamagnificat.org\/es\/publicaciones\/las-canciones\/sigue-subiendo\/\" data-type=\"page\" data-id=\"7914\">Sigue subiendo<\/a><\/em><\/strong><\/li><li><strong><em><a href=\"https:\/\/comunitamagnificat.org\/es\/publicaciones\/las-canciones\/tu-palabra-me-encanta\/\" data-type=\"page\" data-id=\"7917\">Tu Palabra me encanta<\/a><\/em><\/strong><\/li><li><strong><em><a href=\"https:\/\/comunitamagnificat.org\/es\/publicaciones\/las-canciones\/ven-espiritu-creador\/\" data-type=\"page\" data-id=\"7919\">Ven Esp\u00edritu Creador<\/a><\/em><\/strong><\/li><li><strong><em><a href=\"https:\/\/comunitamagnificat.org\/es\/publicaciones\/las-canciones\/el-sueno-de-dios\/\" data-type=\"page\" data-id=\"7921\">El sue\u00f1o de Dios<\/a><\/em><\/strong><\/li><li><em><strong><a href=\"https:\/\/comunitamagnificat.org\/es\/publicaciones\/las-canciones\/kalbim-seninle\/\" data-type=\"page\" data-id=\"7923\">Kalbim seninle<\/a><\/strong><\/em><\/li><\/ul>\n\n<div style=\"height:30px\" aria-hidden=\"true\" class=\"wp-block-spacer\"><\/div>\n\n<p>Tambi\u00e9n hay una serie de canciones producidas y \u00abutilizadas\u00bb en la oraci\u00f3n por la Comunidad que a\u00fan no se han publicado en CD ni de ninguna otra forma. Los textos de \u00e9stas tambi\u00e9n figuran en una p\u00e1gina aparte. <\/p>\n\n<div style=\"height:30px\" aria-hidden=\"true\" class=\"wp-block-spacer\"><\/div>\n\n<ul class=\"wp-block-list\"><li><strong><em><a href=\"https:\/\/comunitamagnificat.org\/es\/publicaciones\/las-canciones\/varias-canciones\/\" data-type=\"page\" data-id=\"7927\">Varias canciones<\/a><\/em><\/strong><\/li><\/ul>\n\n<div style=\"height:50px\" aria-hidden=\"true\" class=\"wp-block-spacer\"><\/div>\n\n<div style=\"height:30px\" aria-hidden=\"true\" class=\"wp-block-spacer\"><\/div>\n","protected":false},"excerpt":{"rendered":"<p>La producci\u00f3n musical de la Comunidad ha sido muy prol\u00edfica desde sus primeros a\u00f1os: cantos de alabanza, cantos de meditaci\u00f3n, cantos b\u00edblicos, se han ido acumulando a lo largo de los a\u00f1os hasta formar un verdadero patrimonio que se pone aqu\u00ed a disposici\u00f3n de quienes deseen alabar, orar y meditar a trav\u00e9s de ellos. Hasta [&hellip;]<\/p>\n","protected":false},"author":3,"featured_media":15599,"parent":20588,"menu_order":0,"comment_status":"closed","ping_status":"closed","template":"","meta":{"om_disable_all_campaigns":false,"_monsterinsights_skip_tracking":false,"_monsterinsights_sitenote_active":false,"_monsterinsights_sitenote_note":"","_monsterinsights_sitenote_category":0,"_uf_show_specific_survey":0,"_uf_disable_surveys":false,"footnotes":""},"class_list":["post-19158","page","type-page","status-publish","has-post-thumbnail","hentry"],"aioseo_notices":[],"_links":{"self":[{"href":"https:\/\/comunitamagnificat.org\/es\/wp-json\/wp\/v2\/pages\/19158","targetHints":{"allow":["GET"]}}],"collection":[{"href":"https:\/\/comunitamagnificat.org\/es\/wp-json\/wp\/v2\/pages"}],"about":[{"href":"https:\/\/comunitamagnificat.org\/es\/wp-json\/wp\/v2\/types\/page"}],"author":[{"embeddable":true,"href":"https:\/\/comunitamagnificat.org\/es\/wp-json\/wp\/v2\/users\/3"}],"replies":[{"embeddable":true,"href":"https:\/\/comunitamagnificat.org\/es\/wp-json\/wp\/v2\/comments?post=19158"}],"version-history":[{"count":4,"href":"https:\/\/comunitamagnificat.org\/es\/wp-json\/wp\/v2\/pages\/19158\/revisions"}],"predecessor-version":[{"id":24933,"href":"https:\/\/comunitamagnificat.org\/es\/wp-json\/wp\/v2\/pages\/19158\/revisions\/24933"}],"up":[{"embeddable":true,"href":"https:\/\/comunitamagnificat.org\/es\/wp-json\/wp\/v2\/pages\/20588"}],"wp:featuredmedia":[{"embeddable":true,"href":"https:\/\/comunitamagnificat.org\/es\/wp-json\/wp\/v2\/media\/15599"}],"wp:attachment":[{"href":"https:\/\/comunitamagnificat.org\/es\/wp-json\/wp\/v2\/media?parent=19158"}],"curies":[{"name":"wp","href":"https:\/\/api.w.org\/{rel}","templated":true}]}}