{"id":19174,"date":"2024-08-23T00:42:12","date_gmt":"2024-08-22T22:42:12","guid":{"rendered":"https:\/\/comunitamagnificat.org\/comunidad\/"},"modified":"2024-10-05T19:13:47","modified_gmt":"2024-10-05T17:13:47","slug":"comunidad","status":"publish","type":"page","link":"https:\/\/comunitamagnificat.org\/es\/comunidad\/","title":{"rendered":"Comunidad"},"content":{"rendered":"\n<div style=\"height:30px\" aria-hidden=\"true\" class=\"wp-block-spacer\"><\/div>\n\n<blockquote class=\"wp-block-quote is-layout-flow wp-block-quote-is-layout-flow\">\n<p><em><strong>Perseveraban<\/strong> <strong>en la ense\u00f1anza de los ap\u00f3stoles<\/strong> <strong>y en la comuni\u00f3n, en la fracci\u00f3n del pan<\/strong> <strong>y en la oraci\u00f3n.<\/strong><br\/><strong>En todos reinaba un sentimiento de asombro,<\/strong><\/em> <em><strong>y se produc\u00edan prodigios y se\u00f1ales<\/strong><\/em> <em><strong>por obra de los ap\u00f3stoles.<\/strong><\/em><br\/><em><strong>Todos los creyentes estaban juntos<\/strong><\/em> <em><strong>y ten\u00edan todo en com\u00fan<\/strong><\/em> <em><strong>vend\u00edan sus propiedades y posesiones<\/strong><\/em> <em><strong>y los compart\u00edan con todos<\/strong><\/em> <em><strong>seg\u00fan la necesidad de cada uno.<\/strong><\/em><br\/><em><strong>Todos los d\u00edas<\/strong><\/em> <em><strong>perseveraban juntos en el templo<\/strong><\/em> <em><strong>y, partiendo el pan en las casas<\/strong><\/em> <em><strong>tomaban el alimento con alegr\u00eda<\/strong><\/em> <em><strong>y sencillez de coraz\u00f3n, alabando a Dios<\/strong><\/em> <em><strong>y gozando del favor de todo el pueblo.<\/strong><\/em><br\/><em><strong>Mientras tanto el Se\u00f1or cada d\u00eda<\/strong><\/em> <em><strong>a\u00f1ad\u00eda a la comunidad<\/strong><\/em> <em><strong>a los que se salvaban<\/strong><\/em><\/p>\n<cite><em>Hechos de los Ap\u00f3stoles <\/em>2: 42-47<\/cite><\/blockquote>\n\n<div style=\"height:30px\" aria-hidden=\"true\" class=\"wp-block-spacer\"><\/div>\n\n<p>La base de toda la construcci\u00f3n comunitaria reside en dos palabras: \u00ab.<em>..estaban juntos<\/em>&#8230;\u00bb, como relatan los Hechos de los Ap\u00f3stoles.\nLa primera comunidad cristiana all\u00ed descrita es el modelo al que mira la Comunidad Magnificat para formarse, siguiendo la acci\u00f3n del Esp\u00edritu Santo que act\u00faa en el coraz\u00f3n de cada persona y en todo el cuerpo. <\/p>\n\n<div style=\"height:30px\" aria-hidden=\"true\" class=\"wp-block-spacer\"><\/div>\n\n<p>Esta fraternidad pr\u00e1ctica, entrelazada con la oraci\u00f3n com\u00fan, compartiendo vida y camino espiritual, trabajando por el Reino de Dios, es el modelo de las Fraternidades que componen la Comunidad.<\/p>\n\n<div style=\"height:30px\" aria-hidden=\"true\" class=\"wp-block-spacer\"><\/div>\n\n<p>Los pactantes se hacen custodios unos de otros, viviendo en sumisi\u00f3n mutua.\nY el pacto custodia la vida del cuerpo comunitario. <\/p>\n\n<div style=\"height:50px\" aria-hidden=\"true\" class=\"wp-block-spacer\"><\/div>\n\n<div style=\"height:30px\" aria-hidden=\"true\" class=\"wp-block-spacer\"><\/div>\n","protected":false},"excerpt":{"rendered":"<p>Perseveraban en la ense\u00f1anza de los ap\u00f3stoles y en la comuni\u00f3n, en la fracci\u00f3n del pan y en la oraci\u00f3n.En todos reinaba un sentimiento de asombro, y se produc\u00edan prodigios y se\u00f1ales por obra de los ap\u00f3stoles.Todos los creyentes estaban juntos y ten\u00edan todo en com\u00fan vend\u00edan sus propiedades y posesiones y los compart\u00edan con [&hellip;]<\/p>\n","protected":false},"author":3,"featured_media":10875,"parent":0,"menu_order":0,"comment_status":"closed","ping_status":"closed","template":"","meta":{"om_disable_all_campaigns":false,"_monsterinsights_skip_tracking":false,"_monsterinsights_sitenote_active":false,"_monsterinsights_sitenote_note":"","_monsterinsights_sitenote_category":0,"_uf_show_specific_survey":0,"_uf_disable_surveys":false,"footnotes":""},"class_list":["post-19174","page","type-page","status-publish","has-post-thumbnail","hentry"],"aioseo_notices":[],"_links":{"self":[{"href":"https:\/\/comunitamagnificat.org\/es\/wp-json\/wp\/v2\/pages\/19174","targetHints":{"allow":["GET"]}}],"collection":[{"href":"https:\/\/comunitamagnificat.org\/es\/wp-json\/wp\/v2\/pages"}],"about":[{"href":"https:\/\/comunitamagnificat.org\/es\/wp-json\/wp\/v2\/types\/page"}],"author":[{"embeddable":true,"href":"https:\/\/comunitamagnificat.org\/es\/wp-json\/wp\/v2\/users\/3"}],"replies":[{"embeddable":true,"href":"https:\/\/comunitamagnificat.org\/es\/wp-json\/wp\/v2\/comments?post=19174"}],"version-history":[{"count":2,"href":"https:\/\/comunitamagnificat.org\/es\/wp-json\/wp\/v2\/pages\/19174\/revisions"}],"predecessor-version":[{"id":21376,"href":"https:\/\/comunitamagnificat.org\/es\/wp-json\/wp\/v2\/pages\/19174\/revisions\/21376"}],"wp:featuredmedia":[{"embeddable":true,"href":"https:\/\/comunitamagnificat.org\/es\/wp-json\/wp\/v2\/media\/10875"}],"wp:attachment":[{"href":"https:\/\/comunitamagnificat.org\/es\/wp-json\/wp\/v2\/media?parent=19174"}],"curies":[{"name":"wp","href":"https:\/\/api.w.org\/{rel}","templated":true}]}}