{"id":19175,"date":"2024-08-23T00:42:13","date_gmt":"2024-08-22T22:42:13","guid":{"rendered":"https:\/\/comunitamagnificat.org\/sonar-el-sueno-de-dios\/"},"modified":"2024-09-30T13:02:31","modified_gmt":"2024-09-30T11:02:31","slug":"sonar-el-sueno-de-dios","status":"publish","type":"page","link":"https:\/\/comunitamagnificat.org\/es\/sonar-el-sueno-de-dios\/","title":{"rendered":"So\u00f1ar el sue\u00f1o de Dios"},"content":{"rendered":"\n<div style=\"height:30px\" aria-hidden=\"true\" class=\"wp-block-spacer\"><\/div>\n\n<blockquote class=\"wp-block-quote is-layout-flow wp-block-quote-is-layout-flow\">\n<p><strong><em>Construir\u00e1s la vivienda<\/em> <em>seg\u00fan la disposici\u00f3n<\/em> <em>que se te mostr\u00f3 en la monta\u00f1a<\/em><\/strong><\/p>\n<cite>\u00c9xodo 26, 30<\/cite><\/blockquote>\n\n<div style=\"height:30px\" aria-hidden=\"true\" class=\"wp-block-spacer\"><\/div>\n\n<p>La comunidad es un proyecto de Dios.<\/p>\n\n<div style=\"height:30px\" aria-hidden=\"true\" class=\"wp-block-spacer\"><\/div>\n\n<p>Los miembros de la comunidad quieren ser constructores de este proyecto, que no es suyo, que se les muestra paso a paso.<\/p>\n\n<div style=\"height:30px\" aria-hidden=\"true\" class=\"wp-block-spacer\"><\/div>\n\n<p>Muchas veces se vio que la direcci\u00f3n en la que empujaba el Esp\u00edritu era distinta de la imaginada; a menudo la Comunidad se enfrentaba a su propia falibilidad, que la alejaba del camino correcto, al que luego ten\u00eda que volver.<\/p>\n\n<div style=\"height:30px\" aria-hidden=\"true\" class=\"wp-block-spacer\"><\/div>\n\n<p>Dios tiene grandes sue\u00f1os, los de los hombres son peque\u00f1os; por eso siempre es necesario cuestionarnos, renunciar a lo que parece que ya hemos conseguido y a lo que parece que hemos comprendido cuando el Se\u00f1or nos desvela una nueva dimensi\u00f3n de su sue\u00f1o.<\/p>\n\n<div style=\"height:30px\" aria-hidden=\"true\" class=\"wp-block-spacer\"><\/div>\n\n<p>La expresi\u00f3n<em>\u00abSo\u00f1ar el sue\u00f1o de Dios<\/em>\u00bb procede de una famosa ense\u00f1anza impartida por Tarcisio Mezzetti, en el <em>Cen\u00e1culo Franciscano<\/em> de Santa Maria degli Angeli, el 10 de marzo de 1985.\nTuvo un gran impacto en la Comunidad en aquel momento y, a\u00fan hoy, sigue siendo una fuerte fuente de inspiraci\u00f3n. <\/p>\n\n<div style=\"height:30px\" aria-hidden=\"true\" class=\"wp-block-spacer\"><\/div>\n\n<p>Aqu\u00ed est\u00e1 el audio original de ese d\u00eda:<\/p>\n\n<div style=\"height:30px\" aria-hidden=\"true\" class=\"wp-block-spacer\"><\/div>\n\n<div class=\"wp-block-columns is-layout-flex wp-container-core-columns-is-layout-9d6595d7 wp-block-columns-is-layout-flex\">\n<div class=\"wp-block-column is-layout-flow wp-block-column-is-layout-flow\" style=\"flex-basis:15%\"><\/div>\n\n\n\n<div class=\"wp-block-column is-layout-flow wp-block-column-is-layout-flow\">\n<figure class=\"wp-block-audio\"><audio controls=\"\" src=\"https:\/\/comunitamagnificat.org\/wp-content\/uploads\/2021\/04\/Sognare-il-sogno-di-Dio.mp3\"><\/audio><\/figure>\n<\/div>\n\n\n\n<div class=\"wp-block-column is-layout-flow wp-block-column-is-layout-flow\" style=\"flex-basis:15%\"><\/div>\n<\/div>\n\n<div style=\"height:30px\" aria-hidden=\"true\" class=\"wp-block-spacer\"><\/div>\n\n<p>Aqu\u00ed tienes el pdf del texto de la catequesis:<\/p>\n\n<div class=\"wp-block-columns is-layout-flex wp-container-core-columns-is-layout-9d6595d7 wp-block-columns-is-layout-flex\">\n<div class=\"wp-block-column is-layout-flow wp-block-column-is-layout-flow\">\n<div class=\"wp-block-file\"><a href=\"https:\/\/comunitamagnificat.org\/wp-content\/uploads\/2021\/04\/Sognare_il_sogno_di_Dio.pdf\"><strong><em>So\u00f1ar el sue\u00f1o de Dios<\/em><\/strong><\/a><a href=\"https:\/\/comunitamagnificat.org\/wp-content\/uploads\/2021\/04\/Sognare_il_sogno_di_Dio.pdf\" class=\"wp-block-file__button wp-element-button\" download=\"\">Descarga<\/a><\/div>\n<\/div>\n<\/div>\n\n<div style=\"height:50px\" aria-hidden=\"true\" class=\"wp-block-spacer\"><\/div>\n","protected":false},"excerpt":{"rendered":"<p>Construir\u00e1s la vivienda seg\u00fan la disposici\u00f3n que se te mostr\u00f3 en la monta\u00f1a \u00c9xodo 26, 30 La comunidad es un proyecto de Dios. Los miembros de la comunidad quieren ser constructores de este proyecto, que no es suyo, que se les muestra paso a paso. Muchas veces se vio que la direcci\u00f3n en la que [&hellip;]<\/p>\n","protected":false},"author":3,"featured_media":10883,"parent":0,"menu_order":0,"comment_status":"closed","ping_status":"closed","template":"","meta":{"om_disable_all_campaigns":false,"_monsterinsights_skip_tracking":false,"_monsterinsights_sitenote_active":false,"_monsterinsights_sitenote_note":"","_monsterinsights_sitenote_category":0,"_uf_show_specific_survey":0,"_uf_disable_surveys":false,"footnotes":""},"class_list":["post-19175","page","type-page","status-publish","has-post-thumbnail","hentry"],"aioseo_notices":[],"_links":{"self":[{"href":"https:\/\/comunitamagnificat.org\/es\/wp-json\/wp\/v2\/pages\/19175","targetHints":{"allow":["GET"]}}],"collection":[{"href":"https:\/\/comunitamagnificat.org\/es\/wp-json\/wp\/v2\/pages"}],"about":[{"href":"https:\/\/comunitamagnificat.org\/es\/wp-json\/wp\/v2\/types\/page"}],"author":[{"embeddable":true,"href":"https:\/\/comunitamagnificat.org\/es\/wp-json\/wp\/v2\/users\/3"}],"replies":[{"embeddable":true,"href":"https:\/\/comunitamagnificat.org\/es\/wp-json\/wp\/v2\/comments?post=19175"}],"version-history":[{"count":4,"href":"https:\/\/comunitamagnificat.org\/es\/wp-json\/wp\/v2\/pages\/19175\/revisions"}],"predecessor-version":[{"id":21283,"href":"https:\/\/comunitamagnificat.org\/es\/wp-json\/wp\/v2\/pages\/19175\/revisions\/21283"}],"wp:featuredmedia":[{"embeddable":true,"href":"https:\/\/comunitamagnificat.org\/es\/wp-json\/wp\/v2\/media\/10883"}],"wp:attachment":[{"href":"https:\/\/comunitamagnificat.org\/es\/wp-json\/wp\/v2\/media?parent=19175"}],"curies":[{"name":"wp","href":"https:\/\/api.w.org\/{rel}","templated":true}]}}