{"id":19183,"date":"2024-08-23T00:42:21","date_gmt":"2024-08-22T22:42:21","guid":{"rendered":"https:\/\/comunitamagnificat.org\/contemplacion-y-accion\/"},"modified":"2024-10-05T19:36:40","modified_gmt":"2024-10-05T17:36:40","slug":"contemplacion-y-accion","status":"publish","type":"page","link":"https:\/\/comunitamagnificat.org\/es\/contemplacion-y-accion\/","title":{"rendered":"Contemplaci\u00f3n y acci\u00f3n"},"content":{"rendered":"\n<div style=\"height:30px\" aria-hidden=\"true\" class=\"wp-block-spacer\"><\/div>\n\n<blockquote class=\"wp-block-quote is-layout-flow wp-block-quote-is-layout-flow\">\n<p><strong><em><br\/>Entonces subi\u00f3 a la monta\u00f1a, llam\u00f3 a s\u00ed a los que quer\u00eda y vinieron a \u00e9l. Nombr\u00f3 a Doce de ellos -a los que llam\u00f3 ap\u00f3stoles- para que se quedaran con \u00e9l y los enviara a predicar con poder para expulsar demonios<\/em><\/strong><\/p>\n<cite><em>Marcos<\/em> 3, 13-15<\/cite><\/blockquote>\n\n<div style=\"height:30px\" aria-hidden=\"true\" class=\"wp-block-spacer\"><\/div>\n\n<p>El <em>Pre\u00e1mbulo<\/em> de los Estatutos afirma:<em>\u00abCreemos que el nombre Magnificat indica que cada miembro de la Comunidad se propone unir <\/em>la contemplaci\u00f3n<em> a la<\/em>acci\u00f3n<em>, como Mar\u00eda que, en cuanto recibi\u00f3 el don de Jes\u00fas en su interior, se apresur\u00f3 a llev\u00e1rselo a Isabel<\/em>.<\/p>\n\n<div style=\"height:30px\" aria-hidden=\"true\" class=\"wp-block-spacer\"><\/div>\n\n<p>\u00a1No se puede recibir realmente a Jes\u00fas sin llevarlo a los dem\u00e1s!<\/p>\n\n<div style=\"height:30px\" aria-hidden=\"true\" class=\"wp-block-spacer\"><\/div>\n\n<p>La vida espiritual del cuerpo comunitario, por tanto, alterna constantemente entre <em>la adoraci\u00f3n<\/em> y el <em>ministerio<\/em>, entre <em>estar con Jes\u00fas<\/em> e<em>ir a predicar<\/em>, entre <em>el Tabor<\/em> y el <em>valle<\/em>.<\/p>\n\n<div style=\"height:30px\" aria-hidden=\"true\" class=\"wp-block-spacer\"><\/div>\n\n<p>En el Tabor todo parece f\u00e1cil, la voz de Dios es clara, el coraz\u00f3n est\u00e1 lleno de alegr\u00eda: la hora de adoraci\u00f3n nocturna, ciertas oraciones comunitarias que lamentan terminar, una oraci\u00f3n sobre el hermano cuando la acci\u00f3n de Dios es tangible&#8230; luego bajas de la monta\u00f1a, te enfrentas a tus propias limitaciones y a las de los dem\u00e1s, con la fatiga del Evangelio.\nPero no hay uno sin el otro: el valle y la monta\u00f1a se miran. <\/p>\n\n<div style=\"height:50px\" aria-hidden=\"true\" class=\"wp-block-spacer\"><\/div>\n\n<p><\/p>\n","protected":false},"excerpt":{"rendered":"<p>Entonces subi\u00f3 a la monta\u00f1a, llam\u00f3 a s\u00ed a los que quer\u00eda y vinieron a \u00e9l. Nombr\u00f3 a Doce de ellos -a los que llam\u00f3 ap\u00f3stoles- para que se quedaran con \u00e9l y los enviara a predicar con poder para expulsar demonios Marcos 3, 13-15 El Pre\u00e1mbulo de los Estatutos afirma:\u00abCreemos que el nombre Magnificat [&hellip;]<\/p>\n","protected":false},"author":3,"featured_media":10879,"parent":0,"menu_order":0,"comment_status":"closed","ping_status":"closed","template":"","meta":{"om_disable_all_campaigns":false,"_monsterinsights_skip_tracking":false,"_monsterinsights_sitenote_active":false,"_monsterinsights_sitenote_note":"","_monsterinsights_sitenote_category":0,"_uf_show_specific_survey":0,"_uf_disable_surveys":false,"footnotes":""},"class_list":["post-19183","page","type-page","status-publish","has-post-thumbnail","hentry"],"aioseo_notices":[],"_links":{"self":[{"href":"https:\/\/comunitamagnificat.org\/es\/wp-json\/wp\/v2\/pages\/19183","targetHints":{"allow":["GET"]}}],"collection":[{"href":"https:\/\/comunitamagnificat.org\/es\/wp-json\/wp\/v2\/pages"}],"about":[{"href":"https:\/\/comunitamagnificat.org\/es\/wp-json\/wp\/v2\/types\/page"}],"author":[{"embeddable":true,"href":"https:\/\/comunitamagnificat.org\/es\/wp-json\/wp\/v2\/users\/3"}],"replies":[{"embeddable":true,"href":"https:\/\/comunitamagnificat.org\/es\/wp-json\/wp\/v2\/comments?post=19183"}],"version-history":[{"count":2,"href":"https:\/\/comunitamagnificat.org\/es\/wp-json\/wp\/v2\/pages\/19183\/revisions"}],"predecessor-version":[{"id":21382,"href":"https:\/\/comunitamagnificat.org\/es\/wp-json\/wp\/v2\/pages\/19183\/revisions\/21382"}],"wp:featuredmedia":[{"embeddable":true,"href":"https:\/\/comunitamagnificat.org\/es\/wp-json\/wp\/v2\/media\/10879"}],"wp:attachment":[{"href":"https:\/\/comunitamagnificat.org\/es\/wp-json\/wp\/v2\/media?parent=19183"}],"curies":[{"name":"wp","href":"https:\/\/api.w.org\/{rel}","templated":true}]}}