{"id":19189,"date":"2024-08-23T00:42:28","date_gmt":"2024-08-22T22:42:28","guid":{"rendered":"https:\/\/comunitamagnificat.org\/vocacion\/"},"modified":"2025-01-22T17:35:19","modified_gmt":"2025-01-22T16:35:19","slug":"vocacion","status":"publish","type":"page","link":"https:\/\/comunitamagnificat.org\/es\/vocacion\/","title":{"rendered":"Vocaci\u00f3n"},"content":{"rendered":"\n<div style=\"height:30px\" aria-hidden=\"true\" class=\"wp-block-spacer\"><\/div>\n\n<blockquote class=\"wp-block-quote is-layout-flow wp-block-quote-is-layout-flow\">\n<p><em><strong>T\u00fa no me elegiste<\/strong><\/em><br\/><em><strong>pero yo te eleg\u00ed a ti<\/strong><\/em><\/p>\n<cite><em>Juan<\/em> 15, 16<\/cite><\/blockquote>\n\n<div style=\"height:30px\" aria-hidden=\"true\" class=\"wp-block-spacer\"><\/div>\n\n<p>Para los miembros de la Comunidad, la<em>Alianza<\/em> es una verdadera vocaci\u00f3n que se integra en el estado de vida en el que uno se encuentra: en la vida conyugal, en la paternidad y maternidad, en el celibato por el Reino, en el ministerio consagrado.<\/p>\n\n<div style=\"height:30px\" aria-hidden=\"true\" class=\"wp-block-spacer\"><\/div>\n\n<p>Se llega a la conciencia de tal vocaci\u00f3n mediante un camino de discernimiento que parte de lejos&#8230;<\/p>\n\n<div style=\"height:30px\" aria-hidden=\"true\" class=\"wp-block-spacer\"><\/div>\n\n<p>A los hermanos y hermanas que entran en contacto con la Comunidad, tras la experiencia de<em>la efusi\u00f3n del Esp\u00edritu Santo<\/em>, se les ofrece un camino de profundizaci\u00f3n y crecimiento para que arraigue firmemente la <em>nueva vida en el Esp\u00edritu<\/em> experimentada.<\/p>\n\n<div style=\"height:30px\" aria-hidden=\"true\" class=\"wp-block-spacer\"><\/div>\n\n<p>Este camino, llamado <em>discipulado<\/em>, lleva a las personas a descubrir que ser cristiano significa entrar en una relaci\u00f3n comunitaria cada vez m\u00e1s profunda con otras personas que caminan con ellas, teniendo ante s\u00ed el modelo de la primera comunidad cristiana.<\/p>\n\n<div style=\"height:30px\" aria-hidden=\"true\" class=\"wp-block-spacer\"><\/div>\n\n<p>Durante el tiempo del discipulado, por tanto, se ayuda a los hermanos y hermanas a escuchar al Esp\u00edritu para que les revele cu\u00e1l es el plan de Dios para ellos, a qu\u00e9 comunidad cristiana les llama a unirse. Algunos, intuyendo que es precisamente la Comunidad Magnificat a la que el Se\u00f1or les llama, inician el camino de discernimiento que, desde el <em>discipulado<\/em>, les conduce a la <em>escuela de comunidad<\/em>, y que puede llevarles despu\u00e9s a pedir la experiencia del <em>Camino de Admisi\u00f3n<\/em>, con vistas a entrar en la <em>Alianza<\/em>. <\/p>\n\n<div style=\"height:50px\" aria-hidden=\"true\" class=\"wp-block-spacer\"><\/div>\n","protected":false},"excerpt":{"rendered":"<p>T\u00fa no me elegistepero yo te eleg\u00ed a ti Juan 15, 16 Para los miembros de la Comunidad, laAlianza es una verdadera vocaci\u00f3n que se integra en el estado de vida en el que uno se encuentra: en la vida conyugal, en la paternidad y maternidad, en el celibato por el Reino, en el ministerio [&hellip;]<\/p>\n","protected":false},"author":3,"featured_media":10871,"parent":0,"menu_order":0,"comment_status":"closed","ping_status":"closed","template":"","meta":{"om_disable_all_campaigns":false,"_monsterinsights_skip_tracking":false,"_monsterinsights_sitenote_active":false,"_monsterinsights_sitenote_note":"","_monsterinsights_sitenote_category":0,"_uf_show_specific_survey":0,"_uf_disable_surveys":false,"footnotes":""},"class_list":["post-19189","page","type-page","status-publish","has-post-thumbnail","hentry"],"aioseo_notices":[],"_links":{"self":[{"href":"https:\/\/comunitamagnificat.org\/es\/wp-json\/wp\/v2\/pages\/19189","targetHints":{"allow":["GET"]}}],"collection":[{"href":"https:\/\/comunitamagnificat.org\/es\/wp-json\/wp\/v2\/pages"}],"about":[{"href":"https:\/\/comunitamagnificat.org\/es\/wp-json\/wp\/v2\/types\/page"}],"author":[{"embeddable":true,"href":"https:\/\/comunitamagnificat.org\/es\/wp-json\/wp\/v2\/users\/3"}],"replies":[{"embeddable":true,"href":"https:\/\/comunitamagnificat.org\/es\/wp-json\/wp\/v2\/comments?post=19189"}],"version-history":[{"count":2,"href":"https:\/\/comunitamagnificat.org\/es\/wp-json\/wp\/v2\/pages\/19189\/revisions"}],"predecessor-version":[{"id":22610,"href":"https:\/\/comunitamagnificat.org\/es\/wp-json\/wp\/v2\/pages\/19189\/revisions\/22610"}],"wp:featuredmedia":[{"embeddable":true,"href":"https:\/\/comunitamagnificat.org\/es\/wp-json\/wp\/v2\/media\/10871"}],"wp:attachment":[{"href":"https:\/\/comunitamagnificat.org\/es\/wp-json\/wp\/v2\/media?parent=19189"}],"curies":[{"name":"wp","href":"https:\/\/api.w.org\/{rel}","templated":true}]}}