{"id":19204,"date":"2024-08-23T00:42:50","date_gmt":"2024-08-22T22:42:50","guid":{"rendered":"https:\/\/comunitamagnificat.org\/adoracion-eucaristica\/"},"modified":"2025-01-22T17:33:04","modified_gmt":"2025-01-22T16:33:04","slug":"adoracion-eucaristica","status":"publish","type":"page","link":"https:\/\/comunitamagnificat.org\/es\/adoracion-eucaristica\/","title":{"rendered":"Adoraci\u00f3n eucar\u00edstica"},"content":{"rendered":"\n<div style=\"height:30px\" aria-hidden=\"true\" class=\"wp-block-spacer\"><\/div>\n\n<blockquote class=\"wp-block-quote is-layout-flow wp-block-quote-is-layout-flow\">\n<p><em><strong><br\/>Busca al Se\u00f1or y su poder, busca siempre su rostro<\/strong><\/em><\/p>\n<cite>[104]Salmos 105 , 4<\/cite><\/blockquote>\n\n<div style=\"height:30px\" aria-hidden=\"true\" class=\"wp-block-spacer\"><\/div>\n\n<p>Cuando Tarcisio recibi\u00f3 la profec\u00eda \u00ab<strong><em><a href=\"https:\/\/comunitamagnificat.org\/es\/con-jesus-sobre-jesus-construir\/\" target=\"_blank\" rel=\"noopener\" title=\"\">Con Jes\u00fas, sobre Jes\u00fas, \u00a1construid!<\/a><\/em><\/strong>\u00ab, todo el contexto era evidentemente eucar\u00edstico: la iglesia, el altar de m\u00e1rmol blanco, el c\u00e1liz de vino y la hostia&#8230;<\/p>\n\n<div style=\"height:30px\" aria-hidden=\"true\" class=\"wp-block-spacer\"><\/div>\n\n<p>Por tanto,<em>la adoraci\u00f3n eucar\u00edstica<\/em> es la fuente continua de la que la Comunidad sacia su sed: de ella saca fuerzas para la evangelizaci\u00f3n, para toda acci\u00f3n ministerial, para el acompa\u00f1amiento espiritual.<\/p>\n\n<div style=\"height:30px\" aria-hidden=\"true\" class=\"wp-block-spacer\"><\/div>\n\n<p>La adoraci\u00f3n eucar\u00edstica -vivida semanalmente por cada aliado- ayuda a cada hermano y hermana a entrar en una relaci\u00f3n cada vez m\u00e1s \u00edntima y profunda con el Se\u00f1or, eligiendo la<em>\u00abmejor parte<\/em>\u00ab<em>(Lc <\/em>10,42), poni\u00e9ndose a los pies del Maestro para escucharle, llen\u00e1ndose los ojos con la imagen de su rostro, y <em>descendiendo<\/em> luego <em>del monte<\/em>, seguros de llevar algo del esplendor contemplado en el propio rostro.<\/p>\n\n<div style=\"height:30px\" aria-hidden=\"true\" class=\"wp-block-spacer\"><\/div>\n\n<p>Durante la Convenci\u00f3n General de 2005, se ense\u00f1\u00f3 a la Comunidad que un vaso que no est\u00e1 lleno de agua, cuando alguien se acerca a \u00e9l para saciar su sed, s\u00f3lo puede ofrecerse a s\u00ed mismo al sediento&#8230;\nPara dar algo de todos modos, intentar\u00e1 ofrecer trozos de s\u00ed misma, en lugar de agua: fragmentos afilados que producen heridas y muerte en lugar de vida. <\/p>\n\n<div style=\"height:30px\" aria-hidden=\"true\" class=\"wp-block-spacer\"><\/div>\n\n<p>Por eso, la Comunidad es consciente de que s\u00f3lo permaneciendo con Jes\u00fas, apoy\u00e1ndose \u00fanicamente en su gracia, podr\u00e1 ofrecer el<em>\u00abagua viva<\/em>\u00bb (Jn 4,10; 7,38) a todos los que encuentre.<\/p>\n\n<div style=\"height:30px\" aria-hidden=\"true\" class=\"wp-block-spacer\"><\/div>\n\n<p>Hay dos lugares hist\u00f3ricos donde la Comunidad vive permanentemente la adoraci\u00f3n eucar\u00edstica en Perusa: San Manno y Madonna della Luce.<\/p>\n\n<div style=\"height:30px\" aria-hidden=\"true\" class=\"wp-block-spacer\"><\/div>\n\n<div class=\"wp-block-columns is-layout-flex wp-container-core-columns-is-layout-9d6595d7 wp-block-columns-is-layout-flex\">\n<div class=\"wp-block-column is-layout-flow wp-block-column-is-layout-flow\" style=\"flex-basis:48%\">\n<figure class=\"wp-block-image size-large\"><picture data-lightbox=\"https:\/\/comunitamagnificat.org\/wp-content\/uploads\/2021\/04\/Chiesa-di-San-Manno-scaled.jpg\"><source type='image\/jpeg' srcset='https:\/\/comunitamagnificat.org\/wp-content\/uploads\/2021\/04\/Chiesa-di-San-Manno-scaled.jpg 2560w, https:\/\/comunitamagnificat.org\/wp-content\/uploads\/2021\/04\/Chiesa-di-San-Manno-300x218.jpg 300w, https:\/\/comunitamagnificat.org\/wp-content\/uploads\/2021\/04\/Chiesa-di-San-Manno-1024x745.jpg 1024w, https:\/\/comunitamagnificat.org\/wp-content\/uploads\/2021\/04\/Chiesa-di-San-Manno-768x559.jpg 768w, https:\/\/comunitamagnificat.org\/wp-content\/uploads\/2021\/04\/Chiesa-di-San-Manno-1536x1118.jpg 1536w, https:\/\/comunitamagnificat.org\/wp-content\/uploads\/2021\/04\/Chiesa-di-San-Manno-2048x1490.jpg 2048w' sizes='(max-width: 2560px) 100vw, 2560px' \/><img loading=\"lazy\" decoding=\"async\" width=\"1024\" height=\"745\" src=\"https:\/\/comunitamagnificat.org\/wp-content\/uploads\/2021\/04\/Chiesa-di-San-Manno-1024x745.jpg\" alt=\"\" class=\"wp-image-621\"\/><\/picture><figcaption class=\"wp-element-caption\">Fachada de la Iglesia de San Manno<\/figcaption><\/figure>\n<\/div>\n\n\n\n<div class=\"wp-block-column is-layout-flow wp-block-column-is-layout-flow\"><\/div>\n\n\n\n<div class=\"wp-block-column is-layout-flow wp-block-column-is-layout-flow\" style=\"flex-basis:23%\">\n<figure class=\"wp-block-image size-large\"><picture data-lightbox=\"https:\/\/comunitamagnificat.org\/wp-content\/uploads\/2021\/04\/Madonna-della-Luce-2-scaled.jpg\"><source type='image\/jpeg' srcset='https:\/\/comunitamagnificat.org\/wp-content\/uploads\/2021\/04\/Madonna-della-Luce-2-scaled.jpg 1706w, https:\/\/comunitamagnificat.org\/wp-content\/uploads\/2021\/04\/Madonna-della-Luce-2-200x300.jpg 200w, https:\/\/comunitamagnificat.org\/wp-content\/uploads\/2021\/04\/Madonna-della-Luce-2-683x1024.jpg 683w, https:\/\/comunitamagnificat.org\/wp-content\/uploads\/2021\/04\/Madonna-della-Luce-2-768x1152.jpg 768w, https:\/\/comunitamagnificat.org\/wp-content\/uploads\/2021\/04\/Madonna-della-Luce-2-1024x1536.jpg 1024w, https:\/\/comunitamagnificat.org\/wp-content\/uploads\/2021\/04\/Madonna-della-Luce-2-1365x2048.jpg 1365w' sizes='(max-width: 1706px) 100vw, 1706px' \/><img loading=\"lazy\" decoding=\"async\" width=\"683\" height=\"1024\" src=\"https:\/\/comunitamagnificat.org\/wp-content\/uploads\/2021\/04\/Madonna-della-Luce-2-683x1024.jpg\" alt=\"\" class=\"wp-image-546\"\/><\/picture><figcaption class=\"wp-element-caption\"><br\/>La Iglesia de Nuestra Se\u00f1ora de la Luz vista desde fuera de la puerta principal<\/figcaption><\/figure>\n<\/div>\n<\/div>\n\n<div style=\"height:50px\" aria-hidden=\"true\" class=\"wp-block-spacer\"><\/div>\n\n<p><\/p>\n","protected":false},"excerpt":{"rendered":"<p>Busca al Se\u00f1or y su poder, busca siempre su rostro [104]Salmos 105 , 4 Cuando Tarcisio recibi\u00f3 la profec\u00eda \u00abCon Jes\u00fas, sobre Jes\u00fas, \u00a1construid!\u00ab, todo el contexto era evidentemente eucar\u00edstico: la iglesia, el altar de m\u00e1rmol blanco, el c\u00e1liz de vino y la hostia&#8230; Por tanto,la adoraci\u00f3n eucar\u00edstica es la fuente continua de la que [&hellip;]<\/p>\n","protected":false},"author":3,"featured_media":10867,"parent":0,"menu_order":0,"comment_status":"closed","ping_status":"closed","template":"","meta":{"om_disable_all_campaigns":false,"_monsterinsights_skip_tracking":false,"_monsterinsights_sitenote_active":false,"_monsterinsights_sitenote_note":"","_monsterinsights_sitenote_category":0,"_uf_show_specific_survey":0,"_uf_disable_surveys":false,"footnotes":""},"class_list":["post-19204","page","type-page","status-publish","has-post-thumbnail","hentry"],"aioseo_notices":[],"_links":{"self":[{"href":"https:\/\/comunitamagnificat.org\/es\/wp-json\/wp\/v2\/pages\/19204","targetHints":{"allow":["GET"]}}],"collection":[{"href":"https:\/\/comunitamagnificat.org\/es\/wp-json\/wp\/v2\/pages"}],"about":[{"href":"https:\/\/comunitamagnificat.org\/es\/wp-json\/wp\/v2\/types\/page"}],"author":[{"embeddable":true,"href":"https:\/\/comunitamagnificat.org\/es\/wp-json\/wp\/v2\/users\/3"}],"replies":[{"embeddable":true,"href":"https:\/\/comunitamagnificat.org\/es\/wp-json\/wp\/v2\/comments?post=19204"}],"version-history":[{"count":2,"href":"https:\/\/comunitamagnificat.org\/es\/wp-json\/wp\/v2\/pages\/19204\/revisions"}],"predecessor-version":[{"id":22604,"href":"https:\/\/comunitamagnificat.org\/es\/wp-json\/wp\/v2\/pages\/19204\/revisions\/22604"}],"wp:featuredmedia":[{"embeddable":true,"href":"https:\/\/comunitamagnificat.org\/es\/wp-json\/wp\/v2\/media\/10867"}],"wp:attachment":[{"href":"https:\/\/comunitamagnificat.org\/es\/wp-json\/wp\/v2\/media?parent=19204"}],"curies":[{"name":"wp","href":"https:\/\/api.w.org\/{rel}","templated":true}]}}