{"id":19217,"date":"2024-08-23T00:43:30","date_gmt":"2024-08-22T22:43:30","guid":{"rendered":"https:\/\/comunitamagnificat.org\/ministerios-generales\/"},"modified":"2025-01-22T19:09:24","modified_gmt":"2025-01-22T18:09:24","slug":"ministerios-generales","status":"publish","type":"page","link":"https:\/\/comunitamagnificat.org\/es\/ministerios-generales\/","title":{"rendered":"Servicios Generales"},"content":{"rendered":"\n<div style=\"height:30px\" aria-hidden=\"true\" class=\"wp-block-spacer\"><\/div>\n\n<blockquote class=\"wp-block-quote is-layout-flow wp-block-quote-is-layout-flow\">\n<p><strong><em>A<\/em><\/strong><em><strong> cada uno le es dada una manifestaci\u00f3n particular del Esp\u00edritu<\/strong><\/em><br\/><em><strong>para el bien com\u00fan<\/strong><\/em><\/p>\n<cite><em>1 Corintios<\/em> 12:7<\/cite><\/blockquote>\n\n<div style=\"height:30px\" aria-hidden=\"true\" class=\"wp-block-spacer\"><\/div>\n\n<p>A medida que la Comunidad crec\u00eda en tama\u00f1o -y se extend\u00eda por varios continentes- se hizo necesario establecer servicios que se ocuparan de aspectos importantes de la vida comunitaria a nivel general.<\/p>\n\n<div style=\"height:30px\" aria-hidden=\"true\" class=\"wp-block-spacer\"><\/div>\n\n<p>Tienen la tarea, cada uno en su \u00e1mbito, de proporcionar formaci\u00f3n y \u00abconsejo\u00bb a las Fraternidades.<\/p>\n\n<div style=\"height:30px\" aria-hidden=\"true\" class=\"wp-block-spacer\"><\/div>\n\n<p>Estos departamentos dependen directamente de los directores generales, que nombran a sus miembros.<\/p>\n\n<div style=\"height:30px\" aria-hidden=\"true\" class=\"wp-block-spacer\"><\/div>\n\n<p>Hasta la fecha, se han establecido servicios generales en estas zonas:<\/p>\n\n<div style=\"height:30px\" aria-hidden=\"true\" class=\"wp-block-spacer\"><\/div>\n\n<ul class=\"wp-block-list\">\n<li><em>Equipo General de Juventud<\/em><\/li>\n\n\n\n<li><em>Acompa\u00f1amiento espiritual<\/em><\/li>\n\n\n\n<li><em>Ungido<\/em><\/li>\n\n\n\n<li><em>Discipulado<\/em><\/li>\n\n\n\n<li><em>Formaci\u00f3n de la Alianza<\/em><\/li>\n\n\n\n<li><em>Koinonia<\/em><\/li>\n\n\n\n<li><em>Misiones<\/em><\/li>\n\n\n\n<li><em>M\u00fasica y canto<\/em><\/li>\n<\/ul>\n\n<div style=\"height:50px\" aria-hidden=\"true\" class=\"wp-block-spacer\"><\/div>\n","protected":false},"excerpt":{"rendered":"<p>A cada uno le es dada una manifestaci\u00f3n particular del Esp\u00edritupara el bien com\u00fan 1 Corintios 12:7 A medida que la Comunidad crec\u00eda en tama\u00f1o -y se extend\u00eda por varios continentes- se hizo necesario establecer servicios que se ocuparan de aspectos importantes de la vida comunitaria a nivel general. Tienen la tarea, cada uno en [&hellip;]<\/p>\n","protected":false},"author":3,"featured_media":10955,"parent":0,"menu_order":0,"comment_status":"closed","ping_status":"closed","template":"","meta":{"om_disable_all_campaigns":false,"_monsterinsights_skip_tracking":false,"_monsterinsights_sitenote_active":false,"_monsterinsights_sitenote_note":"","_monsterinsights_sitenote_category":0,"_uf_show_specific_survey":0,"_uf_disable_surveys":false,"footnotes":""},"class_list":["post-19217","page","type-page","status-publish","has-post-thumbnail","hentry"],"aioseo_notices":[],"_links":{"self":[{"href":"https:\/\/comunitamagnificat.org\/es\/wp-json\/wp\/v2\/pages\/19217","targetHints":{"allow":["GET"]}}],"collection":[{"href":"https:\/\/comunitamagnificat.org\/es\/wp-json\/wp\/v2\/pages"}],"about":[{"href":"https:\/\/comunitamagnificat.org\/es\/wp-json\/wp\/v2\/types\/page"}],"author":[{"embeddable":true,"href":"https:\/\/comunitamagnificat.org\/es\/wp-json\/wp\/v2\/users\/3"}],"replies":[{"embeddable":true,"href":"https:\/\/comunitamagnificat.org\/es\/wp-json\/wp\/v2\/comments?post=19217"}],"version-history":[{"count":3,"href":"https:\/\/comunitamagnificat.org\/es\/wp-json\/wp\/v2\/pages\/19217\/revisions"}],"predecessor-version":[{"id":22671,"href":"https:\/\/comunitamagnificat.org\/es\/wp-json\/wp\/v2\/pages\/19217\/revisions\/22671"}],"wp:featuredmedia":[{"embeddable":true,"href":"https:\/\/comunitamagnificat.org\/es\/wp-json\/wp\/v2\/media\/10955"}],"wp:attachment":[{"href":"https:\/\/comunitamagnificat.org\/es\/wp-json\/wp\/v2\/media?parent=19217"}],"curies":[{"name":"wp","href":"https:\/\/api.w.org\/{rel}","templated":true}]}}