{"id":19220,"date":"2024-08-23T00:43:34","date_gmt":"2024-08-22T22:43:34","guid":{"rendered":"https:\/\/comunitamagnificat.org\/gobierno-colegiado\/"},"modified":"2025-01-22T18:51:12","modified_gmt":"2025-01-22T17:51:12","slug":"gobierno-colegiado","status":"publish","type":"page","link":"https:\/\/comunitamagnificat.org\/es\/gobierno-colegiado\/","title":{"rendered":"Gobierno colegiado"},"content":{"rendered":"\n<div style=\"height:30px\" aria-hidden=\"true\" class=\"wp-block-spacer\"><\/div>\n\n<blockquote class=\"wp-block-quote is-layout-flow wp-block-quote-is-layout-flow\">\n<p><em><strong>Los ap\u00f3stoles y los ancianos se reunieron<\/strong><\/em><br\/><em><strong>para examinar este problema<\/strong><\/em><\/p>\n<cite><em>Hechos de los Ap\u00f3stoles<\/em> 15:6<\/cite><\/blockquote>\n\n<div style=\"height:30px\" aria-hidden=\"true\" class=\"wp-block-spacer\"><\/div>\n\n<p>Para encarnar su vocaci\u00f3n de forma ordenada y fiel, la Comunidad Magnificat ha desarrollado una serie de servicios de rendici\u00f3n de cuentas. Cada uno de ellos est\u00e1 formado por entre tres y cinco hermanos; de cada uno de ellos se elige a un moderador para que represente externamente al cuerpo de dirigentes.<\/p>\n\n<div style=\"height:30px\" aria-hidden=\"true\" class=\"wp-block-spacer\"><\/div>\n\n<p>La Comunidad cree que las decisiones que se tomen en cada \u00e1mbito deben ser fruto de un discernimiento com\u00fan, vivido en la oraci\u00f3n, en la b\u00fasqueda constante de la voluntad de Dios. Por eso, los responsables, en su labor pastoral de gobierno de las fraternidades o en el \u00e1mbito general, ponen siempre en primer lugar la oraci\u00f3n com\u00fan para invocar de Dios los carismas necesarios para servir a los hermanos y hermanas que les han sido confiados, y una vez examinados los asuntos de su competencia, especialmente los de mayor importancia, vuelven a pedir al Se\u00f1or en la oraci\u00f3n que les ilumine tambi\u00e9n a trav\u00e9s de su palabra.<\/p>\n\n<div style=\"height:30px\" aria-hidden=\"true\" class=\"wp-block-spacer\"><\/div>\n\n<p>De esta forma de actuar se deduce que los \u00f3rganos de gobierno de la Comunidad se esfuerzan siempre por lograr la unanimidad en cada decisi\u00f3n.<\/p>\n\n<div style=\"height:30px\" aria-hidden=\"true\" class=\"wp-block-spacer\"><\/div>\n\n<p>Se trata, pues, de un tipo de gobierno colegiado que la Comunidad utiliza para tratar de <em>caminar humildemente con su Dios<\/em> (cf. Miqueas 6:8).<\/p>\n\n<p>A continuaci\u00f3n te damos algunas pistas sobre c\u00f3mo se gobierna la Comunidad a nivel de Fraternidad y a nivel general.<\/p>\n\n<div style=\"height:30px\" aria-hidden=\"true\" class=\"wp-block-spacer\"><\/div>\n\n<p><strong>A nivel de Fraternidad<\/strong><\/p>\n\n<p>Cada Fraternidad &#8211; cada tres a\u00f1os &#8211; elige de tres a cinco <strong><em>responsables<\/em><\/strong> (tres para las Fraternidades con menos de 30 aliados, y cinco para las dem\u00e1s); como m\u00e1ximo, s\u00f3lo se puede ocupar el cargo de responsable dos veces consecutivas. S\u00f3lo puedes ser elegido si ya has sido aliado durante al menos tres a\u00f1os. <\/p>\n\n<div style=\"height:30px\" aria-hidden=\"true\" class=\"wp-block-spacer\"><\/div>\n\n<p>Llamados a hacer fruct\u00edfera y ordenada la vida de la Fraternidad, tienen diversas tareas.\nEntre ellas: promover las actividades necesarias para el desarrollo de la vida fraterna y la formaci\u00f3n de aliados; poner en pr\u00e1ctica el Camino de Crecimiento; cuidar de la formaci\u00f3n de los acompa\u00f1antes espirituales; fomentar las obras de apostolado de la Fraternidad. <\/p>\n\n<div style=\"height:30px\" aria-hidden=\"true\" class=\"wp-block-spacer\"><\/div>\n\n<p><strong>A nivel general<\/strong><\/p>\n\n<p>El principal \u00f3rgano de gobierno es la<strong><em>Asamblea General<\/em><\/strong> que se re\u00fane al menos una vez al a\u00f1o para deliberar sobre asuntos que afectan a toda la Comunidad; incluye a todos los <em>Moderadores de <\/em>las Fraternidades, los <em>Directores Generales<\/em>, el <em>Tesorero General<\/em>, as\u00ed como los <em>Ancianos<\/em> (en n\u00famero no superior a un tercio del total de miembros) y ejerce su cargo durante tres a\u00f1os.<\/p>\n\n<div style=\"height:30px\" aria-hidden=\"true\" class=\"wp-block-spacer\"><\/div>\n\n<p>Las tareas de la Asamblea General son:<\/p>\n\n<p>(a) establecer las orientaciones generales de la Comunidad;<\/p>\n\n<p>b) Elegir a los <em>Directores Generales <\/em>y, entre ellos, al <em>Moderador General<\/em>;<\/p>\n\n<p>c) Elegir al <em>Tesorero General<\/em>;<\/p>\n\n<p>d) Elegir a los <em>Ancianos <\/em>a propuesta de los <em>Responsables de la Fraternidad<\/em>, as\u00ed como destituirlos;<\/p>\n\n<p>e) proponer al <em>Dicasterio para los Laicos, la Familia y la<\/em> Vida, enmiendas a los Estatutos aprobadas por mayor\u00eda de dos tercios de los votantes;<\/p>\n\n<p>f) aprobar el <em>Reglamento Interno <\/em>y sus modificaciones;<\/p>\n\n<p>g) aprobar anualmente el presupuesto y los estados financieros de la Comunidad;<\/p>\n\n<p>(h) adoptar resoluciones sobre la gesti\u00f3n econ\u00f3mica;<\/p>\n\n<p>(i) deliberar sobre la revocaci\u00f3n del cargo de <em>Director General <\/em>por omisi\u00f3n grave de los deberes propios de la funci\u00f3n.<\/p>\n\n<div style=\"height:30px\" aria-hidden=\"true\" class=\"wp-block-spacer\"><\/div>\n\n<p>Los ejecutores de las directrices fijadas por la Asamblea General son los cinco <strong><em>Directores Generales<\/em><\/strong>que ocupan su cargo durante tres a\u00f1os y pueden ser reelegidos consecutivamente una vez y no m\u00e1s de tres mandatos en total. El <strong><em>Moderador General<\/em><\/strong>elegido de entre ellos por la Asamblea General, representa a la Comunidad de cara al exterior, convoca y preside las reuniones de los <em>Directores<\/em> Generales, la<em>Asamblea General<\/em>, el <em>Colegio de Ancianos<\/em> y el <em>Colegio de Consultores<\/em>. <\/p>\n\n<div style=\"height:30px\" aria-hidden=\"true\" class=\"wp-block-spacer\"><\/div>\n\n<p>Las principales tareas de los <em>Directores Generales<\/em>, entre otras, son:<\/p>\n\n<p>&#8211; establecer iniciativas destinadas a perseguir los objetivos de la Comunidad transmitiendo su patrimonio espiritual;<\/p>\n\n<p>&#8211; prepara la Senda de Crecimiento Anual;<\/p>\n\n<p>&#8211; Realizar todos los actos de administraci\u00f3n ordinaria y extraordinaria necesarios para la consecuci\u00f3n de los fines de la Comunidad.<\/p>\n\n<p>&#8211; decidir sobre la creaci\u00f3n o supresi\u00f3n de fraternidades y fraternidades en formaci\u00f3n.<\/p>\n\n<div style=\"height:30px\" aria-hidden=\"true\" class=\"wp-block-spacer\"><\/div>\n\n<p>Los <em>Directores Generales<\/em> son asistidos en su servicio por el <strong><em>Consejero Espiritual General<\/em><\/strong>un presb\u00edtero designado por ellos, que les asiste a ellos y a la Asamblea General estimulando la vida sacramental, la formaci\u00f3n teol\u00f3gica y b\u00edblica, y asegurando la fidelidad al Magisterio de la Iglesia Cat\u00f3lica. Su mandato dura tres a\u00f1os, coincidiendo con el de los <em>Administradores<\/em> Generales, y es renovable una sola vez. El Asesor Espiritual General participa en las reuniones de los <em>Directores<\/em> Generales y de la<em>Asamblea<\/em> General, aunque sin derecho a voto.  <\/p>\n\n<p>Por \u00faltimo, otro organismo ayuda a los directores generales en su servicio: el <strong><em>Colegio de Consultores<\/em><\/strong>. Se trata de siete altos cargos de la Comunidad elegidos cada tres a\u00f1os por la<em>Asamblea General <\/em>con ocasi\u00f3n de la elecci\u00f3n de los <em>Directores<\/em> Generales, y su mandato s\u00f3lo es renovable dos veces consecutivas. Emite dict\u00e1menes no vinculantes para los Directores Generales sobre todas las cuestiones que se les consultan, pero especialmente sobre las m\u00e1s graves, como la creaci\u00f3n o supresi\u00f3n de <em>fraternidades <\/em>o la revocaci\u00f3n del cargo de responsable.  <\/p>\n\n<div style=\"height:50px\" aria-hidden=\"true\" class=\"wp-block-spacer\"><\/div>\n\n<p><\/p>\n","protected":false},"excerpt":{"rendered":"<p>Los ap\u00f3stoles y los ancianos se reunieronpara examinar este problema Hechos de los Ap\u00f3stoles 15:6 Para encarnar su vocaci\u00f3n de forma ordenada y fiel, la Comunidad Magnificat ha desarrollado una serie de servicios de rendici\u00f3n de cuentas. Cada uno de ellos est\u00e1 formado por entre tres y cinco hermanos; de cada uno de ellos se [&hellip;]<\/p>\n","protected":false},"author":3,"featured_media":10951,"parent":0,"menu_order":0,"comment_status":"closed","ping_status":"closed","template":"","meta":{"om_disable_all_campaigns":false,"_monsterinsights_skip_tracking":false,"_monsterinsights_sitenote_active":false,"_monsterinsights_sitenote_note":"","_monsterinsights_sitenote_category":0,"_uf_show_specific_survey":0,"_uf_disable_surveys":false,"footnotes":""},"class_list":["post-19220","page","type-page","status-publish","has-post-thumbnail","hentry"],"aioseo_notices":[],"_links":{"self":[{"href":"https:\/\/comunitamagnificat.org\/es\/wp-json\/wp\/v2\/pages\/19220","targetHints":{"allow":["GET"]}}],"collection":[{"href":"https:\/\/comunitamagnificat.org\/es\/wp-json\/wp\/v2\/pages"}],"about":[{"href":"https:\/\/comunitamagnificat.org\/es\/wp-json\/wp\/v2\/types\/page"}],"author":[{"embeddable":true,"href":"https:\/\/comunitamagnificat.org\/es\/wp-json\/wp\/v2\/users\/3"}],"replies":[{"embeddable":true,"href":"https:\/\/comunitamagnificat.org\/es\/wp-json\/wp\/v2\/comments?post=19220"}],"version-history":[{"count":2,"href":"https:\/\/comunitamagnificat.org\/es\/wp-json\/wp\/v2\/pages\/19220\/revisions"}],"predecessor-version":[{"id":22665,"href":"https:\/\/comunitamagnificat.org\/es\/wp-json\/wp\/v2\/pages\/19220\/revisions\/22665"}],"wp:featuredmedia":[{"embeddable":true,"href":"https:\/\/comunitamagnificat.org\/es\/wp-json\/wp\/v2\/media\/10951"}],"wp:attachment":[{"href":"https:\/\/comunitamagnificat.org\/es\/wp-json\/wp\/v2\/media?parent=19220"}],"curies":[{"name":"wp","href":"https:\/\/api.w.org\/{rel}","templated":true}]}}