{"id":19237,"date":"2024-08-23T00:44:19","date_gmt":"2024-08-22T22:44:19","guid":{"rendered":"https:\/\/comunitamagnificat.org\/que-hacemos\/"},"modified":"2025-01-23T09:52:34","modified_gmt":"2025-01-23T08:52:34","slug":"que-hacemos","status":"publish","type":"page","link":"https:\/\/comunitamagnificat.org\/es\/que-hacemos\/","title":{"rendered":"Qu\u00e9 hacemos"},"content":{"rendered":"\n<div style=\"height:30px\" aria-hidden=\"true\" class=\"wp-block-spacer\"><\/div>\n\n<p>La Comunidad Magnificat, deseosa de vivir al servicio de la Iglesia para la construcci\u00f3n del Reino de Dios, ha desarrollado y vivido a lo largo de su historia diversas experiencias de oraci\u00f3n, actividades de evangelizaci\u00f3n y formaci\u00f3n cristiana.<\/p>\n\n<div style=\"height:30px\" aria-hidden=\"true\" class=\"wp-block-spacer\"><\/div>\n\n<p>Se orientan en dos direcciones <em><strong>hacia el exterior <\/strong><\/em>(para la evangelizaci\u00f3n y la formaci\u00f3n cristiana)<em><strong> <\/strong><\/em>y <em><strong>hacia dentro<\/strong> (<\/em>para la profundizaci\u00f3n de la vocaci\u00f3n comunitaria y la formaci\u00f3n en el servicio)<em>.<\/em><\/p>\n\n<div style=\"height:50px\" aria-hidden=\"true\" class=\"wp-block-spacer\"><\/div>\n\n<section id=\"magnificat-link-multipli-pagina-block_6067b2a02f111\" class=\"wp-block-magnificat-link-multipli-pagina \">\n\n            \n        <picture><source type='image\/jpeg' srcset='https:\/\/comunitamagnificat.org\/wp-content\/uploads\/2021\/04\/scan0028.jpg 1735w, https:\/\/comunitamagnificat.org\/wp-content\/uploads\/2021\/04\/scan0028-300x205.jpg 300w, https:\/\/comunitamagnificat.org\/wp-content\/uploads\/2021\/04\/scan0028-1024x699.jpg 1024w, https:\/\/comunitamagnificat.org\/wp-content\/uploads\/2021\/04\/scan0028-768x525.jpg 768w, https:\/\/comunitamagnificat.org\/wp-content\/uploads\/2021\/04\/scan0028-1536x1049.jpg 1536w' sizes='(max-width: 1735px) 100vw, 1735px' \/><img loading=\"lazy\" decoding=\"async\" width=\"1735\" height=\"1185\" src=\"https:\/\/comunitamagnificat.org\/wp-content\/uploads\/2021\/04\/scan0028.jpg\" class=\"attachment-cover-parallax-background size-cover-parallax-background\" alt=\"\" tcimage-skip=\"true\"  sizes=\"auto, (max-width: 1735px) 100vw, 1735px\" \/><\/picture>        \n        \n            <div class=\"accordion-link-page\">\n                        \n            <div class=\"tab\">\n\n                    <input type=\"radio\" id=\"chck-1\"   name=\"rd\">\n                    <label class=\"tab-label\" for=\"chck-1\">Hacia el exterior<\/label>\n\n                <div class=\"content\">\n                                            <a href=\"https:\/\/comunitamagnificat.org\/es\/oracion-comunitaria-carismatica\/\">\n                            Oraci\u00f3n comunitaria carism\u00e1tica                            <br \/>\n                            <span class=\"text\">ir a la p\u00e1gina<\/span>\n                        <\/a>\n                                            <a href=\"https:\/\/comunitamagnificat.org\/es\/seminario-de-vida-nueva-en-el-espiritu-santo\/\">\n                            Seminario de Vida Nueva en el Esp\u00edritu Santo                            <br \/>\n                            <span class=\"text\">ir a la p\u00e1gina<\/span>\n                        <\/a>\n                                            <a href=\"https:\/\/comunitamagnificat.org\/es\/post-efusion-y-discipulado\/\">\n                            Post-Efusi\u00f3n y Discipulado                            <br \/>\n                            <span class=\"text\">ir a la p\u00e1gina<\/span>\n                        <\/a>\n                                            <a href=\"https:\/\/comunitamagnificat.org\/es\/seminarios-de-sanacion-interior\/\">\n                            Seminarios de sanaci\u00f3n interior                            <br \/>\n                            <span class=\"text\">ir a la p\u00e1gina<\/span>\n                        <\/a>\n                                            <a href=\"https:\/\/comunitamagnificat.org\/es\/seminarios-para-matrimonios\/\">\n                            Seminarios para matrimonios                            <br \/>\n                            <span class=\"text\">ir a la p\u00e1gina<\/span>\n                        <\/a>\n                                            <a href=\"https:\/\/comunitamagnificat.org\/es\/evangelizacion-de-los-jovenes\/\">\n                            Evangelizaci\u00f3n de los j\u00f3venes                            <br \/>\n                            <span class=\"text\">ir a la p\u00e1gina<\/span>\n                        <\/a>\n                                            <a href=\"https:\/\/comunitamagnificat.org\/es\/misiones-parroquiales\/\">\n                            Misiones parroquiales                            <br \/>\n                            <span class=\"text\">ir a la p\u00e1gina<\/span>\n                        <\/a>\n                                            <a href=\"https:\/\/comunitamagnificat.org\/es\/la-evangelizacion-muestra\/\">\n                            La evangelizaci\u00f3n muestra                            <br \/>\n                            <span class=\"text\">ir a la p\u00e1gina<\/span>\n                        <\/a>\n                                    <\/div>\n\n            <\/div>\n\n                        \n            <div class=\"tab\">\n\n                    <input type=\"radio\" id=\"chck-2\"   name=\"rd\">\n                    <label class=\"tab-label\" for=\"chck-2\">Hacia dentro<\/label>\n\n                <div class=\"content\">\n                                            <a href=\"https:\/\/comunitamagnificat.org\/es\/escuela-comunitaria\/\">\n                            Escuela Comunitaria                            <br \/>\n                            <span class=\"text\">ir a la p\u00e1gina<\/span>\n                        <\/a>\n                                            <a href=\"https:\/\/comunitamagnificat.org\/es\/noviciado\/\">\n                            V\u00eda de admisi\u00f3n a la Alianza                            <br \/>\n                            <span class=\"text\">ir a la p\u00e1gina<\/span>\n                        <\/a>\n                                            <a href=\"https:\/\/comunitamagnificat.org\/es\/formacion\/\">\n                            Formaci\u00f3n                            <br \/>\n                            <span class=\"text\">ir a la p\u00e1gina<\/span>\n                        <\/a>\n                                    <\/div>\n\n            <\/div>\n\n                    <\/div>\n    \n<\/section>\n<div style=\"height:50px\" aria-hidden=\"true\" class=\"wp-block-spacer\"><\/div>\n","protected":false},"excerpt":{"rendered":"<p>La Comunidad Magnificat, deseosa de vivir al servicio de la Iglesia para la construcci\u00f3n del Reino de Dios, ha desarrollado y vivido a lo largo de su historia diversas experiencias de oraci\u00f3n, actividades de evangelizaci\u00f3n y formaci\u00f3n cristiana. Se orientan en dos direcciones hacia el exterior (para la evangelizaci\u00f3n y la formaci\u00f3n cristiana) y hacia [&hellip;]<\/p>\n","protected":false},"author":3,"featured_media":11011,"parent":0,"menu_order":0,"comment_status":"closed","ping_status":"closed","template":"","meta":{"om_disable_all_campaigns":false,"_monsterinsights_skip_tracking":false,"_monsterinsights_sitenote_active":false,"_monsterinsights_sitenote_note":"","_monsterinsights_sitenote_category":0,"_uf_show_specific_survey":0,"_uf_disable_surveys":false,"footnotes":""},"class_list":["post-19237","page","type-page","status-publish","has-post-thumbnail","hentry"],"aioseo_notices":[],"_links":{"self":[{"href":"https:\/\/comunitamagnificat.org\/es\/wp-json\/wp\/v2\/pages\/19237","targetHints":{"allow":["GET"]}}],"collection":[{"href":"https:\/\/comunitamagnificat.org\/es\/wp-json\/wp\/v2\/pages"}],"about":[{"href":"https:\/\/comunitamagnificat.org\/es\/wp-json\/wp\/v2\/types\/page"}],"author":[{"embeddable":true,"href":"https:\/\/comunitamagnificat.org\/es\/wp-json\/wp\/v2\/users\/3"}],"replies":[{"embeddable":true,"href":"https:\/\/comunitamagnificat.org\/es\/wp-json\/wp\/v2\/comments?post=19237"}],"version-history":[{"count":2,"href":"https:\/\/comunitamagnificat.org\/es\/wp-json\/wp\/v2\/pages\/19237\/revisions"}],"predecessor-version":[{"id":22711,"href":"https:\/\/comunitamagnificat.org\/es\/wp-json\/wp\/v2\/pages\/19237\/revisions\/22711"}],"wp:featuredmedia":[{"embeddable":true,"href":"https:\/\/comunitamagnificat.org\/es\/wp-json\/wp\/v2\/media\/11011"}],"wp:attachment":[{"href":"https:\/\/comunitamagnificat.org\/es\/wp-json\/wp\/v2\/media?parent=19237"}],"curies":[{"name":"wp","href":"https:\/\/api.w.org\/{rel}","templated":true}]}}