{"id":19239,"date":"2024-08-23T00:44:21","date_gmt":"2024-08-22T22:44:21","guid":{"rendered":"https:\/\/comunitamagnificat.org\/oracion-comunitaria-carismatica\/"},"modified":"2024-08-23T00:44:29","modified_gmt":"2024-08-22T22:44:29","slug":"oracion-comunitaria-carismatica","status":"publish","type":"page","link":"https:\/\/comunitamagnificat.org\/es\/oracion-comunitaria-carismatica\/","title":{"rendered":"Oraci\u00f3n comunitaria carism\u00e1tica"},"content":{"rendered":"\n<div style=\"height:30px\" aria-hidden=\"true\" class=\"wp-block-spacer\"><\/div>\n\n<blockquote class=\"wp-block-quote is-layout-flow wp-block-quote-is-layout-flow\"><p><em><strong>Cuando te re\u00fanas,<\/strong><\/em><br\/><em><strong>uno tiene un salmo,<\/strong><\/em><br\/><em><strong>otro tiene una ense\u00f1anza;<\/strong><\/em><br\/><em><strong>uno tiene una revelaci\u00f3n,<\/strong><\/em><br\/><em><strong>uno tiene el don de lenguas,<\/strong><\/em><br\/><em><strong>otra es interpretarlas:<\/strong><\/em><br\/><em><strong>todo sucede para edificaci\u00f3n<\/strong><\/em><\/p><cite><em>1 Corintios<\/em> 14:26<\/cite><\/blockquote>\n\n<div style=\"height:30px\" aria-hidden=\"true\" class=\"wp-block-spacer\"><\/div>\n\n<p>Cada fraternidad, cada semana, se re\u00fane en oraci\u00f3n en torno al Se\u00f1or Jes\u00fas para escuchar su Palabra.<\/p>\n\n<div style=\"height:30px\" aria-hidden=\"true\" class=\"wp-block-spacer\"><\/div>\n\n<p>A partir de aqu\u00ed, toda la vida de la Fraternidad toma su origen, su fuerza y su direcci\u00f3n.<\/p>\n\n<div style=\"height:30px\" aria-hidden=\"true\" class=\"wp-block-spacer\"><\/div>\n\n<p>Un tiempo comunitario vivido en la presencia de Dios en alabanza, adorando a Dios, escuchando su Palabra, respondiendo a su invitaci\u00f3n.<\/p>\n\n<div style=\"height:30px\" aria-hidden=\"true\" class=\"wp-block-spacer\"><\/div>\n\n<p>La oraci\u00f3n, abierta a todos los que deseen unirse a la Fraternidad en ese momento, se desarrolla en un estilo sencillo y alegre, siguiendo el estilo de la Renovaci\u00f3n Carism\u00e1tica Cat\u00f3lica.\nEs un momento rico en cantos espirituales -de alabanza o meditaci\u00f3n-, la Palabra de Dios y la voz de todos los presentes, tanto en forma coral como personal. <\/p>\n\n<div style=\"height:30px\" aria-hidden=\"true\" class=\"wp-block-spacer\"><\/div>\n\n<p>Se invoca al Esp\u00edritu Santo para que gu\u00ede la reuni\u00f3n, de modo que nunca hay un patr\u00f3n fijo para la oraci\u00f3n en s\u00ed: se espera a que el Se\u00f1or act\u00fae como quiera en el cuerpo de los hermanos y hermanas reunidos a trav\u00e9s de cada uno de ellos, con la certeza de que, mediante la oraci\u00f3n espont\u00e1nea y el carisma de la profec\u00eda, se desarrollar\u00e1 una \u00abconversaci\u00f3n\u00bb entre la asamblea reunida y el Se\u00f1or que la convoc\u00f3.<\/p>\n\n<div style=\"height:30px\" aria-hidden=\"true\" class=\"wp-block-spacer\"><\/div>\n\n<p>Esta experiencia ve en las palabras de Pablo a los Corintios su punto de referencia: \u00ab<em>Cuando os reun\u00eds, uno tiene un salmo, otro una ense\u00f1anza; uno tiene una revelaci\u00f3n, uno tiene el don de lenguas, otro tiene el don de interpretarlas: que todo sea para edificaci\u00f3n.\nCuando uno hable con el don de lenguas, que hablen dos, o a lo sumo tres, uno a la vez, y que haya uno para interpretar.\nSi no hay nadie que interprete, que cada uno guarde silencio en la asamblea y hable s\u00f3lo para s\u00ed y para Dios.\nQue hablen dos o tres de los profetas y que los dem\u00e1s juzguen.\nPero si entonces uno de los presentes recibe una revelaci\u00f3n, que calle el primero; pues de uno en uno profetizar\u00e9is todos, para que todos aprendan y sean exhortados.\nLas inspiraciones de los profetas est\u00e1n sujetas a los profetas, pues Dios no es un Dios de desorden, sino de paz     <\/em>\u00bb (1 Corintios 14: 26-33).<\/p>\n\n<div style=\"height:30px\" aria-hidden=\"true\" class=\"wp-block-spacer\"><\/div>\n\n<p>Corresponde a los responsables de la fraternidad velar por que la reuni\u00f3n se desarrolle de forma ordenada y espiritualmente fruct\u00edfera para todos los participantes.<\/p>\n\n<div style=\"height:30px\" aria-hidden=\"true\" class=\"wp-block-spacer\"><\/div>\n\n<p>La Palabra de Dios que caracteriza la reuni\u00f3n, recibida con sencillez y le\u00edda en secuencia a lo largo de las semanas, constituye no pocas veces un verdadero \u00abdiscurso de Dios\u00bb dirigido a la fraternidad, que indica el punto de conversi\u00f3n comunitaria o la prioridad en la que hay que centrarse.\nLa experiencia ha mostrado a la Comunidad c\u00f3mo en esos momentos el Se\u00f1or se deja encontrar, especialmente por quienes participan por primera vez, sintiendo la presencia viva de Dios en esa asamblea, hablando y actuando.\nPor ello, la reuni\u00f3n semanal de oraci\u00f3n comunitaria carism\u00e1tica es uno de los principales medios de que dispone la Fraternidad para evangelizar.  <\/p>\n\n<div style=\"height:50px\" aria-hidden=\"true\" class=\"wp-block-spacer\"><\/div>\n","protected":false},"excerpt":{"rendered":"<p>Cuando te re\u00fanas,uno tiene un salmo,otro tiene una ense\u00f1anza;uno tiene una revelaci\u00f3n,uno tiene el don de lenguas,otra es interpretarlas:todo sucede para edificaci\u00f3n 1 Corintios 14:26 Cada fraternidad, cada semana, se re\u00fane en oraci\u00f3n en torno al Se\u00f1or Jes\u00fas para escuchar su Palabra. A partir de aqu\u00ed, toda la vida de la Fraternidad toma su origen, [&hellip;]<\/p>\n","protected":false},"author":3,"featured_media":11015,"parent":0,"menu_order":0,"comment_status":"closed","ping_status":"closed","template":"","meta":{"om_disable_all_campaigns":false,"_monsterinsights_skip_tracking":false,"_monsterinsights_sitenote_active":false,"_monsterinsights_sitenote_note":"","_monsterinsights_sitenote_category":0,"_uf_show_specific_survey":0,"_uf_disable_surveys":false,"footnotes":""},"class_list":["post-19239","page","type-page","status-publish","has-post-thumbnail","hentry"],"aioseo_notices":[],"_links":{"self":[{"href":"https:\/\/comunitamagnificat.org\/es\/wp-json\/wp\/v2\/pages\/19239","targetHints":{"allow":["GET"]}}],"collection":[{"href":"https:\/\/comunitamagnificat.org\/es\/wp-json\/wp\/v2\/pages"}],"about":[{"href":"https:\/\/comunitamagnificat.org\/es\/wp-json\/wp\/v2\/types\/page"}],"author":[{"embeddable":true,"href":"https:\/\/comunitamagnificat.org\/es\/wp-json\/wp\/v2\/users\/3"}],"replies":[{"embeddable":true,"href":"https:\/\/comunitamagnificat.org\/es\/wp-json\/wp\/v2\/comments?post=19239"}],"version-history":[{"count":1,"href":"https:\/\/comunitamagnificat.org\/es\/wp-json\/wp\/v2\/pages\/19239\/revisions"}],"predecessor-version":[{"id":19241,"href":"https:\/\/comunitamagnificat.org\/es\/wp-json\/wp\/v2\/pages\/19239\/revisions\/19241"}],"wp:featuredmedia":[{"embeddable":true,"href":"https:\/\/comunitamagnificat.org\/es\/wp-json\/wp\/v2\/media\/11015"}],"wp:attachment":[{"href":"https:\/\/comunitamagnificat.org\/es\/wp-json\/wp\/v2\/media?parent=19239"}],"curies":[{"name":"wp","href":"https:\/\/api.w.org\/{rel}","templated":true}]}}