{"id":19254,"date":"2024-08-23T07:40:19","date_gmt":"2024-08-23T05:40:19","guid":{"rendered":"https:\/\/comunitamagnificat.org\/seminarios-de-sanacion-interior\/"},"modified":"2024-08-23T07:40:47","modified_gmt":"2024-08-23T05:40:47","slug":"seminarios-de-sanacion-interior","status":"publish","type":"page","link":"https:\/\/comunitamagnificat.org\/es\/seminarios-de-sanacion-interior\/","title":{"rendered":"Seminarios de sanaci\u00f3n interior"},"content":{"rendered":"\n<div style=\"height:30px\" aria-hidden=\"true\" class=\"wp-block-spacer\"><\/div>\n\n<blockquote class=\"wp-block-quote is-layout-flow wp-block-quote-is-layout-flow\"><p><em><strong>&#8230;tom\u00f3 sobre s\u00ed nuestros sufrimientos,<\/strong><\/em><br\/><em><strong>tom\u00f3 sobre s\u00ed nuestros dolores&#8230;<\/strong><\/em><\/p><cite><em>Isa\u00edas<\/em> 53, 4<\/cite><\/blockquote>\n\n<div style=\"height:30px\" aria-hidden=\"true\" class=\"wp-block-spacer\"><\/div>\n\n<p>Uno de los carismas que se ha manifestado en la actividad comunitaria a lo largo de los a\u00f1os es el de la \u00abcuraci\u00f3n interior\u00bb.\nEste don, a lo largo de tantos a\u00f1os, se ha desarrollado y ofrecido a un n\u00famero muy elevado de personas a trav\u00e9s del \u00abSeminario de Curaci\u00f3n\u00bb que Tarcisio Mezzetti -desde principios de los a\u00f1os 80- tuvo la intuici\u00f3n de proponer mediante una serie de catequesis a cargo de los hermanos Dennis y Matthew Linn, seguidas de momentos de oraci\u00f3n guiada dirigidos a curar las heridas de la vida. <\/p>\n\n<div style=\"height:30px\" aria-hidden=\"true\" class=\"wp-block-spacer\"><\/div>\n\n<p>Con estas palabras, Tarcisio present\u00f3 el seminario, identificando la curaci\u00f3n total del hombre -formada por la unidad de cuerpo, alma y esp\u00edritu- como condici\u00f3n para responder con plena libertad a la llamada de Dios a la santidad:<\/p>\n\n<div style=\"height:30px\" aria-hidden=\"true\" class=\"wp-block-spacer\"><\/div>\n\n<p>\u00ab<em>Cuando hablamos de crecimiento en la vida cristiana, siempre hablamos de superar los muchos obst\u00e1culos que se interponen en ese crecimiento; uno de los principales obst\u00e1culos a superar es la necesidad de liberarnos de las ataduras que nos bloquean, haci\u00e9ndonos esclavos de nuestros miedos, de nuestras culpas, de nuestras heridas.\nEl camino de la superaci\u00f3n ya ha sido recorrido por Jes\u00fas, pero a\u00fan hay m\u00e1s. <\/em><\/p>\n\n<div style=\"height:30px\" aria-hidden=\"true\" class=\"wp-block-spacer\"><\/div>\n\n<p><em>El profeta Isa\u00edas, hablando del \u00absiervo sufriente\u00bb, escribi\u00f3 as\u00ed:<\/em><\/p>\n\n<div style=\"height:30px\" aria-hidden=\"true\" class=\"wp-block-spacer\"><\/div>\n\n<p><em>\u00ab<\/em>Despreciado y vilipendiado por los hombres, var\u00f3n de dolores que conoce bien el sufrimiento, como aquel ante el que se cubre el rostro, fue despreciado y no le tuvimos en estima.\nSin embargo, tom\u00f3 sobre s\u00ed nuestros sufrimientos, carg\u00f3 con nuestras penas, y nosotros le tuvimos en escarmiento, golpeado por Dios y humillado.\nFue traspasado por nuestros pecados, aplastado por nuestras iniquidades.\nEl castigo que nos da la salvaci\u00f3n recay\u00f3 sobre \u00e9l; por sus heridas fuimos curados<em>\u00bb (Isa\u00edas 53: 3-5)<\/em>.   <\/p>\n\n<div style=\"height:30px\" aria-hidden=\"true\" class=\"wp-block-spacer\"><\/div>\n\n<p><em>Jes\u00fas en la cruz, por tanto: &#8216;<\/em>tom\u00f3 sobre s\u00ed nuestros sufrimientos, carg\u00f3 con nuestros dolores<em>&#8216;.<\/em><\/p>\n\n<div style=\"height:30px\" aria-hidden=\"true\" class=\"wp-block-spacer\"><\/div>\n\n<p><em>Las palabras utilizadas en hebreo pueden traducirse<\/em><em>como<\/em><em>\u00ab<\/em>aflicciones<em>\u00ab<\/em><em>y<\/em><em>\u00ab<\/em>dolores\u00bb<em>o como<\/em><em>\u00ab<\/em>enfermedades<em>\u00bb y \u00ab<\/em>sufrimientos<em>\u00ab.<\/em><em>\u00ab. L'\u00bb<\/em><em>aflicci\u00f3n<\/em><em>\u00bb y \u00ab<\/em>dolor<em>\u00bb son sufrimientos de la psique, mientras que<\/em><em>\u00ab<\/em>enfermedad<em>\u00bb y \u00ab<\/em>sufrimiento<em>\u00abson dolores f\u00edsicos.\nLa verdad es que Jes\u00fas tom\u00f3 sobre S\u00ed tanto los sufrimientos f\u00edsicos como los ps\u00edquicos de todos nosotros, para que por medio de la cruz pudi\u00e9ramos ser curados. <\/em><\/p>\n\n<div style=\"height:30px\" aria-hidden=\"true\" class=\"wp-block-spacer\"><\/div>\n\n<p><em>Por eso, el amor infinito de Dios nos alcanza desde la cruz para ser la salvaci\u00f3n total de toda nuestra persona: esp\u00edritu, alma y cuerpo.\nPara la Escritura, el hombre es el conjunto de estas tres dimensiones, que no pueden separarse.\nSabemos bien que las enfermedades espirituales suelen repercutir tambi\u00e9n en la psique, es decir, en el cuerpo, mientras que la medicina psicosom\u00e1tica nos ense\u00f1a que el sufrimiento ps\u00edquico prolongado tambi\u00e9n produce enfermedades f\u00edsicas.  <\/em><\/p>\n\n<div style=\"height:30px\" aria-hidden=\"true\" class=\"wp-block-spacer\"><\/div>\n\n<p><em>San Pablo afirma tambi\u00e9n esta unidad del hombre cuando escribe a los Tesalonicenses: \u00ab<\/em>Que el Dios de la paz os santifique por completo, y que toda vuestra persona, esp\u00edritu, alma y cuerpo, se conserve irreprensible para la venida de nuestro Se\u00f1or Jesucristo<em>\u00bb (1 Tes 5, 23).<\/em><\/p>\n\n<div style=\"height:30px\" aria-hidden=\"true\" class=\"wp-block-spacer\"><\/div>\n\n<p><em>Por eso, cuanto m\u00e1s nos acerquemos a Jes\u00fas y nos convirtamos en sus imitadores, m\u00e1s equilibrados, fuertes y espiritualmente maduros nos har\u00e1 su presencia.<\/em><\/p>\n\n<p><em>Esta madurez dar\u00e1 entonces sus frutos: frutos de paz interior, de oraci\u00f3n, de entrega, de paciencia, de fortaleza, de valent\u00eda y, por supuesto, tambi\u00e9n del perfecto desarrollo de toda nuestra persona, seg\u00fan la voluntad misericordiosa y amorosa de Dios<\/em>.\nLa Comunidad, de distintas formas y maneras, sigue ofreciendo este servicio en sus actividades caritativas. <\/p>\n\n<div style=\"height:50px\" aria-hidden=\"true\" class=\"wp-block-spacer\"><\/div>\n","protected":false},"excerpt":{"rendered":"<p>&#8230;tom\u00f3 sobre s\u00ed nuestros sufrimientos,tom\u00f3 sobre s\u00ed nuestros dolores&#8230; Isa\u00edas 53, 4 Uno de los carismas que se ha manifestado en la actividad comunitaria a lo largo de los a\u00f1os es el de la \u00abcuraci\u00f3n interior\u00bb. Este don, a lo largo de tantos a\u00f1os, se ha desarrollado y ofrecido a un n\u00famero muy elevado de [&hellip;]<\/p>\n","protected":false},"author":3,"featured_media":11031,"parent":0,"menu_order":0,"comment_status":"closed","ping_status":"closed","template":"","meta":{"om_disable_all_campaigns":false,"_monsterinsights_skip_tracking":false,"_monsterinsights_sitenote_active":false,"_monsterinsights_sitenote_note":"","_monsterinsights_sitenote_category":0,"_uf_show_specific_survey":0,"_uf_disable_surveys":false,"footnotes":""},"class_list":["post-19254","page","type-page","status-publish","has-post-thumbnail","hentry"],"aioseo_notices":[],"_links":{"self":[{"href":"https:\/\/comunitamagnificat.org\/es\/wp-json\/wp\/v2\/pages\/19254","targetHints":{"allow":["GET"]}}],"collection":[{"href":"https:\/\/comunitamagnificat.org\/es\/wp-json\/wp\/v2\/pages"}],"about":[{"href":"https:\/\/comunitamagnificat.org\/es\/wp-json\/wp\/v2\/types\/page"}],"author":[{"embeddable":true,"href":"https:\/\/comunitamagnificat.org\/es\/wp-json\/wp\/v2\/users\/3"}],"replies":[{"embeddable":true,"href":"https:\/\/comunitamagnificat.org\/es\/wp-json\/wp\/v2\/comments?post=19254"}],"version-history":[{"count":1,"href":"https:\/\/comunitamagnificat.org\/es\/wp-json\/wp\/v2\/pages\/19254\/revisions"}],"predecessor-version":[{"id":19256,"href":"https:\/\/comunitamagnificat.org\/es\/wp-json\/wp\/v2\/pages\/19254\/revisions\/19256"}],"wp:featuredmedia":[{"embeddable":true,"href":"https:\/\/comunitamagnificat.org\/es\/wp-json\/wp\/v2\/media\/11031"}],"wp:attachment":[{"href":"https:\/\/comunitamagnificat.org\/es\/wp-json\/wp\/v2\/media?parent=19254"}],"curies":[{"name":"wp","href":"https:\/\/api.w.org\/{rel}","templated":true}]}}