{"id":19255,"date":"2024-08-23T07:40:20","date_gmt":"2024-08-23T05:40:20","guid":{"rendered":"https:\/\/comunitamagnificat.org\/seminarios-para-matrimonios\/"},"modified":"2024-08-23T07:40:35","modified_gmt":"2024-08-23T05:40:35","slug":"seminarios-para-matrimonios","status":"publish","type":"page","link":"https:\/\/comunitamagnificat.org\/es\/seminarios-para-matrimonios\/","title":{"rendered":"Seminarios para matrimonios"},"content":{"rendered":"\n<div style=\"height:30px\" aria-hidden=\"true\" class=\"wp-block-spacer\"><\/div>\n\n<blockquote class=\"wp-block-quote is-layout-flow wp-block-quote-is-layout-flow\"><p><em><strong>&#8230; el hombre<\/strong><\/em><br\/><em><strong>dejar\u00e1 a su padre y a su madre<\/strong><\/em><br\/><em><strong>y se unir\u00e1 a su mujer<\/strong><\/em><br\/><em><strong>y los dos ser\u00e1n una sola carne<\/strong><\/em><\/p><cite><em>G\u00e9nesis<\/em> 2:24<\/cite><\/blockquote>\n\n<div style=\"height:30px\" aria-hidden=\"true\" class=\"wp-block-spacer\"><\/div>\n\n<p>La inmensa mayor\u00eda de los aliados de la Comunidad son c\u00f3nyuges, por lo que el cuidado del sacramento conyugal se considera especialmente importante.\nPartiendo de la constataci\u00f3n de las inevitables dificultades que surgen en el matrimonio, la Comunidad empez\u00f3 a organizar seminarios en los que la relaci\u00f3n entre marido y mujer se situaba en el centro de la atenci\u00f3n, en un contexto de oraci\u00f3n y fe. <\/p>\n\n<div style=\"height:30px\" aria-hidden=\"true\" class=\"wp-block-spacer\"><\/div>\n\n<p>Estas experiencias, que actualmente se est\u00e1n difundiendo en las distintas Fraternidades, se dirigen no s\u00f3lo a quienes pertenecen a la Comunidad, sino tambi\u00e9n a personas ajenas a ella.\nNo es infrecuente que las parroquias acudan a la Comunidad en busca de ayuda para preparar a los candidatos al matrimonio, as\u00ed como para apoyar a las familias que se encuentran en dificultades para realizar su vocaci\u00f3n. <\/p>\n\n<div style=\"height:50px\" aria-hidden=\"true\" class=\"wp-block-spacer\"><\/div>\n","protected":false},"excerpt":{"rendered":"<p>&#8230; el hombredejar\u00e1 a su padre y a su madrey se unir\u00e1 a su mujery los dos ser\u00e1n una sola carne G\u00e9nesis 2:24 La inmensa mayor\u00eda de los aliados de la Comunidad son c\u00f3nyuges, por lo que el cuidado del sacramento conyugal se considera especialmente importante. Partiendo de la constataci\u00f3n de las inevitables dificultades que [&hellip;]<\/p>\n","protected":false},"author":3,"featured_media":11035,"parent":0,"menu_order":0,"comment_status":"closed","ping_status":"closed","template":"","meta":{"om_disable_all_campaigns":false,"_monsterinsights_skip_tracking":false,"_monsterinsights_sitenote_active":false,"_monsterinsights_sitenote_note":"","_monsterinsights_sitenote_category":0,"_uf_show_specific_survey":0,"_uf_disable_surveys":false,"footnotes":""},"class_list":["post-19255","page","type-page","status-publish","has-post-thumbnail","hentry"],"aioseo_notices":[],"_links":{"self":[{"href":"https:\/\/comunitamagnificat.org\/es\/wp-json\/wp\/v2\/pages\/19255","targetHints":{"allow":["GET"]}}],"collection":[{"href":"https:\/\/comunitamagnificat.org\/es\/wp-json\/wp\/v2\/pages"}],"about":[{"href":"https:\/\/comunitamagnificat.org\/es\/wp-json\/wp\/v2\/types\/page"}],"author":[{"embeddable":true,"href":"https:\/\/comunitamagnificat.org\/es\/wp-json\/wp\/v2\/users\/3"}],"replies":[{"embeddable":true,"href":"https:\/\/comunitamagnificat.org\/es\/wp-json\/wp\/v2\/comments?post=19255"}],"version-history":[{"count":1,"href":"https:\/\/comunitamagnificat.org\/es\/wp-json\/wp\/v2\/pages\/19255\/revisions"}],"predecessor-version":[{"id":19257,"href":"https:\/\/comunitamagnificat.org\/es\/wp-json\/wp\/v2\/pages\/19255\/revisions\/19257"}],"wp:featuredmedia":[{"embeddable":true,"href":"https:\/\/comunitamagnificat.org\/es\/wp-json\/wp\/v2\/media\/11035"}],"wp:attachment":[{"href":"https:\/\/comunitamagnificat.org\/es\/wp-json\/wp\/v2\/media?parent=19255"}],"curies":[{"name":"wp","href":"https:\/\/api.w.org\/{rel}","templated":true}]}}