{"id":19269,"date":"2024-08-23T07:40:53","date_gmt":"2024-08-23T05:40:53","guid":{"rendered":"https:\/\/comunitamagnificat.org\/post-efusion-y-discipulado\/"},"modified":"2024-08-23T07:41:34","modified_gmt":"2024-08-23T05:41:34","slug":"post-efusion-y-discipulado","status":"publish","type":"page","link":"https:\/\/comunitamagnificat.org\/es\/post-efusion-y-discipulado\/","title":{"rendered":"Post-Efusi\u00f3n y Discipulado"},"content":{"rendered":"\n<div style=\"height:30px\" aria-hidden=\"true\" class=\"wp-block-spacer\"><\/div>\n\n<blockquote class=\"wp-block-quote is-layout-flow wp-block-quote-is-layout-flow\"><p><em><strong>&#8230; expuestos<\/strong><\/em><br\/><em><strong>con mayor precisi\u00f3n<\/strong><\/em><br\/><em><strong>el camino de Dios<\/strong><\/em><\/p><cite><em>Hechos de los Ap\u00f3stoles<\/em> 18, 26b<\/cite><\/blockquote>\n\n<div style=\"height:30px\" aria-hidden=\"true\" class=\"wp-block-spacer\"><\/div>\n\n<p>A quienes han tenido la experiencia de la efusi\u00f3n del Esp\u00edritu en un seminario animado por la Comunidad se les exige -casi siempre- un periodo de tiempo para que tomen conciencia de la novedad que han encontrado.<\/p>\n\n<div style=\"height:30px\" aria-hidden=\"true\" class=\"wp-block-spacer\"><\/div>\n\n<p>A menudo se trata de <em>ne\u00f3fitos<\/em>, es decir, de personas que no proceden de una vida de fe.\nPor eso necesitan que se les acompa\u00f1e, si as\u00ed lo desean, en un camino de profundizaci\u00f3n en el cristianismo que les ayude a arraigarse en Cristo. <\/p>\n\n<div style=\"height:30px\" aria-hidden=\"true\" class=\"wp-block-spacer\"><\/div>\n\n<p>Tras muchos a\u00f1os de experiencia sobre el terreno, la Comunidad ha estructurado itinerarios que se ofrecen al final del seminario Nueva Vida.<\/p>\n\n<div style=\"height:30px\" aria-hidden=\"true\" class=\"wp-block-spacer\"><\/div>\n\n<p><strong>Post-efusi\u00f3n<\/strong><\/p>\n\n<p>Este primer camino se llama \u00abNueva vida en Cristo\u00bb, y dura unos tres o cuatro meses durante los cuales, con la ayuda de algunos animadores, los participantes reciben algunas ense\u00f1anzas a partir de la lectura de los textos de algunos milagros relatados por los evangelistas, que representan iconos del cambio de vida que se produce para quien experimenta el amor de Dios en Jesucristo.<\/p>\n\n<div style=\"height:30px\" aria-hidden=\"true\" class=\"wp-block-spacer\"><\/div>\n\n<p>Las distintas catequesis -y los dem\u00e1s momentos propuestos en estos encuentros post-efusi\u00f3n- ayudan a los hermanos a tomar conciencia de lo que ha ocurrido en ellos durante el Seminario de Vida Nueva en el Esp\u00edritu y, sobre todo, despu\u00e9s de la oraci\u00f3n de efusi\u00f3n.<\/p>\n\n<div style=\"height:30px\" aria-hidden=\"true\" class=\"wp-block-spacer\"><\/div>\n\n<p>Al mismo tiempo, tambi\u00e9n se profundiza en la peculiaridad de la Oraci\u00f3n Comunitaria Carism\u00e1tica, para que pueda ser comprendida y -si se desea- vivida.<\/p>\n\n<div style=\"height:30px\" aria-hidden=\"true\" class=\"wp-block-spacer\"><\/div>\n\n<p>Los objetivos de esta ruta son los siguientes<\/p>\n\n<div style=\"height:30px\" aria-hidden=\"true\" class=\"wp-block-spacer\"><\/div>\n\n<p>&#8211; toma conciencia de lo ocurrido con la Efusi\u00f3n;<\/p>\n\n<p>&#8211; comienzan a \u00abentrar\u00bb en la espiritualidad carism\u00e1tica;<\/p>\n\n<p>&#8211; empezar a \u00abejercer\u00bb los carismas;<\/p>\n\n<p>&#8211; empezar a participar activamente en la oraci\u00f3n comunitaria carism\u00e1tica;<\/p>\n\n<p>&#8211; integrarse progresivamente en la vida de la Fraternidad.<\/p>\n\n<div style=\"height:30px\" aria-hidden=\"true\" class=\"wp-block-spacer\"><\/div>\n\n<p><strong>Discipulado<\/strong><\/p>\n\n<p>Este segundo camino -propuesto a quienes han vivido la experiencia de la efusi\u00f3n y de la post-efusi\u00f3n- tiene una duraci\u00f3n mucho m\u00e1s larga, no inferior a dos a\u00f1os y medio, y se caracteriza por cuatro etapas, todas ellas encaminadas a un conocimiento progresivo del cristianismo y a la inserci\u00f3n en la vida de la Iglesia, de la comunidad cristiana y no necesariamente de la Comunidad Magnificat.<\/p>\n\n<div style=\"height:30px\" aria-hidden=\"true\" class=\"wp-block-spacer\"><\/div>\n\n<p>Etapa I: <strong><em>Convertirse en disc\u00edpulos del Maestro<\/em><\/strong><\/p>\n\n<p>Durante este tiempo, bajo la gu\u00eda de los animadores comunitarios, los hermanos y hermanas son conducidos hacia un punto de inflexi\u00f3n en su camino: habiendo realizado el encuentro con Cristo, puede comenzar para ellos lo siguiente.<\/p>\n\n<p>Por tanto, toda la etapa tiende a un \u00fanico objetivo: animar a los hermanos a que elijan ponerse en la escuela de Jes\u00fas.\nTodos los encuentros de la etapa se centran en la belleza de la persona de Jes\u00fas que llama al discipulado, exhort\u00e1ndoles a no temer ante las condiciones que \u00c9l pone, porque es un maestro que no defrauda y que recompensa cien veces y m\u00e1s cada renuncia hecha en Su nombre. <\/p>\n\n<div style=\"height:30px\" aria-hidden=\"true\" class=\"wp-block-spacer\"><\/div>\n\n<p>Etapa II: <strong><em>El Evangelio del Reino<\/em><\/strong><\/p>\n\n<p>A trav\u00e9s de la escucha del Evangelio y, en particular, de algunas de las par\u00e1bolas que Jes\u00fas cont\u00f3 a la multitud (y que m\u00e1s tarde explic\u00f3 a los disc\u00edpulos), se presenta el n\u00facleo de la ense\u00f1anza de Jes\u00fas sobre la salvaci\u00f3n.<\/p>\n\n<p>En un ambiente cada vez m\u00e1s fraternal, el grupo de disc\u00edpulos aprende poco a poco a crecer juntos, a compartir su camino con los dem\u00e1s.<\/p>\n\n<div style=\"height:30px\" aria-hidden=\"true\" class=\"wp-block-spacer\"><\/div>\n\n<p>Etapa III: <strong><em>Los disc\u00edpulos del Maestro<\/em><\/strong><\/p>\n\n<p>En esta tercera etapa, se presenta a los participantes a algunos de los disc\u00edpulos de Jes\u00fas mencionados en los Evangelios: <em>Mar\u00eda de Nazaret<\/em>, <em>Mar\u00eda de Betania<\/em>, <em>Zaqueo<\/em>, <em>Jos\u00e9 de Arimatea<\/em>&#8230;<\/p>\n\n<p>Mediante la presentaci\u00f3n de estas figuras, se ayuda a los hermanos y hermanas a considerar la respuesta que estas figuras dieron a la llamada del Se\u00f1or, para recibir inspiraci\u00f3n, testimonio y aliento.\nEn cada figura presentada se destaca una virtud cristiana, propuesta como punto de conversi\u00f3n para todos los participantes. <\/p>\n\n<div style=\"height:30px\" aria-hidden=\"true\" class=\"wp-block-spacer\"><\/div>\n\n<p>Etapa IV: <strong><em>La comunidad de disc\u00edpulos<\/em><\/strong><\/p>\n\n<p>Esta \u00faltima etapa representa un cambio de horizonte para dar a los disc\u00edpulos una nueva perspectiva, la de los hermanos y hermanas que hacen el mismo camino con ellos.<\/p>\n\n<p>El disc\u00edpulo, en esta etapa, debe preguntarse: \u00ab\u00bfQui\u00e9nes son ellos para m\u00ed? \u00bfQui\u00e9n soy yo para ellos?\u00bb.\nLa etapa responde a estas preguntas afirmando que la Biblia nos presenta la voluntad de Dios para los hombres que han aceptado la fe en Jes\u00fas, es decir, hacer de ellos <em>un solo cuerpo<\/em>, el de Jes\u00fas. <\/p>\n\n<p>La etapa se caracteriza por una introducci\u00f3n general sobre la llamada a vivir en la Iglesia y por entrar en la especificidad de los cuatro pilares en los que se basa la vida comunitaria cristiana: la comuni\u00f3n fraterna, la Eucarist\u00eda, la escucha de la Palabra de Dios y la oraci\u00f3n.<\/p>\n\n<div style=\"height:30px\" aria-hidden=\"true\" class=\"wp-block-spacer\"><\/div>\n\n<p><strong>En la Iglesia<\/strong> Al final del camino del discipulado, se invita a los hermanos y hermanas que lo han recorrido a que decidan ahora implicarse activamente en la comunidad cristiana en la que se sienten llamados por el Se\u00f1or a aportar su contribuci\u00f3n como <em>personas nuevas<\/em>, conscientes de que tienen<em>\u00abuna manifestaci\u00f3n particular del Esp\u00edritu para el bien com\u00fan<\/em>\u00ab<em>(1 Cor<\/em> 12,7) que dar a la Iglesia.<\/p>\n\n<div style=\"height:50px\" aria-hidden=\"true\" class=\"wp-block-spacer\"><\/div>\n\n<p><\/p>\n","protected":false},"excerpt":{"rendered":"<p>&#8230; expuestoscon mayor precisi\u00f3nel camino de Dios Hechos de los Ap\u00f3stoles 18, 26b A quienes han tenido la experiencia de la efusi\u00f3n del Esp\u00edritu en un seminario animado por la Comunidad se les exige -casi siempre- un periodo de tiempo para que tomen conciencia de la novedad que han encontrado. A menudo se trata de [&hellip;]<\/p>\n","protected":false},"author":3,"featured_media":11027,"parent":0,"menu_order":0,"comment_status":"closed","ping_status":"closed","template":"","meta":{"om_disable_all_campaigns":false,"_monsterinsights_skip_tracking":false,"_monsterinsights_sitenote_active":false,"_monsterinsights_sitenote_note":"","_monsterinsights_sitenote_category":0,"_uf_show_specific_survey":0,"_uf_disable_surveys":false,"footnotes":""},"class_list":["post-19269","page","type-page","status-publish","has-post-thumbnail","hentry"],"aioseo_notices":[],"_links":{"self":[{"href":"https:\/\/comunitamagnificat.org\/es\/wp-json\/wp\/v2\/pages\/19269","targetHints":{"allow":["GET"]}}],"collection":[{"href":"https:\/\/comunitamagnificat.org\/es\/wp-json\/wp\/v2\/pages"}],"about":[{"href":"https:\/\/comunitamagnificat.org\/es\/wp-json\/wp\/v2\/types\/page"}],"author":[{"embeddable":true,"href":"https:\/\/comunitamagnificat.org\/es\/wp-json\/wp\/v2\/users\/3"}],"replies":[{"embeddable":true,"href":"https:\/\/comunitamagnificat.org\/es\/wp-json\/wp\/v2\/comments?post=19269"}],"version-history":[{"count":1,"href":"https:\/\/comunitamagnificat.org\/es\/wp-json\/wp\/v2\/pages\/19269\/revisions"}],"predecessor-version":[{"id":19272,"href":"https:\/\/comunitamagnificat.org\/es\/wp-json\/wp\/v2\/pages\/19269\/revisions\/19272"}],"wp:featuredmedia":[{"embeddable":true,"href":"https:\/\/comunitamagnificat.org\/es\/wp-json\/wp\/v2\/media\/11027"}],"wp:attachment":[{"href":"https:\/\/comunitamagnificat.org\/es\/wp-json\/wp\/v2\/media?parent=19269"}],"curies":[{"name":"wp","href":"https:\/\/api.w.org\/{rel}","templated":true}]}}