{"id":19271,"date":"2024-08-23T07:40:57","date_gmt":"2024-08-23T05:40:57","guid":{"rendered":"https:\/\/comunitamagnificat.org\/el-estatuto-entre-2013-y-2023\/"},"modified":"2024-08-23T07:41:19","modified_gmt":"2024-08-23T05:41:19","slug":"el-estatuto-entre-2013-y-2023","status":"publish","type":"page","link":"https:\/\/comunitamagnificat.org\/es\/el-estatuto-entre-2013-y-2023\/","title":{"rendered":"El Estatuto entre 2013 y 2023"},"content":{"rendered":"\n<div style=\"height:30px\" aria-hidden=\"true\" class=\"wp-block-spacer\"><\/div>\n\n<blockquote class=\"wp-block-quote is-layout-flow wp-block-quote-is-layout-flow\">\n<p><em><strong>En cuanto a m\u00ed y a mi casa<\/strong><\/em><br\/><em><strong>serviremos al Se\u00f1or<\/strong><\/em><\/p>\n<cite><em>Josu\u00e9<\/em> 24, 15<\/cite><\/blockquote>\n\n<div style=\"height:30px\" aria-hidden=\"true\" class=\"wp-block-spacer\"><\/div>\n\n<p><strong>Entre 2013 y 2020<\/strong>, la Comunidad, debido a su crecimiento e internacionalizaci\u00f3n, a instancias de monse\u00f1or Gualtiero Bassetti, arzobispo de Perugia, inici\u00f3 <strong>un di\u00e1logo con el <em>Consejo Pontificio para los Laicos<\/em>, para su reconocimiento por un organismo vaticano y no diocesano.<\/strong><\/p>\n\n<div style=\"height:30px\" aria-hidden=\"true\" class=\"wp-block-spacer\"><\/div>\n\n<p>Se cre\u00f3 una nueva comisi\u00f3n para trabajar ampliamente y con la participaci\u00f3n de todos los aliados.\nAl final de este largo proceso de reflexi\u00f3n, en oto\u00f1o de <strong>2020<\/strong>, <strong>la Comunidad present\u00f3 un texto de Estatuto para su aprobaci\u00f3n al <em>Dicasterio para los Laicos, la Familia y la Vida<\/em><\/strong>, que sustituy\u00f3 al antiguo <em>Consejo Pontificio<\/em>. <\/p>\n\n<div style=\"height:30px\" aria-hidden=\"true\" class=\"wp-block-spacer\"><\/div>\n\n<p>En <strong>2021<\/strong>, se estableci\u00f3 un dia\u00f3logo entre la Comunidad y el <em>Dicasterio <\/em>para la aprobaci\u00f3n final de la Comunidad y su Estatuto.<\/p>\n\n<div style=\"height:30px\" aria-hidden=\"true\" class=\"wp-block-spacer\"><\/div>\n\n<p>En <strong>mayo de 2023<\/strong>, el cardenal Kevin J. Farrell, Prefecto del <em>Dicasterio para los Laicos, la Familia y la Vida<\/em>, anunci\u00f3 que<strong> el proyecto de estatuto <\/strong>que estaba examinando el <em>Dicasterio para la Doctrina de la Fe<\/em> <strong>no revelaba ning\u00fan problema doctrinal<\/strong>.<\/p>\n\n<div style=\"height:30px\" aria-hidden=\"true\" class=\"wp-block-spacer\"><\/div>\n\n<p>El <strong>19 de octubre de 2023<\/strong>, el Cardenal Farrell, en una carta dirigida a la Moderadora General Maria Rita Castellani, inform\u00f3 a la Comunidad de que<strong> el Dicasterio que presid\u00eda hab\u00eda decidido proceder al reconocimiento de la Comunidad Magnificat como asociaci\u00f3n internacional de fieles<\/strong>, <strong>aprobando sus Estatutos<\/strong>, <em>ad experimentum<\/em>, por cinco a\u00f1os.<\/p>\n\n<div style=\"height:30px\" aria-hidden=\"true\" class=\"wp-block-spacer\"><\/div>\n\n<div class=\"wp-block-columns is-layout-flex wp-container-core-columns-is-layout-9d6595d7 wp-block-columns-is-layout-flex\">\n<div class=\"wp-block-column is-layout-flow wp-block-column-is-layout-flow\">\n<figure class=\"wp-block-embed is-type-video is-provider-youtube wp-block-embed-youtube wp-embed-aspect-16-9 wp-has-aspect-ratio\"><div class=\"wp-block-embed__wrapper\"> \n<iframe loading=\"lazy\" title=\"Positivamente concluso l&#039;iter di approvazione dello Statuto della Comunit\u00e0!\" width=\"500\" height=\"281\" src=\"https:\/\/www.youtube.com\/embed\/H5K0gZ0H3Wo?feature=oembed\" frameborder=\"0\" allow=\"accelerometer; autoplay; clipboard-write; encrypted-media; gyroscope; picture-in-picture; web-share\" referrerpolicy=\"strict-origin-when-cross-origin\" allowfullscreen><\/iframe>\n <\/div><\/figure>\n<\/div>\n<\/div>\n\n<div style=\"height:30px\" aria-hidden=\"true\" class=\"wp-block-spacer\"><\/div>\n\n<p>En la Solemnidad de la Inmaculada Concepci\u00f3n de la Bienaventurada Virgen Mar\u00eda, <strong>el 8 de diciembre de 2023<\/strong>, el Cardenal Kevin Farrell, Prefecto del <em>Dicasterio para los Laicos, la Familia y la Vida<\/em>, <strong>firm\u00f3 el Decreto de aprobaci\u00f3n<\/strong>.<\/p>\n\n<div style=\"height:30px\" aria-hidden=\"true\" class=\"wp-block-spacer\"><\/div>\n<div class=\"wp-block-image\">\n<figure class=\"aligncenter size-full\"><picture data-lightbox=\"\"><img decoding=\"async\" src=\"https:\/\/comunitamagnificat.org\/wp-content\/uploads\/2024\/01\/Farrell.jpeg\" alt=\"\" class=\"wp-image-10130\"\/><\/picture><figcaption class=\"wp-element-caption\">Su Eminencia, el Cardenal Kevin J. Farrell, Prefecto del <em>Dicasterio para los Laicos, la Familia y la Vida<\/em>.<\/figcaption><\/figure>\n<\/div>\n<p class=\"has-text-align-center has-text-color has-link-color wp-elements-17dddadf5c8a9c975c6693d206a80d33\" style=\"color:#950c0c\"><\/p>\n\n<div style=\"height:50px\" aria-hidden=\"true\" class=\"wp-block-spacer\"><\/div>\n\n<p><\/p>\n","protected":false},"excerpt":{"rendered":"<p>En cuanto a m\u00ed y a mi casaserviremos al Se\u00f1or Josu\u00e9 24, 15 Entre 2013 y 2020, la Comunidad, debido a su crecimiento e internacionalizaci\u00f3n, a instancias de monse\u00f1or Gualtiero Bassetti, arzobispo de Perugia, inici\u00f3 un di\u00e1logo con el Consejo Pontificio para los Laicos, para su reconocimiento por un organismo vaticano y no diocesano. Se [&hellip;]<\/p>\n","protected":false},"author":3,"featured_media":11307,"parent":0,"menu_order":0,"comment_status":"closed","ping_status":"closed","template":"","meta":{"om_disable_all_campaigns":false,"_monsterinsights_skip_tracking":false,"_monsterinsights_sitenote_active":false,"_monsterinsights_sitenote_note":"","_monsterinsights_sitenote_category":0,"_uf_show_specific_survey":0,"_uf_disable_surveys":false,"footnotes":""},"class_list":["post-19271","page","type-page","status-publish","has-post-thumbnail","hentry"],"aioseo_notices":[],"_links":{"self":[{"href":"https:\/\/comunitamagnificat.org\/es\/wp-json\/wp\/v2\/pages\/19271","targetHints":{"allow":["GET"]}}],"collection":[{"href":"https:\/\/comunitamagnificat.org\/es\/wp-json\/wp\/v2\/pages"}],"about":[{"href":"https:\/\/comunitamagnificat.org\/es\/wp-json\/wp\/v2\/types\/page"}],"author":[{"embeddable":true,"href":"https:\/\/comunitamagnificat.org\/es\/wp-json\/wp\/v2\/users\/3"}],"replies":[{"embeddable":true,"href":"https:\/\/comunitamagnificat.org\/es\/wp-json\/wp\/v2\/comments?post=19271"}],"version-history":[{"count":1,"href":"https:\/\/comunitamagnificat.org\/es\/wp-json\/wp\/v2\/pages\/19271\/revisions"}],"predecessor-version":[{"id":19273,"href":"https:\/\/comunitamagnificat.org\/es\/wp-json\/wp\/v2\/pages\/19271\/revisions\/19273"}],"wp:featuredmedia":[{"embeddable":true,"href":"https:\/\/comunitamagnificat.org\/es\/wp-json\/wp\/v2\/media\/11307"}],"wp:attachment":[{"href":"https:\/\/comunitamagnificat.org\/es\/wp-json\/wp\/v2\/media?parent=19271"}],"curies":[{"name":"wp","href":"https:\/\/api.w.org\/{rel}","templated":true}]}}