{"id":19286,"date":"2024-08-23T07:41:29","date_gmt":"2024-08-23T05:41:29","guid":{"rendered":"https:\/\/comunitamagnificat.org\/seminario-de-vida-nueva-en-el-espiritu-santo\/"},"modified":"2024-08-23T07:41:59","modified_gmt":"2024-08-23T05:41:59","slug":"seminario-de-vida-nueva-en-el-espiritu-santo","status":"publish","type":"page","link":"https:\/\/comunitamagnificat.org\/es\/seminario-de-vida-nueva-en-el-espiritu-santo\/","title":{"rendered":"Seminario de Vida Nueva en el Esp\u00edritu Santo"},"content":{"rendered":"\n<div style=\"height:30px\" aria-hidden=\"true\" class=\"wp-block-spacer\"><\/div>\n\n<blockquote class=\"wp-block-quote is-layout-flow wp-block-quote-is-layout-flow\"><p><em><strong>Pedro segu\u00eda diciendo estas cosas<\/strong><\/em><br\/><em><strong>cuando el Esp\u00edritu Santo<\/strong><\/em><br\/><em><strong>descendi\u00f3 sobre todos aquellos<\/strong><\/em><br\/><em><strong>que escuchaban la Palabra<\/strong><\/em><\/p><cite><em>Hechos de los Ap\u00f3stoles<\/em> 10, 44<\/cite><\/blockquote>\n\n<div style=\"height:30px\" aria-hidden=\"true\" class=\"wp-block-spacer\"><\/div>\n\n<p>La Comunidad Magnificat, en su propia experiencia de evangelizaci\u00f3n, ha visto repetirse muchas veces escenas como la que tuvo lugar en la casa de Cornelio en presencia de Pedro que predicaba<em>(<\/em><em>Hch<\/em> 10,34-48) o la que tuvo lugar tras el anuncio de Pablo en \u00c9feso<em>(Hch<\/em> 19,1-7), cuando el Esp\u00edritu Santo descendi\u00f3 de forma visible sobre los que escuchaban la Palabra.<\/p>\n\n<div style=\"height:30px\" aria-hidden=\"true\" class=\"wp-block-spacer\"><\/div>\n\n<p>Es precisamente el <em>Seminario de la Nueva Vida en el Esp\u00edritu<\/em> Santo el que, en la inmensa mayor\u00eda de los casos, permite al Se\u00f1or derramar Su amor sobre quienes participan en \u00e9l.<\/p>\n\n<div style=\"height:30px\" aria-hidden=\"true\" class=\"wp-block-spacer\"><\/div>\n\n<p>El seminario es un tiempo en el que Dios realiza una maravillosa obra de renacimiento para tantos hermanos y hermanas.<\/p>\n\n<div style=\"height:30px\" aria-hidden=\"true\" class=\"wp-block-spacer\"><\/div>\n\n<p>Jes\u00fas, hablando con Nicodemo aquella noche en que se encontraron, a su pregunta \u00ab\u00bfC\u00f3mo puede nacer un hombre siendo viejo?\u00bb, respondi\u00f3: \u00abEn verdad, en verdad te digo que el que no nazca del agua y del Esp\u00edritu no puede entrar en el Reino de Dios\u00bb (cf. <em>Jn<\/em> 3, 4-8).<\/p>\n\n<div style=\"height:30px\" aria-hidden=\"true\" class=\"wp-block-spacer\"><\/div>\n\n<p>La renovaci\u00f3n carism\u00e1tica, desde su surgimiento en la Iglesia cat\u00f3lica, se ha convertido, en cierto modo, en un testimonio privilegiado de ese nuevo nacimiento, que Dios obra a trav\u00e9s de un instrumento sencillo, puesto en manos de personas pobres dotadas de una caracter\u00edstica indispensable, haber vivido la misma experiencia.\nEl instrumento es el <em>Seminario de la Nueva Vida en el Esp\u00edritu Santo<\/em>, los pobres son tambi\u00e9n los miembros de la Comunidad, la experiencia es la de ser sobrecogidos por el Amor mismo de Dios: el Esp\u00edritu Santo. <\/p>\n\n<div style=\"height:30px\" aria-hidden=\"true\" class=\"wp-block-spacer\"><\/div>\n\n<p>Haber experimentado la efusi\u00f3n del Esp\u00edritu Santo es una condici\u00f3n indispensable para pertenecer a la Comunidad Magnificat.<\/p>\n\n<div style=\"height:30px\" aria-hidden=\"true\" class=\"wp-block-spacer\"><\/div>\n\n<p><strong>Estructura del <\/strong><strong><em>Seminario<\/em><\/strong><strong><\/strong><\/p>\n\n<p>A lo largo de muchos a\u00f1os, la Comunidad ha creado cientos y cientos de seminarios, utilizando muchas f\u00f3rmulas diferentes, desde el curso semanal que dura unos tres meses hasta los residenciales de tres d\u00edas, pero lo que realmente la distingue es su estructura fundamental: una proclamaci\u00f3n fundamental de la fe y una oraci\u00f3n sobre las personas para que reciban la efusi\u00f3n del Esp\u00edritu.<\/p>\n\n<div style=\"height:30px\" aria-hidden=\"true\" class=\"wp-block-spacer\"><\/div>\n\n<p>Los temas que se anuncian de forma sencilla y alegre son los del <em>kerigma<\/em>:<\/p>\n\n<p>1. Dios te ama<\/p>\n\n<p>2. El pecado y sus consecuencias<\/p>\n\n<p>3. Jes\u00fas es la salvaci\u00f3n<\/p>\n\n<p>4. Jesucristo es el Se\u00f1or<\/p>\n\n<p>5. La promesa del Esp\u00edritu<\/p>\n\n<div style=\"height:30px\" aria-hidden=\"true\" class=\"wp-block-spacer\"><\/div>\n\n<p>Estos anuncios kerigm\u00e1ticos -dados en reuniones animadas por los miembros de la Comunidad a trav\u00e9s de la catequesis- est\u00e1n flanqueados por dos encuentros vivenciales, ofrecidos a los participantes antes de que acudan al momento de oraci\u00f3n para recibir la efusi\u00f3n.<\/p>\n\n<p>La primera, titulada <em>Eliminaci\u00f3n de obst\u00e1culos<\/em>, pretende ayudar a los participantes en el seminario a afrontar y eliminar aquellos obst\u00e1culos que pueden dificultar la acci\u00f3n del Esp\u00edritu: la falta de perd\u00f3n (hacia uno mismo o hacia los dem\u00e1s), la idolatr\u00eda (recurrir a pr\u00e1cticas m\u00e1gicas o al mundo de lo oculto), una vida sexual desordenada, la adicci\u00f3n a sustancias o situaciones&#8230;<\/p>\n\n<p>La segunda, titulada <em>Creer y Convertirse<\/em>, se vive en una liturgia penitencial, en la que, tras la catequesis y un profundo examen de conciencia, se da a los participantes la oportunidad de hacer un acto de fe en la misericordia de Dios, viviendo el <em>Sacramento de la Reconciliaci\u00f3n<\/em>.<\/p>\n\n<div style=\"height:30px\" aria-hidden=\"true\" class=\"wp-block-spacer\"><\/div>\n\n<p><strong>Oraci\u00f3n efusiva<\/strong><\/p>\n\n<p>Al final de la proclamaci\u00f3n kerigm\u00e1tica, se reza una oraci\u00f3n sobre todos los participantes en el seminario que desean recibir la efusi\u00f3n del Esp\u00edritu Santo, en la que -a las personas que la reciben- les suceden infinidad de cosas distintas, tantas como personas hay.\nPero -para cada persona- hay una certeza: \u00ab\u00a1Dios est\u00e1 ah\u00ed y me ama!\u00bb. <\/p>\n\n<div style=\"height:30px\" aria-hidden=\"true\" class=\"wp-block-spacer\"><\/div>\n\n<p><strong>Fundamentos teol\u00f3gicos<\/strong><\/p>\n\n<p>Para comprender la naturaleza teol\u00f3gica del <em>Seminario de la Vida Nueva en el Esp\u00edritu Santo<\/em> y la experiencia de la <em>efusi\u00f3n del Esp\u00edritu <\/em>, ofrecemos aqu\u00ed dos documentos del Padre Raniero Cantalamessa: el texto de una de sus ense\u00f1anzas sobre el tema, que se remonta a los a\u00f1os ochenta, y una catequesis que dirigi\u00f3 a la Casa Pontificia en la Cuaresma de 2021.<\/p>\n\n<div style=\"height:30px\" aria-hidden=\"true\" class=\"wp-block-spacer\"><\/div>\n\n<div class=\"wp-block-file aligncenter\"><a id=\"wp-block-file--media-a06ef66b-4800-42d3-94fa-45ca800a6305\" href=\"https:\/\/comunitamagnificat.org\/wp-content\/uploads\/2021\/04\/Riflessioni-Teologiche-sulleffusione-padre-Raniero-Cantalamessa.pdf\"><strong>Reflexiones teol\u00f3gicas sobre la efusi\u00f3n &#8211; Padre Raniero Cantalamessa<\/strong><\/a><a href=\"https:\/\/comunitamagnificat.org\/wp-content\/uploads\/2021\/04\/Riflessioni-Teologiche-sulleffusione-padre-Raniero-Cantalamessa.pdf\" class=\"wp-block-file__button\" download=\"\" aria-describedby=\"wp-block-file--media-a06ef66b-4800-42d3-94fa-45ca800a6305\">Descarga<\/a><\/div>\n\n<div style=\"height:30px\" aria-hidden=\"true\" class=\"wp-block-spacer\"><\/div>\n\n<div class=\"wp-block-columns is-layout-flex wp-container-core-columns-is-layout-9d6595d7 wp-block-columns-is-layout-flex\">\n<div class=\"wp-block-column is-layout-flow wp-block-column-is-layout-flow\" style=\"flex-basis:15%\"><\/div>\n\n\n\n<div class=\"wp-block-column is-layout-flow wp-block-column-is-layout-flow\" style=\"flex-basis:60%\">\n<figure class=\"wp-block-embed is-type-video is-provider-youtube wp-block-embed-youtube wp-embed-aspect-16-9 wp-has-aspect-ratio\"><div class=\"wp-block-embed__wrapper\"> \n<iframe loading=\"lazy\" title=\"Prima predica per la Quaresima del Card. Raniero Cantalamessa (26 febbraio 2021)\" width=\"500\" height=\"281\" src=\"https:\/\/www.youtube.com\/embed\/V93vCiATct4?feature=oembed\" frameborder=\"0\" allow=\"accelerometer; autoplay; clipboard-write; encrypted-media; gyroscope; picture-in-picture; web-share\" referrerpolicy=\"strict-origin-when-cross-origin\" allowfullscreen><\/iframe>\n <\/div><figcaption>p.\nRaniero habla en la Casa Pontificia sobre la efusi\u00f3n del Esp\u00edritu Santo <\/figcaption><\/figure>\n<\/div>\n\n\n\n<div class=\"wp-block-column is-layout-flow wp-block-column-is-layout-flow\" style=\"flex-basis:15%\"><\/div>\n<\/div>\n\n<div style=\"height:50px\" aria-hidden=\"true\" class=\"wp-block-spacer\"><\/div>\n\n<p><\/p>\n","protected":false},"excerpt":{"rendered":"<p>Pedro segu\u00eda diciendo estas cosascuando el Esp\u00edritu Santodescendi\u00f3 sobre todos aquellosque escuchaban la Palabra Hechos de los Ap\u00f3stoles 10, 44 La Comunidad Magnificat, en su propia experiencia de evangelizaci\u00f3n, ha visto repetirse muchas veces escenas como la que tuvo lugar en la casa de Cornelio en presencia de Pedro que predicaba(Hch 10,34-48) o la que [&hellip;]<\/p>\n","protected":false},"author":3,"featured_media":11023,"parent":0,"menu_order":0,"comment_status":"closed","ping_status":"closed","template":"","meta":{"om_disable_all_campaigns":false,"_monsterinsights_skip_tracking":false,"_monsterinsights_sitenote_active":false,"_monsterinsights_sitenote_note":"","_monsterinsights_sitenote_category":0,"_uf_show_specific_survey":0,"_uf_disable_surveys":false,"footnotes":""},"class_list":["post-19286","page","type-page","status-publish","has-post-thumbnail","hentry"],"aioseo_notices":[],"_links":{"self":[{"href":"https:\/\/comunitamagnificat.org\/es\/wp-json\/wp\/v2\/pages\/19286","targetHints":{"allow":["GET"]}}],"collection":[{"href":"https:\/\/comunitamagnificat.org\/es\/wp-json\/wp\/v2\/pages"}],"about":[{"href":"https:\/\/comunitamagnificat.org\/es\/wp-json\/wp\/v2\/types\/page"}],"author":[{"embeddable":true,"href":"https:\/\/comunitamagnificat.org\/es\/wp-json\/wp\/v2\/users\/3"}],"replies":[{"embeddable":true,"href":"https:\/\/comunitamagnificat.org\/es\/wp-json\/wp\/v2\/comments?post=19286"}],"version-history":[{"count":2,"href":"https:\/\/comunitamagnificat.org\/es\/wp-json\/wp\/v2\/pages\/19286\/revisions"}],"predecessor-version":[{"id":19289,"href":"https:\/\/comunitamagnificat.org\/es\/wp-json\/wp\/v2\/pages\/19286\/revisions\/19289"}],"wp:featuredmedia":[{"embeddable":true,"href":"https:\/\/comunitamagnificat.org\/es\/wp-json\/wp\/v2\/media\/11023"}],"wp:attachment":[{"href":"https:\/\/comunitamagnificat.org\/es\/wp-json\/wp\/v2\/media?parent=19286"}],"curies":[{"name":"wp","href":"https:\/\/api.w.org\/{rel}","templated":true}]}}