{"id":19288,"date":"2024-08-23T07:41:35","date_gmt":"2024-08-23T05:41:35","guid":{"rendered":"https:\/\/comunitamagnificat.org\/la-regla-de-vida-de-1995\/"},"modified":"2024-08-23T07:41:59","modified_gmt":"2024-08-23T05:41:59","slug":"la-regla-de-vida-de-1995","status":"publish","type":"page","link":"https:\/\/comunitamagnificat.org\/es\/la-regla-de-vida-de-1995\/","title":{"rendered":"La Regla de Vida de 1995"},"content":{"rendered":"\n<div style=\"height:30px\" aria-hidden=\"true\" class=\"wp-block-spacer\"><\/div>\n\n<blockquote class=\"wp-block-quote is-layout-flow wp-block-quote-is-layout-flow\"><p><em><strong>Cuando Israel era ni\u00f1o<\/strong><\/em><br\/><em><strong>lo am\u00e9<\/strong><\/em><br\/><em><strong>y desde Egipto llam\u00e9 a mi hijo<\/strong><\/em><\/p><cite><em>Oseas<\/em> 11, 1<\/cite><\/blockquote>\n\n<div style=\"height:30px\" aria-hidden=\"true\" class=\"wp-block-spacer\"><\/div>\n\n<div class=\"wp-block-image\"><figure class=\"aligncenter size-large is-resized\"><picture data-lightbox=\"https:\/\/comunitamagnificat.org\/wp-content\/uploads\/2021\/04\/1995.jpg\"><source type='image\/jpeg' srcset='https:\/\/comunitamagnificat.org\/wp-content\/uploads\/2021\/04\/1995.jpg 1748w, https:\/\/comunitamagnificat.org\/wp-content\/uploads\/2021\/04\/1995-211x300.jpg 211w, https:\/\/comunitamagnificat.org\/wp-content\/uploads\/2021\/04\/1995-722x1024.jpg 722w, https:\/\/comunitamagnificat.org\/wp-content\/uploads\/2021\/04\/1995-768x1090.jpg 768w, https:\/\/comunitamagnificat.org\/wp-content\/uploads\/2021\/04\/1995-1083x1536.jpg 1083w, https:\/\/comunitamagnificat.org\/wp-content\/uploads\/2021\/04\/1995-1444x2048.jpg 1444w' sizes='(max-width: 1748px) 100vw, 1748px' \/><img loading=\"lazy\" decoding=\"async\" src=\"https:\/\/comunitamagnificat.org\/wp-content\/uploads\/2021\/04\/1995-722x1024.jpg\" alt=\"\" class=\"wp-image-736\" width=\"370\" height=\"524\"\/><\/picture><figcaption>La portada de la Regla de Vida de 1995<\/figcaption><\/figure><\/div>\n\n<div style=\"height:30px\" aria-hidden=\"true\" class=\"wp-block-spacer\"><\/div>\n\n<p>Despu\u00e9s de m\u00e1s de quince a\u00f1os de vida comunitaria -tras el discernimiento de convertirse en una \u00fanica realidad comunitaria en lugar de un conjunto de \u00abcomunidades hermanas\u00bb-, fue el arzobispo de Perugia, monse\u00f1or Ennio Antonelli, quien dio el<em>impulso<\/em> para redactar un texto normativo que diera unidad y estabilidad a la Comunidad.<\/p>\n\n<div style=\"height:30px\" aria-hidden=\"true\" class=\"wp-block-spacer\"><\/div>\n\n<p>Por ello, en enero de 1994, cre\u00f3 una comisi\u00f3n de miembros comunitarios para elaborar un estatuto.<\/p>\n\n<div style=\"height:30px\" aria-hidden=\"true\" class=\"wp-block-spacer\"><\/div>\n\n<p>Al final de esos trabajos, el 15 de octubre de 1995, el Arzobispo reconoci\u00f3 oficialmente a la Comunidad Magnificat como <em>Asociaci\u00f3n privada de fieles laicos<\/em> seg\u00fan el <em>C\u00f3digo de Derecho Can\u00f3nico<\/em> y, al mismo tiempo, aprob\u00f3 su <em>Estatuto<\/em>, llamado y considerado por los miembros de la Comunidad como <em>Regla de Vida<\/em>.<\/p>\n\n<div style=\"height:30px\" aria-hidden=\"true\" class=\"wp-block-spacer\"><\/div>\n\n<p>He aqu\u00ed el texto:<\/p>\n\n<div class=\"wp-block-file aligncenter\"><a href=\"https:\/\/comunitamagnificat.org\/wp-content\/uploads\/2021\/04\/Regola-di-Vita-15-ottobre-1995.pdf\"><strong>Regla de Vida &#8211; 15 de octubre de 1995<\/strong><\/a><a href=\"https:\/\/comunitamagnificat.org\/wp-content\/uploads\/2021\/04\/Regola-di-Vita-15-ottobre-1995.pdf\" class=\"wp-block-file__button\" download=\"\">Descarga<\/a><\/div>\n\n<div style=\"height:50px\" aria-hidden=\"true\" class=\"wp-block-spacer\"><\/div>\n","protected":false},"excerpt":{"rendered":"<p>Cuando Israel era ni\u00f1olo am\u00e9y desde Egipto llam\u00e9 a mi hijo Oseas 11, 1 Despu\u00e9s de m\u00e1s de quince a\u00f1os de vida comunitaria -tras el discernimiento de convertirse en una \u00fanica realidad comunitaria en lugar de un conjunto de \u00abcomunidades hermanas\u00bb-, fue el arzobispo de Perugia, monse\u00f1or Ennio Antonelli, quien dio elimpulso para redactar un [&hellip;]<\/p>\n","protected":false},"author":3,"featured_media":11303,"parent":0,"menu_order":0,"comment_status":"closed","ping_status":"closed","template":"","meta":{"om_disable_all_campaigns":false,"_monsterinsights_skip_tracking":false,"_monsterinsights_sitenote_active":false,"_monsterinsights_sitenote_note":"","_monsterinsights_sitenote_category":0,"_uf_show_specific_survey":0,"_uf_disable_surveys":false,"footnotes":""},"class_list":["post-19288","page","type-page","status-publish","has-post-thumbnail","hentry"],"aioseo_notices":[],"_links":{"self":[{"href":"https:\/\/comunitamagnificat.org\/es\/wp-json\/wp\/v2\/pages\/19288","targetHints":{"allow":["GET"]}}],"collection":[{"href":"https:\/\/comunitamagnificat.org\/es\/wp-json\/wp\/v2\/pages"}],"about":[{"href":"https:\/\/comunitamagnificat.org\/es\/wp-json\/wp\/v2\/types\/page"}],"author":[{"embeddable":true,"href":"https:\/\/comunitamagnificat.org\/es\/wp-json\/wp\/v2\/users\/3"}],"replies":[{"embeddable":true,"href":"https:\/\/comunitamagnificat.org\/es\/wp-json\/wp\/v2\/comments?post=19288"}],"version-history":[{"count":1,"href":"https:\/\/comunitamagnificat.org\/es\/wp-json\/wp\/v2\/pages\/19288\/revisions"}],"predecessor-version":[{"id":19290,"href":"https:\/\/comunitamagnificat.org\/es\/wp-json\/wp\/v2\/pages\/19288\/revisions\/19290"}],"wp:featuredmedia":[{"embeddable":true,"href":"https:\/\/comunitamagnificat.org\/es\/wp-json\/wp\/v2\/media\/11303"}],"wp:attachment":[{"href":"https:\/\/comunitamagnificat.org\/es\/wp-json\/wp\/v2\/media?parent=19288"}],"curies":[{"name":"wp","href":"https:\/\/api.w.org\/{rel}","templated":true}]}}