{"id":19291,"date":"2024-08-23T07:41:39","date_gmt":"2024-08-23T05:41:39","guid":{"rendered":"https:\/\/comunitamagnificat.org\/la-regla-de-vida-de-2004\/"},"modified":"2024-08-23T07:41:59","modified_gmt":"2024-08-23T05:41:59","slug":"la-regla-de-vida-de-2004","status":"publish","type":"page","link":"https:\/\/comunitamagnificat.org\/es\/la-regla-de-vida-de-2004\/","title":{"rendered":"La Regla de Vida de 2004"},"content":{"rendered":"\n<div style=\"height:30px\" aria-hidden=\"true\" class=\"wp-block-spacer\"><\/div>\n\n<blockquote class=\"wp-block-quote is-layout-flow wp-block-quote-is-layout-flow\"><p><em><strong>No digas: &#8216;Soy joven.<\/strong><\/em><br\/><em><strong>Ir\u00e1s a todos aquellos a quienes te env\u00ede<\/strong><\/em><br\/><em><strong>y dir\u00e1s todo lo que te mande<\/strong><\/em><\/p><cite><em>Jerem\u00edas<\/em> 1, 7<\/cite><\/blockquote>\n\n<div style=\"height:30px\" aria-hidden=\"true\" class=\"wp-block-spacer\"><\/div>\n\n<div class=\"wp-block-image\"><figure class=\"aligncenter size-large is-resized\"><picture data-lightbox=\"https:\/\/comunitamagnificat.org\/wp-content\/uploads\/2021\/04\/2003.jpg\"><source type='image\/jpeg' srcset='https:\/\/comunitamagnificat.org\/wp-content\/uploads\/2021\/04\/2003.jpg 1748w, https:\/\/comunitamagnificat.org\/wp-content\/uploads\/2021\/04\/2003-211x300.jpg 211w, https:\/\/comunitamagnificat.org\/wp-content\/uploads\/2021\/04\/2003-722x1024.jpg 722w, https:\/\/comunitamagnificat.org\/wp-content\/uploads\/2021\/04\/2003-768x1090.jpg 768w, https:\/\/comunitamagnificat.org\/wp-content\/uploads\/2021\/04\/2003-1083x1536.jpg 1083w, https:\/\/comunitamagnificat.org\/wp-content\/uploads\/2021\/04\/2003-1444x2048.jpg 1444w' sizes='(max-width: 1748px) 100vw, 1748px' \/><img loading=\"lazy\" decoding=\"async\" src=\"https:\/\/comunitamagnificat.org\/wp-content\/uploads\/2021\/04\/2003-722x1024.jpg\" alt=\"\" class=\"wp-image-740\" width=\"418\" height=\"593\"\/><\/picture><figcaption><em>Decreto de aprobaci\u00f3n de Monse\u00f1or Chiaretti<\/em><\/figcaption><\/figure><\/div>\n\n<div style=\"height:30px\" aria-hidden=\"true\" class=\"wp-block-spacer\"><\/div>\n\n<p>Fue en 2003 cuando el arzobispo de Perugia, Giuseppe Chiaretti, cre\u00f3 una nueva comisi\u00f3n para revisar el Estatuto.\nEl 24 de diciembre de 2004, el trabajo de revisi\u00f3n -a pesar de las muchas dificultades que tambi\u00e9n caus\u00f3 la separaci\u00f3n de un \u00e1rea- lleg\u00f3 a su fin con la aprobaci\u00f3n oficial del nuevo texto. <\/p>\n\n<div style=\"height:30px\" aria-hidden=\"true\" class=\"wp-block-spacer\"><\/div>\n\n<p>Aqu\u00ed tienes el archivo pdf de la Regla de Vida aprobada por Monse\u00f1or Chiaretti:<\/p>\n\n<div style=\"height:30px\" aria-hidden=\"true\" class=\"wp-block-spacer\"><\/div>\n\n<div class=\"wp-block-file aligncenter\"><a href=\"https:\/\/comunitamagnificat.org\/wp-content\/uploads\/2021\/04\/Regola-di-Vita-24-dicembre-2003.pdf\"><strong>Regla de vida &#8211; 24 de diciembre de 2003<\/strong><\/a><a href=\"https:\/\/comunitamagnificat.org\/wp-content\/uploads\/2021\/04\/Regola-di-Vita-24-dicembre-2003.pdf\" class=\"wp-block-file__button\" download=\"\">Descarga<\/a><\/div>\n\n<div style=\"height:30px\" aria-hidden=\"true\" class=\"wp-block-spacer\"><\/div>\n\n<p>Este es el audio del discurso que pronunci\u00f3 ante la Comunidad reunida en la Convenci\u00f3n General de Montesilvano en enero siguiente, al entregar el nuevo Estatuto:<\/p>\n\n<div style=\"height:30px\" aria-hidden=\"true\" class=\"wp-block-spacer\"><\/div>\n\n<div class=\"wp-block-columns is-layout-flex wp-container-core-columns-is-layout-9d6595d7 wp-block-columns-is-layout-flex\">\n<div class=\"wp-block-column is-layout-flow wp-block-column-is-layout-flow\" style=\"flex-basis:15%\"><\/div>\n\n\n\n<div class=\"wp-block-column is-layout-flow wp-block-column-is-layout-flow\">\n<figure class=\"wp-block-audio\"><audio controls=\"\" src=\"https:\/\/comunitamagnificat.org\/wp-content\/uploads\/2021\/04\/Monsignor-Giuseppe-Chiaretti-alla-Comunita-4-gennaio-2005.mp3\"><\/audio><\/figure>\n<\/div>\n\n\n\n<div class=\"wp-block-column is-layout-flow wp-block-column-is-layout-flow\" style=\"flex-basis:15%\"><\/div>\n<\/div>\n\n<div style=\"height:50px\" aria-hidden=\"true\" class=\"wp-block-spacer\"><\/div>\n\n<p><\/p>\n","protected":false},"excerpt":{"rendered":"<p>No digas: &#8216;Soy joven.Ir\u00e1s a todos aquellos a quienes te env\u00edey dir\u00e1s todo lo que te mande Jerem\u00edas 1, 7 Fue en 2003 cuando el arzobispo de Perugia, Giuseppe Chiaretti, cre\u00f3 una nueva comisi\u00f3n para revisar el Estatuto. El 24 de diciembre de 2004, el trabajo de revisi\u00f3n -a pesar de las muchas dificultades que [&hellip;]<\/p>\n","protected":false},"author":3,"featured_media":0,"parent":0,"menu_order":0,"comment_status":"closed","ping_status":"closed","template":"","meta":{"om_disable_all_campaigns":false,"_monsterinsights_skip_tracking":false,"_monsterinsights_sitenote_active":false,"_monsterinsights_sitenote_note":"","_monsterinsights_sitenote_category":0,"_uf_show_specific_survey":0,"_uf_disable_surveys":false,"footnotes":""},"class_list":["post-19291","page","type-page","status-publish","hentry"],"aioseo_notices":[],"_links":{"self":[{"href":"https:\/\/comunitamagnificat.org\/es\/wp-json\/wp\/v2\/pages\/19291","targetHints":{"allow":["GET"]}}],"collection":[{"href":"https:\/\/comunitamagnificat.org\/es\/wp-json\/wp\/v2\/pages"}],"about":[{"href":"https:\/\/comunitamagnificat.org\/es\/wp-json\/wp\/v2\/types\/page"}],"author":[{"embeddable":true,"href":"https:\/\/comunitamagnificat.org\/es\/wp-json\/wp\/v2\/users\/3"}],"replies":[{"embeddable":true,"href":"https:\/\/comunitamagnificat.org\/es\/wp-json\/wp\/v2\/comments?post=19291"}],"version-history":[{"count":1,"href":"https:\/\/comunitamagnificat.org\/es\/wp-json\/wp\/v2\/pages\/19291\/revisions"}],"predecessor-version":[{"id":19293,"href":"https:\/\/comunitamagnificat.org\/es\/wp-json\/wp\/v2\/pages\/19291\/revisions\/19293"}],"wp:attachment":[{"href":"https:\/\/comunitamagnificat.org\/es\/wp-json\/wp\/v2\/media?parent=19291"}],"curies":[{"name":"wp","href":"https:\/\/api.w.org\/{rel}","templated":true}]}}