{"id":19304,"date":"2024-08-23T07:41:56","date_gmt":"2024-08-23T05:41:56","guid":{"rendered":"https:\/\/comunitamagnificat.org\/el-estatuto-de-1979\/"},"modified":"2024-08-23T07:42:00","modified_gmt":"2024-08-23T05:42:00","slug":"el-estatuto-de-1979","status":"publish","type":"page","link":"https:\/\/comunitamagnificat.org\/es\/el-estatuto-de-1979\/","title":{"rendered":"El Estatuto de 1979"},"content":{"rendered":"\n<div style=\"height:30px\" aria-hidden=\"true\" class=\"wp-block-spacer\"><\/div>\n\n<blockquote class=\"wp-block-quote is-layout-flow wp-block-quote-is-layout-flow\"><p><em><strong>En ti me apoy\u00e9<\/strong><\/em><br\/><em><strong>desde el vientre de mi madre<\/strong><\/em><br\/><em><strong>desde el vientre de mi madre<\/strong><\/em><br\/><em><strong>t\u00fa eres mi apoyo:<\/strong><\/em><br\/><em><strong>A ti mi alabanza sin fin<\/strong><\/em><\/p><cite><em>Salmos<\/em> 70, 6<\/cite><\/blockquote>\n\n<div style=\"height:30px\" aria-hidden=\"true\" class=\"wp-block-spacer\"><\/div>\n\n<div class=\"wp-block-image\"><figure class=\"aligncenter size-large is-resized\"><picture data-lightbox=\"https:\/\/comunitamagnificat.org\/wp-content\/uploads\/2021\/04\/1979.jpg\"><source type='image\/jpeg' srcset='https:\/\/comunitamagnificat.org\/wp-content\/uploads\/2021\/04\/1979.jpg 1748w, https:\/\/comunitamagnificat.org\/wp-content\/uploads\/2021\/04\/1979-211x300.jpg 211w, https:\/\/comunitamagnificat.org\/wp-content\/uploads\/2021\/04\/1979-722x1024.jpg 722w, https:\/\/comunitamagnificat.org\/wp-content\/uploads\/2021\/04\/1979-768x1090.jpg 768w, https:\/\/comunitamagnificat.org\/wp-content\/uploads\/2021\/04\/1979-1083x1536.jpg 1083w, https:\/\/comunitamagnificat.org\/wp-content\/uploads\/2021\/04\/1979-1444x2048.jpg 1444w' sizes='(max-width: 1748px) 100vw, 1748px' \/><img loading=\"lazy\" decoding=\"async\" src=\"https:\/\/comunitamagnificat.org\/wp-content\/uploads\/2021\/04\/1979-722x1024.jpg\" alt=\"\" class=\"wp-image-710\" width=\"379\" height=\"538\"\/><\/picture><figcaption><em>Portada del primer estatuto aprobado<\/em><\/figcaption><\/figure><\/div>\n\n<div style=\"height:30px\" aria-hidden=\"true\" class=\"wp-block-spacer\"><\/div>\n\n<p>No hab\u00eda pasado ni un a\u00f1o desde que los primeros hermanos y hermanas hab\u00edan \u00absalido\u00bb de la Comunidad Mar\u00eda, cuando el arzobispo de Perusa, monse\u00f1or Ferdinando Lambruschini, firm\u00f3 el primer Estatuto.\nEra muy breve, pero ya esencialmente lleno de lo que el Se\u00f1or hab\u00eda mostrado hasta aquel momento.\nEra febrero de 1979.  <\/p>\n\n<div style=\"height:30px\" aria-hidden=\"true\" class=\"wp-block-spacer\"><\/div>\n\n<p>Aqu\u00ed tienes el pdf de ese texto:<\/p>\n\n<div class=\"wp-block-file aligncenter\"><a href=\"https:\/\/comunitamagnificat.org\/wp-content\/uploads\/2021\/04\/Statuto-22-febbraio-1979.pdf\"><strong>Estatuto &#8211; 22 de febrero de 1979<\/strong><\/a><a href=\"https:\/\/comunitamagnificat.org\/wp-content\/uploads\/2021\/04\/Statuto-22-febbraio-1979.pdf\" class=\"wp-block-file__button\" download=\"\">Descarga<\/a><\/div>\n\n<p><\/p>\n","protected":false},"excerpt":{"rendered":"<p>En ti me apoy\u00e9desde el vientre de mi madredesde el vientre de mi madret\u00fa eres mi apoyo:A ti mi alabanza sin fin Salmos 70, 6 No hab\u00eda pasado ni un a\u00f1o desde que los primeros hermanos y hermanas hab\u00edan \u00absalido\u00bb de la Comunidad Mar\u00eda, cuando el arzobispo de Perusa, monse\u00f1or Ferdinando Lambruschini, firm\u00f3 el primer [&hellip;]<\/p>\n","protected":false},"author":3,"featured_media":11299,"parent":0,"menu_order":0,"comment_status":"closed","ping_status":"closed","template":"","meta":{"om_disable_all_campaigns":false,"_monsterinsights_skip_tracking":false,"_monsterinsights_sitenote_active":false,"_monsterinsights_sitenote_note":"","_monsterinsights_sitenote_category":0,"_uf_show_specific_survey":0,"_uf_disable_surveys":false,"footnotes":""},"class_list":["post-19304","page","type-page","status-publish","has-post-thumbnail","hentry"],"aioseo_notices":[],"_links":{"self":[{"href":"https:\/\/comunitamagnificat.org\/es\/wp-json\/wp\/v2\/pages\/19304","targetHints":{"allow":["GET"]}}],"collection":[{"href":"https:\/\/comunitamagnificat.org\/es\/wp-json\/wp\/v2\/pages"}],"about":[{"href":"https:\/\/comunitamagnificat.org\/es\/wp-json\/wp\/v2\/types\/page"}],"author":[{"embeddable":true,"href":"https:\/\/comunitamagnificat.org\/es\/wp-json\/wp\/v2\/users\/3"}],"replies":[{"embeddable":true,"href":"https:\/\/comunitamagnificat.org\/es\/wp-json\/wp\/v2\/comments?post=19304"}],"version-history":[{"count":1,"href":"https:\/\/comunitamagnificat.org\/es\/wp-json\/wp\/v2\/pages\/19304\/revisions"}],"predecessor-version":[{"id":19306,"href":"https:\/\/comunitamagnificat.org\/es\/wp-json\/wp\/v2\/pages\/19304\/revisions\/19306"}],"wp:featuredmedia":[{"embeddable":true,"href":"https:\/\/comunitamagnificat.org\/es\/wp-json\/wp\/v2\/media\/11299"}],"wp:attachment":[{"href":"https:\/\/comunitamagnificat.org\/es\/wp-json\/wp\/v2\/media?parent=19304"}],"curies":[{"name":"wp","href":"https:\/\/api.w.org\/{rel}","templated":true}]}}