{"id":19315,"date":"2024-08-23T07:42:14","date_gmt":"2024-08-23T05:42:14","guid":{"rendered":"https:\/\/comunitamagnificat.org\/direccion-tesoreria-general-y-secretaria\/"},"modified":"2025-01-22T19:19:56","modified_gmt":"2025-01-22T18:19:56","slug":"direccion-tesoreria-general-y-secretaria","status":"publish","type":"page","link":"https:\/\/comunitamagnificat.org\/es\/direccion-tesoreria-general-y-secretaria\/","title":{"rendered":"Direcci\u00f3n, Tesorer\u00eda General y Secretar\u00eda"},"content":{"rendered":"\n<div style=\"height:30px\" aria-hidden=\"true\" class=\"wp-block-spacer\"><\/div>\n\n<blockquote class=\"wp-block-quote is-layout-flow wp-block-quote-is-layout-flow\">\n<p><em><strong>Persevera en tu compromiso<\/strong><\/em><br\/><em><strong>y ded\u00edcate a ello<\/strong><\/em><br\/><em><strong>envejece haciendo tu trabajo<\/strong><\/em><\/p>\n<cite><em>Eclesi\u00e1stico<\/em> 11, 20<\/cite><\/blockquote>\n\n<div style=\"height:30px\" aria-hidden=\"true\" class=\"wp-block-spacer\"><\/div>\n\n<p>En los a\u00f1os en que la Comunidad ha conocido un importante desarrollo tanto en Italia como en otros pa\u00edses, era indispensable dotarla de algunas estructuras a nivel general.<\/p>\n\n<div style=\"height:30px\" aria-hidden=\"true\" class=\"wp-block-spacer\"><\/div>\n\n<p>El primero -por orden de tiempo- en formalizarse fue el Tesoro P\u00fablico, con la introducci\u00f3n de una figura, el <strong><em>Tesorero General<\/em><\/strong>en la persona de Giorgio Brustenga, quien -debido a su competencia y dedicaci\u00f3n- ha seguido garantizando durante muchos a\u00f1os una gesti\u00f3n adecuada de todo el aspecto administrativo comunitario.<\/p>\n\n<div style=\"height:30px\" aria-hidden=\"true\" class=\"wp-block-spacer\"><\/div>\n\n<p>Casi al mismo tiempo, una <strong><em>Secretar\u00eda<\/em><\/strong> que sirve para todas las necesidades de comunicaci\u00f3n y gesti\u00f3n de archivos, as\u00ed como para la organizaci\u00f3n de actos comunitarios.<\/p>\n\n<div style=\"height:30px\" aria-hidden=\"true\" class=\"wp-block-spacer\"><\/div>\n\n<p>El \u00faltimo elemento constitutivo de esta organizaci\u00f3n fue la contrataci\u00f3n de un <strong><em>Director General Ejecutivo<\/em><\/strong>en la persona de Pier Giovanni Duranti, que -en estrecha colaboraci\u00f3n con los directores generales- proporciona todo lo necesario para la gesti\u00f3n administrativa, fiscal, directiva y organizativa de la ahora muy compleja Comunidad Magnificat.<\/p>\n\n<div style=\"height:30px\" aria-hidden=\"true\" class=\"wp-block-spacer\"><\/div>\n\n<p>La sede operativa donde el Director, el Tesorero y la Secretar\u00eda tienen sus oficinas es el complejo San Manno, en el centro de la Comunidad, justo al lado de la peque\u00f1a iglesia donde, noche y d\u00eda, se adora a Jes\u00fas en el sacramento de la Eucarist\u00eda.<\/p>\n\n<div style=\"height:50px\" aria-hidden=\"true\" class=\"wp-block-spacer\"><\/div>\n\n<p><\/p>\n","protected":false},"excerpt":{"rendered":"<p>Persevera en tu compromisoy ded\u00edcate a elloenvejece haciendo tu trabajo Eclesi\u00e1stico 11, 20 En los a\u00f1os en que la Comunidad ha conocido un importante desarrollo tanto en Italia como en otros pa\u00edses, era indispensable dotarla de algunas estructuras a nivel general. El primero -por orden de tiempo- en formalizarse fue el Tesoro P\u00fablico, con la [&hellip;]<\/p>\n","protected":false},"author":3,"featured_media":10967,"parent":0,"menu_order":0,"comment_status":"closed","ping_status":"closed","template":"","meta":{"om_disable_all_campaigns":false,"_monsterinsights_skip_tracking":false,"_monsterinsights_sitenote_active":false,"_monsterinsights_sitenote_note":"","_monsterinsights_sitenote_category":0,"_uf_show_specific_survey":0,"_uf_disable_surveys":false,"footnotes":""},"class_list":["post-19315","page","type-page","status-publish","has-post-thumbnail","hentry"],"aioseo_notices":[],"_links":{"self":[{"href":"https:\/\/comunitamagnificat.org\/es\/wp-json\/wp\/v2\/pages\/19315","targetHints":{"allow":["GET"]}}],"collection":[{"href":"https:\/\/comunitamagnificat.org\/es\/wp-json\/wp\/v2\/pages"}],"about":[{"href":"https:\/\/comunitamagnificat.org\/es\/wp-json\/wp\/v2\/types\/page"}],"author":[{"embeddable":true,"href":"https:\/\/comunitamagnificat.org\/es\/wp-json\/wp\/v2\/users\/3"}],"replies":[{"embeddable":true,"href":"https:\/\/comunitamagnificat.org\/es\/wp-json\/wp\/v2\/comments?post=19315"}],"version-history":[{"count":2,"href":"https:\/\/comunitamagnificat.org\/es\/wp-json\/wp\/v2\/pages\/19315\/revisions"}],"predecessor-version":[{"id":22677,"href":"https:\/\/comunitamagnificat.org\/es\/wp-json\/wp\/v2\/pages\/19315\/revisions\/22677"}],"wp:featuredmedia":[{"embeddable":true,"href":"https:\/\/comunitamagnificat.org\/es\/wp-json\/wp\/v2\/media\/10967"}],"wp:attachment":[{"href":"https:\/\/comunitamagnificat.org\/es\/wp-json\/wp\/v2\/media?parent=19315"}],"curies":[{"name":"wp","href":"https:\/\/api.w.org\/{rel}","templated":true}]}}