{"id":19320,"date":"2024-08-23T07:42:19","date_gmt":"2024-08-23T05:42:19","guid":{"rendered":"https:\/\/comunitamagnificat.org\/autorizaciones-eclesiasticas\/"},"modified":"2024-08-23T07:42:28","modified_gmt":"2024-08-23T05:42:28","slug":"autorizaciones-eclesiasticas","status":"publish","type":"page","link":"https:\/\/comunitamagnificat.org\/es\/autorizaciones-eclesiasticas\/","title":{"rendered":"Autorizaciones eclesi\u00e1sticas"},"content":{"rendered":"\n<div style=\"height:30px\" aria-hidden=\"true\" class=\"wp-block-spacer\"><\/div>\n\n<p>Esta p\u00e1gina da acceso a la cr\u00f3nica, dividida en episodios, de la fruct\u00edfera y bendita relaci\u00f3n entre la Comunidad Magnificat y sus pastores, desde sus inicios hasta el presente.<\/p>\n\n<div style=\"height:30px\" aria-hidden=\"true\" class=\"wp-block-spacer\"><\/div>\n\n<p><strong><span class=\"has-inline-color has-vivid-red-color\"><a href=\"https:\/\/comunitamagnificat.org\/es\/el-estatuto-de-1979\/\" data-type=\"page\" data-id=\"706\">El <em>Estatuto de<\/em> 1979<\/a><\/span><\/strong><\/p>\n\n<div style=\"height:30px\" aria-hidden=\"true\" class=\"wp-block-spacer\"><\/div>\n\n<p><strong><span class=\"has-inline-color has-vivid-red-color\"><a href=\"https:\/\/comunitamagnificat.org\/es\/la-regla-de-vida-de-1995\/\" data-type=\"page\" data-id=\"722\">La <em>Regla de Vida<\/em> de 1995<\/a><\/span><\/strong><\/p>\n\n<div style=\"height:30px\" aria-hidden=\"true\" class=\"wp-block-spacer\"><\/div>\n\n<p><strong><span class=\"has-inline-color has-vivid-red-color\"><a href=\"https:\/\/comunitamagnificat.org\/la-regola-di-vita-del-2003\/\" data-type=\"page\" data-id=\"739\">El <em>Estatuto de<\/em> 2003<\/a><\/span><\/strong><\/p>\n\n<div style=\"height:30px\" aria-hidden=\"true\" class=\"wp-block-spacer\"><\/div>\n\n<p><strong><span class=\"has-inline-color has-vivid-red-color\"><a href=\"https:\/\/comunitamagnificat.org\/lo-statuto-del-2021\/\" data-type=\"page\" data-id=\"751\">El <em>Estatuto de<\/em> 2021&#8230;<\/a><\/span><\/strong><\/p>\n\n<div style=\"height:50px\" aria-hidden=\"true\" class=\"wp-block-spacer\"><\/div>\n","protected":false},"excerpt":{"rendered":"<p>Esta p\u00e1gina da acceso a la cr\u00f3nica, dividida en episodios, de la fruct\u00edfera y bendita relaci\u00f3n entre la Comunidad Magnificat y sus pastores, desde sus inicios hasta el presente. El Estatuto de 1979 La Regla de Vida de 1995 El Estatuto de 2003 El Estatuto de 2021&#8230;<\/p>\n","protected":false},"author":3,"featured_media":10971,"parent":0,"menu_order":0,"comment_status":"closed","ping_status":"closed","template":"","meta":{"om_disable_all_campaigns":false,"_monsterinsights_skip_tracking":false,"_monsterinsights_sitenote_active":false,"_monsterinsights_sitenote_note":"","_monsterinsights_sitenote_category":0,"_uf_show_specific_survey":0,"_uf_disable_surveys":false,"footnotes":""},"class_list":["post-19320","page","type-page","status-publish","has-post-thumbnail","hentry"],"aioseo_notices":[],"_links":{"self":[{"href":"https:\/\/comunitamagnificat.org\/es\/wp-json\/wp\/v2\/pages\/19320","targetHints":{"allow":["GET"]}}],"collection":[{"href":"https:\/\/comunitamagnificat.org\/es\/wp-json\/wp\/v2\/pages"}],"about":[{"href":"https:\/\/comunitamagnificat.org\/es\/wp-json\/wp\/v2\/types\/page"}],"author":[{"embeddable":true,"href":"https:\/\/comunitamagnificat.org\/es\/wp-json\/wp\/v2\/users\/3"}],"replies":[{"embeddable":true,"href":"https:\/\/comunitamagnificat.org\/es\/wp-json\/wp\/v2\/comments?post=19320"}],"version-history":[{"count":1,"href":"https:\/\/comunitamagnificat.org\/es\/wp-json\/wp\/v2\/pages\/19320\/revisions"}],"predecessor-version":[{"id":19322,"href":"https:\/\/comunitamagnificat.org\/es\/wp-json\/wp\/v2\/pages\/19320\/revisions\/19322"}],"wp:featuredmedia":[{"embeddable":true,"href":"https:\/\/comunitamagnificat.org\/es\/wp-json\/wp\/v2\/media\/10971"}],"wp:attachment":[{"href":"https:\/\/comunitamagnificat.org\/es\/wp-json\/wp\/v2\/media?parent=19320"}],"curies":[{"name":"wp","href":"https:\/\/api.w.org\/{rel}","templated":true}]}}