{"id":19328,"date":"2024-08-23T07:42:33","date_gmt":"2024-08-23T05:42:33","guid":{"rendered":"https:\/\/comunitamagnificat.org\/fundacion-magnificat-e-t-s\/"},"modified":"2024-08-23T07:42:59","modified_gmt":"2024-08-23T05:42:59","slug":"fundacion-magnificat-e-t-s","status":"publish","type":"page","link":"https:\/\/comunitamagnificat.org\/es\/fundacion-magnificat-e-t-s\/","title":{"rendered":"Fundaci\u00f3n Magnificat E.T.S."},"content":{"rendered":"\n<div style=\"height:30px\" aria-hidden=\"true\" class=\"wp-block-spacer\"><\/div>\n\n<blockquote class=\"wp-block-quote is-layout-flow wp-block-quote-is-layout-flow\">\n<p><em><strong>A trav\u00e9s de la caridad<\/strong><\/em><br\/><em><strong>servirnos los unos a los otros<\/strong><\/em><\/p>\n<cite><em>G\u00e1latas<\/em> 5, 13<\/cite><\/blockquote>\n\n<div style=\"height:30px\" aria-hidden=\"true\" class=\"wp-block-spacer\"><\/div>\n\n<p>La Fundaci\u00f3n Magnificat E.T.S. es un conjunto de proyectos y obras de caridad iniciados por la Comunidad Magnificat.<\/p>\n\n<div style=\"height:30px\" aria-hidden=\"true\" class=\"wp-block-spacer\"><\/div>\n\n<p>La incre\u00edble respuesta solidaria de tantos benefactores hizo necesaria la creaci\u00f3n de una entidad \u00absin \u00e1nimo de lucro\u00bb para dar legalidad y transparencia a lo que se estaba convirtiendo en un gran proyecto que operaba en varios pa\u00edses del mundo.<\/p>\n\n<div style=\"height:30px\" aria-hidden=\"true\" class=\"wp-block-spacer\"><\/div>\n\n<p>En la actualidad, los Misioneros y Trabajadores de la Comunidad Magnificat, con la ayuda institucional de la Fundaci\u00f3n Magnificat, cuidan y acompa\u00f1an personalmente cada proyecto desde su inicio hasta su finalizaci\u00f3n.<\/p>\n\n<div style=\"height:30px\" aria-hidden=\"true\" class=\"wp-block-spacer\"><\/div>\n\n<p>La Fundaci\u00f3n persigue con esp\u00edritu profundamente cristiano, de acuerdo con el mensaje evang\u00e9lico y las ense\u00f1anzas de la Iglesia cat\u00f3lica, la protecci\u00f3n de los derechos civiles para la exclusiva consecuci\u00f3n de fines de solidaridad social dirigidos a beneficiar a: personas desfavorecidas por condiciones f\u00edsicas, ps\u00edquicas, econ\u00f3micas, sociales y familiares, en particular menores; miembros de comunidades extranjeras limitadas a la ayuda humanitaria prevista en el Art.\n10 apartado 2 lett.\na) y\nb) del Decreto Legislativo\n460\/97.    <\/p>\n\n<div style=\"height:30px\" aria-hidden=\"true\" class=\"wp-block-spacer\"><\/div>\n\n<p>En la p\u00e1gina web de la Fundaci\u00f3n puedes encontrar mucha informaci\u00f3n sobre las actividades caritativas de la Comunidad.<\/p>\n\n<div style=\"height:30px\" aria-hidden=\"true\" class=\"wp-block-spacer\"><\/div>\n\n<p><a href=\"http:\/\/www.fondazionemagnificat.org\"><\/a><a href=\"http:\/\/www.fondazionemagnificat.org\">www.fondazionemagnificat.org<\/a><\/p>\n\n<div style=\"height:50px\" aria-hidden=\"true\" class=\"wp-block-spacer\"><\/div>\n\n<p><\/p>\n","protected":false},"excerpt":{"rendered":"<p>A trav\u00e9s de la caridadservirnos los unos a los otros G\u00e1latas 5, 13 La Fundaci\u00f3n Magnificat E.T.S. es un conjunto de proyectos y obras de caridad iniciados por la Comunidad Magnificat. La incre\u00edble respuesta solidaria de tantos benefactores hizo necesaria la creaci\u00f3n de una entidad \u00absin \u00e1nimo de lucro\u00bb para dar legalidad y transparencia a [&hellip;]<\/p>\n","protected":false},"author":3,"featured_media":10959,"parent":0,"menu_order":0,"comment_status":"closed","ping_status":"closed","template":"","meta":{"om_disable_all_campaigns":false,"_monsterinsights_skip_tracking":false,"_monsterinsights_sitenote_active":false,"_monsterinsights_sitenote_note":"","_monsterinsights_sitenote_category":0,"_uf_show_specific_survey":0,"_uf_disable_surveys":false,"footnotes":""},"class_list":["post-19328","page","type-page","status-publish","has-post-thumbnail","hentry"],"aioseo_notices":[],"_links":{"self":[{"href":"https:\/\/comunitamagnificat.org\/es\/wp-json\/wp\/v2\/pages\/19328","targetHints":{"allow":["GET"]}}],"collection":[{"href":"https:\/\/comunitamagnificat.org\/es\/wp-json\/wp\/v2\/pages"}],"about":[{"href":"https:\/\/comunitamagnificat.org\/es\/wp-json\/wp\/v2\/types\/page"}],"author":[{"embeddable":true,"href":"https:\/\/comunitamagnificat.org\/es\/wp-json\/wp\/v2\/users\/3"}],"replies":[{"embeddable":true,"href":"https:\/\/comunitamagnificat.org\/es\/wp-json\/wp\/v2\/comments?post=19328"}],"version-history":[{"count":1,"href":"https:\/\/comunitamagnificat.org\/es\/wp-json\/wp\/v2\/pages\/19328\/revisions"}],"predecessor-version":[{"id":19330,"href":"https:\/\/comunitamagnificat.org\/es\/wp-json\/wp\/v2\/pages\/19328\/revisions\/19330"}],"wp:featuredmedia":[{"embeddable":true,"href":"https:\/\/comunitamagnificat.org\/es\/wp-json\/wp\/v2\/media\/10959"}],"wp:attachment":[{"href":"https:\/\/comunitamagnificat.org\/es\/wp-json\/wp\/v2\/media?parent=19328"}],"curies":[{"name":"wp","href":"https:\/\/api.w.org\/{rel}","templated":true}]}}