{"id":19331,"date":"2024-08-23T07:42:36","date_gmt":"2024-08-23T05:42:36","guid":{"rendered":"https:\/\/comunitamagnificat.org\/misiones\/"},"modified":"2024-08-23T07:42:53","modified_gmt":"2024-08-23T05:42:53","slug":"misiones","status":"publish","type":"page","link":"https:\/\/comunitamagnificat.org\/es\/misiones\/","title":{"rendered":"Misiones"},"content":{"rendered":"\n<div style=\"height:30px\" aria-hidden=\"true\" class=\"wp-block-spacer\"><\/div>\n\n<blockquote class=\"wp-block-quote is-layout-flow wp-block-quote-is-layout-flow\"><p><em><strong>Permanecieron juntos<\/strong><\/em><br\/><em><strong>un a\u00f1o entero en esa Iglesia<\/strong><\/em><br\/><em><strong>e instruyeron a mucha gente<\/strong><\/em><\/p><cite><em>Hechos de los Ap\u00f3stoles<\/em> 11, 26<\/cite><\/blockquote>\n\n<div style=\"height:30px\" aria-hidden=\"true\" class=\"wp-block-spacer\"><\/div>\n\n<p>La realidad de la Comunidad Magnificat se ha ido extendiendo gradualmente, seg\u00fan lo ha inspirado y permitido el Esp\u00edritu Santo, a trav\u00e9s del testimonio de la experiencia comunitaria en lugares donde la Comunidad a\u00fan no estaba presente.<\/p>\n\n<div style=\"height:30px\" aria-hidden=\"true\" class=\"wp-block-spacer\"><\/div>\n\n<p>Este \u00abmovimiento\u00bb contin\u00faa y, cuando hay inter\u00e9s en la creaci\u00f3n de una nueva Fraternidad, la Comunidad inicia una \u00abmisi\u00f3n\u00bb.\nAunque puede desarrollarse de distintas formas seg\u00fan las necesidades locales, normalmente la misi\u00f3n implica un <em>Seminario de Vida Nueva en el Esp\u00edritu Santo<\/em>, seguido de un curso de formaci\u00f3n cristiana b\u00e1sica <em>-discipulado-<\/em> y, a continuaci\u00f3n, una <em>Escuela de Comunidad<\/em> con una invitaci\u00f3n a iniciar el discernimiento para formar parte de la Comunidad. <\/p>\n\n<div style=\"height:30px\" aria-hidden=\"true\" class=\"wp-block-spacer\"><\/div>\n\n<p>La Misi\u00f3n es confiada por los responsables a un equipo de aliados que comienzan a trabajar junto a la nueva realidad, a servirla y a verificar la validez de la posible vocaci\u00f3n comunitaria.<\/p>\n\n<div style=\"height:50px\" aria-hidden=\"true\" class=\"wp-block-spacer\"><\/div>\n","protected":false},"excerpt":{"rendered":"<p>Permanecieron juntosun a\u00f1o entero en esa Iglesiae instruyeron a mucha gente Hechos de los Ap\u00f3stoles 11, 26 La realidad de la Comunidad Magnificat se ha ido extendiendo gradualmente, seg\u00fan lo ha inspirado y permitido el Esp\u00edritu Santo, a trav\u00e9s del testimonio de la experiencia comunitaria en lugares donde la Comunidad a\u00fan no estaba presente. Este [&hellip;]<\/p>\n","protected":false},"author":3,"featured_media":10963,"parent":0,"menu_order":0,"comment_status":"closed","ping_status":"closed","template":"","meta":{"om_disable_all_campaigns":false,"_monsterinsights_skip_tracking":false,"_monsterinsights_sitenote_active":false,"_monsterinsights_sitenote_note":"","_monsterinsights_sitenote_category":0,"_uf_show_specific_survey":0,"_uf_disable_surveys":false,"footnotes":""},"class_list":["post-19331","page","type-page","status-publish","has-post-thumbnail","hentry"],"aioseo_notices":[],"_links":{"self":[{"href":"https:\/\/comunitamagnificat.org\/es\/wp-json\/wp\/v2\/pages\/19331","targetHints":{"allow":["GET"]}}],"collection":[{"href":"https:\/\/comunitamagnificat.org\/es\/wp-json\/wp\/v2\/pages"}],"about":[{"href":"https:\/\/comunitamagnificat.org\/es\/wp-json\/wp\/v2\/types\/page"}],"author":[{"embeddable":true,"href":"https:\/\/comunitamagnificat.org\/es\/wp-json\/wp\/v2\/users\/3"}],"replies":[{"embeddable":true,"href":"https:\/\/comunitamagnificat.org\/es\/wp-json\/wp\/v2\/comments?post=19331"}],"version-history":[{"count":1,"href":"https:\/\/comunitamagnificat.org\/es\/wp-json\/wp\/v2\/pages\/19331\/revisions"}],"predecessor-version":[{"id":19333,"href":"https:\/\/comunitamagnificat.org\/es\/wp-json\/wp\/v2\/pages\/19331\/revisions\/19333"}],"wp:featuredmedia":[{"embeddable":true,"href":"https:\/\/comunitamagnificat.org\/es\/wp-json\/wp\/v2\/media\/10963"}],"wp:attachment":[{"href":"https:\/\/comunitamagnificat.org\/es\/wp-json\/wp\/v2\/media?parent=19331"}],"curies":[{"name":"wp","href":"https:\/\/api.w.org\/{rel}","templated":true}]}}