{"id":19336,"date":"2024-08-23T07:42:41","date_gmt":"2024-08-23T05:42:41","guid":{"rendered":"https:\/\/comunitamagnificat.org\/los-ancianos-y-la-profecia\/"},"modified":"2025-01-22T18:24:59","modified_gmt":"2025-01-22T17:24:59","slug":"los-ancianos-y-la-profecia","status":"publish","type":"page","link":"https:\/\/comunitamagnificat.org\/es\/los-ancianos-y-la-profecia\/","title":{"rendered":"Los ancianos y la profec\u00eda"},"content":{"rendered":"\n<div style=\"height:30px\" aria-hidden=\"true\" class=\"wp-block-spacer\"><\/div>\n\n<blockquote class=\"wp-block-quote is-layout-flow wp-block-quote-is-layout-flow\">\n<p><em><strong>Abre mis ojos<\/strong><\/em><br\/><em><strong>para que pueda considerar<\/strong><\/em><br\/><em><strong>las maravillas de tu ley<\/strong><\/em><\/p>\n<cite><em>Salmos<\/em> 119, 18<\/cite><\/blockquote>\n\n<div style=\"height:30px\" aria-hidden=\"true\" class=\"wp-block-spacer\"><\/div>\n\n<p>Fue en 1986 cuando, durante un retiro comunitario, sali\u00f3 a la luz una profec\u00eda, confirmada tambi\u00e9n por una persona que -aunque no estaba presente en aquel encuentro- hab\u00eda tenido la misma intuici\u00f3n: el Se\u00f1or deseaba que en el centro de la Comunidad \u00ablatiera un coraz\u00f3n\u00bb, un cuerpo de hermanos y hermanas, que se presentara ante Dios para dar la profec\u00eda a toda la Comunidad. Para utilizar una imagen, Tarcisio Mezzetti evoc\u00f3 una vez la de la <em>Fuente Mayor<\/em> de la plaza principal de Perusa, donde, desde una fuente central, el agua llega a todas las partes de la propia fuente a trav\u00e9s de muchos surtidores: una fuente de vida y de unidad. <\/p>\n\n<div style=\"height:30px\" aria-hidden=\"true\" class=\"wp-block-spacer\"><\/div>\n\n<p>En la confirmaci\u00f3n prof\u00e9tica de la persona que no hab\u00eda estado presente en el retiro -se trataba de Agnese Mezzetti-, este cuerpo de hermanos deber\u00eda haberse llamado \u00abconsejo de ancianos\u00bb.<\/p>\n\n<div style=\"height:30px\" aria-hidden=\"true\" class=\"wp-block-spacer\"><\/div>\n\n<p>Desde entonces, en el transcurso de la historia de la Comunidad, se ha producido un desarrollo problem\u00e1tico de esta profec\u00eda, pasando de la idea de que deb\u00edan dirigir la Comunidad en funciones de gobierno a la intuici\u00f3n original, tal como se define en el Estatuto aprobado por el <em>Dicasterio para los Laicos, la Familia y la Vida<\/em>.<\/p>\n\n<div style=\"height:30px\" aria-hidden=\"true\" class=\"wp-block-spacer\"><\/div>\n\n<p>Entre los miembros aliados, algunos son reconocidos como Ancianos por un carisma prof\u00e9tico particular para custodiar y desarrollar el patrimonio espiritual de la Comunidad. Son elegidos cada seis a\u00f1os por la Asamblea General a propuesta de los Responsables de la Fraternidad. Los Ancianos se re\u00fanen al menos una vez al a\u00f1o para rezar y reflexionar sobre la vida y la misi\u00f3n de la Comunidad. Tambi\u00e9n participan -hasta representar no m\u00e1s de un tercio del n\u00famero total de miembros- en las reuniones de la Asamblea General.<\/p>\n\n<div style=\"height:50px\" aria-hidden=\"true\" class=\"wp-block-spacer\"><\/div>\n\n<p><\/p>\n","protected":false},"excerpt":{"rendered":"<p>Abre mis ojospara que pueda considerarlas maravillas de tu ley Salmos 119, 18 Fue en 1986 cuando, durante un retiro comunitario, sali\u00f3 a la luz una profec\u00eda, confirmada tambi\u00e9n por una persona que -aunque no estaba presente en aquel encuentro- hab\u00eda tenido la misma intuici\u00f3n: el Se\u00f1or deseaba que en el centro de la Comunidad [&hellip;]<\/p>\n","protected":false},"author":3,"featured_media":11295,"parent":0,"menu_order":0,"comment_status":"closed","ping_status":"closed","template":"","meta":{"om_disable_all_campaigns":false,"_monsterinsights_skip_tracking":false,"_monsterinsights_sitenote_active":false,"_monsterinsights_sitenote_note":"","_monsterinsights_sitenote_category":0,"_uf_show_specific_survey":0,"_uf_disable_surveys":false,"footnotes":""},"class_list":["post-19336","page","type-page","status-publish","has-post-thumbnail","hentry"],"aioseo_notices":[],"_links":{"self":[{"href":"https:\/\/comunitamagnificat.org\/es\/wp-json\/wp\/v2\/pages\/19336","targetHints":{"allow":["GET"]}}],"collection":[{"href":"https:\/\/comunitamagnificat.org\/es\/wp-json\/wp\/v2\/pages"}],"about":[{"href":"https:\/\/comunitamagnificat.org\/es\/wp-json\/wp\/v2\/types\/page"}],"author":[{"embeddable":true,"href":"https:\/\/comunitamagnificat.org\/es\/wp-json\/wp\/v2\/users\/3"}],"replies":[{"embeddable":true,"href":"https:\/\/comunitamagnificat.org\/es\/wp-json\/wp\/v2\/comments?post=19336"}],"version-history":[{"count":2,"href":"https:\/\/comunitamagnificat.org\/es\/wp-json\/wp\/v2\/pages\/19336\/revisions"}],"predecessor-version":[{"id":22657,"href":"https:\/\/comunitamagnificat.org\/es\/wp-json\/wp\/v2\/pages\/19336\/revisions\/22657"}],"wp:featuredmedia":[{"embeddable":true,"href":"https:\/\/comunitamagnificat.org\/es\/wp-json\/wp\/v2\/media\/11295"}],"wp:attachment":[{"href":"https:\/\/comunitamagnificat.org\/es\/wp-json\/wp\/v2\/media?parent=19336"}],"curies":[{"name":"wp","href":"https:\/\/api.w.org\/{rel}","templated":true}]}}