{"id":19349,"date":"2024-08-23T07:43:11","date_gmt":"2024-08-23T05:43:11","guid":{"rendered":"https:\/\/comunitamagnificat.org\/comunidad-a\/"},"modified":"2026-02-21T19:47:12","modified_gmt":"2026-02-21T18:47:12","slug":"comunidad-a","status":"publish","type":"page","link":"https:\/\/comunitamagnificat.org\/es\/comunidad-a\/","title":{"rendered":"Comunidad a"},"content":{"rendered":"\n<div style=\"height:30px\" aria-hidden=\"true\" class=\"wp-block-spacer\"><\/div>\n\n<blockquote class=\"wp-block-quote is-layout-flow wp-block-quote-is-layout-flow\">\n<p><strong><em>Escuchar\u00e1n mi voz y se convertir\u00e1n en un solo reba\u00f1o, un solo pastor<\/em><\/strong><\/p>\n<cite><em>Juan<\/em> 10, 16<\/cite><\/blockquote>\n\n<div style=\"height:30px\" aria-hidden=\"true\" class=\"wp-block-spacer\"><\/div>\n\n<p>En los primeros a\u00f1os no se hablaba de \u00abuna\u00bb Comunidad Magnificat, sino \u00abde\u00bb Comunidades Magnificat. Cada realidad que surg\u00eda en los distintos lugares a partir de Perusa viv\u00eda por su cuenta y, aunque compart\u00eda la misma vocaci\u00f3n y muchas cosas con las dem\u00e1s, no ten\u00eda una unidad formal con ellas, que s\u00f3lo lleg\u00f3 en 1991, cuando cuatro hermanos ancianos fueron elegidos l\u00edderes, como signo de la unidad de la comunidad; aquella primera iniciativa, sin embargo, naufrag\u00f3. <\/p>\n\n<div style=\"height:30px\" aria-hidden=\"true\" class=\"wp-block-spacer\"><\/div>\n\n<p>A\u00fan faltaba un estatuto que diera contenido a esta nueva forma de caminar juntos, y en 1995, bajo la atenta direcci\u00f3n de Monse\u00f1or Ennio Antonelli, la Comunidad recibi\u00f3 tanto el reconocimiento como <em>asociaci\u00f3n privada de fieles laicos<\/em> como la aprobaci\u00f3n del <em>estatuto<\/em>, y entonces se eligieron los cinco primeros <em>directores generales<\/em>.\nDesde entonces, la Comunidad reconoce a este \u00f3rgano como signo de la unidad de toda la Comunidad Magnificat. <\/p>\n\n<div style=\"height:30px\" aria-hidden=\"true\" class=\"wp-block-spacer\"><\/div>\n\n<p>Son los principales responsables de estas tareas:<\/p>\n\n<div style=\"height:30px\" aria-hidden=\"true\" class=\"wp-block-spacer\"><\/div>\n\n<ul class=\"wp-block-list\">\n<li><em>establecer iniciativas destinadas a perseguir los objetivos de la Comunidad transmitiendo su patrimonio espiritual;<\/em><\/li>\n\n\n\n<li><em>prepara la Senda de Crecimiento Anual;<\/em><\/li>\n\n\n\n<li><em>Realizar todos los actos de administraci\u00f3n ordinaria y extraordinaria necesarios para la consecuci\u00f3n de los fines de la Comunidad;<\/em><\/li>\n\n\n\n<li><em>decidir sobre la creaci\u00f3n o supresi\u00f3n de fraternidades y fraternidades en formaci\u00f3n.<\/em><\/li>\n<\/ul>\n\n<div style=\"height:30px\" aria-hidden=\"true\" class=\"wp-block-spacer\"><\/div>\n\n<p>Los Directores Generales act\u00faan de acuerdo con las directrices que emanan del Estatuto y de lo que la Asamblea General -compuesta por los propios Directores Generales, los moderadores de todas las fraternidades, el Tesorero General y, por un tercio, los ancianos- establece como directrices generales a seguir.<\/p>\n\n<p>Para ayudar a los directores generales, existen otros \u00f3rganos generales al servicio de toda la Comunidad:<\/p>\n\n<div style=\"height:30px\" aria-hidden=\"true\" class=\"wp-block-spacer\"><\/div>\n\n<ul class=\"wp-block-list\">\n<li>El <em>Colegio de Consultores<\/em><\/li>\n\n\n\n<li>El <em>Consejero Espiritual General<\/em><\/li>\n\n\n\n<li><em>Servicios Generales<\/em>: Equipo Juvenil, Acompa\u00f1amiento Espiritual, Aliados del Agnus Dei, Discipulado, Formaci\u00f3n de Alianzas, Koinon\u00eda, Misiones, M\u00fasica y Canto<\/li>\n<\/ul>\n\n<div style=\"height:60px\" aria-hidden=\"true\" class=\"wp-block-spacer\"><\/div>\n","protected":false},"excerpt":{"rendered":"<p>Escuchar\u00e1n mi voz y se convertir\u00e1n en un solo reba\u00f1o, un solo pastor Juan 10, 16 En los primeros a\u00f1os no se hablaba de \u00abuna\u00bb Comunidad Magnificat, sino \u00abde\u00bb Comunidades Magnificat. Cada realidad que surg\u00eda en los distintos lugares a partir de Perusa viv\u00eda por su cuenta y, aunque compart\u00eda la misma vocaci\u00f3n y muchas [&hellip;]<\/p>\n","protected":false},"author":3,"featured_media":10943,"parent":0,"menu_order":0,"comment_status":"closed","ping_status":"closed","template":"","meta":{"om_disable_all_campaigns":false,"_monsterinsights_skip_tracking":false,"_monsterinsights_sitenote_active":false,"_monsterinsights_sitenote_note":"","_monsterinsights_sitenote_category":0,"_uf_show_specific_survey":0,"_uf_disable_surveys":false,"footnotes":""},"class_list":["post-19349","page","type-page","status-publish","has-post-thumbnail","hentry"],"aioseo_notices":[],"_links":{"self":[{"href":"https:\/\/comunitamagnificat.org\/es\/wp-json\/wp\/v2\/pages\/19349","targetHints":{"allow":["GET"]}}],"collection":[{"href":"https:\/\/comunitamagnificat.org\/es\/wp-json\/wp\/v2\/pages"}],"about":[{"href":"https:\/\/comunitamagnificat.org\/es\/wp-json\/wp\/v2\/types\/page"}],"author":[{"embeddable":true,"href":"https:\/\/comunitamagnificat.org\/es\/wp-json\/wp\/v2\/users\/3"}],"replies":[{"embeddable":true,"href":"https:\/\/comunitamagnificat.org\/es\/wp-json\/wp\/v2\/comments?post=19349"}],"version-history":[{"count":9,"href":"https:\/\/comunitamagnificat.org\/es\/wp-json\/wp\/v2\/pages\/19349\/revisions"}],"predecessor-version":[{"id":27243,"href":"https:\/\/comunitamagnificat.org\/es\/wp-json\/wp\/v2\/pages\/19349\/revisions\/27243"}],"wp:featuredmedia":[{"embeddable":true,"href":"https:\/\/comunitamagnificat.org\/es\/wp-json\/wp\/v2\/media\/10943"}],"wp:attachment":[{"href":"https:\/\/comunitamagnificat.org\/es\/wp-json\/wp\/v2\/media?parent=19349"}],"curies":[{"name":"wp","href":"https:\/\/api.w.org\/{rel}","templated":true}]}}