{"id":19372,"date":"2024-08-23T07:44:10","date_gmt":"2024-08-23T05:44:10","guid":{"rendered":"https:\/\/comunitamagnificat.org\/estructura\/"},"modified":"2024-08-23T07:44:21","modified_gmt":"2024-08-23T05:44:21","slug":"estructura","status":"publish","type":"page","link":"https:\/\/comunitamagnificat.org\/es\/estructura\/","title":{"rendered":"Estructura"},"content":{"rendered":"\n<div style=\"height:30px\" aria-hidden=\"true\" class=\"wp-block-spacer\"><\/div>\n\n<p>La Comunidad, como cualquier cuerpo, tiene un \u00abmarco\u00bb necesario para estar de pie y caminar por el mundo.<\/p>\n\n<div style=\"height:30px\" aria-hidden=\"true\" class=\"wp-block-spacer\"><\/div>\n\n<p>Esta p\u00e1gina da acceso a una serie de contenidos que intentan ilustrar este necesario \u00abesqueleto comunitario\u00bb.<\/p>\n\n<div style=\"height:30px\" aria-hidden=\"true\" class=\"wp-block-spacer\"><\/div>\n\n<p><strong><span class=\"has-inline-color has-vivid-red-color\"><a href=\"https:\/\/comunitamagnificat.org\/regola-di-vita\/\" data-type=\"page\" data-id=\"638\"><\/a><a href=\"https:\/\/comunitamagnificat.org\/regola-di-vita\/\">Regla de vida<\/a><\/span><\/strong><\/p>\n\n<div style=\"height:30px\" aria-hidden=\"true\" class=\"wp-block-spacer\"><\/div>\n\n<p><strong><span class=\"has-inline-color has-vivid-red-color\"><a href=\"https:\/\/comunitamagnificat.org\/fraternita\/\" data-type=\"page\" data-id=\"645\">Fraternidad<\/a><\/span><\/strong><\/p>\n\n<div style=\"height:30px\" aria-hidden=\"true\" class=\"wp-block-spacer\"><\/div>\n\n<p><strong><span class=\"has-inline-color has-vivid-red-color\"><a href=\"https:\/\/comunitamagnificat.org\/es\/comunidad-a\/\" data-type=\"page\" data-id=\"661\">Comunidad a<\/a><\/span><\/strong><\/p>\n\n<div style=\"height:30px\" aria-hidden=\"true\" class=\"wp-block-spacer\"><\/div>\n\n<p><strong><span class=\"has-inline-color has-vivid-red-color\"><a href=\"https:\/\/comunitamagnificat.org\/es\/los-ancianos-y-la-profecia\/\" data-type=\"page\" data-id=\"669\">Los ancianos y la profec\u00eda<\/a><\/span><\/strong><\/p>\n\n<div style=\"height:30px\" aria-hidden=\"true\" class=\"wp-block-spacer\"><\/div>\n\n<p><strong><span class=\"has-inline-color has-vivid-red-color\"><a href=\"https:\/\/comunitamagnificat.org\/es\/gobierno-colegiado\/\" data-type=\"page\" data-id=\"675\">Gobierno colegiado<\/a><\/span><\/strong><\/p>\n\n<div style=\"height:30px\" aria-hidden=\"true\" class=\"wp-block-spacer\"><\/div>\n\n<p><strong><span class=\"has-inline-color has-vivid-red-color\"><a href=\"https:\/\/comunitamagnificat.org\/es\/ministerios-generales\/\" data-type=\"page\" data-id=\"680\">Ministerios Generales<\/a><\/span><\/strong><\/p>\n\n<div style=\"height:30px\" aria-hidden=\"true\" class=\"wp-block-spacer\"><\/div>\n\n<p><span class=\"has-inline-color has-vivid-red-color\"><a href=\"https:\/\/comunitamagnificat.org\/fondazione-magnificat-o-n-l-u-s\/\" data-type=\"page\" data-id=\"684\"><strong>Fundaci\u00f3n<\/strong> <strong>Magnificat O.N.L.U.S.<\/strong><\/a><\/span><\/p>\n\n<div style=\"height:30px\" aria-hidden=\"true\" class=\"wp-block-spacer\"><\/div>\n\n<p><strong><span class=\"has-inline-color has-vivid-red-color\"><a href=\"https:\/\/comunitamagnificat.org\/es\/misiones\/\" data-type=\"page\" data-id=\"691\">Misiones<\/a><\/span><\/strong><\/p>\n\n<div style=\"height:30px\" aria-hidden=\"true\" class=\"wp-block-spacer\"><\/div>\n\n<p><strong><span class=\"has-inline-color has-vivid-red-color\"><a href=\"https:\/\/comunitamagnificat.org\/es\/direccion-tesoreria-general-y-secretaria\/\" data-type=\"page\" data-id=\"695\">Direcci\u00f3n, Tesorer\u00eda General y Secretar\u00eda<\/a><\/span><\/strong><\/p>\n\n<div style=\"height:50px\" aria-hidden=\"true\" class=\"wp-block-spacer\"><\/div>\n","protected":false},"excerpt":{"rendered":"<p>La Comunidad, como cualquier cuerpo, tiene un \u00abmarco\u00bb necesario para estar de pie y caminar por el mundo. Esta p\u00e1gina da acceso a una serie de contenidos que intentan ilustrar este necesario \u00abesqueleto comunitario\u00bb. Regla de vida Fraternidad Comunidad a Los ancianos y la profec\u00eda Gobierno colegiado Ministerios Generales Fundaci\u00f3n Magnificat O.N.L.U.S. Misiones Direcci\u00f3n, Tesorer\u00eda [&hellip;]<\/p>\n","protected":false},"author":3,"featured_media":10923,"parent":0,"menu_order":0,"comment_status":"closed","ping_status":"closed","template":"","meta":{"om_disable_all_campaigns":false,"_monsterinsights_skip_tracking":false,"_monsterinsights_sitenote_active":false,"_monsterinsights_sitenote_note":"","_monsterinsights_sitenote_category":0,"_uf_show_specific_survey":0,"_uf_disable_surveys":false,"footnotes":""},"class_list":["post-19372","page","type-page","status-publish","has-post-thumbnail","hentry"],"aioseo_notices":[],"_links":{"self":[{"href":"https:\/\/comunitamagnificat.org\/es\/wp-json\/wp\/v2\/pages\/19372","targetHints":{"allow":["GET"]}}],"collection":[{"href":"https:\/\/comunitamagnificat.org\/es\/wp-json\/wp\/v2\/pages"}],"about":[{"href":"https:\/\/comunitamagnificat.org\/es\/wp-json\/wp\/v2\/types\/page"}],"author":[{"embeddable":true,"href":"https:\/\/comunitamagnificat.org\/es\/wp-json\/wp\/v2\/users\/3"}],"replies":[{"embeddable":true,"href":"https:\/\/comunitamagnificat.org\/es\/wp-json\/wp\/v2\/comments?post=19372"}],"version-history":[{"count":1,"href":"https:\/\/comunitamagnificat.org\/es\/wp-json\/wp\/v2\/pages\/19372\/revisions"}],"predecessor-version":[{"id":19374,"href":"https:\/\/comunitamagnificat.org\/es\/wp-json\/wp\/v2\/pages\/19372\/revisions\/19374"}],"wp:featuredmedia":[{"embeddable":true,"href":"https:\/\/comunitamagnificat.org\/es\/wp-json\/wp\/v2\/media\/10923"}],"wp:attachment":[{"href":"https:\/\/comunitamagnificat.org\/es\/wp-json\/wp\/v2\/media?parent=19372"}],"curies":[{"name":"wp","href":"https:\/\/api.w.org\/{rel}","templated":true}]}}