{"id":19377,"date":"2024-08-23T07:44:59","date_gmt":"2024-08-23T05:44:59","guid":{"rendered":"https:\/\/comunitamagnificat.org\/viviendas-compartidas\/"},"modified":"2024-08-23T07:45:22","modified_gmt":"2024-08-23T05:45:22","slug":"viviendas-compartidas","status":"publish","type":"page","link":"https:\/\/comunitamagnificat.org\/es\/viviendas-compartidas\/","title":{"rendered":"Viviendas compartidas"},"content":{"rendered":"\n<div style=\"height:30px\" aria-hidden=\"true\" class=\"wp-block-spacer\"><\/div>\n\n<blockquote class=\"wp-block-quote is-layout-flow wp-block-quote-is-layout-flow\"><p><strong><em>&#8230; estaban juntos<\/em><\/strong><br\/><strong><em>y ten\u00edan todo en com\u00fan<\/em><\/strong><\/p><cite><em>Hechos <\/em>2, 44<\/cite><\/blockquote>\n\n<div style=\"height:30px\" aria-hidden=\"true\" class=\"wp-block-spacer\"><\/div>\n\n<p>La historia de la vida en com\u00fan de la Comunidad Magnificat comenz\u00f3 el 11 de febrero de 1985, ya con una identidad propia y espec\u00edfica: la de tener como centro la Eucarist\u00eda, la adoraci\u00f3n eucar\u00edstica.\nLos primeros aliados de la Comunidad Magnificat que comenzaron a vivir juntos acogieron esta llamada a ser adoradores del<em>Cordero de<\/em> Dios.\nY el Se\u00f1or quiso acompa\u00f1ar con su presencia cada mudanza que se produjo a lo largo del tiempo, yendo<em>\u00abde tienda en tienda<\/em>\u00ab, es decir, movi\u00e9ndose con la peque\u00f1a comunidad de vida en m\u00e1s de una mudanza.\nIncluso en Ferro di Cavallo, en las afueras de Perusa, en la actual casa de la comunidad, el arzobispo Giuseppe Chiaretti permiti\u00f3, en 2004, la presencia del Sant\u00edsimo Sacramento, conservado en la peque\u00f1a capilla del piso.   <\/p>\n\n<div style=\"height:30px\" aria-hidden=\"true\" class=\"wp-block-spacer\"><\/div>\n\n<p>La vida comunitaria comenz\u00f3 con Ginette Girardet y Fernanda (Wanda) Rossi, cerca de la Iglesia de Nuestra Se\u00f1ora de la Luz, abierta para la Adoraci\u00f3n Eucar\u00edstica diaria desde el 15 de octubre de 1984.<\/p>\n\n<div style=\"height:30px\" aria-hidden=\"true\" class=\"wp-block-spacer\"><\/div>\n\n<p>Wanda entr\u00f3 en la casa de Via del Poggio el 11 de febrero de 1985 (memoria de la Bienaventurada Virgen Mar\u00eda de Lourdes), cuando el entonces arzobispo de Perugia-Citt\u00e0 della Pieve, monse\u00f1or Cesare Pagani, bendijo la casa.\nGinette lleg\u00f3 all\u00ed unos d\u00edas despu\u00e9s. <\/p>\n\n<div style=\"height:30px\" aria-hidden=\"true\" class=\"wp-block-spacer\"><\/div>\n\n<p>Guiando los inicios de esta experiencia de vida en com\u00fan estuvo el Padre Raniero Cantalamessa, que fue un punto de referencia durante m\u00e1s de diez a\u00f1os.<\/p>\n\n<div style=\"height:30px\" aria-hidden=\"true\" class=\"wp-block-spacer\"><\/div>\n\n<p>El 13 de diciembre de 1989, Wanda fue consagrada con tres votos en manos del arzobispo Ennio Antonelli, consagraci\u00f3n que tuvo lugar despu\u00e9s de los votos privados de Ginette.<\/p>\n\n<div style=\"height:30px\" aria-hidden=\"true\" class=\"wp-block-spacer\"><\/div>\n\n<p><strong>La vida en la casa com\u00fan<\/strong><\/p>\n\n<p>La vida que los aliados de la Comunidad llevan en la casa se desarrolla dentro de una rutina diaria normal, en sencillez y sobriedad de vida, compartiendo bienes espirituales y materiales.<br\/>Adem\u00e1s de los encuentros previstos por el camino de la Comunidad Magnificat, hay momentos de oraci\u00f3n en com\u00fan, en la casa, como la Liturgia de las Horas y momentos de oraci\u00f3n personal.<br\/>El cuidado del hogar se conf\u00eda a la responsabilidad de todas las personas que lo componen, con turnos en las tareas dom\u00e9sticas y servicios diversos: el orden de la persona y del hogar se convierte as\u00ed en el espejo de su alma, el lugar donde habita Dios.<\/p>\n\n<div style=\"height:30px\" aria-hidden=\"true\" class=\"wp-block-spacer\"><\/div>\n\n<p>La vida de las personas de la casa est\u00e1 coordinada por un moderador.<\/p>\n\n<div style=\"height:50px\" aria-hidden=\"true\" class=\"wp-block-spacer\"><\/div>\n\n<p><\/p>\n","protected":false},"excerpt":{"rendered":"<p>&#8230; estaban juntosy ten\u00edan todo en com\u00fan Hechos 2, 44 La historia de la vida en com\u00fan de la Comunidad Magnificat comenz\u00f3 el 11 de febrero de 1985, ya con una identidad propia y espec\u00edfica: la de tener como centro la Eucarist\u00eda, la adoraci\u00f3n eucar\u00edstica. Los primeros aliados de la Comunidad Magnificat que comenzaron a [&hellip;]<\/p>\n","protected":false},"author":3,"featured_media":10915,"parent":0,"menu_order":0,"comment_status":"closed","ping_status":"closed","template":"","meta":{"om_disable_all_campaigns":false,"_monsterinsights_skip_tracking":false,"_monsterinsights_sitenote_active":false,"_monsterinsights_sitenote_note":"","_monsterinsights_sitenote_category":0,"_uf_show_specific_survey":0,"_uf_disable_surveys":false,"footnotes":""},"class_list":["post-19377","page","type-page","status-publish","has-post-thumbnail","hentry"],"aioseo_notices":[],"_links":{"self":[{"href":"https:\/\/comunitamagnificat.org\/es\/wp-json\/wp\/v2\/pages\/19377","targetHints":{"allow":["GET"]}}],"collection":[{"href":"https:\/\/comunitamagnificat.org\/es\/wp-json\/wp\/v2\/pages"}],"about":[{"href":"https:\/\/comunitamagnificat.org\/es\/wp-json\/wp\/v2\/types\/page"}],"author":[{"embeddable":true,"href":"https:\/\/comunitamagnificat.org\/es\/wp-json\/wp\/v2\/users\/3"}],"replies":[{"embeddable":true,"href":"https:\/\/comunitamagnificat.org\/es\/wp-json\/wp\/v2\/comments?post=19377"}],"version-history":[{"count":1,"href":"https:\/\/comunitamagnificat.org\/es\/wp-json\/wp\/v2\/pages\/19377\/revisions"}],"predecessor-version":[{"id":19379,"href":"https:\/\/comunitamagnificat.org\/es\/wp-json\/wp\/v2\/pages\/19377\/revisions\/19379"}],"wp:featuredmedia":[{"embeddable":true,"href":"https:\/\/comunitamagnificat.org\/es\/wp-json\/wp\/v2\/media\/10915"}],"wp:attachment":[{"href":"https:\/\/comunitamagnificat.org\/es\/wp-json\/wp\/v2\/media?parent=19377"}],"curies":[{"name":"wp","href":"https:\/\/api.w.org\/{rel}","templated":true}]}}