{"id":19378,"date":"2024-08-23T07:45:02","date_gmt":"2024-08-23T05:45:02","guid":{"rendered":"https:\/\/comunitamagnificat.org\/fraternidad\/"},"modified":"2024-10-21T15:14:42","modified_gmt":"2024-10-21T13:14:42","slug":"fraternidad","status":"publish","type":"page","link":"https:\/\/comunitamagnificat.org\/es\/fraternidad\/","title":{"rendered":"Fraternidad"},"content":{"rendered":"\n<div style=\"height:30px\" aria-hidden=\"true\" class=\"wp-block-spacer\"><\/div>\n\n<blockquote class=\"wp-block-quote is-layout-flow wp-block-quote-is-layout-flow\">\n<p><em><strong>La multitud de los que se hab\u00edan hecho creyentes ten\u00eda un solo coraz\u00f3n y una sola alma<\/strong><\/em><\/p>\n<cite><em>Hechos de los Ap\u00f3stoles<\/em> 4:32<\/cite><\/blockquote>\n\n<div style=\"height:30px\" aria-hidden=\"true\" class=\"wp-block-spacer\"><\/div>\n\n<p>De los primeros cristianos, con una expresi\u00f3n muy sencilla pero significativa, los <em>Hechos de los Ap\u00f3stoles<\/em> nos dicen que<em>\u00abpermanec\u00edan unidos<\/em>\u00ab.\nLa Comunidad Magnificat lo ha experimentado espont\u00e1neamente desde el principio: si Jes\u00fas es el centro de la atenci\u00f3n de todos, acercarnos a \u00e9l nos acerca inevitablemente los unos a los otros, compartimos el mismo espacio y la vida se hace com\u00fan; el soplo del Esp\u00edritu forma y anima entonces la Comunidad. <\/p>\n\n<div style=\"height:30px\" aria-hidden=\"true\" class=\"wp-block-spacer\"><\/div>\n\n<p>La forma que ha adoptado la vida comunitaria se materializa en <strong>Fraternidades<\/strong> de personas, que viven en un espacio no demasiado amplio territorialmente.\nLa amplitud puede corresponder a una parroquia o a una ciudad, o a un municipio; especialmente en los primeros tiempos, cuando se est\u00e1 formando una Fraternidad, la zona de la que proceden las personas puede ser incluso mayor. <\/p>\n\n<div style=\"height:30px\" aria-hidden=\"true\" class=\"wp-block-spacer\"><\/div>\n\n<p>Para que exista una fraternidad, debe haber al menos tres aliados que tengan concretamente la posibilidad de frecuentarse asiduamente y de comunicarse mutuamente la experiencia de Dios.<\/p>\n\n<div style=\"height:30px\" aria-hidden=\"true\" class=\"wp-block-spacer\"><\/div>\n\n<p>La experiencia comunitaria en una fraternidad tiene ciertos elementos indispensables que la caracterizan:<\/p>\n\n<div style=\"height:30px\" aria-hidden=\"true\" class=\"wp-block-spacer\"><\/div>\n\n<p><strong><em>reuni\u00f3n semanal de oraci\u00f3n de la comunidad carism\u00e1tica<\/em><\/strong>;<br\/><strong><em>el camino del crecimiento<\/em><\/strong>;<br\/><strong><em>la participaci\u00f3n com\u00fan en la Santa Misa y en la Adoraci\u00f3n Eucar\u00edstica<\/em><\/strong>;<br\/><strong><em>jornadas y retiros comunitarios<\/em><\/strong><em><strong><br\/>;<\/strong><strong>evangelizaci\u00f3n<\/strong><\/em>;<br\/><strong><em>el servicio<\/em><\/strong>.<\/p>\n\n<div style=\"height:30px\" aria-hidden=\"true\" class=\"wp-block-spacer\"><\/div>\n\n<div class=\"wp-block-columns is-layout-flex wp-container-core-columns-is-layout-9d6595d7 wp-block-columns-is-layout-flex\">\n<div class=\"wp-block-column is-layout-flow wp-block-column-is-layout-flow\"><\/div>\n\n\n\n<div class=\"wp-block-column is-layout-flow wp-block-column-is-layout-flow\">\n<figure class=\"wp-block-image size-large\"><picture data-lightbox=\"https:\/\/comunitamagnificat.org\/wp-content\/uploads\/2021\/04\/Gaudenzio-Ferrari-Il-concerto-degli-angeli-Santuario-di-Santa-Maria-delle-Grazie-Saronno-Milano.jpg\"><source type='image\/jpeg' srcset='https:\/\/comunitamagnificat.org\/wp-content\/uploads\/2021\/04\/Gaudenzio-Ferrari-Il-concerto-degli-angeli-Santuario-di-Santa-Maria-delle-Grazie-Saronno-Milano.jpg 1024w, https:\/\/comunitamagnificat.org\/wp-content\/uploads\/2021\/04\/Gaudenzio-Ferrari-Il-concerto-degli-angeli-Santuario-di-Santa-Maria-delle-Grazie-Saronno-Milano-300x200.jpg 300w, https:\/\/comunitamagnificat.org\/wp-content\/uploads\/2021\/04\/Gaudenzio-Ferrari-Il-concerto-degli-angeli-Santuario-di-Santa-Maria-delle-Grazie-Saronno-Milano-768x512.jpg 768w' sizes='(max-width: 1024px) 100vw, 1024px' \/><img loading=\"lazy\" decoding=\"async\" width=\"1024\" height=\"683\" src=\"https:\/\/comunitamagnificat.org\/wp-content\/uploads\/2021\/04\/Gaudenzio-Ferrari-Il-concerto-degli-angeli-Santuario-di-Santa-Maria-delle-Grazie-Saronno-Milano.jpg\" alt=\"\" class=\"wp-image-646\"\/><\/picture><\/figure>\n<\/div>\n\n\n\n<div class=\"wp-block-column is-layout-flow wp-block-column-is-layout-flow\"><\/div>\n<\/div>\n\n<p><strong>Reuni\u00f3n semanal de oraci\u00f3n comunitaria carism\u00e1tica<\/strong><\/p>\n\n<p><br\/>Este es el centro de todo: pasar un tiempo comunitario en la presencia de Dios para alabarle, adorarle, escuchar Su Palabra, responder coralmente a Sus invitaciones&#8230; Se trata de un encuentro abierto a todos en el que, al estilo de la Renovaci\u00f3n Carism\u00e1tica Cat\u00f3lica, se pide al Esp\u00edritu Santo que sea el \u00abdirector\u00bb: por tanto, no hay un esquema predeterminado, dejando que el Se\u00f1or act\u00fae como quiera en el cuerpo de los hermanos y hermanas reunidos y en cada uno de ellos.<\/p>\n\n<div style=\"height:30px\" aria-hidden=\"true\" class=\"wp-block-spacer\"><\/div>\n\n<p>Esta reuni\u00f3n se inspira en lo que el ap\u00f3stol Pablo describe en los cap\u00edtulos 12-14 de su primera carta a los Corintios.<\/p>\n\n<div style=\"height:30px\" aria-hidden=\"true\" class=\"wp-block-spacer\"><\/div>\n\n<p>La Palabra de Dios que caracteriza la reuni\u00f3n, recibida con sencillez y le\u00edda en secuencia a lo largo de las semanas, constituye no pocas veces un verdadero \u00abdiscurso de Dios\u00bb dirigido a la fraternidad, que indica el punto de conversi\u00f3n comunitaria o la prioridad en la que centrarse.<\/p>\n\n<div style=\"height:30px\" aria-hidden=\"true\" class=\"wp-block-spacer\"><\/div>\n\n<p>La experiencia mostr\u00f3 a la Comunidad c\u00f3mo en esos encuentros el Se\u00f1or se deja encontrar, especialmente por los que participan por primera vez, sintiendo la presencia viva de Dios en esa asamblea, hablando y actuando.<\/p>\n\n<div style=\"height:30px\" aria-hidden=\"true\" class=\"wp-block-spacer\"><\/div>\n\n<div class=\"wp-block-columns is-layout-flex wp-container-core-columns-is-layout-9d6595d7 wp-block-columns-is-layout-flex\">\n<div class=\"wp-block-column is-layout-flow wp-block-column-is-layout-flow\"><\/div>\n\n\n\n<div class=\"wp-block-column is-layout-flow wp-block-column-is-layout-flow\">\n<figure class=\"wp-block-image size-large\"><picture data-lightbox=\"https:\/\/comunitamagnificat.org\/wp-content\/uploads\/2021\/04\/Cammino-1.jpg\"><source type='image\/jpeg' srcset='https:\/\/comunitamagnificat.org\/wp-content\/uploads\/2021\/04\/Cammino-1.jpg 1267w, https:\/\/comunitamagnificat.org\/wp-content\/uploads\/2021\/04\/Cammino-1-300x225.jpg 300w, https:\/\/comunitamagnificat.org\/wp-content\/uploads\/2021\/04\/Cammino-1-1024x768.jpg 1024w, https:\/\/comunitamagnificat.org\/wp-content\/uploads\/2021\/04\/Cammino-1-768x576.jpg 768w' sizes='(max-width: 1267px) 100vw, 1267px' \/><img loading=\"lazy\" decoding=\"async\" width=\"1024\" height=\"768\" src=\"https:\/\/comunitamagnificat.org\/wp-content\/uploads\/2021\/04\/Cammino-1-1024x768.jpg\" alt=\"\" class=\"wp-image-1283\"\/><\/picture><\/figure>\n<\/div>\n\n\n\n<div class=\"wp-block-column is-layout-flow wp-block-column-is-layout-flow\"><\/div>\n<\/div>\n\n<p><strong>El camino del crecimiento<\/strong><\/p>\n\n<p>El camino de crecimiento es un itinerario anual, marcado por catequesis preparadas por los Responsables Generales, relativas a la profundizaci\u00f3n de la Palabra de Dios y orientadas al crecimiento en la vida personal y comunitaria.\nEl camino de crecimiento se articula en encuentros peri\u00f3dicos vividos bien en toda la Fraternidad reunida, bien en grupos m\u00e1s reducidos, llamados Cen\u00e1culos, formados por un m\u00e1ximo de ocho hermanos y hermanas. <\/p>\n\n<div style=\"height:30px\" aria-hidden=\"true\" class=\"wp-block-spacer\"><\/div>\n\n<p>En las reuniones de camino, se profundiza en el tema anual intercambiando reflexiones sobre la palabra de Dios y revisando la vida, anim\u00e1ndose mutuamente en el camino de la conversi\u00f3n.<\/p>\n\n<div style=\"height:30px\" aria-hidden=\"true\" class=\"wp-block-spacer\"><\/div>\n\n<p>En tales encuentros, sobre todo en los m\u00e1s restringidos, se crece en el conocimiento mutuo y se entra en confianza, abri\u00e9ndose -en la confidencialidad que se promete observar respecto a lo que all\u00ed se conf\u00eda- a conocerse progresivamente mejor, hasta llegar a ser verdaderamente <em>un solo coraz\u00f3n y una sola alma<\/em>, <em>poni\u00e9ndolo todo en com\u00fan<\/em>.<\/p>\n\n<div style=\"height:30px\" aria-hidden=\"true\" class=\"wp-block-spacer\"><\/div>\n\n<p>Adem\u00e1s de las reuniones organizadas, los miembros de la Comunidad, en la medida de lo posible, buscan otras ocasiones en su vida cotidiana para confraternizar y alegrar la vida comunitaria, para aprender a acoger a cada persona como piedra viva y morada de Cristo.<\/p>\n\n<div style=\"height:30px\" aria-hidden=\"true\" class=\"wp-block-spacer\"><\/div>\n\n<div class=\"wp-block-columns is-layout-flex wp-container-core-columns-is-layout-9d6595d7 wp-block-columns-is-layout-flex\">\n<div class=\"wp-block-column is-layout-flow wp-block-column-is-layout-flow\"><\/div>\n\n\n\n<div class=\"wp-block-column is-layout-flow wp-block-column-is-layout-flow\">\n<figure class=\"wp-block-image size-large\"><picture data-lightbox=\"https:\/\/comunitamagnificat.org\/wp-content\/uploads\/2021\/04\/Messa-scaled.jpg\"><source type='image\/jpeg' srcset='https:\/\/comunitamagnificat.org\/wp-content\/uploads\/2021\/04\/Messa-scaled.jpg 2560w, https:\/\/comunitamagnificat.org\/wp-content\/uploads\/2021\/04\/Messa-300x199.jpg 300w, https:\/\/comunitamagnificat.org\/wp-content\/uploads\/2021\/04\/Messa-1024x681.jpg 1024w, https:\/\/comunitamagnificat.org\/wp-content\/uploads\/2021\/04\/Messa-768x511.jpg 768w, https:\/\/comunitamagnificat.org\/wp-content\/uploads\/2021\/04\/Messa-1536x1021.jpg 1536w, https:\/\/comunitamagnificat.org\/wp-content\/uploads\/2021\/04\/Messa-2048x1362.jpg 2048w' sizes='(max-width: 2560px) 100vw, 2560px' \/><img loading=\"lazy\" decoding=\"async\" width=\"1024\" height=\"681\" src=\"https:\/\/comunitamagnificat.org\/wp-content\/uploads\/2021\/04\/Messa-1024x681.jpg\" alt=\"\" class=\"wp-image-1286\"\/><\/picture><\/figure>\n<\/div>\n\n\n\n<div class=\"wp-block-column is-layout-flow wp-block-column-is-layout-flow\"><\/div>\n<\/div>\n\n<p><strong>Participaci\u00f3n com\u00fan en la Santa Misa y en la Adoraci\u00f3n Eucar\u00edstica<\/strong><\/p>\n\n<p>Quienes forman una fraternidad saben que pueden construir su vida personal y comunitaria <em>con Jes\u00fas <\/em>y<em> sobre Jes\u00fas<\/em>, por lo que participan diariamente en la Eucarist\u00eda y, al menos una vez a la semana, en la adoraci\u00f3n eucar\u00edstica.<\/p>\n\n<div style=\"height:30px\" aria-hidden=\"true\" class=\"wp-block-spacer\"><\/div>\n\n<p>Cuando el lugar donde viven lo hace posible, intentan vivir estos dos momentos no como \u00abdevociones\u00bb personales, sino con la conciencia de que forman parte de un cuerpo m\u00e1s grande, el de la Fraternidad.\nPor ello, prefieren asistir a la misma Misa que la mayor\u00eda de sus hermanos y hermanas de la Comunidad. <\/p>\n\n<div style=\"height:30px\" aria-hidden=\"true\" class=\"wp-block-spacer\"><\/div>\n\n<p>La propia Fraternidad procura tener su tiempo de adoraci\u00f3n eucar\u00edstica semanal, organiz\u00e1ndolo y anim\u00e1ndolo adecuadamente, abierto a todos.<\/p>\n\n<div style=\"height:30px\" aria-hidden=\"true\" class=\"wp-block-spacer\"><\/div>\n\n<div class=\"wp-block-columns is-layout-flex wp-container-core-columns-is-layout-9d6595d7 wp-block-columns-is-layout-flex\">\n<div class=\"wp-block-column is-layout-flow wp-block-column-is-layout-flow\"><\/div>\n\n\n\n<div class=\"wp-block-column is-layout-flow wp-block-column-is-layout-flow\">\n<figure class=\"wp-block-image size-large\"><picture data-lightbox=\"https:\/\/comunitamagnificat.org\/wp-content\/uploads\/2021\/04\/Ritiri.jpg\"><source type='image\/jpeg' srcset='https:\/\/comunitamagnificat.org\/wp-content\/uploads\/2021\/04\/Ritiri.jpg 970w, https:\/\/comunitamagnificat.org\/wp-content\/uploads\/2021\/04\/Ritiri-300x111.jpg 300w, https:\/\/comunitamagnificat.org\/wp-content\/uploads\/2021\/04\/Ritiri-768x285.jpg 768w' sizes='(max-width: 970px) 100vw, 970px' \/><img loading=\"lazy\" decoding=\"async\" width=\"970\" height=\"360\" src=\"https:\/\/comunitamagnificat.org\/wp-content\/uploads\/2021\/04\/Ritiri.jpg\" alt=\"\" class=\"wp-image-1287\"\/><\/picture><\/figure>\n<\/div>\n\n\n\n<div class=\"wp-block-column is-layout-flow wp-block-column-is-layout-flow\"><\/div>\n<\/div>\n\n<p><strong>Jornadas y retiros comunitarios<\/strong><\/p>\n\n<p>Para fomentar la vida fraterna y la acogida, cada fraternidad organiza con frecuencia jornadas comunitarias y, al menos una vez al a\u00f1o, retiros de varios d\u00edas, abiertos tambi\u00e9n a los no miembros.<\/p>\n\n<div style=\"height:30px\" aria-hidden=\"true\" class=\"wp-block-spacer\"><\/div>\n\n<p>En estas ocasiones rezamos juntos, escuchamos la Palabra de Dios, celebramos la Eucarist\u00eda, compartimos y comemos juntos, imitando a la primera comunidad cristiana que perseveraba<em>\u00aben la ense\u00f1anza de los ap\u00f3stoles y en la comuni\u00f3n, en la fracci\u00f3n del pan y en las oraciones<\/em>\u00ab<em>(Hch<\/em> 2,42).<\/p>\n\n<div style=\"height:30px\" aria-hidden=\"true\" class=\"wp-block-spacer\"><\/div>\n\n<div class=\"wp-block-columns is-layout-flex wp-container-core-columns-is-layout-9d6595d7 wp-block-columns-is-layout-flex\">\n<div class=\"wp-block-column is-layout-flow wp-block-column-is-layout-flow\"><\/div>\n\n\n\n<div class=\"wp-block-column is-layout-flow wp-block-column-is-layout-flow\">\n<figure class=\"wp-block-image size-large\"><picture data-lightbox=\"https:\/\/comunitamagnificat.org\/wp-content\/uploads\/2021\/04\/Evangelizzazione-scaled.jpg\"><source type='image\/jpeg' srcset='https:\/\/comunitamagnificat.org\/wp-content\/uploads\/2021\/04\/Evangelizzazione-scaled.jpg 2560w, https:\/\/comunitamagnificat.org\/wp-content\/uploads\/2021\/04\/Evangelizzazione-300x169.jpg 300w, https:\/\/comunitamagnificat.org\/wp-content\/uploads\/2021\/04\/Evangelizzazione-1024x576.jpg 1024w, https:\/\/comunitamagnificat.org\/wp-content\/uploads\/2021\/04\/Evangelizzazione-768x432.jpg 768w, https:\/\/comunitamagnificat.org\/wp-content\/uploads\/2021\/04\/Evangelizzazione-1536x864.jpg 1536w, https:\/\/comunitamagnificat.org\/wp-content\/uploads\/2021\/04\/Evangelizzazione-2048x1152.jpg 2048w' sizes='(max-width: 2560px) 100vw, 2560px' \/><img loading=\"lazy\" decoding=\"async\" width=\"1024\" height=\"576\" src=\"https:\/\/comunitamagnificat.org\/wp-content\/uploads\/2021\/04\/Evangelizzazione-1024x576.jpg\" alt=\"\" class=\"wp-image-1288\"\/><\/picture><\/figure>\n<\/div>\n\n\n\n<div class=\"wp-block-column is-layout-flow wp-block-column-is-layout-flow\"><\/div>\n<\/div>\n\n<p><strong>Evangelizaci\u00f3n<\/strong><\/p>\n\n<p><em>\u00abLa Comunidad ha nacido para la nueva evangelizaci\u00f3n<\/em>\u00bb dice el <em>Pre\u00e1mbulo<\/em> del Estatuto de la Comunidad, por tanto, all\u00ed donde la Comunidad vive, en las Fraternidades, es donde evangeliza: con el testimonio de vida fraterna, con actividades dirigidas, con el anuncio de persona a persona.<\/p>\n\n<div style=\"height:30px\" aria-hidden=\"true\" class=\"wp-block-spacer\"><\/div>\n\n<p>La evangelizaci\u00f3n, m\u00e1s que una \u00abactividad\u00bb de la Fraternidad, es la&#8230;\n\u00a1la Fraternidad misma! <\/p>\n\n<div style=\"height:30px\" aria-hidden=\"true\" class=\"wp-block-spacer\"><\/div>\n\n<div class=\"wp-block-columns is-layout-flex wp-container-core-columns-is-layout-9d6595d7 wp-block-columns-is-layout-flex\">\n<div class=\"wp-block-column is-layout-flow wp-block-column-is-layout-flow\"><\/div>\n\n\n\n<div class=\"wp-block-column is-layout-flow wp-block-column-is-layout-flow\">\n<figure class=\"wp-block-image size-large\"><picture data-lightbox=\"https:\/\/comunitamagnificat.org\/wp-content\/uploads\/2021\/04\/Servizio.jpg\"><source type='image\/jpeg' srcset='https:\/\/comunitamagnificat.org\/wp-content\/uploads\/2021\/04\/Servizio.jpg 628w, https:\/\/comunitamagnificat.org\/wp-content\/uploads\/2021\/04\/Servizio-300x225.jpg 300w' sizes='(max-width: 628px) 100vw, 628px' \/><img loading=\"lazy\" decoding=\"async\" width=\"628\" height=\"471\" src=\"https:\/\/comunitamagnificat.org\/wp-content\/uploads\/2021\/04\/Servizio.jpg\" alt=\"\" class=\"wp-image-1289\"\/><\/picture><\/figure>\n<\/div>\n\n\n\n<div class=\"wp-block-column is-layout-flow wp-block-column-is-layout-flow\"><\/div>\n<\/div>\n\n<p><strong>Servicio<\/strong><\/p>\n\n<p>Jes\u00fas estuvo en medio de los suyos<em>\u00abcomo quien sirve<\/em>\u00bb (Lucas 22:27).\nSiguiendo su ejemplo, todo aliado y toda fraternidad quieren estar en medio del mundo al servicio de todos para la construcci\u00f3n del Reino de Dios. <\/p>\n\n<div style=\"height:30px\" aria-hidden=\"true\" class=\"wp-block-spacer\"><\/div>\n\n<p>El primer \u00e1mbito de servicio es naturalmente la Iglesia, a cuyos pastores la Fraternidad ofrece generosamente su disponibilidad, seg\u00fan los carismas recibidos, para lo que necesite.<\/p>\n\n<div style=\"height:30px\" aria-hidden=\"true\" class=\"wp-block-spacer\"><\/div>\n\n<p>Luego est\u00e1 todo el \u00e1mbito interno de la Comunidad, en particular con el cuidado de las personas que acuden a ella para recibir evangelizaci\u00f3n, atenci\u00f3n pastoral, amor.\nCada aliado, seg\u00fan el compromiso asumido en la Alianza, se compromete al menos a una misi\u00f3n de servicio estable que se le conf\u00ede. <\/p>\n\n<div style=\"height:50px\" aria-hidden=\"true\" class=\"wp-block-spacer\"><\/div>\n\n<div style=\"height:30px\" aria-hidden=\"true\" class=\"wp-block-spacer\"><\/div>\n","protected":false},"excerpt":{"rendered":"<p>La multitud de los que se hab\u00edan hecho creyentes ten\u00eda un solo coraz\u00f3n y una sola alma Hechos de los Ap\u00f3stoles 4:32 De los primeros cristianos, con una expresi\u00f3n muy sencilla pero significativa, los Hechos de los Ap\u00f3stoles nos dicen que\u00abpermanec\u00edan unidos\u00ab. La Comunidad Magnificat lo ha experimentado espont\u00e1neamente desde el principio: si Jes\u00fas es [&hellip;]<\/p>\n","protected":false},"author":3,"featured_media":10939,"parent":0,"menu_order":0,"comment_status":"closed","ping_status":"closed","template":"","meta":{"om_disable_all_campaigns":false,"_monsterinsights_skip_tracking":false,"_monsterinsights_sitenote_active":false,"_monsterinsights_sitenote_note":"","_monsterinsights_sitenote_category":0,"_uf_show_specific_survey":0,"_uf_disable_surveys":false,"footnotes":""},"class_list":["post-19378","page","type-page","status-publish","has-post-thumbnail","hentry"],"aioseo_notices":[],"_links":{"self":[{"href":"https:\/\/comunitamagnificat.org\/es\/wp-json\/wp\/v2\/pages\/19378","targetHints":{"allow":["GET"]}}],"collection":[{"href":"https:\/\/comunitamagnificat.org\/es\/wp-json\/wp\/v2\/pages"}],"about":[{"href":"https:\/\/comunitamagnificat.org\/es\/wp-json\/wp\/v2\/types\/page"}],"author":[{"embeddable":true,"href":"https:\/\/comunitamagnificat.org\/es\/wp-json\/wp\/v2\/users\/3"}],"replies":[{"embeddable":true,"href":"https:\/\/comunitamagnificat.org\/es\/wp-json\/wp\/v2\/comments?post=19378"}],"version-history":[{"count":2,"href":"https:\/\/comunitamagnificat.org\/es\/wp-json\/wp\/v2\/pages\/19378\/revisions"}],"predecessor-version":[{"id":21567,"href":"https:\/\/comunitamagnificat.org\/es\/wp-json\/wp\/v2\/pages\/19378\/revisions\/21567"}],"wp:featuredmedia":[{"embeddable":true,"href":"https:\/\/comunitamagnificat.org\/es\/wp-json\/wp\/v2\/media\/10939"}],"wp:attachment":[{"href":"https:\/\/comunitamagnificat.org\/es\/wp-json\/wp\/v2\/media?parent=19378"}],"curies":[{"name":"wp","href":"https:\/\/api.w.org\/{rel}","templated":true}]}}